{"id":4037,"date":"2018-07-10T16:25:54","date_gmt":"2018-07-10T19:25:54","guid":{"rendered":"https:\/\/wp.ufpel.edu.br\/scs\/?page_id=4037"},"modified":"2026-03-11T14:56:22","modified_gmt":"2026-03-11T17:56:22","slug":"anexos-resolucao-10-2015","status":"publish","type":"page","link":"https:\/\/wp.ufpel.edu.br\/scs\/formularios\/anexos-resolucao-10-2015\/","title":{"rendered":"Anexos Resolu\u00e7\u00e3o 64\/2021"},"content":{"rendered":"<p><a href=\"https:\/\/wp.ufpel.edu.br\/scs\/files\/2026\/03\/ANEXOS-Resolucao-64.2021.doc\">ANEXOS da Resolu\u00e7\u00e3o CONSUN 64.2021 (edit\u00e1vel)<\/a><\/p>\n","protected":false},"excerpt":{"rendered":"<p>ANEXOS da Resolu\u00e7\u00e3o CONSUN 64.2021 (edit\u00e1vel)<\/p>\n","protected":false},"author":29,"featured_media":0,"parent":4033,"menu_order":0,"comment_status":"closed","ping_status":"closed","template":"","meta":{"footnotes":""},"class_list":["post-4037","page","type-page","status-publish","hentry"],"_links":{"self":[{"href":"https:\/\/wp.ufpel.edu.br\/scs\/wp-json\/wp\/v2\/pages\/4037","targetHints":{"allow":["GET"]}}],"collection":[{"href":"https:\/\/wp.ufpel.edu.br\/scs\/wp-json\/wp\/v2\/pages"}],"about":[{"href":"https:\/\/wp.ufpel.edu.br\/scs\/wp-json\/wp\/v2\/types\/page"}],"author":[{"embeddable":true,"href":"https:\/\/wp.ufpel.edu.br\/scs\/wp-json\/wp\/v2\/users\/29"}],"replies":[{"embeddable":true,"href":"https:\/\/wp.ufpel.edu.br\/scs\/wp-json\/wp\/v2\/comments?post=4037"}],"version-history":[{"count":3,"href":"https:\/\/wp.ufpel.edu.br\/scs\/wp-json\/wp\/v2\/pages\/4037\/revisions"}],"predecessor-version":[{"id":10506,"href":"https:\/\/wp.ufpel.edu.br\/scs\/wp-json\/wp\/v2\/pages\/4037\/revisions\/10506"}],"up":[{"embeddable":true,"href":"https:\/\/wp.ufpel.edu.br\/scs\/wp-json\/wp\/v2\/pages\/4033"}],"wp:attachment":[{"href":"https:\/\/wp.ufpel.edu.br\/scs\/wp-json\/wp\/v2\/media?parent=4037"}],"curies":[{"name":"wp","href":"https:\/\/api.w.org\/{rel}","templated":true}]}}