{"id":371,"date":"2010-08-08T18:49:56","date_gmt":"2010-08-08T20:49:56","guid":{"rendered":"https:\/\/wp.ufpel.edu.br\/scs\/"},"modified":"2026-02-23T09:42:15","modified_gmt":"2026-02-23T12:42:15","slug":"resolucoes","status":"publish","type":"page","link":"https:\/\/wp.ufpel.edu.br\/scs\/consun\/resolucoes\/","title":{"rendered":"Resolu\u00e7\u00f5es"},"content":{"rendered":"<p><strong>RESOLU\u00c7\u00d5ES CONSUN &#8211; ANO:<\/strong><\/p>\n<table style=\"height: 72px;\" width=\"625\">\n<tbody>\n<tr style=\"height: 24px;\">\n<td style=\"height: 24px; width: 76px;\" colspan=\"2\"><a href=\"https:\/\/wp.ufpel.edu.br\/scs\/consun\/resolucoes\/resolucoes-consun-anos-anteriores\/\">anos anteriores (1976 &#8211; 2024)<\/a><\/td>\n<td style=\"height: 24px; width: 63px;\"><a href=\"https:\/\/wp.ufpel.edu.br\/scs\/resolucao-consun-25\/\">2025<\/a><\/td>\n<td style=\"height: 24px; width: 63px;\"><a href=\"https:\/\/wp.ufpel.edu.br\/scs\/resolucoes-consun-2026\/\">2026<\/a><\/td>\n<td style=\"height: 24px; width: 59px;\"><\/td>\n<td style=\"height: 24px; width: 64px;\"><\/td>\n<\/tr>\n<\/tbody>\n<\/table>\n<p>&nbsp;<\/p>\n","protected":false},"excerpt":{"rendered":"<p>RESOLU\u00c7\u00d5ES CONSUN &#8211; ANO: anos anteriores (1976 &#8211; 2024) 2025 2026 &nbsp;<\/p>\n","protected":false},"author":29,"featured_media":0,"parent":369,"menu_order":0,"comment_status":"closed","ping_status":"closed","template":"","meta":{"footnotes":""},"class_list":["post-371","page","type-page","status-publish","hentry"],"_links":{"self":[{"href":"https:\/\/wp.ufpel.edu.br\/scs\/wp-json\/wp\/v2\/pages\/371","targetHints":{"allow":["GET"]}}],"collection":[{"href":"https:\/\/wp.ufpel.edu.br\/scs\/wp-json\/wp\/v2\/pages"}],"about":[{"href":"https:\/\/wp.ufpel.edu.br\/scs\/wp-json\/wp\/v2\/types\/page"}],"author":[{"embeddable":true,"href":"https:\/\/wp.ufpel.edu.br\/scs\/wp-json\/wp\/v2\/users\/29"}],"replies":[{"embeddable":true,"href":"https:\/\/wp.ufpel.edu.br\/scs\/wp-json\/wp\/v2\/comments?post=371"}],"version-history":[{"count":46,"href":"https:\/\/wp.ufpel.edu.br\/scs\/wp-json\/wp\/v2\/pages\/371\/revisions"}],"predecessor-version":[{"id":10460,"href":"https:\/\/wp.ufpel.edu.br\/scs\/wp-json\/wp\/v2\/pages\/371\/revisions\/10460"}],"up":[{"embeddable":true,"href":"https:\/\/wp.ufpel.edu.br\/scs\/wp-json\/wp\/v2\/pages\/369"}],"wp:attachment":[{"href":"https:\/\/wp.ufpel.edu.br\/scs\/wp-json\/wp\/v2\/media?parent=371"}],"curies":[{"name":"wp","href":"https:\/\/api.w.org\/{rel}","templated":true}]}}