{"id":3629,"date":"2018-07-02T15:06:42","date_gmt":"2018-07-02T18:06:42","guid":{"rendered":"https:\/\/wp.ufpel.edu.br\/scs\/?page_id=3629"},"modified":"2018-12-27T08:33:06","modified_gmt":"2018-12-27T10:33:06","slug":"2018-2","status":"publish","type":"page","link":"https:\/\/wp.ufpel.edu.br\/scs\/cocepe\/convocacoes\/2018-2\/","title":{"rendered":"2018"},"content":{"rendered":"<p><a href=\"https:\/\/wp.ufpel.edu.br\/scs\/files\/2018\/07\/SEI-convoca\u00e7\u00e3o-16.2018.pdf\">Convoca\u00e7\u00e3o 16.2018<\/a>\u00a0&#8211; Reuni\u00e3o de 24.05.2018<\/p>\n<p><a href=\"https:\/\/wp.ufpel.edu.br\/scs\/files\/2018\/07\/SEI-convoca\u00e7\u00e3o-17.2018.pdf\">Convoca\u00e7\u00e3o 17.2018<\/a>\u00a0&#8211; Reuni\u00e3o de 06.06.2018<\/p>\n<p><a href=\"https:\/\/wp.ufpel.edu.br\/scs\/files\/2018\/07\/SEI-convoca\u00e7\u00e3o-18.2018.pdf\">Convoca\u00e7\u00e3o 18.2018<\/a>\u00a0&#8211; Reuni\u00e3o de 08.06.2018<\/p>\n<p><a href=\"https:\/\/wp.ufpel.edu.br\/scs\/files\/2018\/07\/Convoca\u00e7\u00e3o-Cocepe-19.2018-14.06.18.pdf\">Convoca\u00e7\u00e3o 19.2018<\/a>\u00a0&#8211; Reuni\u00e3o de 14.06.2018<\/p>\n<p><a href=\"https:\/\/wp.ufpel.edu.br\/scs\/files\/2018\/07\/Convoca\u00e7\u00e3o-Cocepe-20.2018-21.06.18.pdf\">Convoca\u00e7\u00e3o 20.2018<\/a>\u00a0&#8211; Reuni\u00e3o de 21.06.2018<\/p>\n<p><a href=\"https:\/\/wp.ufpel.edu.br\/scs\/files\/2018\/07\/SEI-convoca\u00e7\u00e3o-21.2018.pdf\">Convoca\u00e7\u00e3o 21.2018<\/a>\u00a0&#8211; Reuni\u00e3o de 28.06.2018<\/p>\n<p><a href=\"https:\/\/wp.ufpel.edu.br\/scs\/files\/2018\/07\/Convoca\u00e7\u00e3o-Cocepe-22.2018-04.07.18-1.pdf\">Convoca\u00e7\u00e3o 22.2018<\/a>\u00a0&#8211; Reuni\u00e3o de 04.07.2018<\/p>\n<p><a href=\"https:\/\/wp.ufpel.edu.br\/scs\/files\/2018\/07\/Convoca\u00e7\u00e3o-Cocepe-23.2018-19.07.18-1.pdf\">Convoca\u00e7\u00e3o 23.2018<\/a>\u00a0&#8211; Reuni\u00e3o de 19.07.2018<\/p>\n<p><a href=\"https:\/\/wp.ufpel.edu.br\/scs\/files\/2018\/08\/Conv.-Cocepe-24-26.07.2018.pdf\">Convoca\u00e7\u00e3o 24.2018<\/a>\u00a0&#8211; Reuni\u00e3o de 26.07.2018<\/p>\n<p><a href=\"https:\/\/wp.ufpel.edu.br\/scs\/files\/2018\/08\/SEI_UFPel-0229176-Convoca\u00e7\u00e3o-25-02.08.18.pdf\">Convoca\u00e7\u00e3o 25.2018<\/a>\u00a0&#8211; Reuni\u00e3o de 02.08.2018 &#8211; <a href=\"https:\/\/wp.ufpel.edu.br\/scs\/files\/2018\/08\/SEI_UFPel-0229176-Extra-Conv.-25-02.08.18.pdf\">Extra Pauta Convoca\u00e7\u00e3o 25.2018<\/a><\/p>\n<p><a href=\"https:\/\/wp.ufpel.edu.br\/scs\/files\/2018\/08\/SEI_UFPel-0241632-Convoca\u00e7\u00e3o-26-17.08.2018.pdf\">Convoca\u00e7\u00e3o 26.2018<\/a> &#8211; Reuni\u00e3o 17.08.2018 &#8211;\u00a0<a href=\"https:\/\/wp.ufpel.edu.br\/scs\/files\/2018\/08\/SEI_UFPel-0244546-Extra-Conv.-26-17.08.2018.pdf\">Extra Pauta Convoca\u00e7\u00e3o 26.2018<\/a><\/p>\n<p><a href=\"https:\/\/wp.ufpel.edu.br\/scs\/files\/2018\/08\/Convoca\u00e7\u00e3o-27-Cocepe-reun-22.08.2018.pdf\">Convoca\u00e7\u00e3o 27.2018<\/a>\u00a0&#8211; Reuni\u00e3o 23.08.2018<\/p>\n<p><a href=\"https:\/\/wp.ufpel.edu.br\/scs\/files\/2018\/09\/SEI_UFPel-0274215-Convoca\u00e7\u00e3o-Ata-28.pdf\">Convoca\u00e7\u00e3o 28.2018<\/a> &#8211; Reuni\u00e3o 06.09.2018<\/p>\n<p><a href=\"https:\/\/wp.ufpel.edu.br\/scs\/files\/2018\/09\/SEI_UFPel-0274222-Convoca\u00e7\u00e3o-ata-29.pdf\">Convoca\u00e7\u00e3o 29.2018<\/a>\u00a0&#8211; Reuni\u00e3o 13.09.2018<\/p>\n<p><a href=\"https:\/\/wp.ufpel.edu.br\/scs\/files\/2018\/09\/SEI_UFPel-0280464-Convoca\u00e7\u00e3o-Ata30.pdf\">Convoca\u00e7\u00e3o 30.2018<\/a>\u00a0&#8211; Reuni\u00e3o 19.09.2018<\/p>\n<p><a href=\"https:\/\/wp.ufpel.edu.br\/scs\/files\/2018\/10\/SEI_UFPel-0308400-Convoca\u00e7\u00e3o-11.10.18-Ata31.pdf\">Convoca\u00e7\u00e3o 31.2018<\/a>\u00a0&#8211; Reuni\u00e3o 11.10.2018<\/p>\n<p><a href=\"https:\/\/wp.ufpel.edu.br\/scs\/files\/2018\/11\/SEI_UFPel-0325610-Convoca\u00e7\u00e3o-32-reuni\u00e3o-01.11.2018.pdf\">Convoca\u00e7\u00e3o 32.2018<\/a>\u00a0&#8211; Reuni\u00e3o 01.11.2018<\/p>\n<p><a href=\"https:\/\/wp.ufpel.edu.br\/scs\/files\/2018\/11\/SEI_UFPel-0346038-Convoca\u00e7\u00e3o.pdf\">Convoca\u00e7\u00e3o 33.2018<\/a>\u00a0&#8211; Reuni\u00e3o 08.11.2018<\/p>\n<p><a href=\"https:\/\/wp.ufpel.edu.br\/scs\/files\/2018\/12\/SEI_UFPel-0348904-Convoca\u00e7\u00e3o-34.2018.pdf\">Convoca\u00e7\u00e3o 34.2018<\/a>\u00a0&#8211; Reuni\u00e3o 14.11.2018<\/p>\n<p><a href=\"https:\/\/wp.ufpel.edu.br\/scs\/files\/2018\/12\/SEI_UFPel-0366749-Convoca\u00e7\u00e3o-35.2018.pdf\">Convoca\u00e7\u00e3o 35.2018<\/a>\u00a0&#8211; Reuni\u00e3o 29.11.2018<\/p>\n<p><a href=\"https:\/\/wp.ufpel.edu.br\/scs\/files\/2018\/12\/SEI_UFPel-0385963-Convoca\u00e7\u00e3o-36.2018-reun13.12.pdf\">Convoca\u00e7\u00e3o 36.2018<\/a>&#8211; Reuni\u00e3o 13.12.2018 \/ Desdobramento em Reuni\u00e3o 18.12.2018\u00a0<a href=\"https:\/\/wp.ufpel.edu.br\/scs\/files\/2018\/12\/SEI_UFPel-0385963-Convoca\u00e7\u00e3o-36.2018-reun18.12-desd-13.12.pdf\">Convoca\u00e7\u00e3o 36.2018\u00a0 (desdobramento)<\/a><\/p>\n<p><a href=\"https:\/\/wp.ufpel.edu.br\/scs\/files\/2018\/12\/SEI_UFPel-0395239-Convoca\u00e7\u00e3o-37.2018.pdf\">Convoca\u00e7\u00e3o 37.2018<\/a>\u00a0&#8211; Reuni\u00e3o 20.12.2018<\/p>\n","protected":false},"excerpt":{"rendered":"<p>Convoca\u00e7\u00e3o 16.2018\u00a0&#8211; Reuni\u00e3o de 24.05.2018 Convoca\u00e7\u00e3o 17.2018\u00a0&#8211; Reuni\u00e3o de 06.06.2018 Convoca\u00e7\u00e3o 18.2018\u00a0&#8211; Reuni\u00e3o de 08.06.2018 Convoca\u00e7\u00e3o 19.2018\u00a0&#8211; Reuni\u00e3o de 14.06.2018 Convoca\u00e7\u00e3o 20.2018\u00a0&#8211; Reuni\u00e3o de 21.06.2018 Convoca\u00e7\u00e3o 21.2018\u00a0&#8211; Reuni\u00e3o de 28.06.2018 Convoca\u00e7\u00e3o 22.2018\u00a0&#8211; Reuni\u00e3o de 04.07.2018 Convoca\u00e7\u00e3o 23.2018\u00a0&#8211; Reuni\u00e3o de 19.07.2018 Convoca\u00e7\u00e3o 24.2018\u00a0&#8211; Reuni\u00e3o de 26.07.2018 Convoca\u00e7\u00e3o 25.2018\u00a0&#8211; Reuni\u00e3o de 02.08.2018 &#8211; Extra Pauta Convoca\u00e7\u00e3o 25.2018 [&hellip;]<\/p>\n","protected":false},"author":29,"featured_media":0,"parent":3626,"menu_order":0,"comment_status":"closed","ping_status":"closed","template":"","meta":{"footnotes":""},"class_list":["post-3629","page","type-page","status-publish","hentry"],"_links":{"self":[{"href":"https:\/\/wp.ufpel.edu.br\/scs\/wp-json\/wp\/v2\/pages\/3629","targetHints":{"allow":["GET"]}}],"collection":[{"href":"https:\/\/wp.ufpel.edu.br\/scs\/wp-json\/wp\/v2\/pages"}],"about":[{"href":"https:\/\/wp.ufpel.edu.br\/scs\/wp-json\/wp\/v2\/types\/page"}],"author":[{"embeddable":true,"href":"https:\/\/wp.ufpel.edu.br\/scs\/wp-json\/wp\/v2\/users\/29"}],"replies":[{"embeddable":true,"href":"https:\/\/wp.ufpel.edu.br\/scs\/wp-json\/wp\/v2\/comments?post=3629"}],"version-history":[{"count":24,"href":"https:\/\/wp.ufpel.edu.br\/scs\/wp-json\/wp\/v2\/pages\/3629\/revisions"}],"predecessor-version":[{"id":4854,"href":"https:\/\/wp.ufpel.edu.br\/scs\/wp-json\/wp\/v2\/pages\/3629\/revisions\/4854"}],"up":[{"embeddable":true,"href":"https:\/\/wp.ufpel.edu.br\/scs\/wp-json\/wp\/v2\/pages\/3626"}],"wp:attachment":[{"href":"https:\/\/wp.ufpel.edu.br\/scs\/wp-json\/wp\/v2\/media?parent=3629"}],"curies":[{"name":"wp","href":"https:\/\/api.w.org\/{rel}","templated":true}]}}