{"id":3539,"date":"2018-06-07T15:22:05","date_gmt":"2018-06-07T18:22:05","guid":{"rendered":"https:\/\/wp.ufpel.edu.br\/scs\/?page_id=3539"},"modified":"2025-11-04T18:41:25","modified_gmt":"2025-11-04T21:41:25","slug":"efetivo","status":"publish","type":"page","link":"https:\/\/wp.ufpel.edu.br\/scs\/normas-para-concurso\/material-para-concursos\/efetivo\/","title":{"rendered":"Efetivo"},"content":{"rendered":"<p>RESOLU\u00c7\u00c3O N\u00ba 67 DO COCEPE, DE 20 DE JUNHO DE 2024 &#8211; <a href=\"https:\/\/wp.ufpel.edu.br\/scs\/files\/2024\/06\/SEI_UFPel-2640591-Resolucao-67.2024-COCEPE.pdf\">Estabelece as normas e procedimentos para o ingresso na Classe A da carreira do Magist\u00e9rio Superior na Universidade Federal de Pelotas-UFPel.\u00a0\u00a0\u200bRevoga a Resolu\u00e7\u00e3o n\u00ba 40\/2022 <\/a><strong>&#8211; <\/strong><a href=\"https:\/\/wp.ufpel.edu.br\/scs\/files\/2024\/06\/Anexos-Resolucao-67.2024.pdf\">Anexos I ao IX<\/a><\/p>\n<p>&nbsp;<\/p>\n<ul>\n<li><strong>Anexos da Resolu\u00e7\u00e3o 67\/2024 edit\u00e1veis:<\/strong><\/li>\n<\/ul>\n<p><a href=\"https:\/\/wp.ufpel.edu.br\/scs\/files\/2024\/09\/Anexo-I-Impedimentos-da-Banca.doc\">Anexo-I-Impedimentos-da-Banca<\/a><\/p>\n<p><a href=\"https:\/\/wp.ufpel.edu.br\/scs\/files\/2025\/10\/Anexo-II-Topicos-Balizadores-da-Prova-Escrita.doc\">Anexo-II-Topicos-Balizadores-da-Prova-Escrita<\/a><\/p>\n<p><a href=\"https:\/\/wp.ufpel.edu.br\/scs\/files\/2024\/09\/Anexo-III-Formulario-de-Avaliacao-Prova-Escrita.docx\">Anexo-III-Formulario-de-Avaliacao-Prova-Escrita<\/a><\/p>\n<p><a href=\"https:\/\/wp.ufpel.edu.br\/scs\/files\/2024\/09\/Anexo-IV-Solicitacao-de-copias-Prova-Escrita.doc\">Anexo-IV-Solicita\u00e7\u00e3o de c\u00f3pias Prova Escrita<\/a><\/p>\n<p><a href=\"https:\/\/wp.ufpel.edu.br\/scs\/files\/2024\/09\/Anexo-V-Formulario-de-Avaliacao-Prova-Pratica.doc\">Anexo-V-Formulario-de-Avaliacao-Prova-Pratica<\/a><\/p>\n<p><a href=\"https:\/\/wp.ufpel.edu.br\/scs\/files\/2024\/09\/Anexo-VI-Formulario-de-Avaliacao-Prova-Didatica.doc\">Anexo-VI-Formulario-de-Avaliacao-Prova-Didatica<\/a><\/p>\n<p><a href=\"https:\/\/wp.ufpel.edu.br\/scs\/files\/2024\/09\/Anexo-VII-Formulario-de-Avaliacao-Memorial-e-Plano.docx\">Anexo-VII-Formulario-de-Avaliacao-Memorial-e-Plano<\/a><\/p>\n<p><a href=\"https:\/\/wp.ufpel.edu.br\/scs\/files\/2024\/10\/Anexo-VIII-Tabela-de-Titulos-67.xlsx\">Anexo-VIII-Tabela-de-Titulos<\/a><\/p>\n<p><a href=\"https:\/\/wp.ufpel.edu.br\/scs\/files\/2024\/09\/Anexo-IX-Protocolo-de-Gravacao-em-audio-e-video-das-Provas-do-Concurso.doc\">Anexo-IX-Protocolo de Grava\u00e7\u00e3o em \u00e1udio e v\u00eddeo das Provas do Concurso<\/a><\/p>\n<p>&nbsp;<\/p>\n<ul>\n<li><strong>Modelos de Atas &#8211; Resolu\u00e7\u00e3o 67\/2024 edit\u00e1veis &#8211; <\/strong><em>atualizado em 23\/10\/2025<\/em>:<\/li>\n<\/ul>\n<p><a href=\"https:\/\/wp.ufpel.edu.br\/scs\/files\/2025\/10\/Ata-no-01-Instalacao-da-Banca-Res.67.2024-23.10.2025.docx\">Ata n\u00ba 01 &#8211; Instalacao da Banca<\/a><\/p>\n<p><a href=\"https:\/\/wp.ufpel.edu.br\/scs\/files\/2025\/10\/Ata-no-02-Prova-Escrita-Res.67.2024-24.10.2025.docx\">Ata n\u00ba 02 &#8211; Prova-Escrita<\/a><\/p>\n<p><a href=\"https:\/\/wp.ufpel.edu.br\/scs\/files\/2025\/10\/Ata-no-03-Sessao-Publ.-Apuracao-Res.-Prova-Escrita-Eliminatoria-Res.-no-67.2024-23.10.2025.docx\">Ata n\u00ba 03 &#8211; Sessao-Publ.-Apuracao-Res.-Prova-Escrita-Eliminatoria<\/a><\/p>\n<p><a href=\"https:\/\/wp.ufpel.edu.br\/scs\/files\/2025\/10\/Ata-no-04-Sessao-Sorteio-Ordem-Apresentacao-cand.-Res.-67.2024-23.10.2025.docx\">Ata n\u00ba 04 &#8211; Sessao Sorteio-Ordem-Apresentacao-cand.<\/a><\/p>\n<p><a href=\"https:\/\/wp.ufpel.edu.br\/scs\/files\/2025\/10\/Ata-no-05-Prova-Didatica-Res.-67.2024-23.10.2025.docx\">Ata n\u00ba 05 &#8211; Prova Didatica<\/a><\/p>\n<p><a href=\"https:\/\/wp.ufpel.edu.br\/scs\/files\/2025\/10\/Ata-no-06-Memorial-Descritivo-e-Plano-de-Ativ-Res.-67.2024-23.10.2025.docx\">Ata n\u00ba 06 &#8211; Memorial Descritivo-e-Plano-de-Ativ<\/a><\/p>\n<p><a href=\"https:\/\/wp.ufpel.edu.br\/scs\/files\/2025\/10\/Ata-no-07-Sessao-Publica-da-Auracao-dos-Resultados-para-Habilitacao-dos-Canditatos-Aprovados-Res.-67.2024-23.10.2025.docx\">Ata n\u00ba 07 &#8211; Sess\u00e3o P\u00fablica da Apuracao-dos-Resultados-para-Habilitacao-dos-Canditatos-Aprovados<\/a><\/p>\n<p><a href=\"https:\/\/wp.ufpel.edu.br\/scs\/files\/2025\/10\/Ata-no-08-Exame-de-Titulos-Classificatorio-23.10.2025.docx\">Ata n\u00ba 08 &#8211; Exame-de-Titulos-Classificatorio<\/a><\/p>\n<p><a href=\"https:\/\/wp.ufpel.edu.br\/scs\/files\/2025\/10\/Ata-no-09-Sessao-Publica-de-Classificacao-dosas-Candidatosas-Aprovados-23.10.2025.docx\">Ata n\u00ba 09 &#8211; Sessao-Publica-de-Classificacao-dos(as)-Candidatos(as)-Aprovados(as)<\/a><\/p>\n<p><a href=\"https:\/\/wp.ufpel.edu.br\/scs\/files\/2025\/10\/Ata-no-X-Prova-Pratica-Res.-67.2024-23.10.2025.docx\">Ata n\u00ba X &#8211; Prova Pratica<\/a><\/p>\n<p>&nbsp;<\/p>\n<ul>\n<li><strong>Modelos de Fichas &#8211; Resolu\u00e7\u00e3o 67\/2024 edit\u00e1veis:<\/strong><\/li>\n<\/ul>\n<p><a href=\"https:\/\/wp.ufpel.edu.br\/scs\/files\/2024\/10\/Ficha-por-Examin.-Prova-Escrita-Res.-67.2024.doc\">Ficha-por-Examin.-Prova-Escrita<\/a><\/p>\n<p><a href=\"https:\/\/wp.ufpel.edu.br\/scs\/files\/2024\/10\/Ficha-por-Examin.-Prova-Didatica-Res.67.2024-1.doc\">Ficha-por-Examin.-Prova-Didatica<\/a><\/p>\n<p><a href=\"https:\/\/wp.ufpel.edu.br\/scs\/files\/2024\/10\/Ficha-por-Examin.-Prova-Pratica-Res.67.2024.doc\">Ficha-por-Examin.-Prova-Pr\u00e1tica<\/a><\/p>\n<p><a href=\"https:\/\/wp.ufpel.edu.br\/scs\/files\/2024\/10\/Ficha-por-Examin.-Memorial-Desc-Res.64.2024.doc\">Ficha-por-Examin.-Memorial-Desc<\/a><\/p>\n<p><a href=\"https:\/\/wp.ufpel.edu.br\/scs\/files\/2024\/10\/Ficha-Unica-Exame-de-Titulos-Res.67.2024.doc\">Ficha-Unica-Exame-de-Titulos<\/a><\/p>\n<p>&nbsp;<\/p>\n<ul>\n<li><strong>Modelo de Planilhas de Notas:<\/strong><\/li>\n<\/ul>\n<p><a href=\"https:\/\/wp.ufpel.edu.br\/scs\/files\/2025\/11\/Modelo-de-Planilha-Notas-Concurso-Efetivo-com_truncamento-2-dig.xlsx\">Modelo-de-Planilha-Notas-Concurso-Efetivo (atualizada em 04\/11\/25)<\/a><\/p>\n<p><a href=\"https:\/\/wp.ufpel.edu.br\/scs\/files\/2025\/11\/Modelo-de-Planilha-Notas-Concurso-Efetivo-com-prova-pratica_com-truncamento.xlsx\">Modelo-de-Planilha-Notas-Concurso-Efetivo-com-prova-pratica (atualizada em 04\/11\/25)<\/a><\/p>\n<p>&nbsp;<\/p>\n","protected":false},"excerpt":{"rendered":"<p>RESOLU\u00c7\u00c3O N\u00ba 67 DO COCEPE, DE 20 DE JUNHO DE 2024 &#8211; Estabelece as normas e procedimentos para o ingresso na Classe A da carreira do Magist\u00e9rio Superior na Universidade Federal de Pelotas-UFPel.\u00a0\u00a0\u200bRevoga a Resolu\u00e7\u00e3o n\u00ba 40\/2022 &#8211; Anexos I ao IX &nbsp; Anexos da Resolu\u00e7\u00e3o 67\/2024 edit\u00e1veis: Anexo-I-Impedimentos-da-Banca Anexo-II-Topicos-Balizadores-da-Prova-Escrita Anexo-III-Formulario-de-Avaliacao-Prova-Escrita Anexo-IV-Solicita\u00e7\u00e3o de c\u00f3pias Prova [&hellip;]<\/p>\n","protected":false},"author":29,"featured_media":0,"parent":1808,"menu_order":0,"comment_status":"closed","ping_status":"closed","template":"","meta":{"footnotes":""},"class_list":["post-3539","page","type-page","status-publish","hentry"],"_links":{"self":[{"href":"https:\/\/wp.ufpel.edu.br\/scs\/wp-json\/wp\/v2\/pages\/3539","targetHints":{"allow":["GET"]}}],"collection":[{"href":"https:\/\/wp.ufpel.edu.br\/scs\/wp-json\/wp\/v2\/pages"}],"about":[{"href":"https:\/\/wp.ufpel.edu.br\/scs\/wp-json\/wp\/v2\/types\/page"}],"author":[{"embeddable":true,"href":"https:\/\/wp.ufpel.edu.br\/scs\/wp-json\/wp\/v2\/users\/29"}],"replies":[{"embeddable":true,"href":"https:\/\/wp.ufpel.edu.br\/scs\/wp-json\/wp\/v2\/comments?post=3539"}],"version-history":[{"count":4,"href":"https:\/\/wp.ufpel.edu.br\/scs\/wp-json\/wp\/v2\/pages\/3539\/revisions"}],"predecessor-version":[{"id":10297,"href":"https:\/\/wp.ufpel.edu.br\/scs\/wp-json\/wp\/v2\/pages\/3539\/revisions\/10297"}],"up":[{"embeddable":true,"href":"https:\/\/wp.ufpel.edu.br\/scs\/wp-json\/wp\/v2\/pages\/1808"}],"wp:attachment":[{"href":"https:\/\/wp.ufpel.edu.br\/scs\/wp-json\/wp\/v2\/media?parent=3539"}],"curies":[{"name":"wp","href":"https:\/\/api.w.org\/{rel}","templated":true}]}}