{"id":341,"date":"2010-08-08T18:42:04","date_gmt":"2010-08-08T20:42:04","guid":{"rendered":"https:\/\/wp.ufpel.edu.br\/scs\/"},"modified":"2015-03-05T15:04:00","modified_gmt":"2015-03-05T18:04:00","slug":"2004-2","status":"publish","type":"page","link":"https:\/\/wp.ufpel.edu.br\/scs\/cocepe\/resolucoes\/2004-2\/","title":{"rendered":"2004"},"content":{"rendered":"<p>2004\/01 &#8211; <a href=\"https:\/\/wp.ufpel.edu.br\/scs\/files\/2010\/08\/2004_01.pdf\">Determina a extin\u00e7\u00e3o do termo &#8220;disciplina eletiva&#8221;, que passa a se chamar &#8220;disciplina optativa&#8221;; e que estas se desenvolvam ao longo do curso e n\u00e3o apenas nos \u00faltimos semestres.<\/a><\/p>\n<p>2004\/02 &#8211; <a href=\"https:\/\/wp.ufpel.edu.br\/scs\/files\/2010\/08\/2004_02.pdf\">Estabelece normas para o processo de revalida\u00e7\u00e3o de t\u00edtulos de P\u00f3s-Gradua\u00e7\u00e3o expedido por estabelecimento estrangeiro de Ensino Superior.<\/a> <a title=\"Anexo\" href=\"https:\/\/wp.ufpel.edu.br\/scs\/files\/2010\/08\/2004_02_B.pdf\" target=\"_blank\"><img class=\"size-full wp-image-312\" src=\"https:\/\/wp.ufpel.edu.br\/scs\/files\/2010\/08\/1281295520_paperclip.png\" alt=\"\" width=\"16\" height=\"16\" \/><\/a><\/p>\n<p>2004\/03 &#8211; <a href=\"https:\/\/wp.ufpel.edu.br\/scs\/files\/2010\/08\/2004_03.pdf\">Altera o \u00edtem 11 da resolu\u00e7\u00e3o 02\/99, caput da Resolu\u00e7\u00e3o 02\/99, modificada pela Resolu\u00e7\u00e3o 10, de 03 de dezembro de 2003, do COCEPE.<\/a><\/p>\n<p>2004\/04 &#8211; <a href=\"https:\/\/wp.ufpel.edu.br\/scs\/files\/2010\/08\/2004_04.pdf\">Revoga a resolu\u00e7\u00e3o 16\/03 e regulamenta par\u00e2metros, pesos e pontua\u00e7\u00f5es para julgamento de t\u00edtulos em concursos para professor Adjunto.<\/a><\/p>\n<p>2004\/05 &#8211; <a href=\"https:\/\/wp.ufpel.edu.br\/scs\/files\/2010\/08\/2004_05.pdf\">Revoga a resolu\u00e7\u00e3o 15\/2003 e regulamenta os par\u00e2metros, pesos e pontua\u00e7\u00f5es para julgamento de t\u00edtulos em concursos para professor Titular.<\/a><\/p>\n<p>2004\/06 &#8211; <a href=\"https:\/\/wp.ufpel.edu.br\/scs\/files\/2010\/08\/2004_06.pdf\">Definir &#8220;orientador&#8221; como o professor da Institui\u00e7\u00e3o de Ensino, na qual o estagi\u00e1rio \u00e9 estudante e &#8220;supervisor&#8221; como a pessoa no local de est\u00e1gio que acompanhar\u00e1 o trabalho do estagi\u00e1rio.<\/a><\/p>\n<p>2004\/07 &#8211; <a href=\"https:\/\/wp.ufpel.edu.br\/scs\/files\/2010\/08\/2004_07.pdf\">Determina as bases da Estrutura das Licenciaturas na UFPel e tamb\u00e9m o Est\u00e1gio Supervisionado das Licenciaturas.<\/a><\/p>\n<p>2004\/08 &#8211; <a href=\"https:\/\/wp.ufpel.edu.br\/scs\/files\/2010\/08\/2004_08.pdf\">Promove arquivamento das monografias aprovadas, mediante dep\u00f3sito na Biblioteca da Faculdade, para fins de Consulta (altera\u00e7\u00e3o da reda\u00e7\u00e3o do inciso X do Art. 3\u00ba da Resolu\u00e7\u00e3o 07\/2003). E Regulamenta o TCC da Faculdade de Direito.<\/a> <a title=\"Anexo\" href=\"https:\/\/wp.ufpel.edu.br\/scs\/files\/2010\/08\/2004_08_B.pdf\" target=\"_blank\"><img class=\"size-full wp-image-312\" src=\"https:\/\/wp.ufpel.edu.br\/scs\/files\/2010\/08\/1281295520_paperclip.png\" alt=\"\" width=\"16\" height=\"16\" \/><\/a><\/p>\n<p>2004\/09 &#8211; <a href=\"https:\/\/wp.ufpel.edu.br\/scs\/files\/2010\/08\/2004_09.pdf\">Modifica as normas para afastamentos de Docentes da UFPel.<\/a> <a title=\"Anexo\" href=\"https:\/\/wp.ufpel.edu.br\/scs\/files\/2010\/08\/2004_09_B.pdf\" target=\"_blank\"><img class=\"size-full wp-image-312\" src=\"https:\/\/wp.ufpel.edu.br\/scs\/files\/2010\/08\/1281295520_paperclip.png\" alt=\"\" width=\"16\" height=\"16\" \/><\/a><\/p>\n<p>2004\/10 &#8211; <a href=\"https:\/\/wp.ufpel.edu.br\/scs\/files\/2010\/08\/2004_10.pdf\">Aprovar o Regimento Interno do Comit\u00ea Local de Acompanhamento do Programa de Educa\u00e7\u00e3o Tutorial (CLAPET).<\/a> <a title=\"Anexo\" href=\"https:\/\/wp.ufpel.edu.br\/scs\/files\/2010\/08\/2004_10_B.pdf\" target=\"_blank\"><img class=\"size-full wp-image-312\" src=\"https:\/\/wp.ufpel.edu.br\/scs\/files\/2010\/08\/1281295520_paperclip.png\" alt=\"\" width=\"16\" height=\"16\" \/><\/a><\/p>\n","protected":false},"excerpt":{"rendered":"<p>2004\/01 &#8211; Determina a extin\u00e7\u00e3o do termo &#8220;disciplina eletiva&#8221;, que passa a se chamar &#8220;disciplina optativa&#8221;; e que estas se desenvolvam ao longo do curso e n\u00e3o apenas nos \u00faltimos semestres. 2004\/02 &#8211; Estabelece normas para o processo de revalida\u00e7\u00e3o de t\u00edtulos de P\u00f3s-Gradua\u00e7\u00e3o expedido por estabelecimento estrangeiro de Ensino Superior. 2004\/03 &#8211; Altera o [&hellip;]<\/p>\n","protected":false},"author":29,"featured_media":0,"parent":196,"menu_order":12,"comment_status":"closed","ping_status":"closed","template":"","meta":{"footnotes":""},"class_list":["post-341","page","type-page","status-publish","hentry"],"_links":{"self":[{"href":"https:\/\/wp.ufpel.edu.br\/scs\/wp-json\/wp\/v2\/pages\/341","targetHints":{"allow":["GET"]}}],"collection":[{"href":"https:\/\/wp.ufpel.edu.br\/scs\/wp-json\/wp\/v2\/pages"}],"about":[{"href":"https:\/\/wp.ufpel.edu.br\/scs\/wp-json\/wp\/v2\/types\/page"}],"author":[{"embeddable":true,"href":"https:\/\/wp.ufpel.edu.br\/scs\/wp-json\/wp\/v2\/users\/29"}],"replies":[{"embeddable":true,"href":"https:\/\/wp.ufpel.edu.br\/scs\/wp-json\/wp\/v2\/comments?post=341"}],"version-history":[{"count":6,"href":"https:\/\/wp.ufpel.edu.br\/scs\/wp-json\/wp\/v2\/pages\/341\/revisions"}],"predecessor-version":[{"id":1179,"href":"https:\/\/wp.ufpel.edu.br\/scs\/wp-json\/wp\/v2\/pages\/341\/revisions\/1179"}],"up":[{"embeddable":true,"href":"https:\/\/wp.ufpel.edu.br\/scs\/wp-json\/wp\/v2\/pages\/196"}],"wp:attachment":[{"href":"https:\/\/wp.ufpel.edu.br\/scs\/wp-json\/wp\/v2\/media?parent=341"}],"curies":[{"name":"wp","href":"https:\/\/api.w.org\/{rel}","templated":true}]}}