{"id":3374,"date":"2018-03-02T11:23:35","date_gmt":"2018-03-02T14:23:35","guid":{"rendered":"https:\/\/wp.ufpel.edu.br\/scs\/?page_id=3374"},"modified":"2025-07-25T13:34:11","modified_gmt":"2025-07-25T16:34:11","slug":"2018-2","status":"publish","type":"page","link":"https:\/\/wp.ufpel.edu.br\/scs\/cocepe\/resolucoes\/2018-2\/","title":{"rendered":"2018"},"content":{"rendered":"<p>Resolu\u00e7\u00e3o n\u00ba 01.2018 &#8211;<a href=\"https:\/\/wp.ufpel.edu.br\/scs\/files\/2018\/05\/SEI_Resolu\u00e7\u00e3o-01.2018.pdf\">Altera Art. 2\u00ba &#8211; \u00a7 \u00fanico da Res. 45\/2017, que aprova o Regulamento do Sistema de Bibliotecas da UFPel.<\/a><\/p>\n<p>Resolu\u00e7\u00e3o n\u00ba \u00a002.2018 &#8211;\u00a0<a href=\"https:\/\/wp.ufpel.edu.br\/scs\/files\/2018\/05\/SEI_Resolu\u00e7\u00e3op-02.2018.pdf\">Aprova a oferta de vagas\u00a0remanescentes do Programa de\u00a0Avalia\u00e7\u00e3o da Vida Escolar (PAVE),\u00a0conforme Programa de Desenvolvimento\u00a0Social nos Munic\u00edpios da Azonasul, para Cursos Presenciais da Universidade\u00a0Federal de Pelotas &#8211; UFPel.<\/a><\/p>\n<p>Resolu\u00e7\u00e3o n\u00ba 03.2018 &#8211;\u00a0<a href=\"https:\/\/wp.ufpel.edu.br\/scs\/files\/2018\/05\/SEI_Resolu\u00e7\u00e3o-03.2018.pdf\">Aprova oferta de vagas de Gradua\u00e7\u00e3o para refugiados ou solicitantes_<\/a><\/p>\n<p>Resolu\u00e7\u00e3o n\u00ba 04.2018 &#8211;\u00a0<a href=\"https:\/\/wp.ufpel.edu.br\/scs\/files\/2018\/08\/SEI_Resolu\u00e7\u00e3o-042018.pdf\">Estabelece as Normas e Procedimentos para o ingresso na Classe A da Carreira do Magist\u00e9rio Superior na Universidade Federal de Pelotas. Revoga a Resolu\u00e7\u00e3o n\u00ba 19\/2016.<\/a><\/p>\n<p>Resolu\u00e7\u00e3o n\u00ba 05.2018 &#8211;\u00a0<a href=\"https:\/\/wp.ufpel.edu.br\/scs\/files\/2018\/08\/SEI_Resolu\u00e7\u00e3o-052018.pdf\">Estabelece os Procedimentos e Crit\u00e9rios para realiza\u00e7\u00e3o das provas para ingresso na Classe A da Carreira do Magist\u00e9rio Superior na Universidade Federal de Pelotas. Revoga a Resolu\u00e7\u00e3o n\u00ba 20\/2016.<\/a><\/p>\n<p>Resolu\u00e7\u00e3o n\u00ba 06.2018 &#8211;\u00a0<a href=\"https:\/\/wp.ufpel.edu.br\/scs\/files\/2018\/06\/SEI_Resolu\u00e7\u00e3o-062018.pdf\">Aprova o Plano de Planejamento Estrat\u00e9gico \u00a0de Internacionaliza\u00e7\u00e3o da Universidade Federal de Pelotas<\/a><\/p>\n<p>Resolu\u00e7\u00e3o n\u00ba 07.2018 &#8211; <a href=\"https:\/\/wp.ufpel.edu.br\/scs\/files\/2018\/06\/SEI-Resolu\u00e7\u00e3o-07.2018.pdf\">Aprova o Regimento do Programa de P\u00f3s-Gradua\u00e7\u00e3o em Hist\u00f3ria<\/a><\/p>\n<p>Resolu\u00e7\u00e3o n\u00ba 08.2018 &#8211; Regimento PPG Fistossanidade<\/p>\n<p>Resolu\u00e7\u00e3o n\u00ba 09.2018 &#8211;\u00a0<a href=\"https:\/\/wp.ufpel.edu.br\/scs\/files\/2018\/05\/SEI_Resolu\u00e7\u00e3o-092018.pdf\">Aprova Calend\u00e1rio Acad\u00eamico do Curso de Odontologia 2017\/1 e 2017\/2<\/a><\/p>\n<p>Resolu\u00e7\u00e3o n\u00ba 10.2018 &#8211; <a href=\"https:\/\/wp.ufpel.edu.br\/scs\/files\/2019\/05\/SEI_UFPel-0565146-Resolu\u00e7\u00e3o-10.2018.pdf\">Regimento PPG Ci\u00eancias e Engenharia de Materiais<\/a><\/p>\n<p>Resolu\u00e7\u00e3o n\u00ba 11.2018 &#8211;\u00a0<a href=\"https:\/\/wp.ufpel.edu.br\/scs\/files\/2018\/05\/SEI_Resolu\u00e7\u00e3o-112018.pdf\">Aprova a Redu\u00e7\u00e3o de Vagas de Ingresso nos Cursos de Odontologia, Gest\u00e3o Ambiental e Veterin\u00e1ria.<\/a><\/p>\n<p>Resolu\u00e7\u00e3o n\u00ba 12.2018 &#8211; <a href=\"https:\/\/wp.ufpel.edu.br\/scs\/files\/2018\/06\/SEI-Resolu\u00e7\u00e3o-12.2018.pdf\">Aprova Calend\u00e1rio Acad\u00eamico do Curso de Licenciatura em Matem\u00e1tica a Dist\u00e2ncia<\/a><\/p>\n<p>Resolu\u00e7\u00e3o n\u00ba 13.2018 &#8211;\u00a0<a href=\"https:\/\/wp.ufpel.edu.br\/scs\/files\/2018\/06\/SEI-Resolu\u00e7\u00e3o-13.2018.pdf\">Aprova o Calend\u00e1rio Acad\u00eamico Espec\u00edfico do Curso de Licenciatura em Matem\u00e1tica, Modalidade a Dist\u00e2ncia para o ano de 2018.<\/a><\/p>\n<p>Resolu\u00e7\u00e3o n\u00ba 14.2018 &#8211;\u00a0<a href=\"https:\/\/wp.ufpel.edu.br\/scs\/files\/2018\/06\/SEI-Resolu\u00e7\u00e3o-14.2018.pdf\">Aprova Calend\u00e1rio Acad\u00eamico do Curso de Odontologia 2018\/1<\/a><\/p>\n<p>Resolu\u00e7\u00e3o n\u00ba 15.2018 &#8211;\u00a0<a href=\"https:\/\/wp.ufpel.edu.br\/scs\/files\/2018\/06\/SEI_Resolu\u00e7\u00e3o-15.2018.pdf\">Altera o Calend\u00e1rio Acad\u00eamico 2018 da Universidade Federal de Pelotas<\/a><\/p>\n<p>Resolu\u00e7\u00e3o n\u00ba 16.2018 &#8211; <a href=\"https:\/\/wp.ufpel.edu.br\/scs\/files\/2018\/08\/Res.-Cocepe-16.2018.pdf\">Aprova o Programa de Perman\u00eancia e Qualidade Acad\u00eamica na Universidade Federal de Pelotas &#8211; UFPel.<\/a><\/p>\n<p>Resolu\u00e7\u00e3o n\u00ba 17.2018 &#8211;\u00a0<a href=\"https:\/\/wp.ufpel.edu.br\/scs\/files\/2018\/06\/SEI-Resolu\u00e7\u00e3o-17.2018.pdf\">Aprova o Quadro de Oferta de Vagas Institucional para os Cursos Presenciais da UFPel<\/a><\/p>\n<p>Resolu\u00e7\u00e3o n\u00ba 18.2018 &#8211;\u00a0<a href=\"https:\/\/wp.ufpel.edu.br\/scs\/files\/2018\/07\/SEI-Resolu\u00e7\u00e3o-18.2018-1.pdf\">Aprova a corre\u00e7\u00e3o da Resolu\u00e7\u00e3o n\u00ba 46\/2017, incluindo os Cursos de Teatro e Dan\u00e7a na redu\u00e7\u00e3o de oferta de vagas para 2017\/2.<\/a><\/p>\n<p>Resolu\u00e7\u00e3o n\u00ba 19.2018 &#8211;\u00a0<a href=\"https:\/\/wp.ufpel.edu.br\/scs\/files\/2018\/07\/SEI-Resolu\u00e7\u00e3o-192018.pdf\">Aprova a Altera\u00e7\u00e3o do Calend\u00e1rio Acad\u00eamico para a ATMV 2018\/2<\/a><\/p>\n<p>Resolu\u00e7\u00e3o n\u00ba 20.2018 &#8211;\u00a0<a href=\"https:\/\/wp.ufpel.edu.br\/scs\/files\/2018\/07\/SEI-Resolu\u00e7\u00e3o-20.2018.pdf\">Aprova a adequa\u00e7\u00e3o do Calend\u00e1rio Acad\u00eamico Diferenciado para o CSTT Eldorado do Sul.<\/a><\/p>\n<p>Resolu\u00e7\u00e3o n\u00ba 21.2018 &#8211;\u00a0<a href=\"https:\/\/wp.ufpel.edu.br\/scs\/files\/2018\/08\/Res.-Cocepe-21.2018.pdf\">Disp\u00f5e sobre os procedimentos para requerimento de revalida\u00e7\u00e3o de diplomas de gradua\u00e7\u00e3o e reconhecimento de diplomas de p\u00f3s-gradua\u00e7\u00e3o stricto sensu emitidos por institui\u00e7\u00f5es estrangeiras de educa\u00e7\u00e3o superior e pesquisa, legalmente constitu\u00eddas para esse fim em seus pa\u00edses de origem, no \u00e2mbito da Universidade Federal de Pelotas.<br \/>\n<\/a><\/p>\n<p>Resolu\u00e7\u00e3o n\u00ba 22.2018 &#8211;\u00a0<a href=\"https:\/\/wp.ufpel.edu.br\/scs\/files\/2018\/08\/Res.-Cocepe-22.2018.pdf\">Disp\u00f5e sobre as diretrizes de funcionamento do N\u00facleo Docente Estruturante (NDE) dos Cursos de Gradua\u00e7\u00e3o da Universidade Federal de Pelotas.<br \/>\n<\/a><\/p>\n<p>Resolu\u00e7\u00e3o n\u00ba 23.2018 &#8211;\u00a0<a href=\"https:\/\/wp.ufpel.edu.br\/scs\/files\/2018\/08\/SEI-Resolu\u00e7\u00e3o-n\u00ba-23.2018.pdf\">Aprova o Regimento do Centro de P\u00f3s-Gradua\u00e7\u00e3o e Pesquisas em Ci\u00eancias Humanas, Sociais, Sociais Aplicadas, Lingu\u00edstica, Letras e Artes &#8211; CEHUS.<\/a><\/p>\n<p>Resolu\u00e7\u00e3o n\u00ba 24.2018 &#8211;\u00a0<a href=\"https:\/\/wp.ufpel.edu.br\/scs\/files\/2018\/08\/SEI-Resolu\u00e7\u00e3o-n\u00ba-24.2018.pdf\">Aprova o Regimento do Programa de P\u00f3s-Gradua\u00e7\u00e3o em Letras\/CLC.<\/a><\/p>\n<p>Resolu\u00e7\u00e3o n\u00ba 25.2018 &#8211;\u00a0<a href=\"https:\/\/wp.ufpel.edu.br\/scs\/files\/2018\/08\/SEI-Resolu\u00e7\u00e3o-n\u00ba-25.2018.pdf\">Aprova a redu\u00e7\u00e3o de oferta de vagas para o Curso de Teatro &#8211; 2019\/1.<\/a><\/p>\n<p>Resolu\u00e7\u00e3o n\u00ba 26.2018 &#8211;\u00a0<a href=\"https:\/\/wp.ufpel.edu.br\/scs\/files\/2018\/08\/Resolu\u00e7\u00e3o-Cocepe-26.2018.pdf\">Aprova a altera\u00e7\u00e3o no Regimento do Programa de P\u00f3s-Gradua\u00e7\u00e3o em Sociologia da UFPel.<\/a><\/p>\n<p>Resolu\u00e7\u00e3o n\u00ba 27.2018 &#8211; <a href=\"https:\/\/wp.ufpel.edu.br\/scs\/files\/2018\/09\/SEI_UFPel-0273024-Resolu\u00e7\u00e3o-Cocepe-27.2018.pdf\">Estabelece as normas e procedimentos para o ingresso na Classe A da carreira do Magist\u00e9rio Superior na Universidade Federal de Pelotas &#8211; UFPel. Revoga a Resolu\u00e7\u00e3o n\u00ba 04\/2018.\u00a0<\/a>\u00a0(Revogada pela Resolu\u00e7\u00e3o 40\/2022)<\/p>\n<p>Resolu\u00e7\u00e3o n\u00ba 28.2018 &#8211; <a href=\"https:\/\/wp.ufpel.edu.br\/scs\/files\/2018\/09\/SEI_23110.042999_2018_50-Resolu\u00e7\u00e3o-Cocepe-28.2018.pdf\">Estabelece os procedimentos e crit\u00e9rios para realiza\u00e7\u00e3o das provas para ingresso na Classe A da Carreira do Magist\u00e9rio Superior na Universidade Federal de Pelotas &#8211; UFPel. Revoga a Resolu\u00e7\u00e3o n\u00ba 05\/2018.<\/a><\/p>\n<p>Resolu\u00e7\u00e3o n\u00ba 29.2018 &#8211;\u00a0<a href=\"https:\/\/wp.ufpel.edu.br\/scs\/files\/2018\/09\/SEI_Resolu\u00e7\u00e3o-29.2018-Regulamento-Ensino-de-Gradua\u00e7\u00e3o-I.pdf\">Disp\u00f5e sobre o Regulamento do Ensino de Gradua\u00e7\u00e3o na UFPel<\/a><\/p>\n<p>Resolu\u00e7\u00e3o n\u00ba 30.2018 &#8211;\u00a0<a href=\"https:\/\/wp.ufpel.edu.br\/scs\/files\/2018\/10\/SEI-Resolu\u00e7\u00e3o-n\u00ba-30.2018.pdf\">Estabelece normas gerais e procedimentos para explicitar e cumprir o disposto no art. 6\u00ba da Lei n\u00ba 10.973\/2004, bem como nos incisos II, do art. 3\u00aa e II do art. 6\u00ba da Resolu\u00e7\u00e3o CONSUN N\u00ba 02 de 2007, no que se refere aos processos de Transfer\u00eancia e\/ou Licenciamento de Tecnologia e outras a\u00e7\u00f5es correlatas.<\/a><\/p>\n<p>Resolu\u00e7\u00e3o n\u00ba 31.2018 &#8211;\u00a0<a href=\"https:\/\/wp.ufpel.edu.br\/scs\/files\/2018\/10\/SEI_UFPel-0291869-Resolu\u00e7\u00e3o-31.2018.pdf\">Aprova o Regimento do Programa de P\u00f3s-Gradua\u00e7\u00e3o em Microbiologia e Parasitologia da UFPel.<\/a><\/p>\n<p>Resolu\u00e7\u00e3o n\u00ba 32.2018 &#8211;\u00a0<a href=\"https:\/\/wp.ufpel.edu.br\/scs\/files\/2018\/10\/SEI_UFPel-0312781-Resolu\u00e7\u00e3o-32.2018.pdf\">Aprova as Normas para o Programa de Monitoria para Alunos de Gradua\u00e7\u00e3o da UFPel.<\/a><\/p>\n<p>Resolu\u00e7\u00e3o n\u00ba 33.2018 &#8211;\u00a0<a href=\"https:\/\/wp.ufpel.edu.br\/scs\/files\/2018\/10\/SEI_Resolu\u00e7\u00e3o-33.2018.pdf\">Estabelece normas gerais e de procedimentos para explicitar e cumprir o disposto nos incisos I, IV e VI do art. 16 da Lei n\u00ba 10.973\/2004 no que se refere aos processos de Gest\u00e3o da Propriedade Intelectual no \u00e2mbito da UFPel, da Notifica\u00e7\u00e3o de Inven\u00e7\u00e3o e de protocolo junto ao INPI de Pedidos de Dep\u00f3sito de Patentes de Inven\u00e7\u00e3o e Modelos de Utilidade e outras a\u00e7\u00f5es correlatas.<\/a><\/p>\n<p>Resolu\u00e7\u00e3o n\u00ba 34.2018 &#8211;\u00a0<a href=\"https:\/\/wp.ufpel.edu.br\/scs\/files\/2018\/11\/Resolu\u00e7\u00e3o-34.2018.SEI_23110.051095_2018_15.pdf\">Aprova a manuten\u00e7\u00e3o de redu\u00e7\u00e3o tempor\u00e1ria de vagas, para ingresso no Curso de Dan\u00e7a Licenciatura, para 2019\/1.<br \/>\n<\/a><\/p>\n<p>Resolu\u00e7\u00e3o n\u00ba 35.2018 &#8211; <a href=\"https:\/\/wp.ufpel.edu.br\/scs\/files\/2018\/11\/SEI_Res.-35.2018-Vagas-ind\u00edgenas-e-quilombolas.pdf\">Aprova a oferta de vagas no Processo Seletivo para estudantes ind\u00edgenas e quilombolas.<\/a><\/p>\n<p>Resolu\u00e7\u00e3o n\u00ba 36.2018 &#8211;\u00a0<a href=\"https:\/\/wp.ufpel.edu.br\/scs\/files\/2018\/11\/SEI_Res.-36.2018-Calend\u00e1rio-Acad\u00eamico.pdf\">Aprova o Calend\u00e1rio Acad\u00eamico da UFPel para 2019.<\/a><\/p>\n<p>Resolu\u00e7\u00e3o n\u00ba 37.2018 &#8211;\u00a0<a href=\"https:\/\/wp.ufpel.edu.br\/scs\/files\/2018\/11\/SEI_UFPel-0346481-Resolu\u00e7\u00e3o-37.2018.pdf\">Aprova o Regimento do PPGO.<\/a><\/p>\n<p>Resolu\u00e7\u00e3o n\u00ba 38.2018 &#8211; <a href=\"https:\/\/wp.ufpel.edu.br\/scs\/files\/2018\/11\/SEI_Resolu\u00e7\u00e3o-38.2018Redu\u00e7\u00e3o-Vagas-FO-GA-e-FV-p.2019.pdf\">Aprova a redu\u00e7\u00e3o de vagas para ingressantes nos Cursos de Medicina Veterin\u00e1ria, Odontologia e Gest\u00e3o Ambiental.<\/a><\/p>\n<p>Resolu\u00e7\u00e3o n\u00ba 39.2018 &#8211;\u00a0<a href=\"https:\/\/wp.ufpel.edu.br\/scs\/files\/2018\/11\/Resolu\u00e7\u00e3o-39.2018-COCEPE.pdf\">Aprova o Calend\u00e1rio Acad\u00eamico da Faculdade de Odontologia, para o semestre de 2018\/2 e ano de 2019.<br \/>\n<\/a><\/p>\n<p>Resolu\u00e7\u00e3o n\u00ba 40.2018 &#8211; <a href=\"https:\/\/wp.ufpel.edu.br\/scs\/files\/2019\/04\/Resolu\u00e7\u00e3o-40.2018.pdf\">Regulamenta o Programa de Mobilidade Acad\u00eamica Nacional no \u00e2mbito da UFPEL.<\/a><\/p>\n<p>Resolu\u00e7\u00e3o n\u00ba 41.2018 &#8211; <a href=\"https:\/\/wp.ufpel.edu.br\/scs\/files\/2018\/12\/Resolu\u00e7\u00e3o-41.2018.pdf\">Disp\u00f5e sobre a implementa\u00e7\u00e3o de crit\u00e9rio adicional para aloca\u00e7\u00e3o de vagas da carreira do magist\u00e9rio superior para atender programas de P\u00f3s-Gradua\u00e7\u00e3o da Universidade Federal de Pelotas UFPEL, e d\u00e1 outras provid\u00eancias.<\/a><\/p>\n<p>Resolu\u00e7\u00e3o n\u00ba 42.2018 &#8211; <a href=\"https:\/\/wp.ufpel.edu.br\/scs\/files\/2019\/03\/Resol.-42.2018-atualizada-1.pdf\">Altera a Resolu\u00e7\u00e3o n\u00ba 06 de 03 de mar\u00e7o de 2016 e, assim, disp\u00f5e sobre o Regulamento da curriculariza\u00e7\u00e3o das atividades de extens\u00e3o nos Cursos de Gradua\u00e7\u00e3o da Universidade Federal de Pelotas &#8211; UFPel e d\u00e1 outras provid\u00eancias.<\/a><\/p>\n<p>Resolu\u00e7\u00e3o n\u00ba 43.2018 &#8211;\u00a0\u00a0<a href=\"https:\/\/wp.ufpel.edu.br\/scs\/files\/2019\/02\/Resolu\u00e7\u00e3o-43.2018-COCEPE.pdf\">Altera\u00e7\u00e3o da Resolu\u00e7\u00e3o\u00a0COCEPE n\u00ba 24 de 25 de agosto de 2016, que disp\u00f5e sobre crit\u00e9rios e procedimentos de sele\u00e7\u00e3o de ingresso em cursos de gradua\u00e7\u00e3o da UFPEL nas modalidades reop\u00e7\u00e3o, reingresso, transfer\u00eancia e portador de diploma de ensino superior.<\/a><\/p>\n<p>Resolu\u00e7\u00e3o n\u00ba 44.2018 &#8211;\u00a0<a href=\"https:\/\/wp.ufpel.edu.br\/scs\/files\/2018\/12\/SEI-0402768-Resolu\u00e7\u00e3o-44.2018.pdf\">Aprova o Regimento do Programa de P\u00f3s-Gradua\u00e7\u00e3o em Agronomia da UFPel.<br \/>\n<\/a><\/p>\n<p>Resolu\u00e7\u00e3o n\u00ba 45.2018 &#8211; <a href=\"https:\/\/wp.ufpel.edu.br\/scs\/files\/2019\/06\/SEI_UFPel-0409899-Resolu\u00e7\u00e3o-45.2018-COCEPE.pdf\">Aprova o Regimento do Programa de P\u00f3s-Gradua\u00e7\u00e3o em Geografia &#8211; PPGGeo da UFPel. <em>(revogada)<\/em><\/a><\/p>\n<p>Resolu\u00e7\u00e3o n\u00ba 46.2018 &#8211; <a href=\"https:\/\/wp.ufpel.edu.br\/scs\/files\/2019\/01\/Resolu\u00e7\u00e3o-46.2018-COCEPE.pdf\">Aprova a Reformula\u00e7\u00e3o\u00a0do Curso de P\u00f3s-Gradua\u00e7\u00e3o em Artes \u2013 Especializa\u00e7\u00e3o Lato Sensu &#8211; \u00c1rea de Concentra\u00e7\u00e3o: Artes da UFPel.<\/a><\/p>\n<p>Resolu\u00e7\u00e3o n\u00ba 47.2018 &#8211;\u00a0<a href=\"https:\/\/wp.ufpel.edu.br\/scs\/files\/2019\/02\/Resolu\u00e7\u00e3o-47.2018-COCEPE.pdf\">Aprova um novo sistema para o ordenamento de matr\u00edcula nos cursos de gradua\u00e7\u00e3o, definindo a prioridade de ocupa\u00e7\u00e3o das vagas o processo de rematr\u00edcula da UFPel.<\/a><\/p>\n<p>Resolu\u00e7\u00e3o n\u00ba 48.2018 &#8211;\u00a0<a href=\"https:\/\/wp.ufpel.edu.br\/scs\/files\/2019\/02\/Resolu\u00e7\u00e3o-48.2018-COCEPE.pdf\">Aprova o Regimento Programa de P\u00f3s-Gradua\u00e7\u00e3o em F\u00edsica da UFPel.<\/a><\/p>\n<p>Resolu\u00e7\u00e3o n\u00ba 49.2018 &#8211;\u00a0<a href=\"https:\/\/wp.ufpel.edu.br\/scs\/files\/2018\/12\/SEI-0400686-Resolu\u00e7\u00e3o-49.2018.pdf\">Altera o Calend\u00e1rio Acad\u00eamico da Universidade Federal de Pelotas para o ano de 2019, no m\u00eas de fevereiro.<br \/>\n<\/a><\/p>\n","protected":false},"excerpt":{"rendered":"<p>Resolu\u00e7\u00e3o n\u00ba 01.2018 &#8211;Altera Art. 2\u00ba &#8211; \u00a7 \u00fanico da Res. 45\/2017, que aprova o Regulamento do Sistema de Bibliotecas da UFPel. Resolu\u00e7\u00e3o n\u00ba \u00a002.2018 &#8211;\u00a0Aprova a oferta de vagas\u00a0remanescentes do Programa de\u00a0Avalia\u00e7\u00e3o da Vida Escolar (PAVE),\u00a0conforme Programa de Desenvolvimento\u00a0Social nos Munic\u00edpios da Azonasul, para Cursos Presenciais da Universidade\u00a0Federal de Pelotas &#8211; UFPel. Resolu\u00e7\u00e3o n\u00ba [&hellip;]<\/p>\n","protected":false},"author":29,"featured_media":0,"parent":196,"menu_order":0,"comment_status":"closed","ping_status":"closed","template":"","meta":{"footnotes":""},"class_list":["post-3374","page","type-page","status-publish","hentry"],"_links":{"self":[{"href":"https:\/\/wp.ufpel.edu.br\/scs\/wp-json\/wp\/v2\/pages\/3374","targetHints":{"allow":["GET"]}}],"collection":[{"href":"https:\/\/wp.ufpel.edu.br\/scs\/wp-json\/wp\/v2\/pages"}],"about":[{"href":"https:\/\/wp.ufpel.edu.br\/scs\/wp-json\/wp\/v2\/types\/page"}],"author":[{"embeddable":true,"href":"https:\/\/wp.ufpel.edu.br\/scs\/wp-json\/wp\/v2\/users\/29"}],"replies":[{"embeddable":true,"href":"https:\/\/wp.ufpel.edu.br\/scs\/wp-json\/wp\/v2\/comments?post=3374"}],"version-history":[{"count":75,"href":"https:\/\/wp.ufpel.edu.br\/scs\/wp-json\/wp\/v2\/pages\/3374\/revisions"}],"predecessor-version":[{"id":10078,"href":"https:\/\/wp.ufpel.edu.br\/scs\/wp-json\/wp\/v2\/pages\/3374\/revisions\/10078"}],"up":[{"embeddable":true,"href":"https:\/\/wp.ufpel.edu.br\/scs\/wp-json\/wp\/v2\/pages\/196"}],"wp:attachment":[{"href":"https:\/\/wp.ufpel.edu.br\/scs\/wp-json\/wp\/v2\/media?parent=3374"}],"curies":[{"name":"wp","href":"https:\/\/api.w.org\/{rel}","templated":true}]}}