{"id":330,"date":"2010-08-08T18:30:25","date_gmt":"2010-08-08T20:30:25","guid":{"rendered":"https:\/\/wp.ufpel.edu.br\/scs\/"},"modified":"2015-03-05T15:03:22","modified_gmt":"2015-03-05T18:03:22","slug":"2005-2","status":"publish","type":"page","link":"https:\/\/wp.ufpel.edu.br\/scs\/cocepe\/resolucoes\/2005-2\/","title":{"rendered":"2005"},"content":{"rendered":"<p>2005\/01 &#8211; <a href=\"https:\/\/wp.ufpel.edu.br\/scs\/files\/2010\/08\/2005_01.pdf\">Aprova o Regimento Geral dos Cursos de P\u00f3s-Gradua\u00e7\u00e3o Lato Sensu.<\/a> <a title=\"Anexo\" href=\"https:\/\/wp.ufpel.edu.br\/scs\/files\/2010\/08\/2005_01_B.pdf\" target=\"_blank\"><img class=\"size-full wp-image-312\" src=\"https:\/\/wp.ufpel.edu.br\/scs\/files\/2010\/08\/1281295520_paperclip.png\" alt=\"\" width=\"16\" height=\"16\" \/><\/a><\/p>\n<p>2005\/02 &#8211; <a href=\"https:\/\/wp.ufpel.edu.br\/scs\/files\/2010\/08\/2005_02.pdf\">Aprova o Regimento Geral dos Cursos de P\u00f3s-Gradua\u00e7\u00e3o Stricto Senso.<\/a> <a title=\"Anexo\" href=\"https:\/\/wp.ufpel.edu.br\/scs\/files\/2010\/08\/2005_02_B.pdf\" target=\"_blank\"><img class=\"size-full wp-image-312\" src=\"https:\/\/wp.ufpel.edu.br\/scs\/files\/2010\/08\/1281295520_paperclip.png\" alt=\"\" width=\"16\" height=\"16\" \/><\/a><\/p>\n<p>2005\/03 &#8211; <a href=\"https:\/\/wp.ufpel.edu.br\/scs\/files\/2010\/08\/2005_03.pdf\">Estabelece normas para a consolida\u00e7\u00e3o da matr\u00edcula de discentes ingressantes e caracteriza\u00e7\u00e3o da perda de matr\u00edcula por abandono de discentes dos Cursos de Gradua\u00e7\u00e3o da UFPel.<\/a>\u00a0(Alterada pela\u00a0<a title=\"Resolu\u00e7\u00e3o COCEPE 14\/2014\" href=\"https:\/\/wp.ufpel.edu.br\/scs\/files\/2014\/03\/Res-142014.pdf\" target=\"_blank\">Res 14\/2014<\/a>)<\/p>\n","protected":false},"excerpt":{"rendered":"<p>2005\/01 &#8211; Aprova o Regimento Geral dos Cursos de P\u00f3s-Gradua\u00e7\u00e3o Lato Sensu. 2005\/02 &#8211; Aprova o Regimento Geral dos Cursos de P\u00f3s-Gradua\u00e7\u00e3o Stricto Senso. 2005\/03 &#8211; Estabelece normas para a consolida\u00e7\u00e3o da matr\u00edcula de discentes ingressantes e caracteriza\u00e7\u00e3o da perda de matr\u00edcula por abandono de discentes dos Cursos de Gradua\u00e7\u00e3o da UFPel.\u00a0(Alterada pela\u00a0Res 14\/2014)<\/p>\n","protected":false},"author":29,"featured_media":0,"parent":196,"menu_order":11,"comment_status":"closed","ping_status":"closed","template":"","meta":{"footnotes":""},"class_list":["post-330","page","type-page","status-publish","hentry"],"_links":{"self":[{"href":"https:\/\/wp.ufpel.edu.br\/scs\/wp-json\/wp\/v2\/pages\/330","targetHints":{"allow":["GET"]}}],"collection":[{"href":"https:\/\/wp.ufpel.edu.br\/scs\/wp-json\/wp\/v2\/pages"}],"about":[{"href":"https:\/\/wp.ufpel.edu.br\/scs\/wp-json\/wp\/v2\/types\/page"}],"author":[{"embeddable":true,"href":"https:\/\/wp.ufpel.edu.br\/scs\/wp-json\/wp\/v2\/users\/29"}],"replies":[{"embeddable":true,"href":"https:\/\/wp.ufpel.edu.br\/scs\/wp-json\/wp\/v2\/comments?post=330"}],"version-history":[{"count":8,"href":"https:\/\/wp.ufpel.edu.br\/scs\/wp-json\/wp\/v2\/pages\/330\/revisions"}],"predecessor-version":[{"id":1786,"href":"https:\/\/wp.ufpel.edu.br\/scs\/wp-json\/wp\/v2\/pages\/330\/revisions\/1786"}],"up":[{"embeddable":true,"href":"https:\/\/wp.ufpel.edu.br\/scs\/wp-json\/wp\/v2\/pages\/196"}],"wp:attachment":[{"href":"https:\/\/wp.ufpel.edu.br\/scs\/wp-json\/wp\/v2\/media?parent=330"}],"curies":[{"name":"wp","href":"https:\/\/api.w.org\/{rel}","templated":true}]}}