{"id":311,"date":"2010-08-08T18:18:50","date_gmt":"2010-08-08T20:18:50","guid":{"rendered":"https:\/\/wp.ufpel.edu.br\/scs\/"},"modified":"2022-10-10T09:10:48","modified_gmt":"2022-10-10T12:10:48","slug":"2006-2","status":"publish","type":"page","link":"https:\/\/wp.ufpel.edu.br\/scs\/cocepe\/resolucoes\/2006-2\/","title":{"rendered":"2006"},"content":{"rendered":"<p>2006\/01 &#8211; <a href=\"https:\/\/wp.ufpel.edu.br\/scs\/files\/2010\/08\/2006_01.pdf\">Adota normas sobre a concess\u00e3o de c\u00f3pia de prova escrita em concurso P\u00fablico para Provimento de Cargo de Professor efetivo da UFPel.<\/a><\/p>\n<p>2006\/02 &#8211; <a href=\"https:\/\/wp.ufpel.edu.br\/scs\/files\/2010\/08\/2006_02.pdf\">Regulamenta o tempo de perman\u00eancia dos acad\u00eamicos na UFPel.<\/a> <a title=\"Anexo\" href=\"https:\/\/wp.ufpel.edu.br\/scs\/files\/2010\/08\/2006_02_B.pdf\" target=\"_blank\" rel=\"noopener\"><img class=\"size-full wp-image-312\" src=\"https:\/\/wp.ufpel.edu.br\/scs\/files\/2010\/08\/1281295520_paperclip.png\" alt=\"\" width=\"16\" height=\"16\" \/><\/a><\/p>\n<p>2006\/03 &#8211; <a href=\"https:\/\/wp.ufpel.edu.br\/scs\/files\/2010\/08\/2006_03.pdf\">Regulamenta as normas sobre Teses, Disserta\u00e7\u00f5es e Trabalhos Acad\u00eamicos da UFPel.<\/a><\/p>\n<p>2006\/04 &#8211; <a href=\"https:\/\/wp.ufpel.edu.br\/scs\/files\/2010\/08\/2006_04.pdf\">Regulamenta o afastamento docente na UFPel.<\/a> <a title=\"Anexo\" href=\"https:\/\/wp.ufpel.edu.br\/scs\/files\/2010\/08\/2006_04_B.pdf\" target=\"_blank\" rel=\"noopener\"><img class=\"size-full wp-image-312\" src=\"https:\/\/wp.ufpel.edu.br\/scs\/files\/2010\/08\/1281295520_paperclip.png\" alt=\"\" width=\"16\" height=\"16\" \/><\/a>&#8211; <span style=\"font-size: 10pt;\"><em>Revogada pela Resolu\u00e7\u00e3o CONSUN<\/em> <em>82\/2022<\/em><\/span><\/p>\n<p>2006\/05 &#8211; <a href=\"https:\/\/wp.ufpel.edu.br\/scs\/files\/2010\/08\/2006_05.pdf\">Regulamenta a gratifica\u00e7\u00e3o por Encargos de Curso ou Concurso na UFPel.<\/a> <a title=\"Anexo\" href=\"https:\/\/wp.ufpel.edu.br\/scs\/files\/2010\/08\/2006_05_B.pdf\" target=\"_blank\" rel=\"noopener\"><img class=\"size-full wp-image-312\" src=\"https:\/\/wp.ufpel.edu.br\/scs\/files\/2010\/08\/1281295520_paperclip.png\" alt=\"\" width=\"16\" height=\"16\" \/><\/a><\/p>\n<p>2006\/06 &#8211; <a href=\"https:\/\/wp.ufpel.edu.br\/scs\/files\/2010\/08\/2006_06.pdf\">Normatiza a Progress\u00e3o Funcional para a classe especial do Magist\u00e9rio de 1\u00ba e 2\u00ba graus.<\/a> <a title=\"Anexo\" href=\"https:\/\/wp.ufpel.edu.br\/scs\/files\/2010\/08\/2006_06_B.pdf\" target=\"_blank\" rel=\"noopener\"><img class=\"size-full wp-image-312\" src=\"https:\/\/wp.ufpel.edu.br\/scs\/files\/2010\/08\/1281295520_paperclip.png\" alt=\"\" width=\"16\" height=\"16\" \/><\/a><\/p>\n<p>2006\/07 &#8211; <a href=\"https:\/\/wp.ufpel.edu.br\/scs\/files\/2010\/08\/2006_07.pdf\">Estabelece normas para a progress\u00e3o funcional \u00e0 classe de Professor Associado da Carreira do Magist\u00e9rio Superior.<\/a> <a title=\"Anexo\" href=\"https:\/\/wp.ufpel.edu.br\/scs\/files\/2010\/08\/2006_07_B.pdf\" target=\"_blank\" rel=\"noopener\"><img class=\"size-full wp-image-312\" src=\"https:\/\/wp.ufpel.edu.br\/scs\/files\/2010\/08\/1281295520_paperclip.png\" alt=\"\" width=\"16\" height=\"16\" \/><\/a><\/p>\n<p>2006\/08 &#8211; <a href=\"https:\/\/wp.ufpel.edu.br\/scs\/files\/2010\/08\/2006_08.pdf\">Estabelece normas para o processo de revalida\u00e7\u00e3o de t\u00edtulo de P\u00f3s-Gradua\u00e7\u00e3o expedido por estabelecimento estrangeiro de Ensino Superior.<\/a><\/p>\n<p>2006\/09 &#8211; <a href=\"https:\/\/wp.ufpel.edu.br\/scs\/files\/2010\/08\/2006_09.pdf\">Altera normas para progress\u00e3o funcional por titula\u00e7\u00e3o e avalia\u00e7\u00e3o de desempenho acad\u00eamico do pessoal docente de 1\u00ba e 2\u00ba Graus.<\/a> <a title=\"Anexo\" href=\"https:\/\/wp.ufpel.edu.br\/scs\/files\/2010\/08\/2006_09_B.pdf\" target=\"_blank\" rel=\"noopener\"><img class=\"size-full wp-image-312\" src=\"https:\/\/wp.ufpel.edu.br\/scs\/files\/2010\/08\/1281295520_paperclip.png\" alt=\"\" width=\"16\" height=\"16\" \/><\/a><\/p>\n<p>2006\/10 &#8211; <a href=\"https:\/\/wp.ufpel.edu.br\/scs\/files\/2010\/08\/2006_10.pdf\">Institui o Regulamento Geral das atividades de Extens\u00e3o e Cultura da UFPel e d\u00e1 outras provid\u00eancias.<\/a><\/p>\n<p>2006\/11 &#8211; <a href=\"https:\/\/wp.ufpel.edu.br\/scs\/files\/2010\/08\/2006_11.pdf\">Institui o Programa de Bolsas de Extens\u00e3o e Cultura &#8211; PROBEC (da Pr\u00f3-Reitoria de Extens\u00e3o e Cultura) e o regramento do processo seletivo que dar\u00e1 acesso \u00e0s Bolsas de Extens\u00e3o e Cultura da UFPel.<\/a><\/p>\n","protected":false},"excerpt":{"rendered":"<p>2006\/01 &#8211; Adota normas sobre a concess\u00e3o de c\u00f3pia de prova escrita em concurso P\u00fablico para Provimento de Cargo de Professor efetivo da UFPel. 2006\/02 &#8211; Regulamenta o tempo de perman\u00eancia dos acad\u00eamicos na UFPel. 2006\/03 &#8211; Regulamenta as normas sobre Teses, Disserta\u00e7\u00f5es e Trabalhos Acad\u00eamicos da UFPel. 2006\/04 &#8211; Regulamenta o afastamento docente na [&hellip;]<\/p>\n","protected":false},"author":29,"featured_media":0,"parent":196,"menu_order":10,"comment_status":"closed","ping_status":"closed","template":"","meta":{"footnotes":""},"class_list":["post-311","page","type-page","status-publish","hentry"],"_links":{"self":[{"href":"https:\/\/wp.ufpel.edu.br\/scs\/wp-json\/wp\/v2\/pages\/311","targetHints":{"allow":["GET"]}}],"collection":[{"href":"https:\/\/wp.ufpel.edu.br\/scs\/wp-json\/wp\/v2\/pages"}],"about":[{"href":"https:\/\/wp.ufpel.edu.br\/scs\/wp-json\/wp\/v2\/types\/page"}],"author":[{"embeddable":true,"href":"https:\/\/wp.ufpel.edu.br\/scs\/wp-json\/wp\/v2\/users\/29"}],"replies":[{"embeddable":true,"href":"https:\/\/wp.ufpel.edu.br\/scs\/wp-json\/wp\/v2\/comments?post=311"}],"version-history":[{"count":21,"href":"https:\/\/wp.ufpel.edu.br\/scs\/wp-json\/wp\/v2\/pages\/311\/revisions"}],"predecessor-version":[{"id":7890,"href":"https:\/\/wp.ufpel.edu.br\/scs\/wp-json\/wp\/v2\/pages\/311\/revisions\/7890"}],"up":[{"embeddable":true,"href":"https:\/\/wp.ufpel.edu.br\/scs\/wp-json\/wp\/v2\/pages\/196"}],"wp:attachment":[{"href":"https:\/\/wp.ufpel.edu.br\/scs\/wp-json\/wp\/v2\/media?parent=311"}],"curies":[{"name":"wp","href":"https:\/\/api.w.org\/{rel}","templated":true}]}}