{"id":303,"date":"2010-08-08T17:54:50","date_gmt":"2010-08-08T19:54:50","guid":{"rendered":"https:\/\/wp.ufpel.edu.br\/scs\/"},"modified":"2015-03-05T15:03:08","modified_gmt":"2015-03-05T18:03:08","slug":"2007-2","status":"publish","type":"page","link":"https:\/\/wp.ufpel.edu.br\/scs\/cocepe\/resolucoes\/2007-2\/","title":{"rendered":"2007"},"content":{"rendered":"<p>2007\/01 &#8211; <a href=\"https:\/\/wp.ufpel.edu.br\/scs\/files\/2010\/08\/2007_01.pdf\">Disp\u00f5e sobre o programa de P\u00f3s-Doutorado na UFPel.<\/a><\/p>\n<p>2007\/02 &#8211; <a href=\"https:\/\/wp.ufpel.edu.br\/scs\/files\/2010\/08\/2007_02.pdf\">Disp\u00f5e sobre a Certifica\u00e7\u00e3o de Cursos, A\u00e7\u00f5es Extensionistas, Projetos, Programas, Atividades Cient\u00edficas e Culturais na UFPel.<\/a><\/p>\n<p>2007\/03 &#8211; <a href=\"https:\/\/wp.ufpel.edu.br\/scs\/files\/2010\/08\/2007_03.pdf\">Revoga &#8220;ad referendum&#8221; a resolu\u00e7\u00e3o 04\/99 do COCEPE.<\/a><\/p>\n","protected":false},"excerpt":{"rendered":"<p>2007\/01 &#8211; Disp\u00f5e sobre o programa de P\u00f3s-Doutorado na UFPel. 2007\/02 &#8211; Disp\u00f5e sobre a Certifica\u00e7\u00e3o de Cursos, A\u00e7\u00f5es Extensionistas, Projetos, Programas, Atividades Cient\u00edficas e Culturais na UFPel. 2007\/03 &#8211; Revoga &#8220;ad referendum&#8221; a resolu\u00e7\u00e3o 04\/99 do COCEPE.<\/p>\n","protected":false},"author":29,"featured_media":0,"parent":196,"menu_order":9,"comment_status":"closed","ping_status":"closed","template":"","meta":{"footnotes":""},"class_list":["post-303","page","type-page","status-publish","hentry"],"_links":{"self":[{"href":"https:\/\/wp.ufpel.edu.br\/scs\/wp-json\/wp\/v2\/pages\/303","targetHints":{"allow":["GET"]}}],"collection":[{"href":"https:\/\/wp.ufpel.edu.br\/scs\/wp-json\/wp\/v2\/pages"}],"about":[{"href":"https:\/\/wp.ufpel.edu.br\/scs\/wp-json\/wp\/v2\/types\/page"}],"author":[{"embeddable":true,"href":"https:\/\/wp.ufpel.edu.br\/scs\/wp-json\/wp\/v2\/users\/29"}],"replies":[{"embeddable":true,"href":"https:\/\/wp.ufpel.edu.br\/scs\/wp-json\/wp\/v2\/comments?post=303"}],"version-history":[{"count":7,"href":"https:\/\/wp.ufpel.edu.br\/scs\/wp-json\/wp\/v2\/pages\/303\/revisions"}],"predecessor-version":[{"id":1176,"href":"https:\/\/wp.ufpel.edu.br\/scs\/wp-json\/wp\/v2\/pages\/303\/revisions\/1176"}],"up":[{"embeddable":true,"href":"https:\/\/wp.ufpel.edu.br\/scs\/wp-json\/wp\/v2\/pages\/196"}],"wp:attachment":[{"href":"https:\/\/wp.ufpel.edu.br\/scs\/wp-json\/wp\/v2\/media?parent=303"}],"curies":[{"name":"wp","href":"https:\/\/api.w.org\/{rel}","templated":true}]}}