{"id":292,"date":"2010-08-08T17:45:36","date_gmt":"2010-08-08T19:45:36","guid":{"rendered":"https:\/\/wp.ufpel.edu.br\/scs\/"},"modified":"2015-03-05T15:02:21","modified_gmt":"2015-03-05T18:02:21","slug":"2010-2","status":"publish","type":"page","link":"https:\/\/wp.ufpel.edu.br\/scs\/cocepe\/resolucoes\/2010-2\/","title":{"rendered":"2010"},"content":{"rendered":"<p>2010\/01 &#8211; <a href=\"https:\/\/wp.ufpel.edu.br\/scs\/files\/2010\/08\/2010_01.pdf\">Altera o Programa de Bolsas de Extens\u00e3o e Cultura &#8211; PROBEC e o regramento do processo seletivo que dar\u00e1 acesso \u00e0s Bolsas de Extens\u00e3o e Cultura da Universidade Federal de Pelotas.<\/a><\/p>\n<p>2010\/02 &#8211; <a href=\"https:\/\/wp.ufpel.edu.br\/scs\/files\/2010\/08\/2010_02.pdf\">Altera o Art. 3\u00ba da Resolu\u00e7\u00e3o n\u00ba 04, de 05 de abril de 2006.<\/a><\/p>\n<p>2010\/03 &#8211; <a href=\"https:\/\/wp.ufpel.edu.br\/scs\/files\/2010\/08\/2010_03.pdf\">Aprova as Normas de Revalida\u00e7\u00e3o de T\u00edtulos Obtidos no Exterior.<\/a><\/p>\n<p>2010\/04 &#8211; <a href=\"https:\/\/wp.ufpel.edu.br\/scs\/files\/2010\/08\/2010_04.pdf\">Estabelece a Pol\u00edtica de Informa\u00e7\u00e3o do Reposit\u00f3rio Institucional Digital UFPel, tratando esta das Normas e Procedimentos para o funcionamento deste sistema.<\/a><\/p>\n<p>2010\/05 &#8211; <a href=\"https:\/\/wp.ufpel.edu.br\/scs\/files\/2010\/08\/2010_05.pdf\">Aprova \u201cad referendum\u201d o Programa de Licenciaturas Internacionais (PLI), do Grupo Coimbra de Universidades Brasileiras, referido no Edital 035\/2010 CAPES\/UC.<\/a><\/p>\n<p>2010\/06 &#8211; <a href=\"https:\/\/wp.ufpel.edu.br\/scs\/files\/2010\/08\/2010_06.pdf\">Aprova a Normatiza\u00e7\u00e3o do Aux\u00edlio Instala\u00e7\u00e3o para Discentes.<\/a><\/p>\n<p>2010\/07 &#8211; <a href=\"https:\/\/wp.ufpel.edu.br\/scs\/files\/2010\/08\/2010_07.pdf\">Aprova a Normatiza\u00e7\u00e3o do Aux\u00edlio-Pr\u00e9-Escolar para Discentes.<\/a><\/p>\n<p>2010\/08 &#8211; <a href=\"https:\/\/wp.ufpel.edu.br\/scs\/files\/2010\/08\/2010_08.pdf\">Aprova o Regulamento da Comiss\u00e3o de Assist\u00eancia e Rela\u00e7\u00f5es Estudantis.<\/a><\/p>\n<p>2010\/09 &#8211; <a href=\"https:\/\/wp.ufpel.edu.br\/scs\/files\/2010\/08\/2010_09.pdf\">Aprova o Regulamento do Programa Aux\u00edlio-Alimenta\u00e7\u00e3o da Pr\u00f3-Reitoria de Assist\u00eancia Estudantil.<\/a><\/p>\n<p>2010\/10 &#8211; <a href=\"https:\/\/wp.ufpel.edu.br\/scs\/files\/2010\/08\/2010_10.pdf\">Aprova o Regulamento do Programa Aux\u00edlio-Transporte da Pr\u00f3-Reitoria de Assist\u00eancia Estudantil.<\/a><\/p>\n<p>2010\/11 &#8211; <a href=\"https:\/\/wp.ufpel.edu.br\/scs\/files\/2010\/08\/2010_11.pdf\">Aprova o Regulamento do Programa de Moradia Estudantil da Pr\u00f3-Reitoria de Assist\u00eancia Estudantil.<\/a><\/p>\n<p>2010\/12 &#8211;\u00a0<a title=\"Resolu\u00e7\u00e3o 12\/2010\" href=\"https:\/\/wp.ufpel.edu.br\/scs\/files\/2010\/08\/Resolu\u00e7\u00e3o-122010.doc\" target=\"_blank\">Determina indica\u00e7\u00e3o de Comiss\u00e3o de Avalia\u00e7\u00e3o de Est\u00e1gios Probat\u00f3rios Docentes.<\/a><\/p>\n<p>2010\/13 &#8211; <a href=\"https:\/\/wp.ufpel.edu.br\/scs\/files\/2010\/12\/2010_13.pdf\">Revoga a Resolu\u00e7\u00e3o n\u00ba 01 de 03 de maio de 2007.<\/a><\/p>\n<p>2010\/14 &#8211; <a href=\"https:\/\/wp.ufpel.edu.br\/scs\/files\/2010\/12\/2010_14.pdf\">Aprova o Regulamento de Ensino de Gradua\u00e7\u00e3o na Universidade Federal de Pelotas.<\/a>\u00a0(Alterada pela <a title=\"Resolu\u00e7\u00e3o COCEPE 14\/2014\" href=\"https:\/\/wp.ufpel.edu.br\/scs\/files\/2014\/03\/Res-142014.pdf\" target=\"_blank\">Res 14\/2014<\/a>)<\/p>\n<p>2010\/15 &#8211; <a href=\"https:\/\/wp.ufpel.edu.br\/scs\/files\/2010\/12\/2010_15.pdf\">Revoga o Par\u00e1grafo \u00fanico, do Art. 2, da Resolu\u00e7\u00e3o n\u00ba 10, de 27 de agosto de 2009, que disp\u00f5e sobre utiliza\u00e7\u00e3o do servi\u00e7o de transporte da UFPel no apoio \u00e0s aulas pr\u00e1ticas.<\/a><\/p>\n","protected":false},"excerpt":{"rendered":"<p>2010\/01 &#8211; Altera o Programa de Bolsas de Extens\u00e3o e Cultura &#8211; PROBEC e o regramento do processo seletivo que dar\u00e1 acesso \u00e0s Bolsas de Extens\u00e3o e Cultura da Universidade Federal de Pelotas. 2010\/02 &#8211; Altera o Art. 3\u00ba da Resolu\u00e7\u00e3o n\u00ba 04, de 05 de abril de 2006. 2010\/03 &#8211; Aprova as Normas de [&hellip;]<\/p>\n","protected":false},"author":29,"featured_media":0,"parent":196,"menu_order":6,"comment_status":"closed","ping_status":"closed","template":"","meta":{"footnotes":""},"class_list":["post-292","page","type-page","status-publish","hentry"],"_links":{"self":[{"href":"https:\/\/wp.ufpel.edu.br\/scs\/wp-json\/wp\/v2\/pages\/292","targetHints":{"allow":["GET"]}}],"collection":[{"href":"https:\/\/wp.ufpel.edu.br\/scs\/wp-json\/wp\/v2\/pages"}],"about":[{"href":"https:\/\/wp.ufpel.edu.br\/scs\/wp-json\/wp\/v2\/types\/page"}],"author":[{"embeddable":true,"href":"https:\/\/wp.ufpel.edu.br\/scs\/wp-json\/wp\/v2\/users\/29"}],"replies":[{"embeddable":true,"href":"https:\/\/wp.ufpel.edu.br\/scs\/wp-json\/wp\/v2\/comments?post=292"}],"version-history":[{"count":15,"href":"https:\/\/wp.ufpel.edu.br\/scs\/wp-json\/wp\/v2\/pages\/292\/revisions"}],"predecessor-version":[{"id":1785,"href":"https:\/\/wp.ufpel.edu.br\/scs\/wp-json\/wp\/v2\/pages\/292\/revisions\/1785"}],"up":[{"embeddable":true,"href":"https:\/\/wp.ufpel.edu.br\/scs\/wp-json\/wp\/v2\/pages\/196"}],"wp:attachment":[{"href":"https:\/\/wp.ufpel.edu.br\/scs\/wp-json\/wp\/v2\/media?parent=292"}],"curies":[{"name":"wp","href":"https:\/\/api.w.org\/{rel}","templated":true}]}}