{"id":2867,"date":"2017-04-20T12:11:19","date_gmt":"2017-04-20T15:11:19","guid":{"rendered":"https:\/\/wp.ufpel.edu.br\/scs\/?page_id=2867"},"modified":"2026-04-08T09:16:39","modified_gmt":"2026-04-08T12:16:39","slug":"2017-2","status":"publish","type":"page","link":"https:\/\/wp.ufpel.edu.br\/scs\/cocepe\/resolucoes\/2017-2\/","title":{"rendered":"2017"},"content":{"rendered":"<p>01.17 &#8211; \u00a0<a href=\"https:\/\/wp.ufpel.edu.br\/scs\/files\/2017\/04\/Resolu\u00e7\u00e3o-01.2017-COCEPE.pdf\">Aprova Calend\u00e1rio Acad\u00eamico 2016\/2 para os 7\u00ba e 8\u00ba semestres do Curso de Medicina.<\/a><\/p>\n<p>02.17 &#8211;\u00a0<a href=\"https:\/\/wp.ufpel.edu.br\/scs\/files\/2017\/04\/Resolu\u00e7\u00e3o-02-2017-COCEPE.pdf\">Aprova o Calend\u00e1rio Acad\u00eamico da Universidade Federal de Pelotas para o ano de 2017.<\/a><\/p>\n<p>03.17 &#8211;\u00a0<a href=\"https:\/\/wp.ufpel.edu.br\/scs\/files\/2017\/04\/Resolu\u00e7\u00e3o-03-2017-COCEPE.pdf\">Revoga as Resolu\u00e7\u00f5es n\u00ba 06\/2002\u00a0e n\u00ba 35\/2016<\/a>.<\/p>\n<p>04.17 &#8211; \u00a0<a href=\"https:\/\/wp.ufpel.edu.br\/scs\/files\/2017\/04\/Resolu\u00e7\u00e3o-04-2017-COCEPE.pdf\">Altera artigo 4\u00ba da Resolu\u00e7\u00e3o n\u00ba 22\/2016.<\/a><\/p>\n<p>05.17 &#8211;\u00a0<a href=\"https:\/\/wp.ufpel.edu.br\/scs\/files\/2017\/04\/Resolu\u00e7\u00e3o-05-2017-COCEPE.pdf\">Disp\u00f5e sobre a abertura de vagas espec\u00edficas em Cursos de Gradua\u00e7\u00e3o da UFPel para as Comunidades Quilombolas.<\/a><\/p>\n<p>06.17 &#8211;\u00a0<a href=\"https:\/\/wp.ufpel.edu.br\/scs\/files\/2017\/04\/Resolu\u00e7\u00e3o-06-2017-COCEPE.pdf\">Aprova o Regulamento Interno do Conselho dos Representantes das Empresas Juniores da UFPel &#8211; CREJ.<\/a><\/p>\n<p>07.17 &#8211;\u00a0<a href=\"https:\/\/wp.ufpel.edu.br\/scs\/files\/2017\/04\/Resolu\u00e7\u00e3o-07-2017-COCEPE.pdf\">Aprova a Proposta de Pol\u00edtica de Atualiza\u00e7\u00e3o, Manuten\u00e7\u00e3o e Conserva\u00e7\u00e3o do Acervo das Bibliotecas da Universidade Federal de Pelotas.<\/a><\/p>\n<p>08.17 &#8211;\u00a0<a href=\"https:\/\/wp.ufpel.edu.br\/scs\/files\/2017\/04\/Resolu\u00e7\u00e3o-08.2017-COCEPE.pdf\">Altera o Art. 1\u00ba da Se\u00e7\u00e3o I e o Art. 28 da Se\u00e7\u00e3o VII da Resolu\u00e7\u00e3o n\u00ba 04\/2016, que normatiza a contrata\u00e7\u00e3o de Professor Substituto.<\/a><\/p>\n<p>09.17 &#8211;\u00a0<a href=\"https:\/\/wp.ufpel.edu.br\/scs\/files\/2017\/04\/Resolu\u00e7\u00e3o-09.2017-COCEPE.pdf\">Aprova o Regimento Interno do CONEXT &#8211; PREC\/UFPel.<\/a><\/p>\n<p>10.17 &#8211;\u00a0<a href=\"https:\/\/wp.ufpel.edu.br\/scs\/files\/2017\/04\/Resolu\u00e7\u00e3o-10.2017-COCEPE.pdf\">Delibera sobre reposi\u00e7\u00e3o de vagas decorrentes de aposentadorias na UFPel. Altera o Art. 4\u00ba da Res. n\u00ba 22\/2016 e revoga a Res.\u00a0 n\u00ba 04\/2017.<\/a><\/p>\n<p>11.17 &#8211; <a href=\"https:\/\/wp.ufpel.edu.br\/scs\/files\/2017\/04\/Resolu\u00e7\u00e3o-11.05.2017-COCEPE.pdf\">Aprova o Regimento Interno da Comiss\u00e3o das Licenciaturas da Universidade Federal de Pelotas<\/a><\/p>\n<p>12.17 &#8211;\u00a0<a href=\"https:\/\/wp.ufpel.edu.br\/scs\/files\/2017\/04\/Resolu\u00e7\u00e3o-12.2017-COCEPE.pdf\">Aprova a redu\u00e7\u00e3o de 15 vagas para o Curso de Odontologia em 2017\/2<\/a><\/p>\n<p>13.17 &#8211;\u00a0<a href=\"https:\/\/wp.ufpel.edu.br\/scs\/files\/2017\/04\/Resolu\u00e7\u00e3o-13.2017-COCEPE.pdf\">Suspende a oferta de vagas para o Curso de Gest\u00e3o Ambiental em 2017\/2<\/a><\/p>\n<p>14.17 &#8211;\u00a0<a href=\"https:\/\/wp.ufpel.edu.br\/scs\/files\/2017\/04\/Resolu\u00e7\u00e3o-14.2017-COCEPE.pdf\">Revoga as Resolu\u00e7\u00f5es n\u00ba 01\/2011 e n\u00ba 03\/2013 do COCEPE<\/a><\/p>\n<p>15.17 &#8211; <a href=\"https:\/\/wp.ufpel.edu.br\/scs\/files\/2017\/04\/Resolu\u00e7\u00e3o-15.2017-COCEPE.pdf\">Aprova o Programa Instituciona de Pedagogia Universit\u00e1ria &#8211; Forma\u00e7\u00e3o Permanente do Corpo Docente &#8211; Revoga a Resolu\u00e7\u00e3o n\u00ba 16\/2009\u00a0 &#8211; <\/a><em><strong><span style=\"font-size: 10pt;\">Revogada pela Resolu\u00e7\u00e3o 105\/2026<\/span><\/strong><\/em><\/p>\n<p>16.17 &#8211;\u00a0<a href=\"https:\/\/wp.ufpel.edu.br\/scs\/files\/2017\/04\/Resolu\u00e7\u00e3o-16.2017-COCEPE.pdf\">Altera Art. 17 da Se\u00e7\u00e3o V da Resolu\u00e7\u00e3o n\u00ba 04\/2016, que normatiza contrata\u00e7\u00e3o de Professor Substituto<\/a><\/p>\n<p>17.17 &#8211;\u00a0<a href=\"https:\/\/wp.ufpel.edu.br\/scs\/files\/2017\/04\/Resolu\u00e7\u00e3o-17.2017-COCEPE.pdf\">Aprova o Regimento do Colegiado de Curso da Faculdade de Odontologia<\/a><\/p>\n<p>18.17 &#8211;\u00a0<a href=\"https:\/\/wp.ufpel.edu.br\/scs\/files\/2017\/04\/Resolu\u00e7\u00e3o-18.2017-COCEPE.pdf\">Aprova o Regimento Interno dos Bacharelados e das Tecnologias da Universidade Federal de Pelotas<\/a><\/p>\n<p>19.17 &#8211;\u00a0<a href=\"https:\/\/wp.ufpel.edu.br\/scs\/files\/2017\/04\/Resolu\u00e7\u00e3o-19.2017-COCEPE.pdf\">Altera o \u00a7 2\u00ba do Art. 3\u00ba da Resolu\u00e7\u00e3o n\u00ba 06\/2013, incluindo o Inciso I<\/a><\/p>\n<p>20.17 &#8211;\u00a0<a href=\"https:\/\/wp.ufpel.edu.br\/scs\/files\/2017\/04\/Resolu\u00e7\u00e3o-20.2017.pdf\">Altera Calend\u00e1rio Acad\u00eamico 2017 para o final de 2017\/1<\/a><\/p>\n<p>21.17 &#8211;\u00a0<a href=\"https:\/\/wp.ufpel.edu.br\/scs\/files\/2017\/04\/Resolu\u00e7\u00e3o-21.2017.pdf\">Aprova o Regimento do Curso de Agronomia da Universidade Federal de Pelotas<\/a><\/p>\n<p>22.17 &#8211;\u00a0<a href=\"https:\/\/wp.ufpel.edu.br\/scs\/files\/2017\/04\/Resolu\u00e7\u00e3o-22.2017-COCEPE.pdf\">Aprova a amplia\u00e7\u00e3o das vagas do PAVE 2017<\/a><\/p>\n<p>23.17 &#8211;\u00a0<a href=\"https:\/\/wp.ufpel.edu.br\/scs\/files\/2017\/04\/Resolu\u00e7\u00e3o-23.2017-COCEPE.pdf\">Aprova Regimento do Curso de Bacharelado em Gest\u00e3o Ambiental<\/a><\/p>\n<p>24.17 &#8211;\u00a0<a href=\"https:\/\/wp.ufpel.edu.br\/scs\/files\/2017\/04\/Resolu\u00e7\u00e3o-24.2017-COCEPE.pdf\">Aprova Calend\u00e1rio Acad\u00eamico Especial para Formandos Curso de Direito Turma 2017\/2<\/a><\/p>\n<p>25.17 &#8211;\u00a0<a href=\"https:\/\/wp.ufpel.edu.br\/scs\/files\/2017\/04\/Resolu\u00e7\u00e3o-25.2017-COCEPE-1.pdf\">Aprova Pol\u00edtica Institucional da Universidade Federal de Pelotas para a Forma\u00e7\u00e3o Inicial e Continuada de Professores da Educa\u00e7\u00e3o B\u00e1sica<\/a><\/p>\n<p>26.17 &#8211;\u00a0<a href=\"https:\/\/wp.ufpel.edu.br\/scs\/files\/2017\/04\/Resolu\u00e7\u00e3o-26.2017-COCEPE.pdf\">Disp\u00f5e sobre o Regulamento Geral dos Programas Estrat\u00e9gicos em Extens\u00e3o e Cultura na Universidade Federal de Pelotas &#8211; UFPel, e d\u00e1 outras provid\u00eancias<\/a><\/p>\n<p>27.17 &#8211;\u00a0<a href=\"https:\/\/wp.ufpel.edu.br\/scs\/files\/2017\/04\/Res.-27.pdf\">Aprova Indicadores de Qualidade para os Projetos, Programas e Atividades de Ensino a Dist\u00e2ncia<\/a><\/p>\n<p>28.17 &#8211;\u00a0<a href=\"https:\/\/wp.ufpel.edu.br\/scs\/files\/2017\/04\/Res-28.pdf\">Aprova o Programa de P\u00f3s-Doutorado na UFPel<\/a><\/p>\n<p>29.17 &#8211;\u00a0<a href=\"https:\/\/wp.ufpel.edu.br\/scs\/files\/2017\/04\/Resolu\u00e7\u00e3o-29.2017-COCEPE.pdf\">Aprova a troca parcial de modalidade de ingresso de estudantes no CST em Transporte Terrestre\/CIM<\/a><\/p>\n<p>30.17 &#8211;\u00a0<a href=\"https:\/\/wp.ufpel.edu.br\/scs\/files\/2018\/06\/Resolu\u00e7\u00e3o-30.2017-COCEPE.pdf\">Aprova o Quadro de Oferta de Vagas Institucional para Cursos Presenciais da UFPel<\/a><\/p>\n<p>31.17 &#8211; <a href=\"https:\/\/wp.ufpel.edu.br\/scs\/files\/2017\/04\/RESOLU\u00c7\u00c3O-31.2017-cocepe.pdf\">Altera o calend\u00e1rio Acad\u00eamico da Universidade Federal de Pelotas para o final do 2\u00ba semestre de 2017<\/a><\/p>\n<p>32.17 &#8211;\u00a0<a href=\"https:\/\/wp.ufpel.edu.br\/scs\/files\/2017\/04\/Resolu\u00e7\u00e3o-32.2017-COCEPE.pdf\">Estabelece norma para o Regime de Trabalho Docente<\/a><\/p>\n<p>33.17 &#8211; Aprova o Regimento dos N\u00facleos de Pesquisa, Desenvolvimento e Inova\u00e7\u00e3o.<\/p>\n<p>34.17 &#8211;\u00a0<a href=\"https:\/\/wp.ufpel.edu.br\/scs\/files\/2017\/12\/Resolu\u00e7\u00e3o-n\u00b0-34.2017-COCEPE.pdf\">Aprova Normas para Atividades de Pesquisadores\/as de P\u00f3s-Doutorado na UFPel<\/a><\/p>\n<p>35.17 &#8211;\u00a0<a href=\"https:\/\/wp.ufpel.edu.br\/scs\/files\/2017\/12\/Resolu\u00e7\u00e3o-n\u00b0-35.2017-COCEPE.pdf\">Aprova Normas para Contrata\u00e7\u00e3o de Professor Visitante e Professor Estrangeiro na UFPel &#8211; <\/a><strong><em>Incluido trecho no Inciso I do art. 6\u00ba pela <\/em><a href=\"https:\/\/wp.ufpel.edu.br\/scs\/files\/2022\/04\/SEI_UFPel-1626452-Resolucao-33.2022.pdf\">Resolu\u00e7\u00e3o 33.2022 <\/a><\/strong>(Revogada pela Resolu\u00e7\u00e3o 47 \/2022)<\/p>\n<p>37.17 &#8211; <a href=\"https:\/\/wp.ufpel.edu.br\/scs\/files\/2018\/01\/Resolu\u00e7\u00e3o-37-de-2017.pdf\">Aprova Regimento PPG em Mem\u00f3ria\u00a0Social e Patrim\u00f4nio Cultural da UFPel.<\/a><\/p>\n<p>38.17 &#8211;\u00a0<a href=\"https:\/\/wp.ufpel.edu.br\/scs\/files\/2017\/12\/Resolu\u00e7\u00e3o-n\u00b0-38.2017-COCEPE.pdf\">Aprova Regimento do PPG em Direito da UFPel<\/a><\/p>\n<p>39.17 &#8211;\u00a0<a href=\"https:\/\/wp.ufpel.edu.br\/scs\/files\/2017\/12\/Resolu\u00e7\u00e3o-N\u00b0-39.2017-COCEPE.pdf\">Aprova Regimento do PPG em Modelagem Matem\u00e1tica da UFPel. <span style=\"color: #000000;\"><em>Revogada<\/em><\/span><\/a><\/p>\n<p>40.17 &#8211;\u00a0<a href=\"https:\/\/wp.ufpel.edu.br\/scs\/files\/2017\/12\/Resolu\u00e7\u00e3o-n\u00b0-40.2017-COCEPE.pdf\">Aprova Regimento do Mestrado Profissional em Sa\u00fade da Fam\u00edlia &#8211; PROFSA\u00daDE da UFPel<\/a><\/p>\n<p>41.17 &#8211;\u00a0<a href=\"https:\/\/wp.ufpel.edu.br\/scs\/files\/2017\/04\/Resolu\u00e7\u00e3o-41.2017-COCEPE.pdf\">Estabelece os limites m\u00ednimo e m\u00e1ximo de carga \u00a0hor\u00e1ria de aulas dentre as atividades docentes<\/a><\/p>\n<p>42.17 &#8211;\u00a0<a href=\"https:\/\/wp.ufpel.edu.br\/scs\/files\/2017\/04\/Resolu\u00e7\u00e3o-42.2017-COCEPE.pdf\">Disp\u00f5e sobre a abertura de vagas espec\u00edficas em curso de gradua\u00e7\u00e3o da UFPel (Estudantes ind\u00edgenas e Quilombolas)<\/a><\/p>\n<p>43.17 &#8211;\u00a0<a href=\"https:\/\/wp.ufpel.edu.br\/scs\/files\/2017\/04\/Resolu\u00e7\u00e3o-43.2017-COCEPE.pdf\">Aprova a troca integral de modalidade de ingresso de estudantes no CST em Transporte Terrestre<\/a><\/p>\n<p>44.17 &#8211;\u00a0<a href=\"https:\/\/wp.ufpel.edu.br\/scs\/files\/2017\/04\/Resolu\u00e7\u00e3o-44.2017-COCEPE.pdf\">Aprova o Calend\u00e1rio Acad\u00eamico da Universidade Federal de Pelotas para o ano de 2018<\/a><\/p>\n<p>45.17 &#8211;\u00a0<a href=\"https:\/\/wp.ufpel.edu.br\/scs\/files\/2018\/01\/RES.-45.2017-Reg.Sistema-de-Bibliiotecas-SEI.doc\">Aprova o REgulamento do Sistema de Bibliotecas da UFPel\/SEI<\/a><\/p>\n<p>46.17 &#8211;\u00a0<a href=\"https:\/\/wp.ufpel.edu.br\/scs\/files\/2018\/07\/Res-46.2017-Cocepe.pdf\">Aprova a redu\u00e7\u00e3o de vagas, para ingresso no curso de Odontologia e Gest\u00e3o Ambiental para 2018\/1<\/a><\/p>\n<p>47.17 &#8211;\u00a0<a href=\"https:\/\/wp.ufpel.edu.br\/scs\/files\/2018\/01\/Resolu\u00e7\u00e3o-47-de-2017.pdf\">Estabelece normas para o exerc\u00edcio do Est\u00e1gio de Doc\u00eancia Orientada<\/a><\/p>\n","protected":false},"excerpt":{"rendered":"<p>01.17 &#8211; \u00a0Aprova Calend\u00e1rio Acad\u00eamico 2016\/2 para os 7\u00ba e 8\u00ba semestres do Curso de Medicina. 02.17 &#8211;\u00a0Aprova o Calend\u00e1rio Acad\u00eamico da Universidade Federal de Pelotas para o ano de 2017. 03.17 &#8211;\u00a0Revoga as Resolu\u00e7\u00f5es n\u00ba 06\/2002\u00a0e n\u00ba 35\/2016. 04.17 &#8211; \u00a0Altera artigo 4\u00ba da Resolu\u00e7\u00e3o n\u00ba 22\/2016. 05.17 &#8211;\u00a0Disp\u00f5e sobre a abertura de vagas [&hellip;]<\/p>\n","protected":false},"author":29,"featured_media":0,"parent":196,"menu_order":0,"comment_status":"closed","ping_status":"closed","template":"","meta":{"footnotes":""},"class_list":["post-2867","page","type-page","status-publish","hentry"],"_links":{"self":[{"href":"https:\/\/wp.ufpel.edu.br\/scs\/wp-json\/wp\/v2\/pages\/2867","targetHints":{"allow":["GET"]}}],"collection":[{"href":"https:\/\/wp.ufpel.edu.br\/scs\/wp-json\/wp\/v2\/pages"}],"about":[{"href":"https:\/\/wp.ufpel.edu.br\/scs\/wp-json\/wp\/v2\/types\/page"}],"author":[{"embeddable":true,"href":"https:\/\/wp.ufpel.edu.br\/scs\/wp-json\/wp\/v2\/users\/29"}],"replies":[{"embeddable":true,"href":"https:\/\/wp.ufpel.edu.br\/scs\/wp-json\/wp\/v2\/comments?post=2867"}],"version-history":[{"count":4,"href":"https:\/\/wp.ufpel.edu.br\/scs\/wp-json\/wp\/v2\/pages\/2867\/revisions"}],"predecessor-version":[{"id":10545,"href":"https:\/\/wp.ufpel.edu.br\/scs\/wp-json\/wp\/v2\/pages\/2867\/revisions\/10545"}],"up":[{"embeddable":true,"href":"https:\/\/wp.ufpel.edu.br\/scs\/wp-json\/wp\/v2\/pages\/196"}],"wp:attachment":[{"href":"https:\/\/wp.ufpel.edu.br\/scs\/wp-json\/wp\/v2\/media?parent=2867"}],"curies":[{"name":"wp","href":"https:\/\/api.w.org\/{rel}","templated":true}]}}