{"id":2330,"date":"2016-01-28T11:27:01","date_gmt":"2016-01-28T13:27:01","guid":{"rendered":"https:\/\/wp.ufpel.edu.br\/scs\/?page_id=2330"},"modified":"2024-07-22T11:45:36","modified_gmt":"2024-07-22T14:45:36","slug":"2016-2","status":"publish","type":"page","link":"https:\/\/wp.ufpel.edu.br\/scs\/cocepe\/resolucoes\/2016-2\/","title":{"rendered":"2016"},"content":{"rendered":"<p>01\/2016 &#8211; <a href=\"https:\/\/wp.ufpel.edu.br\/scs\/files\/2016\/01\/Resolu\u00e7\u00e3o-01.2016.pdf\" target=\"_blank\" rel=\"noopener\">Define per\u00edodo de ajustes de oferta de Disciplinas 2016\/1<\/a><\/p>\n<p>02\/2016 &#8211; <a href=\"https:\/\/wp.ufpel.edu.br\/scs\/files\/2016\/01\/Resolu\u00e7\u00e3o-02.2016.pdf\">Aprova o Calend\u00e1rio Acad\u00eamico 2016\/1 e 2016\/2 para o Curso de Odontologia<\/a><\/p>\n<p>03\/2016 &#8211;\u00a0<a href=\"https:\/\/wp.ufpel.edu.br\/scs\/files\/2016\/01\/Resolu\u00e7\u00e3o-03.2016.pdf\">Aprova Regulamento do Colegiado do Curso de Engenharia de Controle e Automa\u00e7\u00e3o\/CEng.<\/a><\/p>\n<p>04\/2016 &#8211;\u00a0<a href=\"https:\/\/wp.ufpel.edu.br\/scs\/files\/2016\/01\/Resolu\u00e7\u00e3o-04.2016.pdf\">Estabelece as normas e procedimentos para contrata\u00e7\u00e3o de professores substitutos na UFPel.<\/a><\/p>\n<p>05\/2016 &#8211;\u00a0<a href=\"https:\/\/wp.ufpel.edu.br\/scs\/files\/2016\/03\/Resolu\u00e7\u00e3o-COCEPE-052016.pdf\" target=\"_blank\" rel=\"noopener\">Disp\u00f5e sobre os crit\u00e9rios e procedimentos de sele\u00e7\u00e3o de ingresso em cursos de gradua\u00e7\u00e3o da UFPEL nas modalidades reop\u00e7\u00e3o, reingresso, transfer\u00eancia e portador de diploma de ensino superior.<\/a><\/p>\n<p>06\/2016 &#8211;\u00a0<a href=\"https:\/\/wp.ufpel.edu.br\/scs\/files\/2016\/03\/Resolu\u00e7\u00e3o-COCEPE-062016.pdf\" target=\"_blank\" rel=\"noopener\">Disp\u00f5e sobre o Regulamento da curriculariza\u00e7\u00e3o das atividades de extens\u00e3o em cursos de Gradua\u00e7\u00e3o da Universidade Federal de Pelotas &#8211; UFPEL, e d\u00e1 outras provid\u00eancias.<\/a><\/p>\n<p>07\/2016 &#8211;\u00a0<a href=\"https:\/\/wp.ufpel.edu.br\/scs\/files\/2016\/01\/RES.-072016-REg.-PPG-Computa\u00e7\u00e3o.pdf\">Disp\u00f5e sobre o Regimento do Programa de P\u00f3s-Gradua\u00e7\u00e3o em Computa\u00e7\u00e3o.<\/a><\/p>\n<p>08\/2016 &#8211;\u00a0<a href=\"https:\/\/wp.ufpel.edu.br\/scs\/files\/2016\/01\/RES.082016-Reg-PPG-Letras.pdf\">Disp\u00f5e sobre o Regimento da P\u00f3s-Gradua\u00e7\u00e3o em Letras do CLC.<\/a><\/p>\n<p>09\/2016 &#8211;\u00a0<a href=\"https:\/\/wp.ufpel.edu.br\/scs\/files\/2016\/01\/RES.092016-Aux.-Pr\u00e9-Escolar.pdf\">Altera os Cap\u00edtulos I, II, VIII e X da Resolu\u00e7\u00e3o n\u00b0 09\/2015, no que se referente \u00e0 faixa et\u00e1ria dos dependentes legais e o valor do benef\u00edcio do Programa de Aux\u00edlio Pr\u00e9-Escolar da UFPel.<\/a><\/p>\n<p>10\/2016 &#8211;\u00a0<a href=\"https:\/\/wp.ufpel.edu.br\/scs\/files\/2016\/01\/RES.102016-Apoio-Pedag\u00f3gico.pdf\">Aprova a Regulamenta\u00e7\u00e3o do Programa Apoio Pedag\u00f3gico. <\/a>(Alterada pela Resolu\u00e7\u00e3o n\u00ba 75\/2024)<\/p>\n<p>11\/2016 &#8211;\u00a0<a href=\"https:\/\/wp.ufpel.edu.br\/scs\/files\/2016\/01\/Resolu\u00e7\u00e3o-11.2016.pdf\">Disp\u00f5e sobre formaliza\u00e7\u00e3o da oferta de vagas para os cursos presenciais \u2013 2016\/2.<\/a><\/p>\n<p>12\/2016 &#8211;\u00a0<a href=\"https:\/\/wp.ufpel.edu.br\/scs\/files\/2016\/01\/Resolu\u00e7\u00e3o-12.2016.pdf\">Altera Art. 28, da Se\u00e7\u00e3o VII da Resolu\u00e7\u00e3o n\u00ba 04\/2016, que normatiza contrata\u00e7\u00e3o de Professor Substituto. <\/a><\/p>\n<p>13\/2016 &#8211;\u00a0<a href=\"https:\/\/wp.ufpel.edu.br\/scs\/files\/2016\/01\/Resolu\u00e7\u00e3o-13.2016.pdf\">Alterar a modalidade do Programa de P\u00f3s-Gradua\u00e7\u00e3o em Filosofia, acrescentando o n\u00edvel de Mestrado; alterar Art. 41, letra T; Art. 43 e \u00a7 2\u00ba, Art. 44.<\/a><\/p>\n<p>14\/2016\u00a0&#8211;\u00a0 <a href=\"https:\/\/wp.ufpel.edu.br\/scs\/files\/2016\/01\/Res.-14.2016-COCEPE.pdf\">Altera Calend\u00e1rio\u00a0Acad\u00eamico em julho<\/a><\/p>\n<p>15\/2016 \u00a0&#8211; <a href=\"https:\/\/wp.ufpel.edu.br\/scs\/files\/2016\/01\/Resolu\u00e7\u00e3o-15.2016.pdf\">Cria Programa de Bolsa de Apoio Institucional para perman\u00eancia de estudantes Quilombolas e Ind\u00edgenas na UFPel.<\/a><\/p>\n<p>16\/2016 &#8211;\u00a0<a href=\"https:\/\/wp.ufpel.edu.br\/scs\/files\/2016\/01\/Resolu\u00e7\u00e3o-16.2016.pdf\">Disp\u00f5e sobre novas regras para Trancamento Geral de Matr\u00edcula.<\/a><\/p>\n<p>17\/2016 &#8211; <a href=\"https:\/\/wp.ufpel.edu.br\/scs\/files\/2016\/01\/Resolu\u00e7\u00e3o-17.2016.pdf\">Altera Calend\u00e1rio Acad\u00eamico<\/a><\/p>\n<p>18\/2016 &#8211;\u00a0<a href=\"https:\/\/wp.ufpel.edu.br\/scs\/files\/2016\/01\/Res-COCEPE-18.2016.pdf\">Aprova a destina\u00e7\u00e3o de vagas para o Curso de Licenciatura em Filosofia &#8211; Modalidade EAD.<\/a><\/p>\n<p>19\/2016 &#8211;\u00a0<a href=\"https:\/\/wp.ufpel.edu.br\/scs\/files\/2016\/01\/RES.-192016-Normas-para-ingresso-na-Classe-A-_1_.pdf\">Estabelece as normas e procedimentos para o ingresso na Classe A da carreira do Magist\u00e9rio Superior na Universidade Federal de Pelotas.<\/a><\/p>\n<p>20\/2016 &#8211;\u00a0<a href=\"https:\/\/wp.ufpel.edu.br\/scs\/files\/2016\/08\/RES.-202016-Procedimentos-e-crit\u00e9rios-para-realiza\u00e7\u00e3o-das-provas-para-ingresso-na-Classe-A-_1_.pdf\">Estabelece os procedimentos e crit\u00e9rios para realiza\u00e7\u00e3o das provas para ingresso na Classe A da Carreira do Magist\u00e9rio Superior na Universidade Federal de Pelotas.<\/a><\/p>\n<p>21\/2016 &#8211;\u00a0<a href=\"https:\/\/wp.ufpel.edu.br\/scs\/files\/2016\/01\/Resolu\u00e7\u00e3o-21.2016.pdf\">Aprova a Matriz de Aloca\u00e7\u00e3o de Vagas Docentes na UFPel.<\/a> (<a href=\"https:\/\/wp.ufpel.edu.br\/scs\/files\/2016\/01\/Matriz-18-08.xlsx\">Anexo<\/a>)<\/p>\n<p>22\/2016 &#8211;\u00a0<a href=\"https:\/\/wp.ufpel.edu.br\/scs\/files\/2016\/01\/Resolu\u00e7\u00e3o-22.2016.pdf\">Disp\u00f5e sobre a aplica\u00e7\u00e3o da Matriz de Aloca\u00e7\u00e3o de Vagas Docentes em 2016 e estabelece procedimento para aloca\u00e7\u00e3o de vagas de vac\u00e2ncia at\u00e9 a pr\u00f3xima aplica\u00e7\u00e3o da Matriz.<\/a><\/p>\n<p>23\/2016 &#8211;\u00a0<a href=\"https:\/\/wp.ufpel.edu.br\/scs\/files\/2016\/01\/Resolu\u00e7\u00e3o-23.2016.pdf\">Revoga Resolu\u00e7\u00e3o n\u00ba 29, de 23 de outubro de 2014<\/a><\/p>\n<p>24\/2016 &#8211;\u00a0<a href=\"https:\/\/wp.ufpel.edu.br\/scs\/files\/2016\/01\/Resolu\u00e7\u00e3o-24.2016.pdf\">Revoga a Resolu\u00e7\u00e3o n\u00ba 05, de 11 de fevereiro de 2016 e estabelece novos crit\u00e9rios e procedimentos de sele\u00e7\u00e3o de ingresso em cursos de gradua\u00e7\u00e3o da UFPEL nas modalidades reop\u00e7\u00e3o, reingresso, transfer\u00eancia e portador de diploma de ensino superior.<\/a>\u00a0(Alterada pelas\u00a0 Resolu\u00e7\u00f5es n\u00ba 07 e 16 de 21 de setembro de 2021)<\/p>\n<p>25\/2016 &#8211;\u00a0<a href=\"https:\/\/wp.ufpel.edu.br\/scs\/files\/2016\/01\/Res-COCEPE-25.2016.pdf\">Aprova o Regimento do Curso de Geoprocessamento.<\/a><\/p>\n<p>26\/2016 &#8211;\u00a0<a href=\"https:\/\/wp.ufpel.edu.br\/scs\/files\/2016\/01\/Res.-26.2016-COCEPE.pdf\">Aprova o desmembramento do Departamento de Enfermagem da FE.<\/a><\/p>\n<p>27\/2016 &#8211;\u00a0<a href=\"https:\/\/wp.ufpel.edu.br\/scs\/files\/2016\/01\/Res-COCEPE-272016.pdf\">Aprova a destina\u00e7\u00e3o de duas (02) vagas para o Processo Seletivo Espec\u00edfico paras Estudantes Surdos no Curso de Administra\u00e7\u00e3o &#8211; Vespertino.<\/a><\/p>\n<p>28\/2016 &#8211;\u00a0<a href=\"https:\/\/wp.ufpel.edu.br\/scs\/files\/2016\/01\/Resolu\u00e7\u00e3o-28.2016.pdf\">Revoga as Resolu\u00e7\u00f5es n\u00ba 44\/2015, n\u00ba 02\/2016 e n\u00ba 18\/2016, suspendendo os respectivos calend\u00e1rios acad\u00eamicos.<\/a><\/p>\n<p>29\/2016 &#8211;\u00a0<a href=\"https:\/\/wp.ufpel.edu.br\/scs\/files\/2016\/01\/Res.-29.2016-COCEPE.pdf\">Disp\u00f5e sobre formaliza\u00e7\u00e3o da oferta de vagas para os cursos presenciais &#8211; 2017.<\/a><\/p>\n<p>30\/2016 &#8211;\u00a0<a href=\"https:\/\/wp.ufpel.edu.br\/scs\/files\/2016\/01\/Res-COCEPE-30.2016.pdf\">Disp\u00f5e sobre a redu\u00e7\u00e3o tempor\u00e1ria das vagas do curso de Teatro.<\/a><\/p>\n<p>31\/2016 &#8211;\u00a0<a href=\"https:\/\/wp.ufpel.edu.br\/scs\/files\/2016\/01\/Res-COCEPE-31.2016.pdf\">Disp\u00f5e sobre a redu\u00e7\u00e3o tempor\u00e1ria das vagas do curso de Dan\u00e7a.<\/a><\/p>\n<p>32\/2016 &#8211;\u00a0<a href=\"https:\/\/wp.ufpel.edu.br\/scs\/files\/2016\/01\/Res-COCEPE-32.2016.pdf\">Disp\u00f5e sobre a redu\u00e7\u00e3o tempor\u00e1ria das vagas do curso de Odontologia.<\/a><\/p>\n<p>33\/2016 &#8211;\u00a0<a href=\"https:\/\/wp.ufpel.edu.br\/scs\/files\/2016\/01\/Res-COCEPE-33.2016.pdf\">Disp\u00f5e sobre a abertura de vagas\u00a0espec\u00edficas em curso de gradua\u00e7\u00e3o da UFPel (Estudantes ind\u00edgenas e\u00a0quilombolas).<\/a><\/p>\n<p>34\/2016 &#8211;\u00a0<a href=\"https:\/\/wp.ufpel.edu.br\/scs\/files\/2016\/01\/Res-COCEPE-34.2016.pdf\">Altera o art. 10 da Resolu\u00e7\u00e3o COCEPE n\u00ba 04\/2016.<\/a><\/p>\n<p>35\/2016 &#8211;\u00a0<a href=\"https:\/\/wp.ufpel.edu.br\/scs\/files\/2016\/01\/Res-COCEPE-35.2016.pdf\">Aprova o Regulamento Interno do Conselho dos Representantes das Empresas Juniores da UFPel &#8211; CREJ\/PREC.<\/a><\/p>\n<p>36\/2016 &#8211;\u00a0<a href=\"https:\/\/wp.ufpel.edu.br\/scs\/files\/2016\/01\/Res-COCEPE-36.2016.pdf\">Aprova a destina\u00e7\u00e3o de vagas para os Cursos de Licenciatura em Filosofia, Espanhol e Matem\u00e1tica &#8211; Modalidade EAD.<\/a><\/p>\n<p>37\/2016 &#8211;\u00a0<a href=\"https:\/\/wp.ufpel.edu.br\/scs\/files\/2016\/01\/Res-COCEPE-37.2016.pdf\">Aprova o Regimento Geral dos Laborat\u00f3rios de Ensino, de Pesquisa e de Extens\u00e3o da UFPel.<\/a><\/p>\n<p>38\/2016 &#8211; <a href=\"https:\/\/wp.ufpel.edu.br\/scs\/files\/2016\/01\/Res-COCEPE-38.2016.pdf\">Calend\u00e1rio Acad\u00eamico 2016\/2<\/a><\/p>\n<p>&nbsp;<\/p>\n","protected":false},"excerpt":{"rendered":"<p>01\/2016 &#8211; Define per\u00edodo de ajustes de oferta de Disciplinas 2016\/1 02\/2016 &#8211; Aprova o Calend\u00e1rio Acad\u00eamico 2016\/1 e 2016\/2 para o Curso de Odontologia 03\/2016 &#8211;\u00a0Aprova Regulamento do Colegiado do Curso de Engenharia de Controle e Automa\u00e7\u00e3o\/CEng. 04\/2016 &#8211;\u00a0Estabelece as normas e procedimentos para contrata\u00e7\u00e3o de professores substitutos na UFPel. 05\/2016 &#8211;\u00a0Disp\u00f5e sobre os [&hellip;]<\/p>\n","protected":false},"author":29,"featured_media":0,"parent":196,"menu_order":0,"comment_status":"closed","ping_status":"closed","template":"","meta":{"footnotes":""},"class_list":["post-2330","page","type-page","status-publish","hentry"],"_links":{"self":[{"href":"https:\/\/wp.ufpel.edu.br\/scs\/wp-json\/wp\/v2\/pages\/2330","targetHints":{"allow":["GET"]}}],"collection":[{"href":"https:\/\/wp.ufpel.edu.br\/scs\/wp-json\/wp\/v2\/pages"}],"about":[{"href":"https:\/\/wp.ufpel.edu.br\/scs\/wp-json\/wp\/v2\/types\/page"}],"author":[{"embeddable":true,"href":"https:\/\/wp.ufpel.edu.br\/scs\/wp-json\/wp\/v2\/users\/29"}],"replies":[{"embeddable":true,"href":"https:\/\/wp.ufpel.edu.br\/scs\/wp-json\/wp\/v2\/comments?post=2330"}],"version-history":[{"count":33,"href":"https:\/\/wp.ufpel.edu.br\/scs\/wp-json\/wp\/v2\/pages\/2330\/revisions"}],"predecessor-version":[{"id":9261,"href":"https:\/\/wp.ufpel.edu.br\/scs\/wp-json\/wp\/v2\/pages\/2330\/revisions\/9261"}],"up":[{"embeddable":true,"href":"https:\/\/wp.ufpel.edu.br\/scs\/wp-json\/wp\/v2\/pages\/196"}],"wp:attachment":[{"href":"https:\/\/wp.ufpel.edu.br\/scs\/wp-json\/wp\/v2\/media?parent=2330"}],"curies":[{"name":"wp","href":"https:\/\/api.w.org\/{rel}","templated":true}]}}