{"id":2097,"date":"2015-03-05T14:09:02","date_gmt":"2015-03-05T17:09:02","guid":{"rendered":"https:\/\/wp.ufpel.edu.br\/scs\/?page_id=2097"},"modified":"2026-03-04T09:37:00","modified_gmt":"2026-03-04T12:37:00","slug":"2015-2","status":"publish","type":"page","link":"https:\/\/wp.ufpel.edu.br\/scs\/cocepe\/resolucoes\/2015-2\/","title":{"rendered":"2015"},"content":{"rendered":"<p>01\/2015 &#8211;\u00a0<a title=\"Resolu\u00e7\u00e3o COCEPE 01\/2015\" href=\"https:\/\/wp.ufpel.edu.br\/scs\/files\/2015\/03\/Resolu\u00e7\u00e3o-01.2015.pdf\" target=\"_blank\" rel=\"noopener noreferrer\">Disp\u00f5e sobre isen\u00e7\u00e3o de taxas de inscri\u00e7\u00e3o em processo seletivo de aluno especial em programas de P\u00f3s-Gradua\u00e7\u00e3o aos servidores da UFPel.<\/a><\/p>\n<p>02\/2015 &#8211;\u00a0<a title=\"Resolu\u00e7\u00e3o COCEPE 02\/2015\" href=\"https:\/\/wp.ufpel.edu.br\/scs\/files\/2015\/03\/Resolu\u00e7\u00e3o-02.2015.pdf\" target=\"_blank\" rel=\"noopener noreferrer\">Disp\u00f5e sobre Programa de Moradia Estudantil da UFPel.<\/a><\/p>\n<p>03\/2015 &#8211;\u00a0<a title=\"Resolu\u00e7\u00e3o COCEPE 03\/2015\" href=\"https:\/\/wp.ufpel.edu.br\/scs\/files\/2015\/03\/Resolu\u00e7\u00e3o-03.2015.pdf\" target=\"_blank\" rel=\"noopener noreferrer\">Disp\u00f5e sobre Programa de Aux\u00edlio Moradia da UFPel.<\/a><\/p>\n<p>04\/2015 &#8211;\u00a0<a title=\"Resolu\u00e7\u00e3o COCEPE 04\/2015\" href=\"https:\/\/wp.ufpel.edu.br\/scs\/files\/2015\/03\/Resolu\u00e7\u00e3o-04.2015.pdf\" target=\"_blank\" rel=\"noopener noreferrer\">Disp\u00f5e sobre Programa de Alojamento Provis\u00f3rio da UFPel.<\/a><\/p>\n<p>05\/2015 &#8211;\u00a0<a title=\"Resolu\u00e7\u00e3o COCEPE 05\/2015\" href=\"https:\/\/wp.ufpel.edu.br\/scs\/files\/2015\/03\/Resolu\u00e7\u00e3o-05.2015.pdf\" target=\"_blank\" rel=\"noopener noreferrer\">Disp\u00f5e sobre Programa de Aux\u00edlio Alimenta\u00e7\u00e3o da UFPel.<\/a><\/p>\n<p>06\/2015 &#8211;\u00a0<a title=\"Resolu\u00e7\u00e3o COCEPE 06\/2015\" href=\"https:\/\/wp.ufpel.edu.br\/scs\/files\/2015\/03\/Resolu\u00e7\u00e3o-06.2015.pdf\" target=\"_blank\" rel=\"noopener noreferrer\">Disp\u00f5e sobre Programa de Aux\u00edlio Transporte da UFPel.<\/a><\/p>\n<p>07\/2015 &#8211;\u00a0<a title=\"Resolu\u00e7\u00e3o COCEPE 07\/2015\" href=\"https:\/\/wp.ufpel.edu.br\/scs\/files\/2015\/03\/Resolu\u00e7\u00e3o-07.2015.pdf\" target=\"_blank\" rel=\"noopener noreferrer\">Disp\u00f5e sobre Programa de Aux\u00edlio Deslocamento da UFPel.<\/a><\/p>\n<p>08\/2015 &#8211;\u00a0<a title=\"Resolu\u00e7\u00e3o COCEPE 08\/2015\" href=\"https:\/\/wp.ufpel.edu.br\/scs\/files\/2015\/03\/Resolu\u00e7\u00e3o-08.2015.pdf\" target=\"_blank\" rel=\"noopener noreferrer\">Disp\u00f5e sobre Programa de Aux\u00edlio Instrumental Odontol\u00f3gico da UFPel.<\/a><\/p>\n<p>09\/2015 &#8211;\u00a0<a title=\"Resolu\u00e7\u00e3o COCEPE 09\/2015\" href=\"https:\/\/wp.ufpel.edu.br\/scs\/files\/2015\/03\/Resolu\u00e7\u00e3o-09.2015.pdf\" target=\"_blank\" rel=\"noopener noreferrer\">Disp\u00f5e sobre Programa de Aux\u00edlio Pr\u00e9-Escolar da UFPel.<\/a><\/p>\n<p>10\/2015 &#8211;\u00a0<a href=\"https:\/\/wp.ufpel.edu.br\/scs\/files\/2015\/03\/Resolu\u00e7\u00e3o-10.2015.pdf\">Disp\u00f5e sobre o Regulamento Geral dos Programas e Projetos de Ensino, Pesquisa e Extens\u00e3o na Universidade Federal de Pelotas &#8211; UFPEL, e d\u00e1 outras provid\u00eancias.<\/a><\/p>\n<p>11\/2015 &#8211;\u00a0<a title=\"Resolu\u00e7\u00e3o COCEPE 11\/2015\" href=\"https:\/\/wp.ufpel.edu.br\/scs\/files\/2015\/03\/Resolu\u00e7\u00e3o-11.2015.pdf\" target=\"_blank\" rel=\"noopener noreferrer\">Disp\u00f5e sobre Reconhecimento de Diplomas de P\u00f3s-Gradua\u00e7\u00e3o expedidos por Institui\u00e7\u00f5es Estrangeiras de Ensino Superior na UFPel.<\/a><\/p>\n<p>12\/2015 &#8211; <a title=\"Resolu\u00e7\u00e3o COCEPE 12\/2015\" href=\"https:\/\/wp.ufpel.edu.br\/scs\/files\/2015\/03\/Resolu\u00e7\u00e3o-12.2015.pdf\" target=\"_blank\" rel=\"noopener noreferrer\">Disp\u00f5e sobre o Regimento Interno do Programa Institucional de Bolsas de Inicia\u00e7\u00e3o \u00e0 Doc\u00eancia &#8211; PIBID\/UFPel<\/a><\/p>\n<p>13\/2015 &#8211; <a title=\"Resolu\u00e7\u00e3o COCEPE 13\/2015\" href=\"https:\/\/wp.ufpel.edu.br\/scs\/files\/2015\/03\/Resolu\u00e7\u00e3o-13.2015.pdf\" target=\"_blank\" rel=\"noopener noreferrer\">Disp\u00f5e sobre o Programa de Aux\u00edlio Eventos<\/a><\/p>\n<p>14\/2015 &#8211; <a href=\"https:\/\/wp.ufpel.edu.br\/scs\/files\/2014\/03\/Resolu\u00e7\u00e3o-COCEPE-142015.pdf\">Disp\u00f5e sobre o Programa de Apoio aos Peri\u00f3dicos da Universidade Federal de Pelotas.<\/a><\/p>\n<p>15\/2015 &#8211;\u00a0<a href=\"https:\/\/wp.ufpel.edu.br\/scs\/files\/2015\/03\/Resolu\u00e7\u00e3o-15.2015.pdf\" target=\"_blank\" rel=\"noopener noreferrer\">Disp\u00f5e sobre a abertura de vagas espec\u00edficas em curso de gradua\u00e7\u00e3o da UFPel (Estudantes ind\u00edgenas e quilombolas).<\/a><\/p>\n<p>16\/2015 &#8211;\u00a0<a href=\"https:\/\/wp.ufpel.edu.br\/scs\/files\/2015\/03\/Resolu\u00e7\u00e3o-16.2015.pdf\">Aprova o Regimento do Programa de P\u00f3s-Gradua\u00e7\u00e3o em Ci\u00eancia e Engenharia de Materiais.<\/a><\/p>\n<p>17\/2015 &#8211; <a href=\"https:\/\/wp.ufpel.edu.br\/scs\/files\/2014\/03\/Resolu\u00e7\u00e3o-COCEPE-172015.pdf\">Altera o Calend\u00e1rio Acad\u00eamico 2015 da UFPel<\/a><\/p>\n<p>18\/2015 &#8211; <a href=\"https:\/\/wp.ufpel.edu.br\/scs\/files\/2015\/03\/Resolu\u00e7\u00e3o-18.2015.pdf\" target=\"_blank\" rel=\"noopener noreferrer\">Aprova o Regimento do Programa de P\u00f3s-Gradua\u00e7\u00e3o em Antropologia<\/a><\/p>\n<p>19\/2015 &#8211; <a href=\"https:\/\/wp.ufpel.edu.br\/scs\/files\/2015\/03\/Resolu\u00e7\u00e3o-19.2015.pdf\" target=\"_blank\" rel=\"noopener noreferrer\">Aprova o Regimento do Programa de Mestrado Acad\u00eamico em Organiza\u00e7\u00f5es e Mercados<\/a><\/p>\n<p>20\/2015 &#8211; <a href=\"https:\/\/wp.ufpel.edu.br\/scs\/files\/2015\/03\/Resolu\u00e7\u00e3o-20.2015.pdf\" target=\"_blank\" rel=\"noopener noreferrer\">Aprova a Matriz de Aloca\u00e7\u00e3o de Vagas Docentes na UFPel<\/a><\/p>\n<p>21\/2015 &#8211; <a href=\"https:\/\/wp.ufpel.edu.br\/scs\/files\/2015\/03\/Resolu\u00e7\u00e3o-21.2015.pdf\" target=\"_blank\" rel=\"noopener noreferrer\">Disp\u00f5e sobre a aplica\u00e7\u00e3o da Matriz de Aloca\u00e7\u00e3o de Vagas Docentes em 2015 e estabelece procedimento para aloca\u00e7\u00e3o de vagas de vac\u00e2ncia at\u00e9 a pr\u00f3xima aplica\u00e7\u00e3o da Matriz.<\/a><\/p>\n<p>22\/2015 &#8211; <a href=\"https:\/\/wp.ufpel.edu.br\/scs\/files\/2015\/03\/Resolu\u00e7\u00e3o-22.2015.pdf\" target=\"_blank\" rel=\"noopener noreferrer\">Altera os crit\u00e9rios para concess\u00e3o de Dedica\u00e7\u00e3o Exclusiva &#8211; DE<\/a><\/p>\n<p>23\/2015 &#8211; <a href=\"https:\/\/wp.ufpel.edu.br\/scs\/files\/2015\/03\/Resolu\u00e7\u00e3o-23.2015.pdf\" target=\"_blank\" rel=\"noopener noreferrer\">Estabelece os crit\u00e9rios para aloca\u00e7\u00e3o de Professores Substitutos nas Unidades para o afastamento de Docentes para qualifica\u00e7\u00e3o<\/a><\/p>\n<p>24\/2015 &#8211; <a href=\"https:\/\/wp.ufpel.edu.br\/scs\/files\/2015\/03\/Resolu\u00e7\u00e3o-COCEPE-242015.pdf\" target=\"_blank\" rel=\"noopener noreferrer\">D\u00e1 nova reda\u00e7\u00e3o ao \u00a7 2\u00ba do Artigo n\u00ba 11, da Resolu\u00e7\u00e3o n\u00ba 14\/2010.<\/a><\/p>\n<p>25\/2015 &#8211; <a href=\"https:\/\/wp.ufpel.edu.br\/scs\/files\/2015\/03\/Resolu\u00e7\u00e3o-25.2015.pdf\">Aprova o Regimento Interno do Programa de Pesquisa e P\u00f3s-Gradua\u00e7\u00e3o em Nutri\u00e7\u00e3o e Alimentos <\/a><span style=\"font-size: 10pt;\"><em><strong>(Revogada pelo PN 147\/2026)<\/strong><\/em><\/span><\/p>\n<p>26\/2015 &#8211; <a href=\"https:\/\/wp.ufpel.edu.br\/scs\/files\/2015\/03\/Resolu\u00e7\u00e3o-COCEPE-262015.pdf\">Aprova a altera\u00e7\u00e3o no Regimento Interno do Programa de P\u00f3s-Gradua\u00e7\u00e3o em Odontologia<\/a><\/p>\n<p>27\/2015 &#8211;\u00a0<a href=\"https:\/\/wp.ufpel.edu.br\/scs\/files\/2015\/03\/Resolu\u00e7\u00e3o-27.2015.pdf\">Aprova o Regimento do Programa de Pesquisa e P\u00f3s-Gradua\u00e7\u00e3o em Filosofia &#8211; Doutorado<\/a><\/p>\n<p>28\/2015 &#8211;\u00a0<a href=\"https:\/\/wp.ufpel.edu.br\/scs\/files\/2015\/03\/Resolu\u00e7\u00e3o-28.2015.pdf\">Aprova o Regimento do Programa de Pesquisa e P\u00f3s-Gradua\u00e7\u00e3o em Bioqu\u00edmica e Bioprospec\u00e7\u00e3o &#8211; Doutorado<\/a><\/p>\n<p>29\/2015 &#8211;\u00a0<a href=\"https:\/\/wp.ufpel.edu.br\/scs\/files\/2015\/03\/Resolu\u00e7\u00e3o-29.2015.pdf\">Aprova o Regimento do Programa de Pesquisa e P\u00f3s-Gradua\u00e7\u00e3o em Biologia Animal &#8211; Mestrado<\/a><\/p>\n<p>30\/2015 &#8211;\u00a0<a href=\"https:\/\/wp.ufpel.edu.br\/scs\/files\/2015\/03\/Resolu\u00e7\u00e3o-30.2015.pdf\">Aprova o Regimento Interno do Curso de Engenharia Industrial Madeireira<\/a><\/p>\n<p>31\/2015 &#8211; <a href=\"https:\/\/wp.ufpel.edu.br\/scs\/files\/2015\/03\/Resolu\u00e7\u00e3o-31.2015.pdf\" target=\"_blank\" rel=\"noopener noreferrer\">Aprova o Regimento do Curso de Qu\u00edmica Industrial<\/a><\/p>\n<p>32\/2015 &#8211; <a href=\"https:\/\/wp.ufpel.edu.br\/scs\/files\/2015\/03\/Resolu\u00e7\u00e3o-32.2015.pdf\">Define o Calend\u00e1rio Acad\u00eamico para ingressantes 2015\/2<\/a><\/p>\n<p>33\/2015 &#8211; <a href=\"https:\/\/wp.ufpel.edu.br\/scs\/files\/2015\/03\/Resolu\u00e7\u00e3o-33.2015.pdf\">Aprova solicita\u00e7\u00f5es de altera\u00e7\u00e3o no\u00a0Calend\u00e1rio Acad\u00eamico para ingressantes 2015\/2<\/a><\/p>\n<p>34\/2015 &#8211; <a href=\"https:\/\/wp.ufpel.edu.br\/scs\/files\/2015\/03\/Resolu\u00e7\u00e3o-34.2015.pdf\">Aprova o Calend\u00e1rio Acad\u00eamico do curso de Odontologia<\/a><\/p>\n<p>35\/2015 &#8211; <a href=\"https:\/\/wp.ufpel.edu.br\/scs\/files\/2015\/03\/Resolu\u00e7\u00e3o-COCEPE-352015.pdf\" target=\"_blank\" rel=\"noopener noreferrer\">Define a oferta de vagas para as Comunidades Quilombolas e Ind\u00edgenas, para o semestre 2016\/1<\/a><\/p>\n<p>36\/2015 &#8211;\u00a0Aprova o Regimento Interno do Curso de Engenharia Agr\u00edcola.<\/p>\n<p>37\/2015 &#8211;\u00a0Aprova o Regimento do Curso de Engenharia Ambiental e Sanit\u00e1ria.<\/p>\n<p>38\/2015 &#8211; Anulada<\/p>\n<p>39\/2015 &#8211; Anulada<\/p>\n<p>40\/2015 &#8211; <a href=\"https:\/\/wp.ufpel.edu.br\/scs\/files\/2015\/03\/Resolu\u00e7\u00e3o-40.2015.pdf\" target=\"_blank\" rel=\"noopener noreferrer\">Regulamenta e normatiza o afastamento de alunos de cursos de Gradua\u00e7\u00e3o para participar de Programas de Mobilidade Acad\u00eamica em institui\u00e7\u00f5es estrangeiras<\/a><\/p>\n<p>41\/2015 &#8211; <a href=\"https:\/\/wp.ufpel.edu.br\/scs\/files\/2015\/03\/Resolu\u00e7\u00e3o-41.2015.pdf\" target=\"_blank\" rel=\"noopener noreferrer\">Regulamenta a presta\u00e7\u00e3o de servi\u00e7os acad\u00eamicos volunt\u00e1rios na Universidade Federal de Pelotas (Revogada pela Res. 32\/2019)<\/a><\/p>\n<p>42\/2015 &#8211; <a href=\"https:\/\/wp.ufpel.edu.br\/scs\/files\/2015\/03\/Resolu\u00e7\u00e3o-42.2015.pdf\" target=\"_blank\" rel=\"noopener noreferrer\">Altera os artigos 14 e 19 da Resolu\u00e7\u00e3o n\u00ba 12\/2015, que trata do Regimento Interno do Programa Institucional de Bolsas de Inicia\u00e7\u00e3o \u00e0 Doc\u00eancia &#8211; PIBID\/UFPel<\/a><\/p>\n<p>43\/2015 &#8211; <a href=\"https:\/\/wp.ufpel.edu.br\/scs\/files\/2015\/03\/Resolu\u00e7\u00e3o-43.2015.pdf\" target=\"_blank\" rel=\"noopener noreferrer\">Aprova o Regimento do Colegiado do Curso de Engenharia Eletr\u00f4nica<\/a><\/p>\n<p>44\/2015 &#8211; <a href=\"https:\/\/wp.ufpel.edu.br\/scs\/files\/2015\/03\/Resolu\u00e7\u00e3o-44.2015.pdf\" target=\"_blank\" rel=\"noopener noreferrer\">Aprova o Calend\u00e1rio Acad\u00eamico da Universidade Federal de Pelotas para o ano de 2016<\/a><\/p>\n<p>45\/2015 &#8211; <a href=\"https:\/\/wp.ufpel.edu.br\/scs\/files\/2015\/03\/Resolu\u00e7\u00e3o-45.2015.pdf\" target=\"_blank\" rel=\"noopener noreferrer\">Disp\u00f5e sobre formaliza\u00e7\u00e3o da oferta de vagas para os cursos presenciais &#8211; 2016<\/a><\/p>\n<p>46\/2015 &#8211; <a href=\"https:\/\/wp.ufpel.edu.br\/scs\/files\/2015\/03\/Resolu\u00e7\u00e3o-46.2015.pdf\" target=\"_blank\" rel=\"noopener noreferrer\">Estabelece normas para a participa\u00e7\u00e3o de docentes em Regime de Dedica\u00e7\u00e3o Exclusiva &#8211; DE, em atividades espor\u00e1dicas, remuneradas ou n\u00e3o, em assuntos de suas respectivas especialidades.<\/a><\/p>\n","protected":false},"excerpt":{"rendered":"<p>01\/2015 &#8211;\u00a0Disp\u00f5e sobre isen\u00e7\u00e3o de taxas de inscri\u00e7\u00e3o em processo seletivo de aluno especial em programas de P\u00f3s-Gradua\u00e7\u00e3o aos servidores da UFPel. 02\/2015 &#8211;\u00a0Disp\u00f5e sobre Programa de Moradia Estudantil da UFPel. 03\/2015 &#8211;\u00a0Disp\u00f5e sobre Programa de Aux\u00edlio Moradia da UFPel. 04\/2015 &#8211;\u00a0Disp\u00f5e sobre Programa de Alojamento Provis\u00f3rio da UFPel. 05\/2015 &#8211;\u00a0Disp\u00f5e sobre Programa de Aux\u00edlio [&hellip;]<\/p>\n","protected":false},"author":29,"featured_media":0,"parent":196,"menu_order":1,"comment_status":"closed","ping_status":"closed","template":"","meta":{"footnotes":""},"class_list":["post-2097","page","type-page","status-publish","hentry"],"_links":{"self":[{"href":"https:\/\/wp.ufpel.edu.br\/scs\/wp-json\/wp\/v2\/pages\/2097","targetHints":{"allow":["GET"]}}],"collection":[{"href":"https:\/\/wp.ufpel.edu.br\/scs\/wp-json\/wp\/v2\/pages"}],"about":[{"href":"https:\/\/wp.ufpel.edu.br\/scs\/wp-json\/wp\/v2\/types\/page"}],"author":[{"embeddable":true,"href":"https:\/\/wp.ufpel.edu.br\/scs\/wp-json\/wp\/v2\/users\/29"}],"replies":[{"embeddable":true,"href":"https:\/\/wp.ufpel.edu.br\/scs\/wp-json\/wp\/v2\/comments?post=2097"}],"version-history":[{"count":4,"href":"https:\/\/wp.ufpel.edu.br\/scs\/wp-json\/wp\/v2\/pages\/2097\/revisions"}],"predecessor-version":[{"id":10502,"href":"https:\/\/wp.ufpel.edu.br\/scs\/wp-json\/wp\/v2\/pages\/2097\/revisions\/10502"}],"up":[{"embeddable":true,"href":"https:\/\/wp.ufpel.edu.br\/scs\/wp-json\/wp\/v2\/pages\/196"}],"wp:attachment":[{"href":"https:\/\/wp.ufpel.edu.br\/scs\/wp-json\/wp\/v2\/media?parent=2097"}],"curies":[{"name":"wp","href":"https:\/\/api.w.org\/{rel}","templated":true}]}}