{"id":194,"date":"2010-08-04T23:29:43","date_gmt":"2010-08-05T01:29:43","guid":{"rendered":"https:\/\/wp.ufpel.edu.br\/scs\/"},"modified":"2021-12-06T17:02:16","modified_gmt":"2021-12-06T20:02:16","slug":"cocepe","status":"publish","type":"page","link":"https:\/\/wp.ufpel.edu.br\/scs\/cocepe\/","title":{"rendered":"COCEPE"},"content":{"rendered":"<p><strong>O Conselho Coordenador do Ensino da Pesquisa e da Extens\u00e3o \u2013 COCEPE \u00e9 o \u00f3rg\u00e3o central de supervis\u00e3o do ensino, da pesquisa e extens\u00e3o, com fun\u00e7\u00f5es consultiva, normativa e deliberativa.<\/strong><\/p>\n<p>Das decis\u00f5es do COCEPE caber\u00e1 recurso ao Conselho Universit\u00e1rio (CONSUN) com fundamento exclusivo em argui\u00e7\u00e3o de ilegalidade.<\/p>\n<p><strong>\u00a0<\/strong><\/p>\n<p><span style=\"background-color: #99ccff\"><strong>SOBRE RECURSOS AO COCEPE:<\/strong><\/span><\/p>\n<p>Ao COCEPE poder\u00e3o ser interpostos recursos a decis\u00f5es definitivas de inst\u00e2ncias inferiores, desde que juntados os <u>pareceres dessas inst\u00e2ncias<\/u>.<\/p>\n<p>Caber\u00e1 pedido de reconsidera\u00e7\u00e3o das decis\u00f5es do COCEPE quando se tratar de decis\u00e3o de compet\u00eancia original do pr\u00f3prio COCEPE, desde que assomado FATO NOVO.<\/p>\n<p>Sendo o<strong> COCEPE inst\u00e2ncia recursal de assuntos acad\u00eamicos,<\/strong> os alunos devem tentar resolver suas demandas com o Colegiado\/Programa ou Unidade do seu Curso. Tendo algum pedido indeferido podem recorrer ao COCEPE.<\/p>\n<p><u>Documentos para abertura de RECURSO ACAD\u00caMICO:<\/u><\/p>\n<p>1 \u2013 Recurso (N\u00e3o existe modelo espec\u00edfico);<\/p>\n<p>2 \u2013 C\u00f3pia da Solicita\u00e7\u00e3o feita ao Colegiado\/Programa\/Dire\u00e7\u00e3o;<\/p>\n<p>3 \u2013 C\u00f3pia da resposta indeferindo o pedido;<\/p>\n<p>4 \u2013 Demais comprovantes que julgar necess\u00e1rio.<\/p>\n<p><strong>\u00a0<\/strong><strong>\u00a0<\/strong><\/p>\n<p><span style=\"background-color: #99ccff\"><strong>SOBRE REUNI\u00d5ES DO COCEPE:<\/strong><\/span><\/p>\n<p>O COCEPE se reunir\u00e1, por convoca\u00e7\u00e3o de seu Presidente, mensalmente em sess\u00e3o ordin\u00e1ria e extraordinariamente sempre que necess\u00e1rio. As sess\u00f5es tamb\u00e9m podem ser convocadas por 2\/3 da totalidade dos membros do COCEPE, mediante peti\u00e7\u00e3o fundamentada e devidamente assinada, dirigida \u00e0 Presid\u00eancia do Conselho.<\/p>\n<p>Segundo o Art. 33. do Regimento do COCEPE: As sess\u00f5es do Conselho s\u00e3o ordinariamente privativas dos conselheiros.<\/p>\n<p><strong>\u00a0<\/strong><\/p>\n<p><span style=\"background-color: #99ccff\"><strong>SOBRE ATRIBUI\u00c7\u00d5ES DO COCEPE:<\/strong><\/span><\/p>\n<p><strong>S\u00e3o algumas Atribui\u00e7\u00f5es do COCEPE, conforme o Regimento da UFPel e do COCEPE:<\/strong><\/p>\n<ul>\n<li>Coordenar as atividades acad\u00eamicas;<\/li>\n<li>Elaborar seu Regimento, submetendo-o ao Conselho Universit\u00e1rio;<\/li>\n<li>Opinar em mat\u00e9ria de sua compet\u00eancia sobre os casos omissos no Regimento do COCEPE;<\/li>\n<li>Tra\u00e7ar e definir as diretrizes gerais e prioridades da pol\u00edtica de ensino e pesquisa da Universidade, nos termos do Estatuto e deste Regimento;<\/li>\n<li>Decidir, em grau consultivo, as quest\u00f5es suscitadas pelos \u00f3rg\u00e3os inferiores do ensino e da pesquisa;<\/li>\n<li>Pronunciar-se sobre a distribui\u00e7\u00e3o dos cargos de magist\u00e9rio superior a ser feita por atos de lota\u00e7\u00e3o baixados pelo Reitor<\/li>\n<li>Indicar seus representantes no Conselho Universit\u00e1rio;<\/li>\n<li>Promover a articula\u00e7\u00e3o entre unidades, departamentos, \u00f3rg\u00e3os suplementares, de segundo grau e institui\u00e7\u00f5es agregadas;<\/li>\n<li>Aprovar e rever os curr\u00edculos de todos os cursos;<\/li>\n<li>Aprovar e supervisionar a execu\u00e7\u00e3o dos programas, projetos e planos de ensino, pesquisa, p\u00f3s-gradua\u00e7\u00e3o e extens\u00e3o da Universidade, submetendo-os \u00e0 avalia\u00e7\u00e3o;<\/li>\n<li>Analisar a situa\u00e7\u00e3o das disciplinas cujas m\u00e9dias de reprova\u00e7\u00e3o sejam superiores a 20% (vinte por cento), podendo, se julgar conveniente, tomar as provid\u00eancias necess\u00e1rias \u00e0 corre\u00e7\u00e3o do fato;<\/li>\n<li>Estabelecer normas e deliberar em grau de recurso sobre a utiliza\u00e7\u00e3o e distribui\u00e7\u00e3o dos equipamentos e instala\u00e7\u00f5es pertencentes \u00e0 Universidade;<\/li>\n<li>Apreciar e julgar os casos previstos nos Arts. 232 (referente \u00e0 programas de provas de Concursos) e 234 (referente \u00e0 inscri\u00e7\u00f5es de candidatos em concursos) do Regimento Geral da UFPel<\/li>\n<li>Aprovar, quanto ao m\u00e9rito e impacto acad\u00eamico, a cria\u00e7\u00e3o, desativa\u00e7\u00e3o tempor\u00e1ria ou a extin\u00e7\u00e3o de cursos de gradua\u00e7\u00e3o e p\u00f3s-gradua\u00e7\u00e3o, apreciadas justificativas dos respectivos proponentes ou colegiados, com posterior encaminhamento ao CONSUN.<\/li>\n<\/ul>\n<p><strong>\u00a0<\/strong><\/p>\n<p><span style=\"background-color: #99ccff\"><strong>SOBRE AS COMISS\u00d5ES DO COCEPE:<\/strong><\/span><\/p>\n<ul>\n<li><strong>Far\u00e3o parte do COCEPE as seguintes Comiss\u00f5es Permanentes:<\/strong><\/li>\n<\/ul>\n<ol>\n<li>Comiss\u00e3o de Gradua\u00e7\u00e3o;<\/li>\n<li>Comiss\u00e3o de Pesquisa e P\u00f3s-Gradua\u00e7\u00e3o;<\/li>\n<li>Comiss\u00e3o de Extens\u00e3o.<\/li>\n<\/ol>\n<ul>\n<li><strong>O COCEPE constituir\u00e1 Comiss\u00f5es Especiais sempre que for necess\u00e1rio.<\/strong><\/li>\n<li><strong>O COCEPE, quando necess\u00e1rio e a seu crit\u00e9rio, poder\u00e1 requerer assessoria dos demais \u00f3rg\u00e3os da Universidade<\/strong>.<\/li>\n<\/ul>\n<p>&nbsp;<\/p>\n<p><span style=\"background-color: #ccffcc\"><strong>Compete especificamente \u00e0 Comiss\u00e3o de Gradua\u00e7\u00e3o (CG):<\/strong><\/span><\/p>\n<p>I. emitir parecer sobre Projetos Pedag\u00f3gicos dos cursos de gradua\u00e7\u00e3o e encaminh\u00e1-los ao Pleno do COCEPE, para aprova\u00e7\u00e3o;<br \/>\nII. apreciar os pedidos de quebra de pr\u00e9-requisitos por coordena\u00e7\u00f5es ou por discentes de cursos de gradua\u00e7\u00e3o;<br \/>\nIII. apreciar assuntos referentes aos registros acad\u00eamicos;<br \/>\nIV. apreciar solicita\u00e7\u00f5es de regime concentrado;<br \/>\nV. apreciar solicita\u00e7\u00f5es de reop\u00e7\u00e3o, reingresso, transfer\u00eancia e ingresso como portador de t\u00edtulo em cursos de gradua\u00e7\u00e3o;<br \/>\nVI. autorizar cancelamento de disciplinas em cursos de gradua\u00e7\u00e3o;<br \/>\nVII. manifestar-se sobre oferta de vagas discentes em cursos de gradua\u00e7\u00e3o;<br \/>\nVIII. manifestar-se sobre a revalida\u00e7\u00e3o de diplomas e certificados de gradua\u00e7\u00e3o obtidos no estrangeiro;<br \/>\nIX. mediar conflitos no \u00e2mbito do ensino de gradua\u00e7\u00e3o;<br \/>\nX. orientar a reorganiza\u00e7\u00e3o, modifica\u00e7\u00e3o e redimensionamento de cursos de gradua\u00e7\u00e3o, a partir de justificativas no seu \u00e2mbito de compet\u00eancia, com posterior encaminhamento ao Pleno COCEPE;<br \/>\nXI. orientar o estabelecimento de normas e diretrizes sobre a organiza\u00e7\u00e3o e o funcionamento dos cursos de gradua\u00e7\u00e3o, de natureza regular ou especial;<br \/>\nXII. manifestar-se sobre a cria\u00e7\u00e3o, desativa\u00e7\u00e3o tempor\u00e1ria e extin\u00e7\u00e3o de cursos de gradua\u00e7\u00e3o, com posterior encaminhamento ao COCEPE.<\/p>\n<p>&nbsp;<\/p>\n<p><span style=\"background-color: #ccffcc\"><strong>Compete especificamente \u00e0 Comiss\u00e3o de Pesquisa e P\u00f3s-Gradua\u00e7\u00e3o<\/strong><strong> (CPPG):<\/strong><\/span><\/p>\n<p>I. emitir parecer sobre Projetos Pedag\u00f3gicos dos cursos de p\u00f3s-gradua\u00e7\u00e3o e Aplicativos de Propostas de Cursos Novos (APCNs) e encaminh\u00e1-los ao Pleno do COCEPE, para aprecia\u00e7\u00e3o;<br \/>\nII. apreciar, assuntos referentes aos registros acad\u00eamicos em cursos de P\u00f3s-Gradua\u00e7\u00e3o;<br \/>\nIII. manifestar-se sobre oferta de vagas para discentes em cursos de p\u00f3s-gradua\u00e7\u00e3o;<br \/>\nIV. manifestar-se sobre a revalida\u00e7\u00e3o de diplomas e certificados de p\u00f3s-gradua\u00e7\u00e3o obtidos no estrangeiro;<br \/>\nV. apreciar solicita\u00e7\u00f5es de regime especial;<br \/>\nVI. autorizar cancelamento de disciplinas em cursos de p\u00f3s-gradua\u00e7\u00e3o;<br \/>\nVII. apreciar solicita\u00e7\u00f5es de reingresso e transfer\u00eancia;<br \/>\nVIII. mediar conflitos no \u00e2mbito do ensino de p\u00f3s-gradua\u00e7\u00e3o;<br \/>\nIX. orientar a reorganiza\u00e7\u00e3o, modifica\u00e7\u00e3o e redimensionamento de cursos de p\u00f3sgradua\u00e7\u00e3o, a partir de justificativas no seu \u00e2mbito de compet\u00eancia, com posterior encaminhamento ao COCEPE; sobre a cria\u00e7\u00e3o, desativa\u00e7\u00e3o tempor\u00e1ria e extin\u00e7\u00e3o de cursos de p\u00f3s-gradua\u00e7\u00e3o, com posterior encaminhamento ao COCEPE.<\/p>\n<p>&nbsp;<\/p>\n<p><span style=\"background-color: #ccffcc\"><strong>Compete especificamente \u00e0 Comiss\u00e3o de Extens\u00e3o (CE):<\/strong><\/span><\/p>\n<p>I. opinar e acompanhar a implementa\u00e7\u00e3o da Pol\u00edtica de Extens\u00e3o e Cultura da UFPel;<br \/>\nII. orientar o estabelecimento de normas e diretrizes sobre a organiza\u00e7\u00e3o e o funcionamento dos programas, projetos, a\u00e7\u00f5es, cursos e atividades de extens\u00e3o;<br \/>\nIII. analisar a\u00e7\u00f5es de extens\u00e3o que contribuam para as pol\u00edticas de assist\u00eancia estudantil e de a\u00e7\u00f5es afirmativas;<br \/>\nIV. exercer quaisquer outras atividades de extens\u00e3o pertinentes \u00e0 supervis\u00e3o e coordena\u00e7\u00e3o.<\/p>\n<p>&nbsp;<\/p>\n<p><span style=\"background-color: #99ccff\"><strong>SAIBA MAIS SOBRE O COCEPE:<\/strong><\/span><\/p>\n<p>Regimento Geral da UFPel (<a href=\"https:\/\/wp.ufpel.edu.br\/scs\/regimento\/\">https:\/\/wp.ufpel.edu.br\/scs\/regimento\/<\/a>) &#8211; <em>Art.20 ao Art.40<\/em><\/p>\n<p><em>Regimento do COCEPE (<a href=\"https:\/\/wp.ufpel.edu.br\/scs\/regimento-cocepe\/\">https:\/\/wp.ufpel.edu.br\/scs\/regimento-cocepe\/<\/a>)<\/em><\/p>\n","protected":false},"excerpt":{"rendered":"<p>O Conselho Coordenador do Ensino da Pesquisa e da Extens\u00e3o \u2013 COCEPE \u00e9 o \u00f3rg\u00e3o central de supervis\u00e3o do ensino, da pesquisa e extens\u00e3o, com fun\u00e7\u00f5es consultiva, normativa e deliberativa. Das decis\u00f5es do COCEPE caber\u00e1 recurso ao Conselho Universit\u00e1rio (CONSUN) com fundamento exclusivo em argui\u00e7\u00e3o de ilegalidade. \u00a0 SOBRE RECURSOS AO COCEPE: Ao COCEPE poder\u00e3o [&hellip;]<\/p>\n","protected":false},"author":29,"featured_media":0,"parent":0,"menu_order":0,"comment_status":"closed","ping_status":"closed","template":"","meta":{"footnotes":""},"class_list":["post-194","page","type-page","status-publish","hentry"],"_links":{"self":[{"href":"https:\/\/wp.ufpel.edu.br\/scs\/wp-json\/wp\/v2\/pages\/194","targetHints":{"allow":["GET"]}}],"collection":[{"href":"https:\/\/wp.ufpel.edu.br\/scs\/wp-json\/wp\/v2\/pages"}],"about":[{"href":"https:\/\/wp.ufpel.edu.br\/scs\/wp-json\/wp\/v2\/types\/page"}],"author":[{"embeddable":true,"href":"https:\/\/wp.ufpel.edu.br\/scs\/wp-json\/wp\/v2\/users\/29"}],"replies":[{"embeddable":true,"href":"https:\/\/wp.ufpel.edu.br\/scs\/wp-json\/wp\/v2\/comments?post=194"}],"version-history":[{"count":14,"href":"https:\/\/wp.ufpel.edu.br\/scs\/wp-json\/wp\/v2\/pages\/194\/revisions"}],"predecessor-version":[{"id":7080,"href":"https:\/\/wp.ufpel.edu.br\/scs\/wp-json\/wp\/v2\/pages\/194\/revisions\/7080"}],"wp:attachment":[{"href":"https:\/\/wp.ufpel.edu.br\/scs\/wp-json\/wp\/v2\/media?parent=194"}],"curies":[{"name":"wp","href":"https:\/\/api.w.org\/{rel}","templated":true}]}}