{"id":1765,"date":"2014-07-07T16:29:46","date_gmt":"2014-07-07T19:29:46","guid":{"rendered":"https:\/\/wp.ufpel.edu.br\/scs\/?page_id=1765"},"modified":"2021-01-29T15:17:12","modified_gmt":"2021-01-29T18:17:12","slug":"resolucoes","status":"publish","type":"page","link":"https:\/\/wp.ufpel.edu.br\/scs\/condir\/resolucoes\/","title":{"rendered":"Resolu\u00e7\u00f5es"},"content":{"rendered":"<p><span style=\"font-size: 14pt\"><strong>2014<\/strong><\/span><\/p>\n<p>01\/2014 &#8211; <a title=\"Resolu\u00e7\u00e3o CONDIR 01\/2014\" href=\"https:\/\/wp.ufpel.edu.br\/scs\/files\/2014\/07\/Resolu\u00e7\u00e3o-CONDIR-012014.pdf\" target=\"_blank\" rel=\"noopener noreferrer\">Aprova o Regimento Interno da Unidade de Auditoria Interna da UFPel<\/a><\/p>\n<p>02\/2014 &#8211; <a title=\"Resolu\u00e7\u00e3o CONDIR 02\/2014\" href=\"https:\/\/wp.ufpel.edu.br\/scs\/files\/2014\/07\/Resolu\u00e7\u00e3o-CONDIR-022014.pdf\" target=\"_blank\" rel=\"noopener noreferrer\">Aceita a doa\u00e7\u00e3o do Pr\u00e9dio do Grande Hotel<\/a><\/p>\n<p>&nbsp;<\/p>\n<p><span style=\"font-size: 14pt\"><strong>2021<\/strong><\/span><\/p>\n<p>01\/2021 &#8211; <a href=\"https:\/\/wp.ufpel.edu.br\/scs\/files\/2021\/01\/Res.-01.2021-CONDIR.pdf\">Aprova ad referendum a nomea\u00e7\u00e3o da Auditora Chefe da Unidade de Auditoria Interna da UFPel.<\/a><\/p>\n<p>&nbsp;<\/p>\n<p>&nbsp;<\/p>\n<p>&nbsp;<\/p>\n","protected":false},"excerpt":{"rendered":"<p>2014 01\/2014 &#8211; Aprova o Regimento Interno da Unidade de Auditoria Interna da UFPel 02\/2014 &#8211; Aceita a doa\u00e7\u00e3o do Pr\u00e9dio do Grande Hotel &nbsp; 2021 01\/2021 &#8211; Aprova ad referendum a nomea\u00e7\u00e3o da Auditora Chefe da Unidade de Auditoria Interna da UFPel. &nbsp; &nbsp; &nbsp;<\/p>\n","protected":false},"author":29,"featured_media":0,"parent":664,"menu_order":0,"comment_status":"closed","ping_status":"closed","template":"","meta":{"footnotes":""},"class_list":["post-1765","page","type-page","status-publish","hentry"],"_links":{"self":[{"href":"https:\/\/wp.ufpel.edu.br\/scs\/wp-json\/wp\/v2\/pages\/1765","targetHints":{"allow":["GET"]}}],"collection":[{"href":"https:\/\/wp.ufpel.edu.br\/scs\/wp-json\/wp\/v2\/pages"}],"about":[{"href":"https:\/\/wp.ufpel.edu.br\/scs\/wp-json\/wp\/v2\/types\/page"}],"author":[{"embeddable":true,"href":"https:\/\/wp.ufpel.edu.br\/scs\/wp-json\/wp\/v2\/users\/29"}],"replies":[{"embeddable":true,"href":"https:\/\/wp.ufpel.edu.br\/scs\/wp-json\/wp\/v2\/comments?post=1765"}],"version-history":[{"count":5,"href":"https:\/\/wp.ufpel.edu.br\/scs\/wp-json\/wp\/v2\/pages\/1765\/revisions"}],"predecessor-version":[{"id":6217,"href":"https:\/\/wp.ufpel.edu.br\/scs\/wp-json\/wp\/v2\/pages\/1765\/revisions\/6217"}],"up":[{"embeddable":true,"href":"https:\/\/wp.ufpel.edu.br\/scs\/wp-json\/wp\/v2\/pages\/664"}],"wp:attachment":[{"href":"https:\/\/wp.ufpel.edu.br\/scs\/wp-json\/wp\/v2\/media?parent=1765"}],"curies":[{"name":"wp","href":"https:\/\/api.w.org\/{rel}","templated":true}]}}