{"id":1645,"date":"2014-03-28T14:42:41","date_gmt":"2014-03-28T17:42:41","guid":{"rendered":"https:\/\/wp.ufpel.edu.br\/scs\/?page_id=1645"},"modified":"2016-12-16T18:06:01","modified_gmt":"2016-12-16T20:06:01","slug":"2014-2","status":"publish","type":"page","link":"https:\/\/wp.ufpel.edu.br\/scs\/cocepe\/resolucoes\/2014-2\/","title":{"rendered":"2014"},"content":{"rendered":"<p>01\/2014 &#8211;\u00a0<a title=\"Resolu\u00e7\u00e3o COCEPE 012014\" href=\"https:\/\/wp.ufpel.edu.br\/scs\/files\/2014\/03\/Res-012014.pdf\" target=\"_blank\">Flexibiliza as atividades acad\u00eamicas, at\u00e9 o final do semestre 2013\/02, na Universidade Federal de Pelotas &#8211; UFPel<\/a><\/p>\n<p>02\/2014 &#8211;\u00a0<a title=\"Resolu\u00e7\u00e3o COCEPE 022014\" href=\"https:\/\/wp.ufpel.edu.br\/scs\/files\/2014\/03\/Res-022014.pdf\" target=\"_blank\">Normatiza os crit\u00e9rios para concess\u00e3o de Dedica\u00e7\u00e3o Exclusiva &#8211; DE, na Universidade Federal de Pelotas &#8211; UFPel<\/a><\/p>\n<p>03\/2014 &#8211;\u00a0<a title=\"Resolu\u00e7\u00e3o COCEPE 032014\" href=\"https:\/\/wp.ufpel.edu.br\/scs\/files\/2014\/03\/Res-032014.pdf\" target=\"_blank\">Estabelece as normas e procedimentos para o ingresso na Classe A da carreira do Magist\u00e9rio Superior na Universidade Federal de Pelotas.<\/a><\/p>\n<p>04\/2014 &#8211;\u00a0<a title=\"Resolu\u00e7\u00e3o COCEPE 04\/2014\" href=\"https:\/\/wp.ufpel.edu.br\/scs\/files\/2014\/03\/Res-042014.pdf\" target=\"_blank\">Estabelece os procedimentos e crit\u00e9rios para realiza\u00e7\u00e3o das provas para ingresso na Classe A da Carreira do Magist\u00e9rio Superior na Universidade Federal de Pelotas.<\/a><\/p>\n<p>05\/2014 &#8211; <a title=\"Resolu\u00e7\u00e3o COCEPE 05\/2014\" href=\"https:\/\/wp.ufpel.edu.br\/scs\/files\/2014\/03\/Res-052014.pdf\" target=\"_blank\">Cria o Programa de Bolsas Acad\u00eamicas (PBA) da Universidade Federal de Pelotas<\/a><\/p>\n<p>06\/2014 &#8211;\u00a0<a title=\"Resolu\u00e7\u00e3o COCEPE 06\/2014\" href=\"https:\/\/wp.ufpel.edu.br\/scs\/files\/2014\/03\/Res-062014.pdf\" target=\"_blank\">Aprova o Regimento Interno do PPG em Computa\u00e7\u00e3o<\/a><\/p>\n<p>07\/2014 &#8211;\u00a0<a title=\"Resolu\u00e7\u00e3o COCEPE 07\/2014\" href=\"https:\/\/wp.ufpel.edu.br\/scs\/files\/2014\/03\/Res-072014.pdf\" target=\"_blank\">Aprova o Regimento do Curso de Mestrado em Educa\u00e7\u00e3o F\u00edsica<\/a><\/p>\n<p>08\/2014 &#8211;\u00a0<a title=\"Resolu\u00e7\u00e3o COCEPE 08\/2014\" href=\"https:\/\/wp.ufpel.edu.br\/scs\/files\/2014\/03\/Res-082014.pdf\" target=\"_blank\">Aprova o Regimento da Comiss\u00e3o de Avalia\u00e7\u00e3o de Carga Hor\u00e1ria Livre e Atividades Complementares \u2013 Curso Eng. Ambiental e Sanit\u00e1ria do CEng<\/a><\/p>\n<p>09\/2014 &#8211;\u00a0Aprova Regimento do PPG em Cl\u00ednica Odontol\u00f3gica da FO<\/p>\n<p>10\/2014 &#8211;\u00a0<a title=\"Resolu\u00e7\u00e3o COCEPE 10\/2014\" href=\"https:\/\/wp.ufpel.edu.br\/scs\/files\/2014\/03\/Res-102014.pdf\" target=\"_blank\">Disp\u00f5e sobre a valida\u00e7\u00e3o do exame TOEFL-ITP como atividade complementar nos cursos de gradua\u00e7\u00e3o<\/a><\/p>\n<p>11\/2014 &#8211;\u00a0<a title=\"Resolu\u00e7\u00e3o COCEPE 11\/2014\" href=\"https:\/\/wp.ufpel.edu.br\/scs\/files\/2010\/08\/Res-1120142.pdf\" target=\"_blank\">Aprova os Anexos I e II da Resolu\u00e7\u00e3o 13\/2014 do Conselho Universit\u00e1rio<\/a><\/p>\n<p>12\/2014 &#8211; <a title=\"Resolu\u00e7\u00e3o COCEPE 12\/2014\" href=\"https:\/\/wp.ufpel.edu.br\/scs\/files\/2014\/03\/Res-122014.pdf\" target=\"_blank\">Aprova o Regimento Interno do PPG em Ci\u00eancia dos Alimentos<\/a><\/p>\n<p>13\/2014 &#8211; <a title=\"Resolu\u00e7\u00e3o COCEPE 13\/2014\" href=\"https:\/\/wp.ufpel.edu.br\/scs\/files\/2010\/08\/Res-132014.pdf\" target=\"_blank\">Disp\u00f5e sobre o abono de faltas aos discentes que participarem dos Semin\u00e1rios da Constituinte Universit\u00e1ria.<\/a><\/p>\n<p>14\/2014 &#8211; <a title=\"Resolu\u00e7\u00e3o COCEPE 14\/2014\" href=\"https:\/\/wp.ufpel.edu.br\/scs\/files\/2014\/03\/Res-1420141.pdf\" target=\"_blank\">Altera artigos das Resolu\u00e7\u00f5es COCEPE 03\/2005 e 14\/2010<\/a><\/p>\n<p>15\/2014 &#8211; <a title=\"Resolu\u00e7\u00e3o COCEPE 15\/2014\" href=\"https:\/\/wp.ufpel.edu.br\/scs\/files\/2014\/03\/Resolu\u00e7\u00e3o-15.2014.pdf\" target=\"_blank\">Normatiza crit\u00e9rios de avalia\u00e7\u00e3o do Memorial Acad\u00eamico para Promo\u00e7\u00e3o para a Classe E (Professor Titular) do Plano de Carreira do Magist\u00e9rio Superior e do Ensino B\u00e1sico, T\u00e9cnico e Tecnol\u00f3gico<\/a><\/p>\n<p>16\/2014 &#8211; <a title=\"Resolu\u00e7\u00e3o COCEPE 16\/2014\" href=\"https:\/\/wp.ufpel.edu.br\/scs\/files\/2014\/03\/Resolu\u00e7\u00e3o-16.2014.pdf\" target=\"_blank\">Disp\u00f5e sobre a Matriz de Aloca\u00e7\u00e3o de Vagas Docentes<\/a><\/p>\n<p>17\/2014 &#8211;\u00a0<a title=\"Resolu\u00e7\u00e3o COCEPE 17\/2014\" href=\"https:\/\/wp.ufpel.edu.br\/scs\/files\/2014\/03\/Resolu\u00e7\u00e3o-17.2014.pdf\" target=\"_blank\">Disp\u00f5e sobre os procedimentos para aloca\u00e7\u00e3o de vagas oriundas da matriz e de reposi\u00e7\u00e3o de vac\u00e2ncias e constitui a Comiss\u00e3o de Aloca\u00e7\u00e3o de Vagas Docentes.<\/a><\/p>\n<p>18\/2014 &#8211;\u00a0<a title=\"Resolu\u00e7\u00e3o COCEPE 18\/2014\" href=\"https:\/\/wp.ufpel.edu.br\/scs\/files\/2014\/03\/Resolu\u00e7\u00e3o-18.2014.pdf\" target=\"_blank\">Atualiza as Normas e Procedimentos para o Ingresso na Classe A da Carreira do Magist\u00e9rio Superior na Universidade Federal de Pelotas<strong>.<\/strong><\/a><\/p>\n<p>19\/2014 &#8211;\u00a0<a title=\"Resolu\u00e7\u00e3o COCEPE 19\/2014\" href=\"https:\/\/wp.ufpel.edu.br\/scs\/files\/2014\/03\/Resolu\u00e7\u00e3o-19.2014.pdf\" target=\"_blank\">Inclui artigo na Resolu\u00e7\u00e3o n\u00ba 06\/2013 do COCEPE.<\/a><\/p>\n<p>20\/2014 &#8211; <a title=\"Resolu\u00e7\u00e3o COCEPE 20\/2014\" href=\"https:\/\/wp.ufpel.edu.br\/scs\/files\/2014\/03\/Resolu\u00e7\u00e3o-20.2014.pdf\" target=\"_blank\">Autoriza a suspens\u00e3o das aulas para realiza\u00e7\u00e3o da Semana Acad\u00eamica do Curso de Agronomia<\/a><\/p>\n<p>21\/2014 &#8211; <a href=\"https:\/\/wp.ufpel.edu.br\/scs\/files\/2014\/03\/Res-212014.pdf\">Aprova o Regimento Interno da Comiss\u00e3o das Licenciaturas da UFPel<\/a><\/p>\n<p>22\/2014 &#8211;\u00a0<a title=\"Resolu\u00e7\u00e3o COCEPE 22\/2014\" href=\"https:\/\/wp.ufpel.edu.br\/scs\/files\/2014\/03\/Resolu\u00e7\u00e3o-22.2014.pdf\" target=\"_blank\">Aprova o Regimento Interno da Comiss\u00e3o das Tecnologias\u00a0da UFPel<\/a><\/p>\n<p>23\/2014 &#8211;\u00a0<a title=\"Resolu\u00e7\u00e3o COCEPE 23\/2014\" href=\"https:\/\/wp.ufpel.edu.br\/scs\/files\/2014\/03\/Resolu\u00e7\u00e3o-23.2014.pdf\" target=\"_blank\">Aprova o Regimento Interno da Comiss\u00e3o dos Bacharelados da UFPel<\/a><\/p>\n<p>24\/2014 &#8211; <a title=\"Resolu\u00e7\u00e3o COCEPE 24\/2014\" href=\"https:\/\/wp.ufpel.edu.br\/scs\/files\/2014\/03\/Resolu\u00e7\u00e3o-24.2014.pdf\" target=\"_blank\">Aprova o Regimento da P\u00f3s-Gradua\u00e7\u00e3o em Veterin\u00e1ria<\/a><\/p>\n<p>25\/2014 &#8211; <a title=\"Resolu\u00e7\u00e3o COCEPE 25\/2014\" href=\"https:\/\/wp.ufpel.edu.br\/scs\/files\/2014\/03\/Resolu\u00e7\u00e3o-25.2014.pdf\" target=\"_blank\">Autoriza o abono de faltas de alunos que participarem de Assembleias da Categoria.<\/a><\/p>\n<p>26\/2014 &#8211; <a title=\"Resolu\u00e7\u00e3o COCEPE 26\/2014\" href=\"https:\/\/wp.ufpel.edu.br\/scs\/files\/2014\/03\/Resolu\u00e7\u00e3o-26.2014.pdf\" target=\"_blank\">Aprova o Calend\u00e1rio Acad\u00eamico da UFPel para 2015<\/a><\/p>\n<p>27\/2014 &#8211; <a title=\"Resolu\u00e7\u00e3o COCEPE 27\/2014\" href=\"https:\/\/wp.ufpel.edu.br\/scs\/files\/2014\/03\/Resolu\u00e7\u00e3o-27.2014.pdf\" target=\"_blank\">Aprova o Regimento do Programa de P\u00f3s-Gradua\u00e7\u00e3o em Epidemiologia.<\/a><\/p>\n<p>28\/2014 &#8211; <a title=\"Resolu\u00e7\u00e3o 28\/2014\" href=\"https:\/\/wp.ufpel.edu.br\/scs\/files\/2014\/03\/Res-282014.pdf\" target=\"_blank\">Altera a Resolu\u00e7\u00e3o n\u00ba 11\/2003<\/a>\u00a0&#8211; Mobilidade Acad\u00eamica<\/p>\n<p>29\/2014 &#8211; <a title=\"Resolu\u00e7\u00e3o COCEPE 29\/2014\" href=\"https:\/\/wp.ufpel.edu.br\/scs\/files\/2014\/03\/Resolu\u00e7\u00e3o-29.2014.pdf\" target=\"_blank\">Aprova a defini\u00e7\u00e3o de \u00e1reas comuns e \u00e1reas afins para os casos de transfer\u00eancia de alunos entre universidades<\/a><\/p>\n<p>30\/2014 &#8211; <a title=\"Resolu\u00e7\u00e3o COCEPE 30\/2014\" href=\"https:\/\/wp.ufpel.edu.br\/scs\/files\/2014\/03\/RES-302014.pdf\" target=\"_blank\">Disp\u00f5e sobre\u00a0atividades acad\u00eamicas durante o per\u00edodo de greve dos transportes urbanos<\/a><\/p>\n<p>31\/2014 \u2013<a title=\"Resolu\u00e7\u00e3o COCEPE 31\/2014\" href=\"https:\/\/wp.ufpel.edu.br\/scs\/files\/2014\/03\/Resolu\u00e7\u00e3o-31.2014.pdf\" target=\"_blank\"> Disp\u00f5e sobre formaliza\u00e7\u00e3o de oferta de vagas para cursos presenciais \u2013 2015<\/a><\/p>\n<p>32\/2014 &#8211; <a href=\"https:\/\/wp.ufpel.edu.br\/scs\/files\/2014\/03\/Res-322014.pdf\">Revoga a Resolu\u00e7\u00e3o n\u00ba 30\/2014<\/a><\/p>\n<p>33\/2014 &#8211; <a title=\"Resolu\u00e7\u00e3o COCEPE 33\/2014\" href=\"https:\/\/wp.ufpel.edu.br\/scs\/files\/2014\/03\/Resolu\u00e7\u00e3o-33.2014.pdf\" target=\"_blank\">Regulamenta a tramita\u00e7\u00e3o de propostas que tenham por finalidade estabelecer conven\u00e7\u00e3o de cotutela entre a UFPel e institui\u00e7\u00f5es de ensino superior estrangeiras e d\u00e1 outras provid\u00eancias.<\/a><\/p>\n<p>34\/2014 &#8211; <a href=\"https:\/\/wp.ufpel.edu.br\/scs\/files\/2014\/03\/Resolu\u00e7\u00e3o-34.2014.pdf\">Aprova o Regimento Interno do Programa de P\u00f3s-Gradua\u00e7\u00e3o em Ensino de Ci\u00eancias e Matem\u00e1tica &#8211; Mestrado Profissional.<\/a><\/p>\n<p>35\/2014 &#8211;\u00a0<a href=\"https:\/\/wp.ufpel.edu.br\/scs\/files\/2014\/03\/Resolu\u00e7\u00e3o-35.2014.pdf\">Aprova o Regimento do Programa de P\u00f3s-Gradua\u00e7\u00e3o em Sociologia.<\/a><\/p>\n","protected":false},"excerpt":{"rendered":"<p>01\/2014 &#8211;\u00a0Flexibiliza as atividades acad\u00eamicas, at\u00e9 o final do semestre 2013\/02, na Universidade Federal de Pelotas &#8211; UFPel 02\/2014 &#8211;\u00a0Normatiza os crit\u00e9rios para concess\u00e3o de Dedica\u00e7\u00e3o Exclusiva &#8211; DE, na Universidade Federal de Pelotas &#8211; UFPel 03\/2014 &#8211;\u00a0Estabelece as normas e procedimentos para o ingresso na Classe A da carreira do Magist\u00e9rio Superior na Universidade [&hellip;]<\/p>\n","protected":false},"author":29,"featured_media":0,"parent":196,"menu_order":2,"comment_status":"closed","ping_status":"closed","template":"","meta":{"footnotes":""},"class_list":["post-1645","page","type-page","status-publish","hentry"],"_links":{"self":[{"href":"https:\/\/wp.ufpel.edu.br\/scs\/wp-json\/wp\/v2\/pages\/1645","targetHints":{"allow":["GET"]}}],"collection":[{"href":"https:\/\/wp.ufpel.edu.br\/scs\/wp-json\/wp\/v2\/pages"}],"about":[{"href":"https:\/\/wp.ufpel.edu.br\/scs\/wp-json\/wp\/v2\/types\/page"}],"author":[{"embeddable":true,"href":"https:\/\/wp.ufpel.edu.br\/scs\/wp-json\/wp\/v2\/users\/29"}],"replies":[{"embeddable":true,"href":"https:\/\/wp.ufpel.edu.br\/scs\/wp-json\/wp\/v2\/comments?post=1645"}],"version-history":[{"count":34,"href":"https:\/\/wp.ufpel.edu.br\/scs\/wp-json\/wp\/v2\/pages\/1645\/revisions"}],"predecessor-version":[{"id":2777,"href":"https:\/\/wp.ufpel.edu.br\/scs\/wp-json\/wp\/v2\/pages\/1645\/revisions\/2777"}],"up":[{"embeddable":true,"href":"https:\/\/wp.ufpel.edu.br\/scs\/wp-json\/wp\/v2\/pages\/196"}],"wp:attachment":[{"href":"https:\/\/wp.ufpel.edu.br\/scs\/wp-json\/wp\/v2\/media?parent=1645"}],"curies":[{"name":"wp","href":"https:\/\/api.w.org\/{rel}","templated":true}]}}