{"id":1481,"date":"2013-10-23T10:37:20","date_gmt":"2013-10-23T12:37:20","guid":{"rendered":"https:\/\/wp.ufpel.edu.br\/scs\/?page_id=1481"},"modified":"2017-04-24T10:37:31","modified_gmt":"2017-04-24T13:37:31","slug":"2013-2","status":"publish","type":"page","link":"https:\/\/wp.ufpel.edu.br\/scs\/consun\/atas\/2013-2\/","title":{"rendered":"2013"},"content":{"rendered":"<p><a title=\"Ata CONSUN 01\/2013\" href=\"https:\/\/wp.ufpel.edu.br\/scs\/files\/2013\/10\/Ata-CONSUN-012013.pdf\" target=\"_blank\">Ata 01.13<\/a> &#8211; Reuni\u00e3o de 25 de janeiro de 2013<\/p>\n<p><a title=\"Ata CONSUN 02\/2013\" href=\"https:\/\/wp.ufpel.edu.br\/scs\/files\/2013\/10\/Ata-CONSUN-022013.pdf\" target=\"_blank\">Ata 02.13<\/a> &#8211; Reuni\u00e3o de 31 de janeiro de 2013<\/p>\n<p><a title=\"Ata CONSUN 03\/2013\" href=\"https:\/\/wp.ufpel.edu.br\/scs\/files\/2013\/10\/Ata-CONSUN-032013.pdf\" target=\"_blank\">Ata 03.13<\/a> &#8211; Reuni\u00e3o de 31 de janeiro de 2013<\/p>\n<p><a title=\"Ata CONSUN 04\/2013\" href=\"https:\/\/wp.ufpel.edu.br\/scs\/files\/2013\/10\/Ata-CONSUN-042013.pdf\" target=\"_blank\">Ata 04.13<\/a> &#8211; Reuni\u00e3o de 07 de fevereiro de 2013<\/p>\n<p><a title=\"Ata CONSUN 05\/2013\" href=\"https:\/\/wp.ufpel.edu.br\/scs\/files\/2013\/10\/Ata-CONSUN-052013.pdf\" target=\"_blank\">Ata 05.13<\/a> &#8211; Reuni\u00e3o de 25 de mar\u00e7o de 2013<\/p>\n<p><a title=\"Ata CONSUN 06\/2013\" href=\"https:\/\/wp.ufpel.edu.br\/scs\/files\/2013\/10\/Ata-CONSUN-062013.pdf\" target=\"_blank\">Ata 06.13<\/a> &#8211; Reuni\u00e3o de 27 de mar\u00e7o de 2013<\/p>\n<p><a title=\"Ata CONSUN 07\/2013\" href=\"https:\/\/wp.ufpel.edu.br\/scs\/files\/2013\/10\/Ata-CONSUN-072013.pdf\" target=\"_blank\">Ata 07.13<\/a> &#8211; Reuni\u00e3o de 23 de maio de 2013<\/p>\n<p><a title=\"Ata CONSUN 08\/2013\" href=\"https:\/\/wp.ufpel.edu.br\/scs\/files\/2013\/10\/Ata-CONSUN-082013.pdf\" target=\"_blank\">Ata 08.13<\/a> &#8211; Reuni\u00e3o de 29 de julho de 2013<\/p>\n<p><a title=\"Ata CONSUN 09\/2013\" href=\"https:\/\/wp.ufpel.edu.br\/scs\/files\/2013\/10\/Ata-CONSUN-092013.pdf\" target=\"_blank\">Ata 09.13<\/a> &#8211; Reuni\u00e3o de 05 de setembro de 2013<\/p>\n<p><a title=\"Ata CONSUN 10\/2013\" href=\"https:\/\/wp.ufpel.edu.br\/scs\/files\/2013\/10\/Ata-CONSUN-102013.pdf\" target=\"_blank\">Ata 10.13<\/a> &#8211; Reuni\u00e3o de 18 de outubro de 2013<\/p>\n<p><a title=\"Ata CONSUN 11\/2013\" href=\"https:\/\/wp.ufpel.edu.br\/scs\/files\/2013\/10\/Ata-CONSUN-112013.pdf\" target=\"_blank\">Ata 11.13<\/a> &#8211; Reuni\u00e3o de 18 de outubro de 2013<\/p>\n<p><a title=\"Ata CONSUN 12\/2013\" href=\"https:\/\/wp.ufpel.edu.br\/scs\/files\/2013\/10\/Ata-CONSUN-122013.pdf\" target=\"_blank\">Ata 12.13<\/a> &#8211; Reuni\u00e3o de 20 de dezembro de 2013<\/p>\n","protected":false},"excerpt":{"rendered":"<p>Ata 01.13 &#8211; Reuni\u00e3o de 25 de janeiro de 2013 Ata 02.13 &#8211; Reuni\u00e3o de 31 de janeiro de 2013 Ata 03.13 &#8211; Reuni\u00e3o de 31 de janeiro de 2013 Ata 04.13 &#8211; Reuni\u00e3o de 07 de fevereiro de 2013 Ata 05.13 &#8211; Reuni\u00e3o de 25 de mar\u00e7o de 2013 Ata 06.13 &#8211; Reuni\u00e3o de [&hellip;]<\/p>\n","protected":false},"author":29,"featured_media":0,"parent":1479,"menu_order":2,"comment_status":"closed","ping_status":"closed","template":"","meta":{"footnotes":""},"class_list":["post-1481","page","type-page","status-publish","hentry"],"_links":{"self":[{"href":"https:\/\/wp.ufpel.edu.br\/scs\/wp-json\/wp\/v2\/pages\/1481","targetHints":{"allow":["GET"]}}],"collection":[{"href":"https:\/\/wp.ufpel.edu.br\/scs\/wp-json\/wp\/v2\/pages"}],"about":[{"href":"https:\/\/wp.ufpel.edu.br\/scs\/wp-json\/wp\/v2\/types\/page"}],"author":[{"embeddable":true,"href":"https:\/\/wp.ufpel.edu.br\/scs\/wp-json\/wp\/v2\/users\/29"}],"replies":[{"embeddable":true,"href":"https:\/\/wp.ufpel.edu.br\/scs\/wp-json\/wp\/v2\/comments?post=1481"}],"version-history":[{"count":5,"href":"https:\/\/wp.ufpel.edu.br\/scs\/wp-json\/wp\/v2\/pages\/1481\/revisions"}],"predecessor-version":[{"id":2998,"href":"https:\/\/wp.ufpel.edu.br\/scs\/wp-json\/wp\/v2\/pages\/1481\/revisions\/2998"}],"up":[{"embeddable":true,"href":"https:\/\/wp.ufpel.edu.br\/scs\/wp-json\/wp\/v2\/pages\/1479"}],"wp:attachment":[{"href":"https:\/\/wp.ufpel.edu.br\/scs\/wp-json\/wp\/v2\/media?parent=1481"}],"curies":[{"name":"wp","href":"https:\/\/api.w.org\/{rel}","templated":true}]}}