{"id":1345,"date":"2013-01-30T15:20:52","date_gmt":"2013-01-30T17:20:52","guid":{"rendered":"https:\/\/wp.ufpel.edu.br\/scs\/?page_id=1345"},"modified":"2015-08-28T14:53:52","modified_gmt":"2015-08-28T17:53:52","slug":"2013-2","status":"publish","type":"page","link":"https:\/\/wp.ufpel.edu.br\/scs\/cocepe\/resolucoes\/2013-2\/","title":{"rendered":"2013"},"content":{"rendered":"<p>01\/2013 &#8211;\u00a0<a title=\"Resolu\u00e7\u00e3o 01\/2013\" href=\"https:\/\/wp.ufpel.edu.br\/scs\/files\/2013\/01\/Resolu\u00e7\u00e3o-COCEPE-012013.pdf\" target=\"_blank\">Aprova as diretrizes para elabora\u00e7\u00e3o do TRABALHO FINAL DE GRADUA\u00c7\u00c3O (TFG) do Curso de Gradua\u00e7\u00e3o em Arquitetura e Urbanismo da Universidade Federal de Pelotas (CAU\/UFPEL).<\/a><\/p>\n<p>02\/2013 &#8211; <a title=\"Resolu\u00e7\u00e3o 02\/2013\" href=\"https:\/\/wp.ufpel.edu.br\/scs\/files\/2013\/01\/Resolu\u00e7\u00e3o-COCEPE-022013.pdf\" target=\"_blank\">Aprova o Calend\u00e1rio Acad\u00eamico 2013 para os Cursos Semestrais.<\/a><\/p>\n<p>03\/2013 &#8211; <a title=\"Resolu\u00e7\u00e3o 03\/2013\" href=\"https:\/\/wp.ufpel.edu.br\/scs\/files\/2013\/01\/Resolu\u00e7\u00e3o-COCEPE-032013.pdf\" target=\"_blank\">Altera a Resolu\u00e7\u00e3o 01 de 31 de mar\u00e7o de 2011, que Disp\u00f5e sobre a altera\u00e7\u00e3o do Programa de Bolsas de Extens\u00e3o e Cultura &#8211; PROBEC, da Pr\u00f3-Reitoria de Extens\u00e3o e Cultura, da Universidade Federal de Pelotas\/UFPEL, e d\u00e1 outras provid\u00eancias.<\/a><\/p>\n<p>04\/2013 &#8211;\u00a0<a title=\"Resolu\u00e7\u00e3o 04\/2013\" href=\"https:\/\/wp.ufpel.edu.br\/scs\/files\/2015\/08\/Resolu\u00e7\u00e3o-COCEPE-042013.pdf\" target=\"_blank\">Revoga a Resolu\u00e7\u00e3o n\u00ba 10, de 09 de novembro de 2006, que disp\u00f5e sobre o Regulamento Geral das Atividades Extensionistas e Culturais na Universidade Federal de Pelotas &#8211; UFPel, e da outras provid\u00eancias.<\/a><\/p>\n<p>05\/2013 &#8211;\u00a0<a title=\"Resolu\u00e7\u00e3o 05\/2013\" href=\"https:\/\/wp.ufpel.edu.br\/scs\/files\/2013\/01\/Resolu\u00e7\u00e3o-COCEPE-052013.pdf\" target=\"_blank\">Revoga a Resolu\u00e7\u00e3o n\u00ba 05, de 16 de agosto de 2007, que disp\u00f5e sobre o Programa das Bolsas de Gradua\u00e7\u00e3o (PBG) na Universidade Federal de Pelotas &#8211; UFPel.<\/a><\/p>\n<p>06\/2013 &#8211; <a title=\"Resolu\u00e7\u00e3o 06\/2013\" href=\"https:\/\/wp.ufpel.edu.br\/scs\/files\/2013\/01\/Resolu\u00e7\u00e3o-COCEPE-062013.pdf\" target=\"_blank\">Disp\u00f5e sobre as diretrizes de funcionamento do N\u00facleo Docente Estruturante (NDE) dos Cursos de Gradua\u00e7\u00e3o da Universidade Federal de Pelotas.<\/a><\/p>\n<p>07\/2013 &#8211;\u00a0<a title=\"Resolu\u00e7\u00e3o 07\/2013\" href=\"https:\/\/wp.ufpel.edu.br\/scs\/files\/2013\/01\/Resolu\u00e7\u00e3o-COCEPE-072013.pdf\" target=\"_blank\">Estabelece as normas para o ingresso na Classe A da carreira do Magist\u00e9rio Superior na Universidade Federal de Pelotas.<\/a><\/p>\n<p>08\/2013 &#8211; <a title=\"Resolu\u00e7\u00e3o 08\/2013\" href=\"https:\/\/wp.ufpel.edu.br\/scs\/files\/2013\/01\/Resolu\u00e7\u00e3o-COCEPE-082013.pdf\" target=\"_blank\">Revoga a Resolu\u00e7\u00e3o n\u00ba 4 de 30 de agosto de 2012 que trata do reposicionamento de servidores docentes na carreira do Magist\u00e9rio Superior na Universidade Federal de Pelotas.<\/a><\/p>\n<p>09\/2013 &#8211;\u00a0<a title=\"Resolu\u00e7\u00e3o 09\/2013\" href=\"https:\/\/wp.ufpel.edu.br\/scs\/files\/2013\/01\/Resolu\u00e7\u00e3o-COCEPE-092013.pdf\" target=\"_blank\">Aprova o Regimento do Curso de Biotecnologia da Universidade Federal de Pelotas.<\/a><\/p>\n<p>10\/2013 &#8211;\u00a0<a title=\"Resolu\u00e7\u00e3o 10\/2013\" href=\"https:\/\/wp.ufpel.edu.br\/scs\/files\/2013\/01\/Resolu\u00e7\u00e3o-COCEPE-102013.pdf\" target=\"_blank\">Aprova o Regimento do Curso de Engenharia dos Materiais da Universidade Federal de Pelotas.<\/a><\/p>\n<p>11\/2013 &#8211;\u00a0<a title=\"Resolu\u00e7\u00e3o 11\/2013\" href=\"https:\/\/wp.ufpel.edu.br\/scs\/files\/2013\/01\/Resolu\u00e7\u00e3o-COCEPE-112013.pdf\" target=\"_blank\">Aprova as Normas do Programa de Incuba\u00e7\u00e3o de Empresas da Universidade Federal de Pelotas.<\/a><\/p>\n<p>12\/2013 &#8211;\u00a0<a title=\"Resolu\u00e7\u00e3o 12\/2013\" href=\"https:\/\/wp.ufpel.edu.br\/scs\/files\/2013\/01\/Resolu\u00e7\u00e3o-COCEPE-122013.pdf\" target=\"_blank\">Altera o Art. 1\u00ba da Resolu\u00e7\u00e3o 02\/2012 do COCEPE, que trata do Programa de Aux\u00edlio Moradia.<\/a><\/p>\n<p>13\/2013 &#8211;\u00a0<a title=\"Resolu\u00e7\u00e3o 13\/2013\" href=\"https:\/\/wp.ufpel.edu.br\/scs\/files\/2013\/01\/Resolu\u00e7\u00e3o-COCEPE-132013.pdf\" target=\"_blank\">Aprova o Regimento do Est\u00e1gio Obrigat\u00f3rio do Curso de Medicina da UFPel.<\/a><\/p>\n<p>14\/2013 &#8211;\u00a0<a title=\"Resolu\u00e7\u00e3o 14\/2013\" href=\"https:\/\/wp.ufpel.edu.br\/scs\/files\/2013\/01\/Resolu\u00e7\u00e3o-COCEPE-142013.pdf\" target=\"_blank\">Aprova as Normas para Mobilidade Acad\u00eamica dos Estudantes dos Cursos de Gradua\u00e7\u00e3o da UFPel, no \u00e2mbito do Programa \u201cCi\u00eancia sem Fronteiras\u201d .<\/a><\/p>\n<p>15\/2013 &#8211;\u00a0<a title=\"Resolu\u00e7\u00e3o 15\/2013\" href=\"https:\/\/wp.ufpel.edu.br\/scs\/files\/2013\/01\/Resolu\u00e7\u00e3o-COCEPE-152013.pdf\" target=\"_blank\">Altera a Resolu\u00e7\u00e3o 11\/2009, que disp\u00f5e sobre a cria\u00e7\u00e3o do Programa de Bolsas de Aux\u00edlio Viagem, denominada BAV, para alunos que apresentem trabalhos e\/ou representem a Universidade Federal de Pelotas &#8211; UFPel.<\/a><\/p>\n<p>16\/2013 &#8211;\u00a0<a title=\"Resolu\u00e7\u00e3o 16\/2013\" href=\"https:\/\/wp.ufpel.edu.br\/scs\/files\/2013\/01\/Resolu\u00e7\u00e3o-COCEPE-162013.pdf\" target=\"_blank\">Regulamenta os prazos de registro no Sistema de Informa\u00e7\u00f5es de Extens\u00e3o (SIEX) para projetos de extens\u00e3o e cultura financiados com recursos externos, ou ainda, originados de programas p\u00fablicos ou privados espec\u00edficos.<\/a><\/p>\n<p>17\/2013 <a title=\"Resolu\u00e7\u00e3o 17\/2013\" href=\"https:\/\/wp.ufpel.edu.br\/scs\/files\/2013\/01\/Resolu\u00e7\u00e3o-COCEPE-172013.pdf\" target=\"_blank\">&#8211;\u00a0Aprova o Regime Concentrado de Estudos como forma de antecipar a conclus\u00e3o do semestre para os alunos que tenham cursado no m\u00ednimo 50% das atividades acad\u00eamicas at\u00e9 a data limite.<b>\u00a0<\/b><\/a><\/p>\n<p>18\/2013 &#8211; <a title=\"Resolu\u00e7\u00e3o COCEPE 18\/2013\" href=\"https:\/\/wp.ufpel.edu.br\/scs\/files\/2013\/01\/Resolu\u00e7\u00e3o-COCEPE-182013.pdf\">Aprova o Calend\u00e1rio Acad\u00eamico 2014<\/a><\/p>\n<p>19\/2013 &#8211; <a title=\"Resolu\u00e7\u00e3o COCEPE 19\/2013\" href=\"https:\/\/wp.ufpel.edu.br\/scs\/files\/2013\/01\/Resolu\u00e7\u00e3o-COCEPE-192013.pdf\">Disp\u00f5e sobre a caracteriza\u00e7\u00e3o da carga hor\u00e1ria das atividades de forma\u00e7\u00e3o livre dos cursos de gradua\u00e7\u00e3o da Universidade Federal de Pelotas.<\/a><a title=\"Resolu\u00e7\u00e3o 17\/2013\" href=\"https:\/\/wp.ufpel.edu.br\/scs\/files\/2013\/01\/Resolu\u00e7\u00e3o-COCEPE-172013.pdf\" target=\"_blank\"><br \/>\n<\/a><\/p>\n<p>20\/2013 &#8211;\u00a0<a title=\"Resolu\u00e7\u00e3o COCEPE 20\/2013\" href=\"https:\/\/wp.ufpel.edu.br\/scs\/files\/2013\/01\/Resolu\u00e7\u00e3o-COCEPE-202013.pdf\" target=\"_blank\">Altera o caput 2\u00ba da Resolu\u00e7\u00e3o 01\/2008 do COCEPE.<\/a><\/p>\n<p>21\/2013 &#8211;\u00a0<a title=\"Resolu\u00e7\u00e3o COCEPE 21\/2013\" href=\"https:\/\/wp.ufpel.edu.br\/scs\/files\/2013\/01\/Resolu\u00e7\u00e3o-COCEPE-212013.pdf\" target=\"_blank\">Aprova o Regimento do Programa de P\u00f3s-Gradua\u00e7\u00e3o em Biotecnologia.<\/a><\/p>\n","protected":false},"excerpt":{"rendered":"<p>01\/2013 &#8211;\u00a0Aprova as diretrizes para elabora\u00e7\u00e3o do TRABALHO FINAL DE GRADUA\u00c7\u00c3O (TFG) do Curso de Gradua\u00e7\u00e3o em Arquitetura e Urbanismo da Universidade Federal de Pelotas (CAU\/UFPEL). 02\/2013 &#8211; Aprova o Calend\u00e1rio Acad\u00eamico 2013 para os Cursos Semestrais. 03\/2013 &#8211; Altera a Resolu\u00e7\u00e3o 01 de 31 de mar\u00e7o de 2011, que Disp\u00f5e sobre a altera\u00e7\u00e3o do [&hellip;]<\/p>\n","protected":false},"author":29,"featured_media":0,"parent":196,"menu_order":3,"comment_status":"closed","ping_status":"closed","template":"","meta":{"footnotes":""},"class_list":["post-1345","page","type-page","status-publish","hentry"],"_links":{"self":[{"href":"https:\/\/wp.ufpel.edu.br\/scs\/wp-json\/wp\/v2\/pages\/1345","targetHints":{"allow":["GET"]}}],"collection":[{"href":"https:\/\/wp.ufpel.edu.br\/scs\/wp-json\/wp\/v2\/pages"}],"about":[{"href":"https:\/\/wp.ufpel.edu.br\/scs\/wp-json\/wp\/v2\/types\/page"}],"author":[{"embeddable":true,"href":"https:\/\/wp.ufpel.edu.br\/scs\/wp-json\/wp\/v2\/users\/29"}],"replies":[{"embeddable":true,"href":"https:\/\/wp.ufpel.edu.br\/scs\/wp-json\/wp\/v2\/comments?post=1345"}],"version-history":[{"count":26,"href":"https:\/\/wp.ufpel.edu.br\/scs\/wp-json\/wp\/v2\/pages\/1345\/revisions"}],"predecessor-version":[{"id":2233,"href":"https:\/\/wp.ufpel.edu.br\/scs\/wp-json\/wp\/v2\/pages\/1345\/revisions\/2233"}],"up":[{"embeddable":true,"href":"https:\/\/wp.ufpel.edu.br\/scs\/wp-json\/wp\/v2\/pages\/196"}],"wp:attachment":[{"href":"https:\/\/wp.ufpel.edu.br\/scs\/wp-json\/wp\/v2\/media?parent=1345"}],"curies":[{"name":"wp","href":"https:\/\/api.w.org\/{rel}","templated":true}]}}