{"id":1156,"date":"2012-06-12T18:35:57","date_gmt":"2012-06-12T20:35:57","guid":{"rendered":"https:\/\/wp.ufpel.edu.br\/scs\/?page_id=1156"},"modified":"2018-02-21T13:21:44","modified_gmt":"2018-02-21T16:21:44","slug":"2012-2","status":"publish","type":"page","link":"https:\/\/wp.ufpel.edu.br\/scs\/cocepe\/resolucoes\/2012-2\/","title":{"rendered":"2012"},"content":{"rendered":"<p>2012\/01 &#8211;\u00a0<a title=\"Resolu\u00e7\u00e3o 01\/2012\" href=\"https:\/\/wp.ufpel.edu.br\/scs\/files\/2012\/06\/RES.-012012.doc\" target=\"_blank\" rel=\"noopener\">Aprova a proposta de normatiza\u00e7\u00e3o do programa aux\u00edlio odontol\u00f3gico.<\/a><\/p>\n<p>2012\/02 &#8211;\u00a0<a title=\"Resolu\u00e7\u00e3o 02\/2012\" href=\"https:\/\/wp.ufpel.edu.br\/scs\/files\/2012\/06\/RES.-022012.doc\" target=\"_blank\" rel=\"noopener\">Aprova a proposta de normatiza\u00e7\u00e3o do programa aux\u00edlio moradia.<\/a><\/p>\n<p>2012\/03 &#8211;\u00a0<a title=\"Resolu\u00e7\u00e3o 03\/2012\" href=\"https:\/\/wp.ufpel.edu.br\/scs\/files\/2012\/06\/RES.-03.2012.COCEPE.doc\" target=\"_blank\" rel=\"noopener\">Delibera sobre freq\u00fc\u00eancia em aulas durante os Congressos de Inicia\u00e7\u00e3o Cient\u00edfica &#8211; CIC.<\/a><\/p>\n<p>2012\/04 &#8211;\u00a0<a title=\"Resolu\u00e7\u00e3o 04\/2012\" href=\"https:\/\/wp.ufpel.edu.br\/scs\/files\/2012\/06\/RES.-04.2012.COCEPE.doc\" target=\"_blank\" rel=\"noopener\">Regulamenta o reposicionamento na carreira do magist\u00e9rio de docente proveniente de outra IFE e aprovado em concurso p\u00fablico na Universidade Federal de Pelotas.<\/a><\/p>\n<p>2012\/05 &#8211;\u00a0<a title=\"Resolu\u00e7\u00e3o 05\/2012\" href=\"https:\/\/wp.ufpel.edu.br\/scs\/files\/2012\/09\/res-05-20121.doc\" target=\"_blank\" rel=\"noopener\">Aprova o novo Calend\u00e1rio Acad\u00eamico 2012 para os Cursos Semestrais.<\/a><\/p>\n<p>2012\/06 &#8211;\u00a0<a title=\"Resolu\u00e7\u00e3o 06\/2012\" href=\"https:\/\/wp.ufpel.edu.br\/scs\/files\/2012\/06\/RES.-06.2012.COCEPE.doc\" target=\"_blank\" rel=\"noopener\">Aprova Regimento do Laborat\u00f3rio de Inspe\u00e7\u00e3o de Efici\u00eancia Energ\u00e9tica em Edifica\u00e7\u00f5es (LINSE).<\/a><\/p>\n<p>2012\/07 &#8211;\u00a0<a title=\"Resolu\u00e7\u00e3o 07\/2012\" href=\"https:\/\/wp.ufpel.edu.br\/scs\/files\/2012\/06\/RES.-07.2012.COCEPE.doc\" target=\"_blank\" rel=\"noopener\">Aprova Regimento do Laborat\u00f3rio de Representa\u00e7\u00e3o Gr\u00e1fica e Digital (GEGRAD).<\/a><\/p>\n<p>2012\/08 &#8211;\u00a0<a href=\"https:\/\/wp.ufpel.edu.br\/scs\/files\/2018\/02\/RES.-082012.doc\">Aprova Regimento do N\u00facleo em Pesquisa em Arquitetura e Urbanismo (NAUrb)\u00a0<\/a><\/p>\n<p>2012\/09 &#8211;\u00a0<a title=\"Resolu\u00e7\u00e3o 09\/2012\" href=\"https:\/\/wp.ufpel.edu.br\/scs\/files\/2012\/06\/RES.-0920121.doc\" target=\"_blank\" rel=\"noopener\">Aprova Proposta de Manual de Formaturas da UFPel.<\/a><\/p>\n<p>2012\/10 &#8211;\u00a0<a title=\"Resolu\u00e7\u00e3o 10\/2012\" href=\"https:\/\/wp.ufpel.edu.br\/scs\/files\/2012\/06\/RES.-102012.doc\" target=\"_blank\" rel=\"noopener\">Aprova Regimento do Conselho de \u00c9tica em Pesquisa da UFPel.<\/a><\/p>\n<p>2012\/11 &#8211;\u00a0<a title=\"Resolu\u00e7\u00e3o 11\/2012\" href=\"https:\/\/wp.ufpel.edu.br\/scs\/files\/2012\/06\/RES.-112012.doc\" target=\"_blank\" rel=\"noopener\">Aprova Atualiza\u00e7\u00f5es no Programa Aux\u00edlio Alimenta\u00e7\u00e3o da Pr\u00f3-Reitoria de Assuntos Estudantis da UFPel. Revoga Resolu\u00e7\u00e3o n\u00ba 09\/2010.<\/a><\/p>\n<p>2012\/12 &#8211;\u00a0<a title=\"Resolu\u00e7\u00e3o 12\/2012\" href=\"https:\/\/wp.ufpel.edu.br\/scs\/files\/2012\/06\/RES.-122012.doc\" target=\"_blank\" rel=\"noopener\">Aprova Atualiza\u00e7\u00f5es no Programa de Moradia Estudantil da pr\u00f3-Reitoria de Assist\u00eancia Estudantil da UFPel. Revoga Resolu\u00e7\u00e3o n\u00ba 11\/2010.<\/a><\/p>\n<p>2012\/13 &#8211;\u00a0<a title=\"Resolu\u00e7\u00e3o 13\/2012\" href=\"https:\/\/wp.ufpel.edu.br\/scs\/files\/2012\/06\/RES.-132012.doc\" target=\"_blank\" rel=\"noopener\">Aprova Atualiza\u00e7\u00f5es no Programa de Aux\u00edlio Transporte da pr\u00f3-Reitoria de Assist\u00eancia Estudantil da UFPel. Revoga Resolu\u00e7\u00e3o n\u00ba 10\/2010.<\/a><\/p>\n<p>2012\/14 &#8211;\u00a0<a title=\"Resolu\u00e7\u00e3o 14\/2012\" href=\"https:\/\/wp.ufpel.edu.br\/scs\/files\/2012\/06\/RES.-142012.doc\" target=\"_blank\" rel=\"noopener\">Aprova a cria\u00e7\u00e3o do N\u00facleo de Inova\u00e7\u00e3o em M\u00e1quinas e Equipamentos Agr\u00edcolas.<\/a><\/p>\n","protected":false},"excerpt":{"rendered":"<p>2012\/01 &#8211;\u00a0Aprova a proposta de normatiza\u00e7\u00e3o do programa aux\u00edlio odontol\u00f3gico. 2012\/02 &#8211;\u00a0Aprova a proposta de normatiza\u00e7\u00e3o do programa aux\u00edlio moradia. 2012\/03 &#8211;\u00a0Delibera sobre freq\u00fc\u00eancia em aulas durante os Congressos de Inicia\u00e7\u00e3o Cient\u00edfica &#8211; CIC. 2012\/04 &#8211;\u00a0Regulamenta o reposicionamento na carreira do magist\u00e9rio de docente proveniente de outra IFE e aprovado em concurso p\u00fablico na Universidade [&hellip;]<\/p>\n","protected":false},"author":29,"featured_media":0,"parent":196,"menu_order":4,"comment_status":"closed","ping_status":"closed","template":"","meta":{"footnotes":""},"class_list":["post-1156","page","type-page","status-publish","hentry"],"_links":{"self":[{"href":"https:\/\/wp.ufpel.edu.br\/scs\/wp-json\/wp\/v2\/pages\/1156","targetHints":{"allow":["GET"]}}],"collection":[{"href":"https:\/\/wp.ufpel.edu.br\/scs\/wp-json\/wp\/v2\/pages"}],"about":[{"href":"https:\/\/wp.ufpel.edu.br\/scs\/wp-json\/wp\/v2\/types\/page"}],"author":[{"embeddable":true,"href":"https:\/\/wp.ufpel.edu.br\/scs\/wp-json\/wp\/v2\/users\/29"}],"replies":[{"embeddable":true,"href":"https:\/\/wp.ufpel.edu.br\/scs\/wp-json\/wp\/v2\/comments?post=1156"}],"version-history":[{"count":20,"href":"https:\/\/wp.ufpel.edu.br\/scs\/wp-json\/wp\/v2\/pages\/1156\/revisions"}],"predecessor-version":[{"id":3364,"href":"https:\/\/wp.ufpel.edu.br\/scs\/wp-json\/wp\/v2\/pages\/1156\/revisions\/3364"}],"up":[{"embeddable":true,"href":"https:\/\/wp.ufpel.edu.br\/scs\/wp-json\/wp\/v2\/pages\/196"}],"wp:attachment":[{"href":"https:\/\/wp.ufpel.edu.br\/scs\/wp-json\/wp\/v2\/media?parent=1156"}],"curies":[{"name":"wp","href":"https:\/\/api.w.org\/{rel}","templated":true}]}}