{"id":1125,"date":"2012-04-11T18:02:02","date_gmt":"2012-04-11T20:02:02","guid":{"rendered":"https:\/\/wp.ufpel.edu.br\/scs\/"},"modified":"2012-04-11T18:35:51","modified_gmt":"2012-04-11T20:35:51","slug":"codigo-de-classificacao-de-documentos-de-arquivo-relativos-as-atividades-fim-das-instituicoes-federais-de-ensino-superior","status":"publish","type":"page","link":"https:\/\/wp.ufpel.edu.br\/scs\/legislacao\/codigo-de-classificacao-de-documentos-de-arquivo-relativos-as-atividades-fim-das-instituicoes-federais-de-ensino-superior\/","title":{"rendered":"Portaria N\u00ba 092, de 23\/09\/11, que aprova o C\u00f3digo de Classifica\u00e7\u00e3o e a Tabela de Temporalidade e Destina\u00e7\u00e3o de Documentos de Arquivo Relativos \u00e0s Atividades-Fim das Institui\u00e7\u00f5es Federais de Ensino Superior"},"content":{"rendered":"<p><a href=\"https:\/\/wp.ufpel.edu.br\/scs\/files\/2012\/04\/portaria_an_n92_23_09_2011.pdf\">Portaria N\u00ba 092, de 23\/09\/11, que aprova o C\u00f3digo de Classifica\u00e7\u00e3o e a Tabela de Temporalidade e Destina\u00e7\u00e3o de Documentos de Arquivo Relativos \u00e0s Atividades-Fim das Institui\u00e7\u00f5es Federais de Ensino Superior<\/a> (Leia em PDF)<\/p>\n<p><a href=\"https:\/\/wp.ufpel.edu.br\/scs\/files\/2012\/04\/portaria_n0922011_codigo_de_classificacao_de_documentos_.pdf\">C\u00f3digo de Classifica\u00e7\u00e3o de Documentos de Arquivo Relativos \u00e0s Atividades-Fim das Institui\u00e7\u00f5es Federais de Ensino Superior &#8211; IFES<\/a> (Leia em PDF)<\/p>\n<p><a href=\"https:\/\/wp.ufpel.edu.br\/scs\/files\/2012\/04\/Tabela-temporariedade-documentos-ensino-superior.pdf\">Tabela de Temporalidade e Destina\u00e7\u00e3o de Documentos de Arquivo Relativos \u00e0s Atividades-Fim das Institui\u00e7\u00f5es Federais de Ensino Superior &#8211; IFES<\/a> (Leia em PDF)<\/p>\n","protected":false},"excerpt":{"rendered":"<p>Portaria N\u00ba 092, de 23\/09\/11, que aprova o C\u00f3digo de Classifica\u00e7\u00e3o e a Tabela de Temporalidade e Destina\u00e7\u00e3o de Documentos de Arquivo Relativos \u00e0s Atividades-Fim das Institui\u00e7\u00f5es Federais de Ensino Superior (Leia em PDF) C\u00f3digo de Classifica\u00e7\u00e3o de Documentos de Arquivo Relativos \u00e0s Atividades-Fim das Institui\u00e7\u00f5es Federais de Ensino Superior &#8211; IFES (Leia em PDF) [&hellip;]<\/p>\n","protected":false},"author":29,"featured_media":0,"parent":1112,"menu_order":1,"comment_status":"closed","ping_status":"open","template":"","meta":{"footnotes":""},"class_list":["post-1125","page","type-page","status-publish","hentry"],"_links":{"self":[{"href":"https:\/\/wp.ufpel.edu.br\/scs\/wp-json\/wp\/v2\/pages\/1125","targetHints":{"allow":["GET"]}}],"collection":[{"href":"https:\/\/wp.ufpel.edu.br\/scs\/wp-json\/wp\/v2\/pages"}],"about":[{"href":"https:\/\/wp.ufpel.edu.br\/scs\/wp-json\/wp\/v2\/types\/page"}],"author":[{"embeddable":true,"href":"https:\/\/wp.ufpel.edu.br\/scs\/wp-json\/wp\/v2\/users\/29"}],"replies":[{"embeddable":true,"href":"https:\/\/wp.ufpel.edu.br\/scs\/wp-json\/wp\/v2\/comments?post=1125"}],"version-history":[{"count":4,"href":"https:\/\/wp.ufpel.edu.br\/scs\/wp-json\/wp\/v2\/pages\/1125\/revisions"}],"predecessor-version":[{"id":1133,"href":"https:\/\/wp.ufpel.edu.br\/scs\/wp-json\/wp\/v2\/pages\/1125\/revisions\/1133"}],"up":[{"embeddable":true,"href":"https:\/\/wp.ufpel.edu.br\/scs\/wp-json\/wp\/v2\/pages\/1112"}],"wp:attachment":[{"href":"https:\/\/wp.ufpel.edu.br\/scs\/wp-json\/wp\/v2\/media?parent=1125"}],"curies":[{"name":"wp","href":"https:\/\/api.w.org\/{rel}","templated":true}]}}