{"id":1116,"date":"2012-04-11T17:43:52","date_gmt":"2012-04-11T19:43:52","guid":{"rendered":"https:\/\/wp.ufpel.edu.br\/scs\/"},"modified":"2012-04-11T18:48:29","modified_gmt":"2012-04-11T20:48:29","slug":"classificacao-temporalidade-e-destinacao-de-documentos-de-arquivo-relativos-as-atividades-meio-da-administracao-publica","status":"publish","type":"page","link":"https:\/\/wp.ufpel.edu.br\/scs\/legislacao\/classificacao-temporalidade-e-destinacao-de-documentos-de-arquivo-relativos-as-atividades-meio-da-administracao-publica\/","title":{"rendered":"Classifica\u00e7\u00e3o, Temporalidade e Destina\u00e7\u00e3o de Documentos de Arquivo Relativos \u00e0s Atividades-Meio da Administra\u00e7\u00e3o P\u00fablica"},"content":{"rendered":"<p><a href=\"https:\/\/wp.ufpel.edu.br\/scs\/files\/2012\/04\/Classifica\u00e7\u00e3o-de-documentos.pdf\">Classifica\u00e7\u00e3o, Temporalidade e Destina\u00e7\u00e3o de Documentos de Arquivo Relativos \u00e0s Atividades-Meio da Administra\u00e7\u00e3o P\u00fablica<\/a> (Leia em PDF)<\/p>\n","protected":false},"excerpt":{"rendered":"<p>Classifica\u00e7\u00e3o, Temporalidade e Destina\u00e7\u00e3o de Documentos de Arquivo Relativos \u00e0s Atividades-Meio da Administra\u00e7\u00e3o P\u00fablica (Leia em PDF)<\/p>\n","protected":false},"author":29,"featured_media":0,"parent":1112,"menu_order":2,"comment_status":"closed","ping_status":"closed","template":"","meta":{"footnotes":""},"class_list":["post-1116","page","type-page","status-publish","hentry"],"_links":{"self":[{"href":"https:\/\/wp.ufpel.edu.br\/scs\/wp-json\/wp\/v2\/pages\/1116","targetHints":{"allow":["GET"]}}],"collection":[{"href":"https:\/\/wp.ufpel.edu.br\/scs\/wp-json\/wp\/v2\/pages"}],"about":[{"href":"https:\/\/wp.ufpel.edu.br\/scs\/wp-json\/wp\/v2\/types\/page"}],"author":[{"embeddable":true,"href":"https:\/\/wp.ufpel.edu.br\/scs\/wp-json\/wp\/v2\/users\/29"}],"replies":[{"embeddable":true,"href":"https:\/\/wp.ufpel.edu.br\/scs\/wp-json\/wp\/v2\/comments?post=1116"}],"version-history":[{"count":5,"href":"https:\/\/wp.ufpel.edu.br\/scs\/wp-json\/wp\/v2\/pages\/1116\/revisions"}],"predecessor-version":[{"id":1119,"href":"https:\/\/wp.ufpel.edu.br\/scs\/wp-json\/wp\/v2\/pages\/1116\/revisions\/1119"}],"up":[{"embeddable":true,"href":"https:\/\/wp.ufpel.edu.br\/scs\/wp-json\/wp\/v2\/pages\/1112"}],"wp:attachment":[{"href":"https:\/\/wp.ufpel.edu.br\/scs\/wp-json\/wp\/v2\/media?parent=1116"}],"curies":[{"name":"wp","href":"https:\/\/api.w.org\/{rel}","templated":true}]}}