{"id":10433,"date":"2026-02-20T15:34:22","date_gmt":"2026-02-20T18:34:22","guid":{"rendered":"https:\/\/wp.ufpel.edu.br\/scs\/?page_id=10433"},"modified":"2026-03-17T08:07:56","modified_gmt":"2026-03-17T11:07:56","slug":"resolucoes-consun-2026","status":"publish","type":"page","link":"https:\/\/wp.ufpel.edu.br\/scs\/resolucoes-consun-2026\/","title":{"rendered":"Resolu\u00e7\u00f5es CONSUN 2026"},"content":{"rendered":"<h2><span style=\"background-color: #99ccff;\">2026<\/span><\/h2>\n<p><a href=\"https:\/\/wp.ufpel.edu.br\/scs\/files\/2026\/02\/SEI_3675038_Resolucao_137_2026.pdf\">Resolu\u00e7\u00e3o CONSUN 137<\/a>\u00a0&#8211; de 20 de fevereiro de 2026 &#8211; Aprova o Regimento da Faculdade de Odontologia, da Universidade Federal de Pelotas.<\/p>\n<p><a href=\"https:\/\/wp.ufpel.edu.br\/scs\/files\/2026\/02\/SEI_3675180_Resolucao_138_2025.pdf\">Resolu\u00e7\u00e3o CONSUN 138<\/a>\u00a0&#8211; de 20 de fevereiro de 2026 &#8211; Estabelece as bases para a Pol\u00edtica dos Museus, Processos e Acervos Museol\u00f3gicos da Universidade Federal de Pelotas.<\/p>\n<p><a href=\"https:\/\/wp.ufpel.edu.br\/scs\/files\/2026\/02\/SEI_3675402_Resolucao_139_2026.pdf\">Resolu\u00e7\u00e3o CONSUN 139<\/a>\u00a0&#8211; de 20 de fevereiro de 2026 &#8211; Aprova o Regimento do Museu Di\u00e1rios do Isolamento &#8211; ICH, da Universidade Federal de Pelotas.<\/p>\n<p><a href=\"https:\/\/wp.ufpel.edu.br\/scs\/files\/2026\/02\/SEI_3677690_Resolucao_140_2026.pdf\">Resolu\u00e7\u00e3o CONSUN 140<\/a>\u00a0&#8211; de 20 de fevereiro de 2026 &#8211; Cria o Curso de P\u00f3s-Graduac\u00e3o Lato Sensu em Computa\u00e7\u00e3o na Educa\u00e7\u00e3o B\u00e1sica na Modalidade a Dist\u00e2ncia, do Centro de Desenvolvimento Tecnol\u00f3gico, da UFPel.<\/p>\n<p><a href=\"https:\/\/wp.ufpel.edu.br\/scs\/files\/2026\/02\/SEI_3672422_Resolucao_141_2026.pdf\">Resolu\u00e7\u00e3o CONSUN 141<\/a> &#8211; de 20 de fevereiro de 2026 &#8211; Institui a Pol\u00edtica Institucional \u201cBem-Viver UFPel: Preven\u00e7\u00e3o e Combate \u00e0s Viol\u00eancias\u201d<\/p>\n<p><a href=\"https:\/\/wp.ufpel.edu.br\/scs\/files\/2026\/03\/Resolucao-142-CONSUN-OK.pdf\">Resolu\u00e7\u00e3o CONSUN 142<\/a>\u00a0&#8211; de 20 de fevereiro de 2026 &#8211; Aprova a Estrutura Administrativa da Reitoria e Pr\u00f3-Reitorias da Universidade Federal de Pelotas. <span style=\"font-size: 10pt;\">(Revoga a Resolu\u00e7\u00e3o n\u00ba 121\/2025)<\/span><\/p>\n","protected":false},"excerpt":{"rendered":"<p>2026 Resolu\u00e7\u00e3o CONSUN 137\u00a0&#8211; de 20 de fevereiro de 2026 &#8211; Aprova o Regimento da Faculdade de Odontologia, da Universidade Federal de Pelotas. Resolu\u00e7\u00e3o CONSUN 138\u00a0&#8211; de 20 de fevereiro de 2026 &#8211; Estabelece as bases para a Pol\u00edtica dos Museus, Processos e Acervos Museol\u00f3gicos da Universidade Federal de Pelotas. Resolu\u00e7\u00e3o CONSUN 139\u00a0&#8211; de 20 [&hellip;]<\/p>\n","protected":false},"author":29,"featured_media":0,"parent":0,"menu_order":0,"comment_status":"closed","ping_status":"closed","template":"","meta":{"footnotes":""},"class_list":["post-10433","page","type-page","status-publish","hentry"],"_links":{"self":[{"href":"https:\/\/wp.ufpel.edu.br\/scs\/wp-json\/wp\/v2\/pages\/10433","targetHints":{"allow":["GET"]}}],"collection":[{"href":"https:\/\/wp.ufpel.edu.br\/scs\/wp-json\/wp\/v2\/pages"}],"about":[{"href":"https:\/\/wp.ufpel.edu.br\/scs\/wp-json\/wp\/v2\/types\/page"}],"author":[{"embeddable":true,"href":"https:\/\/wp.ufpel.edu.br\/scs\/wp-json\/wp\/v2\/users\/29"}],"replies":[{"embeddable":true,"href":"https:\/\/wp.ufpel.edu.br\/scs\/wp-json\/wp\/v2\/comments?post=10433"}],"version-history":[{"count":3,"href":"https:\/\/wp.ufpel.edu.br\/scs\/wp-json\/wp\/v2\/pages\/10433\/revisions"}],"predecessor-version":[{"id":10513,"href":"https:\/\/wp.ufpel.edu.br\/scs\/wp-json\/wp\/v2\/pages\/10433\/revisions\/10513"}],"wp:attachment":[{"href":"https:\/\/wp.ufpel.edu.br\/scs\/wp-json\/wp\/v2\/media?parent=10433"}],"curies":[{"name":"wp","href":"https:\/\/api.w.org\/{rel}","templated":true}]}}