{"id":10426,"date":"2026-02-20T15:33:55","date_gmt":"2026-02-20T18:33:55","guid":{"rendered":"https:\/\/wp.ufpel.edu.br\/scs\/?page_id=10426"},"modified":"2026-04-02T15:59:58","modified_gmt":"2026-04-02T18:59:58","slug":"parecer-cocepe-2026","status":"publish","type":"page","link":"https:\/\/wp.ufpel.edu.br\/scs\/parecer-cocepe-2026\/","title":{"rendered":"Parecer Normativo COCEPE 2026"},"content":{"rendered":"<p>Parecer Normativo n\u00ba 143, de 12 de fevereiro de 2026 &#8211; <a href=\"https:\/\/wp.ufpel.edu.br\/scs\/files\/2026\/02\/SEI_3663584_Parecer_Normativo_COCEPE_143.pdf\">Aprova o Regimento Interno do Programa de P\u00f3s-Gradua\u00e7\u00e3o em Ensino de Ci\u00eancias e Matem\u00e1tica, da Faculdade de Educa\u00e7\u00e3o, da Universidade Federal de Pelotas. <\/a><em><span style=\"font-size: 10pt;\">Revoga a Resolu\u00e7\u00e3o COCEPE 34\/2014<\/span><\/em><\/p>\n<p>Parecer Normativo n\u00ba 144, de 12 de fevereiro de 2026 &#8211; <a href=\"https:\/\/wp.ufpel.edu.br\/scs\/files\/2026\/02\/SEI_3664160_Parecer_Normativo_COCEPE_144.pdf\">Aprova o Regimento Interno do Programa de Mestrado Profissional em Ci\u00eancia e Tecnologia de Sementes, da Faculdade de Agronomia Eliseu Maciel, da Universidade Federal de Pelotas. <\/a><span style=\"font-size: 10pt;\"><em>Revoga a Resolu\u00e7\u00e3o COCEPE 27\/2019.<\/em><\/span><\/p>\n<p>Parecer Normativo n\u00ba 145, de 26 de fevereiro de 2026 &#8211; <a href=\"https:\/\/wp.ufpel.edu.br\/scs\/files\/2026\/03\/SEI_3690034_Parecer_Normativo_COCEPE_145_2026.pdf\">Aprova o Regimento Interno do Curso de P\u00f3s-Gradua\u00e7\u00e3o Lato Sensu em Computac\u00e3o na Educa\u00e7\u00e3o B\u00e1sica na Modalidade a Distancia, do Centro de Desenvolvimento Tecnol\u00f3gico (CDTEC), da Universidade Federal de Pelotas.<\/a><\/p>\n<p>Parecer Normativo n\u00ba 146, de 26 de fevereiro de 2026 &#8211; <a href=\"https:\/\/wp.ufpel.edu.br\/scs\/files\/2026\/03\/SEI_3693386_Parecer_Normativo_COCEPE_146_2026.pdf\">Aprova o Regimento Interno do Programa de P\u00f3s-Gradua\u00e7\u00e3o em Arquitetura e Urbanismo, da Faculdade de Arquitetura e Urbanismo (FAUrb), da Universidade Federal de Pelotas. <\/a><span style=\"font-size: 10pt;\"><em>Revoga o PN COCEPE 105\/2024.<\/em><\/span><\/p>\n<p>Parecer Normativo n\u00ba 147, de 26 de fevereiro de 2026 &#8211; <a href=\"https:\/\/wp.ufpel.edu.br\/scs\/files\/2026\/03\/SEI_3693708_Parecer_Normativo_COCEPE_147_2026.pdf\">Aprova o Regimento Interno do Programa de P\u00f3s-Gradua\u00e7\u00e3o em Nutri\u00e7\u00e3o e Alimentos, da Faculdade de Nutri\u00e7\u00e3o (FN), da Universidade Federal de Pelotas. <\/a><span style=\"font-size: 10pt;\"><em>Revoga a Resolu\u00e7\u00e3o COCEPE 25\/2015.<\/em><\/span><\/p>\n<p class=\"Texto_Centralizado_Maiusculas_Negrito\">Parecer Normativo n\u00ba 148, de 26 de mar\u00e7o de 2026 &#8211; <a href=\"https:\/\/wp.ufpel.edu.br\/scs\/files\/2026\/04\/SEI_3764632_Parecer_Normativo_COCEPE_148_2026.pdf\">Aprova\u00a0o Regimento Interno do\u00a0Programa de P\u00f3s-Gradua\u00e7\u00e3o em Veterin\u00e1ria (PPGV), da Faculdade de Veterin\u00e1ria, da Universidade Federal de\u00a0Pelotas. <\/a><span style=\"font-size: 10pt;\"><em>Revoga o PN COCEPE 35\/2021<\/em><\/span><\/p>\n","protected":false},"excerpt":{"rendered":"<p>Parecer Normativo n\u00ba 143, de 12 de fevereiro de 2026 &#8211; Aprova o Regimento Interno do Programa de P\u00f3s-Gradua\u00e7\u00e3o em Ensino de Ci\u00eancias e Matem\u00e1tica, da Faculdade de Educa\u00e7\u00e3o, da Universidade Federal de Pelotas. Revoga a Resolu\u00e7\u00e3o COCEPE 34\/2014 Parecer Normativo n\u00ba 144, de 12 de fevereiro de 2026 &#8211; Aprova o Regimento Interno do [&hellip;]<\/p>\n","protected":false},"author":29,"featured_media":0,"parent":0,"menu_order":0,"comment_status":"closed","ping_status":"closed","template":"","meta":{"footnotes":""},"class_list":["post-10426","page","type-page","status-publish","hentry"],"_links":{"self":[{"href":"https:\/\/wp.ufpel.edu.br\/scs\/wp-json\/wp\/v2\/pages\/10426","targetHints":{"allow":["GET"]}}],"collection":[{"href":"https:\/\/wp.ufpel.edu.br\/scs\/wp-json\/wp\/v2\/pages"}],"about":[{"href":"https:\/\/wp.ufpel.edu.br\/scs\/wp-json\/wp\/v2\/types\/page"}],"author":[{"embeddable":true,"href":"https:\/\/wp.ufpel.edu.br\/scs\/wp-json\/wp\/v2\/users\/29"}],"replies":[{"embeddable":true,"href":"https:\/\/wp.ufpel.edu.br\/scs\/wp-json\/wp\/v2\/comments?post=10426"}],"version-history":[{"count":3,"href":"https:\/\/wp.ufpel.edu.br\/scs\/wp-json\/wp\/v2\/pages\/10426\/revisions"}],"predecessor-version":[{"id":10539,"href":"https:\/\/wp.ufpel.edu.br\/scs\/wp-json\/wp\/v2\/pages\/10426\/revisions\/10539"}],"wp:attachment":[{"href":"https:\/\/wp.ufpel.edu.br\/scs\/wp-json\/wp\/v2\/media?parent=10426"}],"curies":[{"name":"wp","href":"https:\/\/api.w.org\/{rel}","templated":true}]}}