{"id":10413,"date":"2026-02-20T15:33:22","date_gmt":"2026-02-20T18:33:22","guid":{"rendered":"https:\/\/wp.ufpel.edu.br\/scs\/?page_id=10413"},"modified":"2026-03-31T16:48:14","modified_gmt":"2026-03-31T19:48:14","slug":"resolucoes-cocepe-2026","status":"publish","type":"page","link":"https:\/\/wp.ufpel.edu.br\/scs\/cocepe\/resolucoes\/resolucoes-cocepe-2026\/","title":{"rendered":"Resolu\u00e7\u00f5es COCEPE 2026"},"content":{"rendered":"<p>Resolu\u00e7\u00e3o n\u00ba 103 do COCEPE, de 12 de fevereiro de 2026 \u2013 <a href=\"https:\/\/wp.ufpel.edu.br\/scs\/files\/2026\/02\/SEI_3688282_Resolucao_103.pdf\">Disp\u00f5e sobre a Regulamenta\u00e7\u00e3o do Programa de Perman\u00eancia para pessoas estudantes ind\u00edgenas e quilombolas regularmente matriculadas nos cursos de gradua\u00e7\u00e3o da UFPel.<\/a>\u00a0<span style=\"font-size: 10pt;\">Revoga a Resolu\u00e7\u00e3o COCEPE 50\/2023.<\/span><\/p>\n<p>Resolu\u00e7\u00e3o n\u00ba 104 do COCEPE, de 26 de mar\u00e7o de 2026 &#8211; <a href=\"https:\/\/wp.ufpel.edu.br\/scs\/files\/2026\/03\/SEI_3764576_Resolucao_104_2026.pdf\">Aprova o Programa de Aux\u00edlio Alimenta\u00e7\u00e3o da UFPEL<\/a>\u00a0&#8211; <span style=\"font-size: 10pt;\">Revoga a Resolu\u00e7\u00e3o n\u00ba 96\/2025.<\/span><\/p>\n","protected":false},"excerpt":{"rendered":"<p>Resolu\u00e7\u00e3o n\u00ba 103 do COCEPE, de 12 de fevereiro de 2026 \u2013 Disp\u00f5e sobre a Regulamenta\u00e7\u00e3o do Programa de Perman\u00eancia para pessoas estudantes ind\u00edgenas e quilombolas regularmente matriculadas nos cursos de gradua\u00e7\u00e3o da UFPel.\u00a0Revoga a Resolu\u00e7\u00e3o COCEPE 50\/2023. Resolu\u00e7\u00e3o n\u00ba 104 do COCEPE, de 26 de mar\u00e7o de 2026 &#8211; Aprova o Programa de Aux\u00edlio [&hellip;]<\/p>\n","protected":false},"author":29,"featured_media":0,"parent":196,"menu_order":0,"comment_status":"closed","ping_status":"closed","template":"","meta":{"footnotes":""},"class_list":["post-10413","page","type-page","status-publish","hentry"],"_links":{"self":[{"href":"https:\/\/wp.ufpel.edu.br\/scs\/wp-json\/wp\/v2\/pages\/10413","targetHints":{"allow":["GET"]}}],"collection":[{"href":"https:\/\/wp.ufpel.edu.br\/scs\/wp-json\/wp\/v2\/pages"}],"about":[{"href":"https:\/\/wp.ufpel.edu.br\/scs\/wp-json\/wp\/v2\/types\/page"}],"author":[{"embeddable":true,"href":"https:\/\/wp.ufpel.edu.br\/scs\/wp-json\/wp\/v2\/users\/29"}],"replies":[{"embeddable":true,"href":"https:\/\/wp.ufpel.edu.br\/scs\/wp-json\/wp\/v2\/comments?post=10413"}],"version-history":[{"count":3,"href":"https:\/\/wp.ufpel.edu.br\/scs\/wp-json\/wp\/v2\/pages\/10413\/revisions"}],"predecessor-version":[{"id":10535,"href":"https:\/\/wp.ufpel.edu.br\/scs\/wp-json\/wp\/v2\/pages\/10413\/revisions\/10535"}],"up":[{"embeddable":true,"href":"https:\/\/wp.ufpel.edu.br\/scs\/wp-json\/wp\/v2\/pages\/196"}],"wp:attachment":[{"href":"https:\/\/wp.ufpel.edu.br\/scs\/wp-json\/wp\/v2\/media?parent=10413"}],"curies":[{"name":"wp","href":"https:\/\/api.w.org\/{rel}","templated":true}]}}