{"id":10303,"date":"2025-11-05T15:06:39","date_gmt":"2025-11-05T18:06:39","guid":{"rendered":"https:\/\/wp.ufpel.edu.br\/scs\/?page_id=10303"},"modified":"2025-11-05T15:13:24","modified_gmt":"2025-11-05T18:13:24","slug":"1980-cocepe","status":"publish","type":"page","link":"https:\/\/wp.ufpel.edu.br\/scs\/cocepe\/resolucoes\/1980-cocepe\/","title":{"rendered":"1980 COCEPE"},"content":{"rendered":"<p>1980\/01 &#8211; <a href=\"https:\/\/wp.ufpel.edu.br\/scs\/files\/2025\/11\/RESOLUCAO-01.1980.pdf\">Estabelecer as Normas Gerais Reguladoras das Atividades de Pesquisa, \u00e0s quais subordinar-se-\u00e1 toda e qualquer pesquisa desenvolvida na Univesidade Federal de Pelotas<\/a><\/p>\n<p>1980\/02 &#8211; <a href=\"https:\/\/wp.ufpel.edu.br\/scs\/files\/2025\/11\/RESOLUCAO-02.1980.pdf\">Estabelecer normas para apresenta\u00e7\u00e3o de projetos de pesquisa a serem executados em regime de conv\u00eanio, firmado entre esta Universidades e outras institui\u00e7\u00f5es.<\/a><\/p>\n<p>&nbsp;<\/p>\n","protected":false},"excerpt":{"rendered":"<p>1980\/01 &#8211; Estabelecer as Normas Gerais Reguladoras das Atividades de Pesquisa, \u00e0s quais subordinar-se-\u00e1 toda e qualquer pesquisa desenvolvida na Univesidade Federal de Pelotas 1980\/02 &#8211; Estabelecer normas para apresenta\u00e7\u00e3o de projetos de pesquisa a serem executados em regime de conv\u00eanio, firmado entre esta Universidades e outras institui\u00e7\u00f5es. &nbsp;<\/p>\n","protected":false},"author":29,"featured_media":0,"parent":196,"menu_order":0,"comment_status":"closed","ping_status":"closed","template":"","meta":{"footnotes":""},"class_list":["post-10303","page","type-page","status-publish","hentry"],"_links":{"self":[{"href":"https:\/\/wp.ufpel.edu.br\/scs\/wp-json\/wp\/v2\/pages\/10303","targetHints":{"allow":["GET"]}}],"collection":[{"href":"https:\/\/wp.ufpel.edu.br\/scs\/wp-json\/wp\/v2\/pages"}],"about":[{"href":"https:\/\/wp.ufpel.edu.br\/scs\/wp-json\/wp\/v2\/types\/page"}],"author":[{"embeddable":true,"href":"https:\/\/wp.ufpel.edu.br\/scs\/wp-json\/wp\/v2\/users\/29"}],"replies":[{"embeddable":true,"href":"https:\/\/wp.ufpel.edu.br\/scs\/wp-json\/wp\/v2\/comments?post=10303"}],"version-history":[{"count":3,"href":"https:\/\/wp.ufpel.edu.br\/scs\/wp-json\/wp\/v2\/pages\/10303\/revisions"}],"predecessor-version":[{"id":10310,"href":"https:\/\/wp.ufpel.edu.br\/scs\/wp-json\/wp\/v2\/pages\/10303\/revisions\/10310"}],"up":[{"embeddable":true,"href":"https:\/\/wp.ufpel.edu.br\/scs\/wp-json\/wp\/v2\/pages\/196"}],"wp:attachment":[{"href":"https:\/\/wp.ufpel.edu.br\/scs\/wp-json\/wp\/v2\/media?parent=10303"}],"curies":[{"name":"wp","href":"https:\/\/api.w.org\/{rel}","templated":true}]}}