{"id":1008,"date":"2011-05-17T06:37:03","date_gmt":"2011-05-17T08:37:03","guid":{"rendered":"https:\/\/wp.ufpel.edu.br\/scs\/"},"modified":"2015-03-05T15:02:06","modified_gmt":"2015-03-05T18:02:06","slug":"2011-2","status":"publish","type":"page","link":"https:\/\/wp.ufpel.edu.br\/scs\/cocepe\/resolucoes\/2011-2\/","title":{"rendered":"2011"},"content":{"rendered":"<p>2011\/01 &#8211; <a href=\"https:\/\/wp.ufpel.edu.br\/scs\/files\/2011\/05\/RES.-01-2011.doc\" target=\"_self\">Altera\u00a0o Programa de Bolsas de Extens\u00e3o e Cultura &#8211; PROBEC e o regramento do processo seletivo que dar\u00e1 acesso \u00e0s Bolsas de Extens\u00e3o e Cultura da Universidade Federal de Pelotas.<\/a><\/p>\n<p>2011\/02 &#8211; <a href=\"https:\/\/wp.ufpel.edu.br\/scs\/files\/2011\/05\/RES.-02-2011.doc\" target=\"_self\">Aprova o Programa de Licenciaturas Internacionais (PLI), do Grupo Coimbra de Universidades Brasileiras&#8230;<\/a><\/p>\n<p>2011\/03 &#8211; <a href=\"https:\/\/wp.ufpel.edu.br\/scs\/files\/2011\/05\/RES.-03-2011.doc\" target=\"_self\">Revoga\u00a0a Resolu\u00e7\u00e3o 05\/2007 e aprovar as Diretrizes de Implanta\u00e7\u00e3o de Bolsas de Gradua\u00e7\u00e3o nas Unidades Acad\u00eamicas da Universidade Federal de Pelotas &#8211; UFPel.<\/a><\/p>\n<p>2011\/04 &#8211; <a title=\"Resolu\u00e7\u00e3o 2011\/04\" href=\"https:\/\/wp.ufpel.edu.br\/scs\/files\/2011\/05\/Resolu\u00e7\u00e3o-COCEPE-042011.pdf\" target=\"_blank\">Disp\u00f5e sobre os par\u00e2metros, pesos e pontua\u00e7\u00f5es para julgamento de t\u00edtulos nos Concursos P\u00fablicos para Magist\u00e9rio Superior na UFPel.<\/a><\/p>\n<p>2011\/05 &#8211;\u00a0<a title=\"Resolu\u00e7\u00e3o 2011\/05\" href=\"https:\/\/wp.ufpel.edu.br\/scs\/files\/2011\/05\/RES.-052011.doc\" target=\"_blank\">Altera prazo fixado pela Resolu\u00e7\u00e3o 03\/2005<br \/>\n<\/a><\/p>\n<p>2011\/06 &#8211; <a title=\"Resolu\u00e7\u00e3o 2011\/06\" href=\"https:\/\/wp.ufpel.edu.br\/scs\/files\/2011\/05\/RES.-062011.doc\" target=\"_blank\">Altera par\u00e1grafo \u00fanico do artigo 6\u00b0 da Resolu\u00e7\u00e3o n\u00ba 07\/2006.<\/a><\/p>\n<p>2011\/07 &#8211; <a title=\"Resolu\u00e7\u00e3o 07\/2011\" href=\"https:\/\/wp.ufpel.edu.br\/scs\/files\/2011\/05\/RES.-072011.doc\" target=\"_blank\">Aprova as normas e procedimentos para a atua\u00e7\u00e3o dos discentes de gradua\u00e7\u00e3o e p\u00f3s-gradua\u00e7\u00e3o da UFPel, em atividades de fiscaliza\u00e7\u00e3o de provas de Concurso P\u00fablico e\/ou Processos Seletivos, promovidos por esta Universidade.<\/a><\/p>\n<p>2011\/08 &#8211; <a title=\"Resolu\u00e7\u00e3o 2011\/08\" href=\"https:\/\/wp.ufpel.edu.br\/scs\/files\/2011\/05\/RES.-082011.doc\" target=\"_blank\">Aprova a cria\u00e7\u00e3o do N\u00facleo Interdisciplinar de Estudos e Extens\u00e3o em Agroecologia e Pol\u00edticas P\u00fablicas para a Agricultura Familiar \u2013 NUPEAR.<\/a><\/p>\n<p>2011\/09 &#8211; <a title=\"Resolu\u00e7\u00e3o 2011\/09\" href=\"https:\/\/wp.ufpel.edu.br\/scs\/files\/2011\/05\/RES.-092011.doc\" target=\"_blank\">Aprova a cria\u00e7\u00e3o do N\u00facleo Interdisciplinar de Estudos e Extens\u00e3o de Apoio ao Desenvolvimento Econ\u00f4mico e Social de Empreendimentos e Arranjos Produtivos Locais de Micro, Pequena e M\u00e9dia Empresa.<\/a><\/p>\n<p>2011\/10 &#8211; <a title=\"Resolu\u00e7\u00e3o 2011\/10\" href=\"https:\/\/wp.ufpel.edu.br\/scs\/files\/2011\/05\/Resolu\u00e7\u00e3o-COCEPE-102011.pdf\" target=\"_blank\">Aprova a cria\u00e7\u00e3o do N\u00facleo Interdisciplinar de Estudos e Extens\u00e3o em Tecnologias Sociais e Economia Solid\u00e1ria &#8211; TECSOL.<\/a><\/p>\n<p>2011\/11 &#8211; <a title=\"Resolu\u00e7\u00e3o 2011\/11\" href=\"https:\/\/wp.ufpel.edu.br\/scs\/files\/2011\/05\/RES.-112011.doc\" target=\"_blank\">Aprova a proposta de matr\u00edcula efetuada por alunos da UFPel em atividades curriculares de outros cursos desta pr\u00f3pria Institui\u00e7\u00e3o.<\/a><\/p>\n<p>2011\/12 &#8211; <a title=\"Resolu\u00e7\u00e3o 2011\/12\" href=\"https:\/\/wp.ufpel.edu.br\/scs\/files\/2011\/05\/RES.-122011.doc\" target=\"_blank\">Aprova a proposta de normatiza\u00e7\u00e3o de processo de revalida\u00e7\u00e3o de diploma de m\u00e9dico, emitido por institui\u00e7\u00f5es estrangeiras, de curso de gradua\u00e7\u00e3o.<\/a><\/p>\n","protected":false},"excerpt":{"rendered":"<p>2011\/01 &#8211; Altera\u00a0o Programa de Bolsas de Extens\u00e3o e Cultura &#8211; PROBEC e o regramento do processo seletivo que dar\u00e1 acesso \u00e0s Bolsas de Extens\u00e3o e Cultura da Universidade Federal de Pelotas. 2011\/02 &#8211; Aprova o Programa de Licenciaturas Internacionais (PLI), do Grupo Coimbra de Universidades Brasileiras&#8230; 2011\/03 &#8211; Revoga\u00a0a Resolu\u00e7\u00e3o 05\/2007 e aprovar as [&hellip;]<\/p>\n","protected":false},"author":29,"featured_media":0,"parent":196,"menu_order":5,"comment_status":"closed","ping_status":"closed","template":"","meta":{"footnotes":""},"class_list":["post-1008","page","type-page","status-publish","hentry"],"_links":{"self":[{"href":"https:\/\/wp.ufpel.edu.br\/scs\/wp-json\/wp\/v2\/pages\/1008","targetHints":{"allow":["GET"]}}],"collection":[{"href":"https:\/\/wp.ufpel.edu.br\/scs\/wp-json\/wp\/v2\/pages"}],"about":[{"href":"https:\/\/wp.ufpel.edu.br\/scs\/wp-json\/wp\/v2\/types\/page"}],"author":[{"embeddable":true,"href":"https:\/\/wp.ufpel.edu.br\/scs\/wp-json\/wp\/v2\/users\/29"}],"replies":[{"embeddable":true,"href":"https:\/\/wp.ufpel.edu.br\/scs\/wp-json\/wp\/v2\/comments?post=1008"}],"version-history":[{"count":19,"href":"https:\/\/wp.ufpel.edu.br\/scs\/wp-json\/wp\/v2\/pages\/1008\/revisions"}],"predecessor-version":[{"id":1710,"href":"https:\/\/wp.ufpel.edu.br\/scs\/wp-json\/wp\/v2\/pages\/1008\/revisions\/1710"}],"up":[{"embeddable":true,"href":"https:\/\/wp.ufpel.edu.br\/scs\/wp-json\/wp\/v2\/pages\/196"}],"wp:attachment":[{"href":"https:\/\/wp.ufpel.edu.br\/scs\/wp-json\/wp\/v2\/media?parent=1008"}],"curies":[{"name":"wp","href":"https:\/\/api.w.org\/{rel}","templated":true}]}}