{"id":8,"date":"2019-04-30T11:05:33","date_gmt":"2019-04-30T14:05:33","guid":{"rendered":"https:\/\/wp.ufpel.edu.br\/scpufpel\/?page_id=8"},"modified":"2019-04-30T11:50:40","modified_gmt":"2019-04-30T14:50:40","slug":"organizacao","status":"publish","type":"page","link":"https:\/\/wp.ufpel.edu.br\/scpufpel\/organizacao\/","title":{"rendered":"Organiza\u00e7\u00e3o"},"content":{"rendered":"<p><strong>Discentes<\/strong><\/p>\n<p>Acr\u00edsio Pereira Victorino<\/p>\n<p>Anna Cl\u00e1udia Campos e Santos<\/p>\n<p>Cristiano Ruiz Engelke<\/p>\n<p>Let\u00edcia Baron<\/p>\n<p>Mariana Schardosim Tavares<\/p>\n<p>Nilton Garcia Sainz<\/p>\n<p>Pedro Henrique Silva de Oliveira<\/p>\n<p>Yndira Coelho Soares<\/p>\n<p>&nbsp;<\/p>\n<p><strong>Docentes<\/strong><\/p>\n<p>Alvaro Augusto de Borba Barreto<\/p>\n<p>Bianca de Freitas Linhares<\/p>\n<p>Carlos Artur Gallo<\/p>\n<p>Etiene Villela Marroni<\/p>\n<p>Luciana Maria de Arag\u00e3o Ballestrin<\/p>\n<p>Rosangela Marione Schulz<\/p>\n","protected":false},"excerpt":{"rendered":"<p>Discentes Acr\u00edsio Pereira Victorino Anna Cl\u00e1udia Campos e Santos Cristiano Ruiz Engelke Let\u00edcia Baron Mariana Schardosim Tavares Nilton Garcia Sainz Pedro Henrique Silva de Oliveira Yndira Coelho Soares &nbsp; Docentes Alvaro Augusto de Borba Barreto Bianca de Freitas Linhares Carlos Artur Gallo Etiene Villela Marroni Luciana Maria de Arag\u00e3o Ballestrin Rosangela Marione Schulz<\/p>\n","protected":false},"author":880,"featured_media":0,"parent":0,"menu_order":0,"comment_status":"closed","ping_status":"closed","template":"","meta":{"footnotes":""},"class_list":["post-8","page","type-page","status-publish","hentry"],"_links":{"self":[{"href":"https:\/\/wp.ufpel.edu.br\/scpufpel\/wp-json\/wp\/v2\/pages\/8","targetHints":{"allow":["GET"]}}],"collection":[{"href":"https:\/\/wp.ufpel.edu.br\/scpufpel\/wp-json\/wp\/v2\/pages"}],"about":[{"href":"https:\/\/wp.ufpel.edu.br\/scpufpel\/wp-json\/wp\/v2\/types\/page"}],"author":[{"embeddable":true,"href":"https:\/\/wp.ufpel.edu.br\/scpufpel\/wp-json\/wp\/v2\/users\/880"}],"replies":[{"embeddable":true,"href":"https:\/\/wp.ufpel.edu.br\/scpufpel\/wp-json\/wp\/v2\/comments?post=8"}],"version-history":[{"count":3,"href":"https:\/\/wp.ufpel.edu.br\/scpufpel\/wp-json\/wp\/v2\/pages\/8\/revisions"}],"predecessor-version":[{"id":41,"href":"https:\/\/wp.ufpel.edu.br\/scpufpel\/wp-json\/wp\/v2\/pages\/8\/revisions\/41"}],"wp:attachment":[{"href":"https:\/\/wp.ufpel.edu.br\/scpufpel\/wp-json\/wp\/v2\/media?parent=8"}],"curies":[{"name":"wp","href":"https:\/\/api.w.org\/{rel}","templated":true}]}}