{"id":20,"date":"2019-04-30T11:08:02","date_gmt":"2019-04-30T14:08:02","guid":{"rendered":"https:\/\/wp.ufpel.edu.br\/scpufpel\/?page_id=20"},"modified":"2020-06-02T15:59:39","modified_gmt":"2020-06-02T18:59:39","slug":"anais-do-evento","status":"publish","type":"page","link":"https:\/\/wp.ufpel.edu.br\/scpufpel\/anais-do-evento\/","title":{"rendered":"Anais do evento"},"content":{"rendered":"<p>Anais do I Semin\u00e1rio de Ci\u00eancia Pol\u00edtica da UFPel<\/p>\n<p>ISBN 978-65-00-03564-3<\/p>\n<p>Link para download dos Anais do evento: <a href=\"https:\/\/wp.ufpel.edu.br\/scpufpel\/files\/2020\/06\/Anais-I-Semin\u00e1rio-de-Ci\u00eancia-Pol\u00edtica-UFPel.pdf\">Anais I Semin\u00e1rio de Ci\u00eancia Pol\u00edtica UFPel<\/a><\/p>\n","protected":false},"excerpt":{"rendered":"<p>Anais do I Semin\u00e1rio de Ci\u00eancia Pol\u00edtica da UFPel ISBN 978-65-00-03564-3 Link para download dos Anais do evento: Anais I Semin\u00e1rio de Ci\u00eancia Pol\u00edtica UFPel<\/p>\n","protected":false},"author":880,"featured_media":0,"parent":0,"menu_order":0,"comment_status":"closed","ping_status":"closed","template":"","meta":{"footnotes":""},"class_list":["post-20","page","type-page","status-publish","hentry"],"_links":{"self":[{"href":"https:\/\/wp.ufpel.edu.br\/scpufpel\/wp-json\/wp\/v2\/pages\/20","targetHints":{"allow":["GET"]}}],"collection":[{"href":"https:\/\/wp.ufpel.edu.br\/scpufpel\/wp-json\/wp\/v2\/pages"}],"about":[{"href":"https:\/\/wp.ufpel.edu.br\/scpufpel\/wp-json\/wp\/v2\/types\/page"}],"author":[{"embeddable":true,"href":"https:\/\/wp.ufpel.edu.br\/scpufpel\/wp-json\/wp\/v2\/users\/880"}],"replies":[{"embeddable":true,"href":"https:\/\/wp.ufpel.edu.br\/scpufpel\/wp-json\/wp\/v2\/comments?post=20"}],"version-history":[{"count":6,"href":"https:\/\/wp.ufpel.edu.br\/scpufpel\/wp-json\/wp\/v2\/pages\/20\/revisions"}],"predecessor-version":[{"id":118,"href":"https:\/\/wp.ufpel.edu.br\/scpufpel\/wp-json\/wp\/v2\/pages\/20\/revisions\/118"}],"wp:attachment":[{"href":"https:\/\/wp.ufpel.edu.br\/scpufpel\/wp-json\/wp\/v2\/media?parent=20"}],"curies":[{"name":"wp","href":"https:\/\/api.w.org\/{rel}","templated":true}]}}