{"id":17,"date":"2019-04-30T11:07:26","date_gmt":"2019-04-30T14:07:26","guid":{"rendered":"https:\/\/wp.ufpel.edu.br\/scpufpel\/?page_id=17"},"modified":"2019-05-20T12:01:31","modified_gmt":"2019-05-20T15:01:31","slug":"inscricoes","status":"publish","type":"page","link":"https:\/\/wp.ufpel.edu.br\/scpufpel\/inscricoes\/","title":{"rendered":"Inscri\u00e7\u00f5es"},"content":{"rendered":"<p>Todas\/os participantes do <strong>I Semin\u00e1rio de Ci\u00eancia Pol\u00edtica da UFPel<\/strong>, seja na condi\u00e7\u00e3o de apresentadoras\/es de trabalho, seja como ouvintes, participar\u00e3o do evento de forma gratuita.<\/p>\n<p>&nbsp;<\/p>\n<p><strong>Para as\/os ouvintes:<\/strong><\/p>\n<p>As\/os ouvintes poder\u00e3o fazer sua inscri\u00e7\u00e3o no primeiro do dia evento, durante o credenciamento. Receber\u00e3o um certificado de ouvinte no <strong>I Semin\u00e1rio de Ci\u00eancia Pol\u00edtica da UFPel<\/strong> aquelas\/es que tiverem frequ\u00eancia igual ou superior a 75%.<\/p>\n<p>&nbsp;<\/p>\n<p><strong>Para a apresenta\u00e7\u00e3o de trabalhos nos GTs:<\/strong><\/p>\n<p>Podem apresentar trabalhos no <strong>I Semin\u00e1rio de Ci\u00eancia Pol\u00edtica da UFPel<\/strong> estudantes de gradua\u00e7\u00e3o, p\u00f3s-graduandos e p\u00f3s-graduados em Ci\u00eancia Pol\u00edtica e \u00e1reas afins.<\/p>\n<p>As regras para o envio dos resumos encontram-se no Edital: <a href=\"https:\/\/wp.ufpel.edu.br\/scpufpel\/files\/2019\/05\/Edital-Chamada-de-TrabalhosVF.pdf\">I SCP UFPel &#8211; Edital<\/a><\/p>\n<p>Formul\u00e1rio online para submiss\u00e3o de resumos:\u00a0<a href=\"https:\/\/docs.google.com\/forms\/d\/e\/1FAIpQLSeLU_zcuzLwZG6IMRoXX9SWTdZ2sRbdJtO4N7vPwjeerJ6LlQ\/viewform\" target=\"_blank\" rel=\"noopener noreferrer\">I SCP &#8211; Formul\u00e1rio submiss\u00e3o de propostas<\/a><\/p>\n<p><strong>RETIFICA\u00c7\u00c3O:<\/strong> No momento da submiss\u00e3o dos resumos para o &#8220;GT 7 &#8211; Inicia\u00e7\u00e3o Cient\u00edfica&#8221;, os\/as autores\/as das propostas devem indicar o nome dos\/as professores\/as que orientaram a pesquisa.<\/p>\n<p>&nbsp;<\/p>\n<p><strong>Para os anais do evento:<\/strong><\/p>\n<p>Modelo para os trabalhos completos: <a href=\"https:\/\/wp.ufpel.edu.br\/scpufpel\/files\/2019\/05\/Modelo-Trabalho-Completo.docx\">I SCP UFPel &#8211; Modelo Trabalho Completo<\/a><\/p>\n<p>Modelo para os resumos expandidos: <a href=\"https:\/\/wp.ufpel.edu.br\/scpufpel\/files\/2019\/05\/Modelo-Resumo-Expandido.docx\">I SCP UFPel &#8211; Modelo Resumo Expandido<\/a><\/p>\n<p>&nbsp;<\/p>\n<p><strong>D\u00favidas?<\/strong><\/p>\n<p>Escreva para <strong>scpufpel@gmail.com<\/strong><\/p>\n","protected":false},"excerpt":{"rendered":"<p>Todas\/os participantes do I Semin\u00e1rio de Ci\u00eancia Pol\u00edtica da UFPel, seja na condi\u00e7\u00e3o de apresentadoras\/es de trabalho, seja como ouvintes, participar\u00e3o do evento de forma gratuita. &nbsp; Para as\/os ouvintes: As\/os ouvintes poder\u00e3o fazer sua inscri\u00e7\u00e3o no primeiro do dia evento, durante o credenciamento. Receber\u00e3o um certificado de ouvinte no I Semin\u00e1rio de Ci\u00eancia Pol\u00edtica [&hellip;]<\/p>\n","protected":false},"author":880,"featured_media":0,"parent":0,"menu_order":0,"comment_status":"closed","ping_status":"closed","template":"","meta":{"footnotes":""},"class_list":["post-17","page","type-page","status-publish","hentry"],"_links":{"self":[{"href":"https:\/\/wp.ufpel.edu.br\/scpufpel\/wp-json\/wp\/v2\/pages\/17","targetHints":{"allow":["GET"]}}],"collection":[{"href":"https:\/\/wp.ufpel.edu.br\/scpufpel\/wp-json\/wp\/v2\/pages"}],"about":[{"href":"https:\/\/wp.ufpel.edu.br\/scpufpel\/wp-json\/wp\/v2\/types\/page"}],"author":[{"embeddable":true,"href":"https:\/\/wp.ufpel.edu.br\/scpufpel\/wp-json\/wp\/v2\/users\/880"}],"replies":[{"embeddable":true,"href":"https:\/\/wp.ufpel.edu.br\/scpufpel\/wp-json\/wp\/v2\/comments?post=17"}],"version-history":[{"count":9,"href":"https:\/\/wp.ufpel.edu.br\/scpufpel\/wp-json\/wp\/v2\/pages\/17\/revisions"}],"predecessor-version":[{"id":77,"href":"https:\/\/wp.ufpel.edu.br\/scpufpel\/wp-json\/wp\/v2\/pages\/17\/revisions\/77"}],"wp:attachment":[{"href":"https:\/\/wp.ufpel.edu.br\/scpufpel\/wp-json\/wp\/v2\/media?parent=17"}],"curies":[{"name":"wp","href":"https:\/\/api.w.org\/{rel}","templated":true}]}}