{"id":11,"date":"2019-04-30T11:06:01","date_gmt":"2019-04-30T14:06:01","guid":{"rendered":"https:\/\/wp.ufpel.edu.br\/scpufpel\/?page_id=11"},"modified":"2019-05-09T21:52:46","modified_gmt":"2019-05-10T00:52:46","slug":"programacao","status":"publish","type":"page","link":"https:\/\/wp.ufpel.edu.br\/scpufpel\/programacao\/","title":{"rendered":"Programa\u00e7\u00e3o"},"content":{"rendered":"<p><strong>Programa\u00e7\u00e3o (provis\u00f3ria)<\/strong><\/p>\n<table>\n<tbody>\n<tr>\n<td width=\"195\"><strong>Turno<\/strong><\/td>\n<td width=\"204\"><strong>DIA 1 (Quinta-feira, 22 de agosto de 2019)<\/strong><\/td>\n<td width=\"204\"><strong>DIA 2 (Sexta-feira, 23 de agosto de 2019)<\/strong><\/td>\n<\/tr>\n<tr>\n<td width=\"195\"><strong>MANH\u00c3<\/strong><\/td>\n<td width=\"204\"><strong>&#8211;<\/strong><\/td>\n<td width=\"204\"><strong>9h &#8211; 12h &#8211; Segunda sess\u00e3o dos GTs<\/strong><\/td>\n<\/tr>\n<tr>\n<td width=\"195\"><strong>TARDE<\/strong><\/td>\n<td width=\"204\">\n<p><strong>13h &#8211; Credenciamento<\/strong><\/p>\n<p><strong>14h &#8211; Abertura do evento<\/strong><\/p>\n<p><strong>14h30 &#8211; 17h30 &#8211; Primeira sess\u00e3o dos GTs<\/strong><\/td>\n<td width=\"204\"><strong>14h30 &#8211; 17h30 &#8211; Terceira sess\u00e3o dos GTs<\/strong><\/td>\n<\/tr>\n<tr>\n<td width=\"195\"><strong>NOITE<\/strong><\/td>\n<td width=\"204\">\n<p><strong>18h &#8211; Coffee Break<\/strong><\/p>\n<p>&nbsp;<\/p>\n<p><strong>19h &#8211; Palestra de Abertura com o Prof. Adriano Codato (UFPR)<\/strong><\/td>\n<td width=\"204\">\n<p><strong>18h &#8211; Sess\u00e3o para lan\u00e7amento de livros<\/strong><\/p>\n<p><strong>19h &#8211; Palestra de encerramento com a Profa. C\u00e9li Regina Jardim Pinto (UFRGS) e a Profa. Luciana Ballestrin (UFPel)<\/strong><\/td>\n<\/tr>\n<\/tbody>\n<\/table>\n<p>&nbsp;<\/p>\n","protected":false},"excerpt":{"rendered":"<p>Programa\u00e7\u00e3o (provis\u00f3ria) Turno DIA 1 (Quinta-feira, 22 de agosto de 2019) DIA 2 (Sexta-feira, 23 de agosto de 2019) MANH\u00c3 &#8211; 9h &#8211; 12h &#8211; Segunda sess\u00e3o dos GTs TARDE 13h &#8211; Credenciamento 14h &#8211; Abertura do evento 14h30 &#8211; 17h30 &#8211; Primeira sess\u00e3o dos GTs 14h30 &#8211; 17h30 &#8211; Terceira sess\u00e3o dos GTs NOITE [&hellip;]<\/p>\n","protected":false},"author":880,"featured_media":0,"parent":0,"menu_order":0,"comment_status":"closed","ping_status":"closed","template":"","meta":{"footnotes":""},"class_list":["post-11","page","type-page","status-publish","hentry"],"_links":{"self":[{"href":"https:\/\/wp.ufpel.edu.br\/scpufpel\/wp-json\/wp\/v2\/pages\/11","targetHints":{"allow":["GET"]}}],"collection":[{"href":"https:\/\/wp.ufpel.edu.br\/scpufpel\/wp-json\/wp\/v2\/pages"}],"about":[{"href":"https:\/\/wp.ufpel.edu.br\/scpufpel\/wp-json\/wp\/v2\/types\/page"}],"author":[{"embeddable":true,"href":"https:\/\/wp.ufpel.edu.br\/scpufpel\/wp-json\/wp\/v2\/users\/880"}],"replies":[{"embeddable":true,"href":"https:\/\/wp.ufpel.edu.br\/scpufpel\/wp-json\/wp\/v2\/comments?post=11"}],"version-history":[{"count":6,"href":"https:\/\/wp.ufpel.edu.br\/scpufpel\/wp-json\/wp\/v2\/pages\/11\/revisions"}],"predecessor-version":[{"id":69,"href":"https:\/\/wp.ufpel.edu.br\/scpufpel\/wp-json\/wp\/v2\/pages\/11\/revisions\/69"}],"wp:attachment":[{"href":"https:\/\/wp.ufpel.edu.br\/scpufpel\/wp-json\/wp\/v2\/media?parent=11"}],"curies":[{"name":"wp","href":"https:\/\/api.w.org\/{rel}","templated":true}]}}