{"id":79,"date":"2025-10-30T12:00:46","date_gmt":"2025-10-30T15:00:46","guid":{"rendered":"https:\/\/wp.ufpel.edu.br\/sccl\/?page_id=79"},"modified":"2026-03-23T08:35:04","modified_gmt":"2026-03-23T11:35:04","slug":"sccl","status":"publish","type":"page","link":"https:\/\/wp.ufpel.edu.br\/sccl\/sccl\/","title":{"rendered":"SCCL"},"content":{"rendered":"<p><img class=\"alignleft wp-image-208 size-full\" src=\"https:\/\/wp.ufpel.edu.br\/sccl\/files\/2025\/11\/logo-capao-do-leao-vertical333.png\" alt=\"\" width=\"400\" height=\"324\" \/><strong>DESCRI\u00c7\u00c3O INSTITUCIONAL:<\/strong><\/p>\n<p>A Superintend\u00eancia do Campus Cap\u00e3o do Le\u00e3o (SCCL) \u00e9 o setor respons\u00e1vel pela integra\u00e7\u00e3o administrativa e acad\u00eamica do maior campus da Universidade Federal de Pelotas.<\/p>\n<p>Localizada em uma \u00e1rea extensa e estrat\u00e9gica, a SCCL atua no apoio \u00e0s unidades acad\u00eamicas e administrativas buscando a melhoria cont\u00ednua dos servi\u00e7os ofertados no campus.<\/p>\n<p>Atualmente, o servidor Vilson Borba Pinto ocupa o cargo de superintendente, com o Prof. Dr. Gabrielito Rauter Menezes como superintendente substituto.<\/p>\n","protected":false},"excerpt":{"rendered":"<p>DESCRI\u00c7\u00c3O INSTITUCIONAL: A Superintend\u00eancia do Campus Cap\u00e3o do Le\u00e3o (SCCL) \u00e9 o setor respons\u00e1vel pela integra\u00e7\u00e3o administrativa e acad\u00eamica do maior campus da Universidade Federal de Pelotas. Localizada em uma \u00e1rea extensa e estrat\u00e9gica, a SCCL atua no apoio \u00e0s unidades acad\u00eamicas e administrativas buscando a melhoria cont\u00ednua dos servi\u00e7os ofertados no campus. Atualmente, o [&hellip;]<\/p>\n","protected":false},"author":1527,"featured_media":0,"parent":0,"menu_order":1,"comment_status":"closed","ping_status":"closed","template":"","meta":{"footnotes":""},"class_list":["post-79","page","type-page","status-publish","hentry"],"yoast_head":"<!-- This site is optimized with the Yoast SEO plugin v26.7 - https:\/\/yoast.com\/wordpress\/plugins\/seo\/ -->\n<title>SCCL - Superintend\u00eancia do Campus Cap\u00e3o do Le\u00e3o (SCCL)<\/title>\n<meta name=\"robots\" content=\"index, follow, max-snippet:-1, max-image-preview:large, max-video-preview:-1\" \/>\n<link rel=\"canonical\" href=\"https:\/\/wp.ufpel.edu.br\/sccl\/sccl\/\" \/>\n<meta property=\"og:locale\" content=\"pt_BR\" \/>\n<meta property=\"og:type\" content=\"article\" \/>\n<meta property=\"og:title\" content=\"SCCL - Superintend\u00eancia do Campus Cap\u00e3o do Le\u00e3o (SCCL)\" \/>\n<meta property=\"og:description\" content=\"DESCRI\u00c7\u00c3O INSTITUCIONAL: A Superintend\u00eancia do Campus Cap\u00e3o do Le\u00e3o (SCCL) \u00e9 o setor respons\u00e1vel pela integra\u00e7\u00e3o administrativa e acad\u00eamica do maior campus da Universidade Federal de Pelotas. Localizada em uma \u00e1rea extensa e estrat\u00e9gica, a SCCL atua no apoio \u00e0s unidades acad\u00eamicas e administrativas buscando a melhoria cont\u00ednua dos servi\u00e7os ofertados no campus. Atualmente, o [&hellip;]\" \/>\n<meta property=\"og:url\" content=\"https:\/\/wp.ufpel.edu.br\/sccl\/sccl\/\" \/>\n<meta property=\"og:site_name\" content=\"Superintend\u00eancia do Campus Cap\u00e3o do Le\u00e3o (SCCL)\" \/>\n<meta property=\"article:modified_time\" content=\"2026-03-23T11:35:04+00:00\" \/>\n<meta property=\"og:image\" content=\"https:\/\/wp.ufpel.edu.br\/sccl\/files\/2025\/11\/logo-capao-do-leao-vertical333.png\" \/>\n\t<meta property=\"og:image:width\" content=\"400\" \/>\n\t<meta property=\"og:image:height\" content=\"324\" \/>\n\t<meta property=\"og:image:type\" content=\"image\/png\" \/>\n<meta name=\"twitter:card\" content=\"summary_large_image\" \/>\n<meta name=\"twitter:label1\" content=\"Est. tempo de leitura\" \/>\n\t<meta name=\"twitter:data1\" content=\"1 minuto\" \/>\n<script type=\"application\/ld+json\" class=\"yoast-schema-graph\">{\"@context\":\"https:\/\/schema.org\",\"@graph\":[{\"@type\":\"WebPage\",\"@id\":\"https:\/\/wp.ufpel.edu.br\/sccl\/sccl\/\",\"url\":\"https:\/\/wp.ufpel.edu.br\/sccl\/sccl\/\",\"name\":\"SCCL - Superintend\u00eancia do Campus Cap\u00e3o do Le\u00e3o (SCCL)\",\"isPartOf\":{\"@id\":\"https:\/\/wp.ufpel.edu.br\/sccl\/#website\"},\"primaryImageOfPage\":{\"@id\":\"https:\/\/wp.ufpel.edu.br\/sccl\/sccl\/#primaryimage\"},\"image\":{\"@id\":\"https:\/\/wp.ufpel.edu.br\/sccl\/sccl\/#primaryimage\"},\"thumbnailUrl\":\"https:\/\/wp.ufpel.edu.br\/sccl\/files\/2025\/11\/logo-capao-do-leao-vertical333.png\",\"datePublished\":\"2025-10-30T15:00:46+00:00\",\"dateModified\":\"2026-03-23T11:35:04+00:00\",\"breadcrumb\":{\"@id\":\"https:\/\/wp.ufpel.edu.br\/sccl\/sccl\/#breadcrumb\"},\"inLanguage\":\"pt-BR\",\"potentialAction\":[{\"@type\":\"ReadAction\",\"target\":[\"https:\/\/wp.ufpel.edu.br\/sccl\/sccl\/\"]}]},{\"@type\":\"ImageObject\",\"inLanguage\":\"pt-BR\",\"@id\":\"https:\/\/wp.ufpel.edu.br\/sccl\/sccl\/#primaryimage\",\"url\":\"https:\/\/wp.ufpel.edu.br\/sccl\/files\/2025\/11\/logo-capao-do-leao-vertical333.png\",\"contentUrl\":\"https:\/\/wp.ufpel.edu.br\/sccl\/files\/2025\/11\/logo-capao-do-leao-vertical333.png\",\"width\":400,\"height\":324},{\"@type\":\"BreadcrumbList\",\"@id\":\"https:\/\/wp.ufpel.edu.br\/sccl\/sccl\/#breadcrumb\",\"itemListElement\":[{\"@type\":\"ListItem\",\"position\":1,\"name\":\"In\u00edcio\",\"item\":\"https:\/\/wp.ufpel.edu.br\/sccl\/\"},{\"@type\":\"ListItem\",\"position\":2,\"name\":\"SCCL\"}]},{\"@type\":\"WebSite\",\"@id\":\"https:\/\/wp.ufpel.edu.br\/sccl\/#website\",\"url\":\"https:\/\/wp.ufpel.edu.br\/sccl\/\",\"name\":\"Superintend\u00eancia do Campus Cap\u00e3o do Le\u00e3o (SCCL)\",\"description\":\"Centro Agropecu\u00e1rio da Palma | Biot\u00e9rio Central\",\"potentialAction\":[{\"@type\":\"SearchAction\",\"target\":{\"@type\":\"EntryPoint\",\"urlTemplate\":\"https:\/\/wp.ufpel.edu.br\/sccl\/?s={search_term_string}\"},\"query-input\":{\"@type\":\"PropertyValueSpecification\",\"valueRequired\":true,\"valueName\":\"search_term_string\"}}],\"inLanguage\":\"pt-BR\"}]}<\/script>\n<!-- \/ Yoast SEO plugin. -->","yoast_head_json":{"title":"SCCL - Superintend\u00eancia do Campus Cap\u00e3o do Le\u00e3o (SCCL)","robots":{"index":"index","follow":"follow","max-snippet":"max-snippet:-1","max-image-preview":"max-image-preview:large","max-video-preview":"max-video-preview:-1"},"canonical":"https:\/\/wp.ufpel.edu.br\/sccl\/sccl\/","og_locale":"pt_BR","og_type":"article","og_title":"SCCL - Superintend\u00eancia do Campus Cap\u00e3o do Le\u00e3o (SCCL)","og_description":"DESCRI\u00c7\u00c3O INSTITUCIONAL: A Superintend\u00eancia do Campus Cap\u00e3o do Le\u00e3o (SCCL) \u00e9 o setor respons\u00e1vel pela integra\u00e7\u00e3o administrativa e acad\u00eamica do maior campus da Universidade Federal de Pelotas. Localizada em uma \u00e1rea extensa e estrat\u00e9gica, a SCCL atua no apoio \u00e0s unidades acad\u00eamicas e administrativas buscando a melhoria cont\u00ednua dos servi\u00e7os ofertados no campus. Atualmente, o [&hellip;]","og_url":"https:\/\/wp.ufpel.edu.br\/sccl\/sccl\/","og_site_name":"Superintend\u00eancia do Campus Cap\u00e3o do Le\u00e3o (SCCL)","article_modified_time":"2026-03-23T11:35:04+00:00","og_image":[{"width":400,"height":324,"url":"https:\/\/wp.ufpel.edu.br\/sccl\/files\/2025\/11\/logo-capao-do-leao-vertical333.png","type":"image\/png"}],"twitter_card":"summary_large_image","twitter_misc":{"Est. tempo de leitura":"1 minuto"},"schema":{"@context":"https:\/\/schema.org","@graph":[{"@type":"WebPage","@id":"https:\/\/wp.ufpel.edu.br\/sccl\/sccl\/","url":"https:\/\/wp.ufpel.edu.br\/sccl\/sccl\/","name":"SCCL - Superintend\u00eancia do Campus Cap\u00e3o do Le\u00e3o (SCCL)","isPartOf":{"@id":"https:\/\/wp.ufpel.edu.br\/sccl\/#website"},"primaryImageOfPage":{"@id":"https:\/\/wp.ufpel.edu.br\/sccl\/sccl\/#primaryimage"},"image":{"@id":"https:\/\/wp.ufpel.edu.br\/sccl\/sccl\/#primaryimage"},"thumbnailUrl":"https:\/\/wp.ufpel.edu.br\/sccl\/files\/2025\/11\/logo-capao-do-leao-vertical333.png","datePublished":"2025-10-30T15:00:46+00:00","dateModified":"2026-03-23T11:35:04+00:00","breadcrumb":{"@id":"https:\/\/wp.ufpel.edu.br\/sccl\/sccl\/#breadcrumb"},"inLanguage":"pt-BR","potentialAction":[{"@type":"ReadAction","target":["https:\/\/wp.ufpel.edu.br\/sccl\/sccl\/"]}]},{"@type":"ImageObject","inLanguage":"pt-BR","@id":"https:\/\/wp.ufpel.edu.br\/sccl\/sccl\/#primaryimage","url":"https:\/\/wp.ufpel.edu.br\/sccl\/files\/2025\/11\/logo-capao-do-leao-vertical333.png","contentUrl":"https:\/\/wp.ufpel.edu.br\/sccl\/files\/2025\/11\/logo-capao-do-leao-vertical333.png","width":400,"height":324},{"@type":"BreadcrumbList","@id":"https:\/\/wp.ufpel.edu.br\/sccl\/sccl\/#breadcrumb","itemListElement":[{"@type":"ListItem","position":1,"name":"In\u00edcio","item":"https:\/\/wp.ufpel.edu.br\/sccl\/"},{"@type":"ListItem","position":2,"name":"SCCL"}]},{"@type":"WebSite","@id":"https:\/\/wp.ufpel.edu.br\/sccl\/#website","url":"https:\/\/wp.ufpel.edu.br\/sccl\/","name":"Superintend\u00eancia do Campus Cap\u00e3o do Le\u00e3o (SCCL)","description":"Centro Agropecu\u00e1rio da Palma | Biot\u00e9rio Central","potentialAction":[{"@type":"SearchAction","target":{"@type":"EntryPoint","urlTemplate":"https:\/\/wp.ufpel.edu.br\/sccl\/?s={search_term_string}"},"query-input":{"@type":"PropertyValueSpecification","valueRequired":true,"valueName":"search_term_string"}}],"inLanguage":"pt-BR"}]}},"jetpack_sharing_enabled":true,"_links":{"self":[{"href":"https:\/\/wp.ufpel.edu.br\/sccl\/wp-json\/wp\/v2\/pages\/79","targetHints":{"allow":["GET"]}}],"collection":[{"href":"https:\/\/wp.ufpel.edu.br\/sccl\/wp-json\/wp\/v2\/pages"}],"about":[{"href":"https:\/\/wp.ufpel.edu.br\/sccl\/wp-json\/wp\/v2\/types\/page"}],"author":[{"embeddable":true,"href":"https:\/\/wp.ufpel.edu.br\/sccl\/wp-json\/wp\/v2\/users\/1527"}],"replies":[{"embeddable":true,"href":"https:\/\/wp.ufpel.edu.br\/sccl\/wp-json\/wp\/v2\/comments?post=79"}],"version-history":[{"count":4,"href":"https:\/\/wp.ufpel.edu.br\/sccl\/wp-json\/wp\/v2\/pages\/79\/revisions"}],"predecessor-version":[{"id":458,"href":"https:\/\/wp.ufpel.edu.br\/sccl\/wp-json\/wp\/v2\/pages\/79\/revisions\/458"}],"wp:attachment":[{"href":"https:\/\/wp.ufpel.edu.br\/sccl\/wp-json\/wp\/v2\/media?parent=79"}],"curies":[{"name":"wp","href":"https:\/\/api.w.org\/{rel}","templated":true}]}}