{"id":58,"date":"2025-10-28T09:06:29","date_gmt":"2025-10-28T12:06:29","guid":{"rendered":"https:\/\/wp.ufpel.edu.br\/sccl\/?page_id=58"},"modified":"2026-02-11T09:07:23","modified_gmt":"2026-02-11T12:07:23","slug":"bioterio","status":"publish","type":"page","link":"https:\/\/wp.ufpel.edu.br\/sccl\/bioterio\/","title":{"rendered":"Biot\u00e9rio Central"},"content":{"rendered":"<p data-start=\"211\" data-end=\"453\"><img class=\"alignnone size-full wp-image-259\" src=\"https:\/\/wp.ufpel.edu.br\/sccl\/files\/2025\/11\/epnENHWOO-1-scaled.jpeg\" alt=\"\" width=\"2560\" height=\"604\" srcset=\"https:\/\/wp.ufpel.edu.br\/sccl\/files\/2025\/11\/epnENHWOO-1-scaled.jpeg 2560w, https:\/\/wp.ufpel.edu.br\/sccl\/files\/2025\/11\/epnENHWOO-1-400x94.jpeg 400w, https:\/\/wp.ufpel.edu.br\/sccl\/files\/2025\/11\/epnENHWOO-1-1024x242.jpeg 1024w, https:\/\/wp.ufpel.edu.br\/sccl\/files\/2025\/11\/epnENHWOO-1-768x181.jpeg 768w, https:\/\/wp.ufpel.edu.br\/sccl\/files\/2025\/11\/epnENHWOO-1-1536x362.jpeg 1536w, https:\/\/wp.ufpel.edu.br\/sccl\/files\/2025\/11\/epnENHWOO-1-2048x483.jpeg 2048w\" sizes=\"(max-width: 2560px) 100vw, 2560px\" \/><\/p>\n<p data-start=\"211\" data-end=\"453\"><strong>DESCRI\u00c7\u00c3O INSTITUCIONAL:<\/strong><\/p>\n<p data-start=\"211\" data-end=\"453\">O Biot\u00e9rio Central \u00e9 respons\u00e1vel por atender \u00e0s demandas de animais aos pesquisadores de diversos programas de p\u00f3s-gradua\u00e7\u00e3o e unidades acad\u00eamicas da institui\u00e7\u00e3o. \u00c9 uma unidade vinculada \u00e0 SCCL, chefiada pela Superintendente Vilson Borba Pinto.<\/p>\n<p data-start=\"455\" data-end=\"868\">Com car\u00e1ter multidisciplinar, o Biot\u00e9rio Central apoia anualmente cerca de 40 projetos de pesquisa, fornecendo roedores utilizados em estudos cient\u00edficos desenvolvidos internamente. Os animais produzidos atendem aos Programas de P\u00f3s-Gradua\u00e7\u00e3o em Bioqu\u00edmica e Bioprospec\u00e7\u00e3o, Biotecnologia, Educa\u00e7\u00e3o F\u00edsica, Nutri\u00e7\u00e3o, Odontologia, Parasitologia, Qu\u00edmica, Veterin\u00e1ria e Zootecnia, entre outros.<\/p>\n<p data-start=\"870\" data-end=\"1119\">Desde 2019, o Biot\u00e9rio Central integra a Rede Nacional de Biot\u00e9rios de Produ\u00e7\u00e3o de Animais para Fins Cient\u00edficos, Did\u00e1ticos e Tecnol\u00f3gicos (REBIOT\u00c9RIO), vinculada ao Conselho Nacional de Desenvolvimento Cient\u00edfico e Tecnol\u00f3gico (CNPq).<\/p>\n","protected":false},"excerpt":{"rendered":"<p>DESCRI\u00c7\u00c3O INSTITUCIONAL: O Biot\u00e9rio Central \u00e9 respons\u00e1vel por atender \u00e0s demandas de animais aos pesquisadores de diversos programas de p\u00f3s-gradua\u00e7\u00e3o e unidades acad\u00eamicas da institui\u00e7\u00e3o. \u00c9 uma unidade vinculada \u00e0 SCCL, chefiada pela Superintendente Vilson Borba Pinto. Com car\u00e1ter multidisciplinar, o Biot\u00e9rio Central apoia anualmente cerca de 40 projetos de pesquisa, fornecendo roedores utilizados em [&hellip;]<\/p>\n","protected":false},"author":1527,"featured_media":0,"parent":0,"menu_order":3,"comment_status":"closed","ping_status":"closed","template":"","meta":{"footnotes":""},"class_list":["post-58","page","type-page","status-publish","hentry"],"yoast_head":"<!-- This site is optimized with the Yoast SEO plugin v26.7 - https:\/\/yoast.com\/wordpress\/plugins\/seo\/ -->\n<title>Biot\u00e9rio Central - Superintend\u00eancia do Campus Cap\u00e3o do Le\u00e3o (SCCL)<\/title>\n<meta name=\"robots\" content=\"index, follow, max-snippet:-1, max-image-preview:large, max-video-preview:-1\" \/>\n<link rel=\"canonical\" href=\"https:\/\/wp.ufpel.edu.br\/sccl\/bioterio\/\" \/>\n<meta property=\"og:locale\" content=\"pt_BR\" \/>\n<meta property=\"og:type\" content=\"article\" \/>\n<meta property=\"og:title\" content=\"Biot\u00e9rio Central - Superintend\u00eancia do Campus Cap\u00e3o do Le\u00e3o (SCCL)\" \/>\n<meta property=\"og:description\" content=\"DESCRI\u00c7\u00c3O INSTITUCIONAL: O Biot\u00e9rio Central \u00e9 respons\u00e1vel por atender \u00e0s demandas de animais aos pesquisadores de diversos programas de p\u00f3s-gradua\u00e7\u00e3o e unidades acad\u00eamicas da institui\u00e7\u00e3o. \u00c9 uma unidade vinculada \u00e0 SCCL, chefiada pela Superintendente Vilson Borba Pinto. Com car\u00e1ter multidisciplinar, o Biot\u00e9rio Central apoia anualmente cerca de 40 projetos de pesquisa, fornecendo roedores utilizados em [&hellip;]\" \/>\n<meta property=\"og:url\" content=\"https:\/\/wp.ufpel.edu.br\/sccl\/bioterio\/\" \/>\n<meta property=\"og:site_name\" content=\"Superintend\u00eancia do Campus Cap\u00e3o do Le\u00e3o (SCCL)\" \/>\n<meta property=\"article:modified_time\" content=\"2026-02-11T12:07:23+00:00\" \/>\n<meta property=\"og:image\" content=\"https:\/\/wp.ufpel.edu.br\/sccl\/files\/2025\/11\/epnENHWOO-1-scaled.jpeg\" \/>\n\t<meta property=\"og:image:width\" content=\"2560\" \/>\n\t<meta property=\"og:image:height\" content=\"604\" \/>\n\t<meta property=\"og:image:type\" content=\"image\/jpeg\" \/>\n<meta name=\"twitter:card\" content=\"summary_large_image\" \/>\n<meta name=\"twitter:label1\" content=\"Est. tempo de leitura\" \/>\n\t<meta name=\"twitter:data1\" content=\"1 minuto\" \/>\n<script type=\"application\/ld+json\" class=\"yoast-schema-graph\">{\"@context\":\"https:\/\/schema.org\",\"@graph\":[{\"@type\":\"WebPage\",\"@id\":\"https:\/\/wp.ufpel.edu.br\/sccl\/bioterio\/\",\"url\":\"https:\/\/wp.ufpel.edu.br\/sccl\/bioterio\/\",\"name\":\"Biot\u00e9rio Central - Superintend\u00eancia do Campus Cap\u00e3o do Le\u00e3o (SCCL)\",\"isPartOf\":{\"@id\":\"https:\/\/wp.ufpel.edu.br\/sccl\/#website\"},\"primaryImageOfPage\":{\"@id\":\"https:\/\/wp.ufpel.edu.br\/sccl\/bioterio\/#primaryimage\"},\"image\":{\"@id\":\"https:\/\/wp.ufpel.edu.br\/sccl\/bioterio\/#primaryimage\"},\"thumbnailUrl\":\"https:\/\/wp.ufpel.edu.br\/sccl\/files\/2025\/11\/epnENHWOO-1-scaled.jpeg\",\"datePublished\":\"2025-10-28T12:06:29+00:00\",\"dateModified\":\"2026-02-11T12:07:23+00:00\",\"breadcrumb\":{\"@id\":\"https:\/\/wp.ufpel.edu.br\/sccl\/bioterio\/#breadcrumb\"},\"inLanguage\":\"pt-BR\",\"potentialAction\":[{\"@type\":\"ReadAction\",\"target\":[\"https:\/\/wp.ufpel.edu.br\/sccl\/bioterio\/\"]}]},{\"@type\":\"ImageObject\",\"inLanguage\":\"pt-BR\",\"@id\":\"https:\/\/wp.ufpel.edu.br\/sccl\/bioterio\/#primaryimage\",\"url\":\"https:\/\/wp.ufpel.edu.br\/sccl\/files\/2025\/11\/epnENHWOO-1-scaled.jpeg\",\"contentUrl\":\"https:\/\/wp.ufpel.edu.br\/sccl\/files\/2025\/11\/epnENHWOO-1-scaled.jpeg\",\"width\":2560,\"height\":604},{\"@type\":\"BreadcrumbList\",\"@id\":\"https:\/\/wp.ufpel.edu.br\/sccl\/bioterio\/#breadcrumb\",\"itemListElement\":[{\"@type\":\"ListItem\",\"position\":1,\"name\":\"In\u00edcio\",\"item\":\"https:\/\/wp.ufpel.edu.br\/sccl\/\"},{\"@type\":\"ListItem\",\"position\":2,\"name\":\"Biot\u00e9rio Central\"}]},{\"@type\":\"WebSite\",\"@id\":\"https:\/\/wp.ufpel.edu.br\/sccl\/#website\",\"url\":\"https:\/\/wp.ufpel.edu.br\/sccl\/\",\"name\":\"Superintend\u00eancia do Campus Cap\u00e3o do Le\u00e3o (SCCL)\",\"description\":\"Centro Agropecu\u00e1rio da Palma | Biot\u00e9rio Central\",\"potentialAction\":[{\"@type\":\"SearchAction\",\"target\":{\"@type\":\"EntryPoint\",\"urlTemplate\":\"https:\/\/wp.ufpel.edu.br\/sccl\/?s={search_term_string}\"},\"query-input\":{\"@type\":\"PropertyValueSpecification\",\"valueRequired\":true,\"valueName\":\"search_term_string\"}}],\"inLanguage\":\"pt-BR\"}]}<\/script>\n<!-- \/ Yoast SEO plugin. -->","yoast_head_json":{"title":"Biot\u00e9rio Central - Superintend\u00eancia do Campus Cap\u00e3o do Le\u00e3o (SCCL)","robots":{"index":"index","follow":"follow","max-snippet":"max-snippet:-1","max-image-preview":"max-image-preview:large","max-video-preview":"max-video-preview:-1"},"canonical":"https:\/\/wp.ufpel.edu.br\/sccl\/bioterio\/","og_locale":"pt_BR","og_type":"article","og_title":"Biot\u00e9rio Central - Superintend\u00eancia do Campus Cap\u00e3o do Le\u00e3o (SCCL)","og_description":"DESCRI\u00c7\u00c3O INSTITUCIONAL: O Biot\u00e9rio Central \u00e9 respons\u00e1vel por atender \u00e0s demandas de animais aos pesquisadores de diversos programas de p\u00f3s-gradua\u00e7\u00e3o e unidades acad\u00eamicas da institui\u00e7\u00e3o. \u00c9 uma unidade vinculada \u00e0 SCCL, chefiada pela Superintendente Vilson Borba Pinto. Com car\u00e1ter multidisciplinar, o Biot\u00e9rio Central apoia anualmente cerca de 40 projetos de pesquisa, fornecendo roedores utilizados em [&hellip;]","og_url":"https:\/\/wp.ufpel.edu.br\/sccl\/bioterio\/","og_site_name":"Superintend\u00eancia do Campus Cap\u00e3o do Le\u00e3o (SCCL)","article_modified_time":"2026-02-11T12:07:23+00:00","og_image":[{"width":2560,"height":604,"url":"https:\/\/wp.ufpel.edu.br\/sccl\/files\/2025\/11\/epnENHWOO-1-scaled.jpeg","type":"image\/jpeg"}],"twitter_card":"summary_large_image","twitter_misc":{"Est. tempo de leitura":"1 minuto"},"schema":{"@context":"https:\/\/schema.org","@graph":[{"@type":"WebPage","@id":"https:\/\/wp.ufpel.edu.br\/sccl\/bioterio\/","url":"https:\/\/wp.ufpel.edu.br\/sccl\/bioterio\/","name":"Biot\u00e9rio Central - Superintend\u00eancia do Campus Cap\u00e3o do Le\u00e3o (SCCL)","isPartOf":{"@id":"https:\/\/wp.ufpel.edu.br\/sccl\/#website"},"primaryImageOfPage":{"@id":"https:\/\/wp.ufpel.edu.br\/sccl\/bioterio\/#primaryimage"},"image":{"@id":"https:\/\/wp.ufpel.edu.br\/sccl\/bioterio\/#primaryimage"},"thumbnailUrl":"https:\/\/wp.ufpel.edu.br\/sccl\/files\/2025\/11\/epnENHWOO-1-scaled.jpeg","datePublished":"2025-10-28T12:06:29+00:00","dateModified":"2026-02-11T12:07:23+00:00","breadcrumb":{"@id":"https:\/\/wp.ufpel.edu.br\/sccl\/bioterio\/#breadcrumb"},"inLanguage":"pt-BR","potentialAction":[{"@type":"ReadAction","target":["https:\/\/wp.ufpel.edu.br\/sccl\/bioterio\/"]}]},{"@type":"ImageObject","inLanguage":"pt-BR","@id":"https:\/\/wp.ufpel.edu.br\/sccl\/bioterio\/#primaryimage","url":"https:\/\/wp.ufpel.edu.br\/sccl\/files\/2025\/11\/epnENHWOO-1-scaled.jpeg","contentUrl":"https:\/\/wp.ufpel.edu.br\/sccl\/files\/2025\/11\/epnENHWOO-1-scaled.jpeg","width":2560,"height":604},{"@type":"BreadcrumbList","@id":"https:\/\/wp.ufpel.edu.br\/sccl\/bioterio\/#breadcrumb","itemListElement":[{"@type":"ListItem","position":1,"name":"In\u00edcio","item":"https:\/\/wp.ufpel.edu.br\/sccl\/"},{"@type":"ListItem","position":2,"name":"Biot\u00e9rio Central"}]},{"@type":"WebSite","@id":"https:\/\/wp.ufpel.edu.br\/sccl\/#website","url":"https:\/\/wp.ufpel.edu.br\/sccl\/","name":"Superintend\u00eancia do Campus Cap\u00e3o do Le\u00e3o (SCCL)","description":"Centro Agropecu\u00e1rio da Palma | Biot\u00e9rio Central","potentialAction":[{"@type":"SearchAction","target":{"@type":"EntryPoint","urlTemplate":"https:\/\/wp.ufpel.edu.br\/sccl\/?s={search_term_string}"},"query-input":{"@type":"PropertyValueSpecification","valueRequired":true,"valueName":"search_term_string"}}],"inLanguage":"pt-BR"}]}},"jetpack_sharing_enabled":true,"_links":{"self":[{"href":"https:\/\/wp.ufpel.edu.br\/sccl\/wp-json\/wp\/v2\/pages\/58","targetHints":{"allow":["GET"]}}],"collection":[{"href":"https:\/\/wp.ufpel.edu.br\/sccl\/wp-json\/wp\/v2\/pages"}],"about":[{"href":"https:\/\/wp.ufpel.edu.br\/sccl\/wp-json\/wp\/v2\/types\/page"}],"author":[{"embeddable":true,"href":"https:\/\/wp.ufpel.edu.br\/sccl\/wp-json\/wp\/v2\/users\/1527"}],"replies":[{"embeddable":true,"href":"https:\/\/wp.ufpel.edu.br\/sccl\/wp-json\/wp\/v2\/comments?post=58"}],"version-history":[{"count":4,"href":"https:\/\/wp.ufpel.edu.br\/sccl\/wp-json\/wp\/v2\/pages\/58\/revisions"}],"predecessor-version":[{"id":440,"href":"https:\/\/wp.ufpel.edu.br\/sccl\/wp-json\/wp\/v2\/pages\/58\/revisions\/440"}],"wp:attachment":[{"href":"https:\/\/wp.ufpel.edu.br\/sccl\/wp-json\/wp\/v2\/media?parent=58"}],"curies":[{"name":"wp","href":"https:\/\/api.w.org\/{rel}","templated":true}]}}