{"id":55,"date":"2025-10-28T09:05:47","date_gmt":"2025-10-28T12:05:47","guid":{"rendered":"https:\/\/wp.ufpel.edu.br\/sccl\/?page_id=55"},"modified":"2026-02-11T09:05:20","modified_gmt":"2026-02-11T12:05:20","slug":"palma","status":"publish","type":"page","link":"https:\/\/wp.ufpel.edu.br\/sccl\/palma\/","title":{"rendered":"Palma"},"content":{"rendered":"<p data-start=\"172\" data-end=\"416\"><img class=\"alignnone size-full wp-image-241\" src=\"https:\/\/wp.ufpel.edu.br\/sccl\/files\/2025\/11\/cropped-Imagem2.jpg\" alt=\"\" width=\"950\" height=\"180\" srcset=\"https:\/\/wp.ufpel.edu.br\/sccl\/files\/2025\/11\/cropped-Imagem2.jpg 950w, https:\/\/wp.ufpel.edu.br\/sccl\/files\/2025\/11\/cropped-Imagem2-400x76.jpg 400w, https:\/\/wp.ufpel.edu.br\/sccl\/files\/2025\/11\/cropped-Imagem2-768x146.jpg 768w\" sizes=\"(max-width: 950px) 100vw, 950px\" \/><\/p>\n<p data-start=\"172\" data-end=\"416\"><strong>DESCRI\u00c7\u00c3O INSTITUCIONAL:<\/strong><\/p>\n<p data-start=\"172\" data-end=\"416\">O Centro Agropecu\u00e1rio da Palma (CAP) \u00e9 respons\u00e1vel por atividades essenciais de apoio \u00e0s \u00e1reas de ensino, pesquisa e extens\u00e3o da Universidade Federal de Pelotas. \u00c9 uma unidade vinculada \u00e0 Superintend\u00eancia do Campus Cap\u00e3o do Le\u00e3o (SCCL).<\/p>\n<p data-start=\"418\" data-end=\"622\">Desenvolvendo a\u00e7\u00f5es voltadas \u00e0 produ\u00e7\u00e3o de mudas e \u00e0 manuten\u00e7\u00e3o e manejo de animais, atendendo \u00e0s demandas de diversos pesquisadores e projetos acad\u00eamicos.<\/p>\n<p data-start=\"624\" data-end=\"895\">Atualmente, o Prof. Dr. Filipe Selau Carlos \u00e9 o Coordenador. A unidade conta com uma equipe formada por servidores e profissionais terceirizados que atuam em diferentes fun\u00e7\u00f5es, garantindo o funcionamento cont\u00ednuo das atividades.<\/p>\n<p data-start=\"897\" data-end=\"1090\">Devido \u00e0 natureza de seus servi\u00e7os, o CAP opera diariamente, de domingo a domingo, das 7h \u00e0s 19h, assegurando tamb\u00e9m vigil\u00e2ncia 24 horas por dia em todas as suas depend\u00eancias.<\/p>\n","protected":false},"excerpt":{"rendered":"<p>DESCRI\u00c7\u00c3O INSTITUCIONAL: O Centro Agropecu\u00e1rio da Palma (CAP) \u00e9 respons\u00e1vel por atividades essenciais de apoio \u00e0s \u00e1reas de ensino, pesquisa e extens\u00e3o da Universidade Federal de Pelotas. \u00c9 uma unidade vinculada \u00e0 Superintend\u00eancia do Campus Cap\u00e3o do Le\u00e3o (SCCL). Desenvolvendo a\u00e7\u00f5es voltadas \u00e0 produ\u00e7\u00e3o de mudas e \u00e0 manuten\u00e7\u00e3o e manejo de animais, atendendo \u00e0s [&hellip;]<\/p>\n","protected":false},"author":1527,"featured_media":0,"parent":0,"menu_order":2,"comment_status":"closed","ping_status":"closed","template":"","meta":{"footnotes":""},"class_list":["post-55","page","type-page","status-publish","hentry"],"yoast_head":"<!-- This site is optimized with the Yoast SEO plugin v26.7 - https:\/\/yoast.com\/wordpress\/plugins\/seo\/ -->\n<title>Palma - Superintend\u00eancia do Campus Cap\u00e3o do Le\u00e3o (SCCL)<\/title>\n<meta name=\"robots\" content=\"index, follow, max-snippet:-1, max-image-preview:large, max-video-preview:-1\" \/>\n<link rel=\"canonical\" href=\"https:\/\/wp.ufpel.edu.br\/sccl\/palma\/\" \/>\n<meta property=\"og:locale\" content=\"pt_BR\" \/>\n<meta property=\"og:type\" content=\"article\" \/>\n<meta property=\"og:title\" content=\"Palma - Superintend\u00eancia do Campus Cap\u00e3o do Le\u00e3o (SCCL)\" \/>\n<meta property=\"og:description\" content=\"DESCRI\u00c7\u00c3O INSTITUCIONAL: O Centro Agropecu\u00e1rio da Palma (CAP) \u00e9 respons\u00e1vel por atividades essenciais de apoio \u00e0s \u00e1reas de ensino, pesquisa e extens\u00e3o da Universidade Federal de Pelotas. \u00c9 uma unidade vinculada \u00e0 Superintend\u00eancia do Campus Cap\u00e3o do Le\u00e3o (SCCL). Desenvolvendo a\u00e7\u00f5es voltadas \u00e0 produ\u00e7\u00e3o de mudas e \u00e0 manuten\u00e7\u00e3o e manejo de animais, atendendo \u00e0s [&hellip;]\" \/>\n<meta property=\"og:url\" content=\"https:\/\/wp.ufpel.edu.br\/sccl\/palma\/\" \/>\n<meta property=\"og:site_name\" content=\"Superintend\u00eancia do Campus Cap\u00e3o do Le\u00e3o (SCCL)\" \/>\n<meta property=\"article:modified_time\" content=\"2026-02-11T12:05:20+00:00\" \/>\n<meta property=\"og:image\" content=\"https:\/\/wp.ufpel.edu.br\/sccl\/files\/2025\/11\/cropped-Imagem2.jpg\" \/>\n\t<meta property=\"og:image:width\" content=\"950\" \/>\n\t<meta property=\"og:image:height\" content=\"180\" \/>\n\t<meta property=\"og:image:type\" content=\"image\/jpeg\" \/>\n<meta name=\"twitter:card\" content=\"summary_large_image\" \/>\n<meta name=\"twitter:label1\" content=\"Est. tempo de leitura\" \/>\n\t<meta name=\"twitter:data1\" content=\"1 minuto\" \/>\n<script type=\"application\/ld+json\" class=\"yoast-schema-graph\">{\"@context\":\"https:\/\/schema.org\",\"@graph\":[{\"@type\":\"WebPage\",\"@id\":\"https:\/\/wp.ufpel.edu.br\/sccl\/palma\/\",\"url\":\"https:\/\/wp.ufpel.edu.br\/sccl\/palma\/\",\"name\":\"Palma - Superintend\u00eancia do Campus Cap\u00e3o do Le\u00e3o (SCCL)\",\"isPartOf\":{\"@id\":\"https:\/\/wp.ufpel.edu.br\/sccl\/#website\"},\"primaryImageOfPage\":{\"@id\":\"https:\/\/wp.ufpel.edu.br\/sccl\/palma\/#primaryimage\"},\"image\":{\"@id\":\"https:\/\/wp.ufpel.edu.br\/sccl\/palma\/#primaryimage\"},\"thumbnailUrl\":\"https:\/\/wp.ufpel.edu.br\/sccl\/files\/2025\/11\/cropped-Imagem2.jpg\",\"datePublished\":\"2025-10-28T12:05:47+00:00\",\"dateModified\":\"2026-02-11T12:05:20+00:00\",\"breadcrumb\":{\"@id\":\"https:\/\/wp.ufpel.edu.br\/sccl\/palma\/#breadcrumb\"},\"inLanguage\":\"pt-BR\",\"potentialAction\":[{\"@type\":\"ReadAction\",\"target\":[\"https:\/\/wp.ufpel.edu.br\/sccl\/palma\/\"]}]},{\"@type\":\"ImageObject\",\"inLanguage\":\"pt-BR\",\"@id\":\"https:\/\/wp.ufpel.edu.br\/sccl\/palma\/#primaryimage\",\"url\":\"https:\/\/wp.ufpel.edu.br\/sccl\/files\/2025\/11\/cropped-Imagem2.jpg\",\"contentUrl\":\"https:\/\/wp.ufpel.edu.br\/sccl\/files\/2025\/11\/cropped-Imagem2.jpg\",\"width\":950,\"height\":180},{\"@type\":\"BreadcrumbList\",\"@id\":\"https:\/\/wp.ufpel.edu.br\/sccl\/palma\/#breadcrumb\",\"itemListElement\":[{\"@type\":\"ListItem\",\"position\":1,\"name\":\"In\u00edcio\",\"item\":\"https:\/\/wp.ufpel.edu.br\/sccl\/\"},{\"@type\":\"ListItem\",\"position\":2,\"name\":\"Palma\"}]},{\"@type\":\"WebSite\",\"@id\":\"https:\/\/wp.ufpel.edu.br\/sccl\/#website\",\"url\":\"https:\/\/wp.ufpel.edu.br\/sccl\/\",\"name\":\"Superintend\u00eancia do Campus Cap\u00e3o do Le\u00e3o (SCCL)\",\"description\":\"Centro Agropecu\u00e1rio da Palma | Biot\u00e9rio Central\",\"potentialAction\":[{\"@type\":\"SearchAction\",\"target\":{\"@type\":\"EntryPoint\",\"urlTemplate\":\"https:\/\/wp.ufpel.edu.br\/sccl\/?s={search_term_string}\"},\"query-input\":{\"@type\":\"PropertyValueSpecification\",\"valueRequired\":true,\"valueName\":\"search_term_string\"}}],\"inLanguage\":\"pt-BR\"}]}<\/script>\n<!-- \/ Yoast SEO plugin. -->","yoast_head_json":{"title":"Palma - Superintend\u00eancia do Campus Cap\u00e3o do Le\u00e3o (SCCL)","robots":{"index":"index","follow":"follow","max-snippet":"max-snippet:-1","max-image-preview":"max-image-preview:large","max-video-preview":"max-video-preview:-1"},"canonical":"https:\/\/wp.ufpel.edu.br\/sccl\/palma\/","og_locale":"pt_BR","og_type":"article","og_title":"Palma - Superintend\u00eancia do Campus Cap\u00e3o do Le\u00e3o (SCCL)","og_description":"DESCRI\u00c7\u00c3O INSTITUCIONAL: O Centro Agropecu\u00e1rio da Palma (CAP) \u00e9 respons\u00e1vel por atividades essenciais de apoio \u00e0s \u00e1reas de ensino, pesquisa e extens\u00e3o da Universidade Federal de Pelotas. \u00c9 uma unidade vinculada \u00e0 Superintend\u00eancia do Campus Cap\u00e3o do Le\u00e3o (SCCL). Desenvolvendo a\u00e7\u00f5es voltadas \u00e0 produ\u00e7\u00e3o de mudas e \u00e0 manuten\u00e7\u00e3o e manejo de animais, atendendo \u00e0s [&hellip;]","og_url":"https:\/\/wp.ufpel.edu.br\/sccl\/palma\/","og_site_name":"Superintend\u00eancia do Campus Cap\u00e3o do Le\u00e3o (SCCL)","article_modified_time":"2026-02-11T12:05:20+00:00","og_image":[{"width":950,"height":180,"url":"https:\/\/wp.ufpel.edu.br\/sccl\/files\/2025\/11\/cropped-Imagem2.jpg","type":"image\/jpeg"}],"twitter_card":"summary_large_image","twitter_misc":{"Est. tempo de leitura":"1 minuto"},"schema":{"@context":"https:\/\/schema.org","@graph":[{"@type":"WebPage","@id":"https:\/\/wp.ufpel.edu.br\/sccl\/palma\/","url":"https:\/\/wp.ufpel.edu.br\/sccl\/palma\/","name":"Palma - Superintend\u00eancia do Campus Cap\u00e3o do Le\u00e3o (SCCL)","isPartOf":{"@id":"https:\/\/wp.ufpel.edu.br\/sccl\/#website"},"primaryImageOfPage":{"@id":"https:\/\/wp.ufpel.edu.br\/sccl\/palma\/#primaryimage"},"image":{"@id":"https:\/\/wp.ufpel.edu.br\/sccl\/palma\/#primaryimage"},"thumbnailUrl":"https:\/\/wp.ufpel.edu.br\/sccl\/files\/2025\/11\/cropped-Imagem2.jpg","datePublished":"2025-10-28T12:05:47+00:00","dateModified":"2026-02-11T12:05:20+00:00","breadcrumb":{"@id":"https:\/\/wp.ufpel.edu.br\/sccl\/palma\/#breadcrumb"},"inLanguage":"pt-BR","potentialAction":[{"@type":"ReadAction","target":["https:\/\/wp.ufpel.edu.br\/sccl\/palma\/"]}]},{"@type":"ImageObject","inLanguage":"pt-BR","@id":"https:\/\/wp.ufpel.edu.br\/sccl\/palma\/#primaryimage","url":"https:\/\/wp.ufpel.edu.br\/sccl\/files\/2025\/11\/cropped-Imagem2.jpg","contentUrl":"https:\/\/wp.ufpel.edu.br\/sccl\/files\/2025\/11\/cropped-Imagem2.jpg","width":950,"height":180},{"@type":"BreadcrumbList","@id":"https:\/\/wp.ufpel.edu.br\/sccl\/palma\/#breadcrumb","itemListElement":[{"@type":"ListItem","position":1,"name":"In\u00edcio","item":"https:\/\/wp.ufpel.edu.br\/sccl\/"},{"@type":"ListItem","position":2,"name":"Palma"}]},{"@type":"WebSite","@id":"https:\/\/wp.ufpel.edu.br\/sccl\/#website","url":"https:\/\/wp.ufpel.edu.br\/sccl\/","name":"Superintend\u00eancia do Campus Cap\u00e3o do Le\u00e3o (SCCL)","description":"Centro Agropecu\u00e1rio da Palma | Biot\u00e9rio Central","potentialAction":[{"@type":"SearchAction","target":{"@type":"EntryPoint","urlTemplate":"https:\/\/wp.ufpel.edu.br\/sccl\/?s={search_term_string}"},"query-input":{"@type":"PropertyValueSpecification","valueRequired":true,"valueName":"search_term_string"}}],"inLanguage":"pt-BR"}]}},"jetpack_sharing_enabled":true,"_links":{"self":[{"href":"https:\/\/wp.ufpel.edu.br\/sccl\/wp-json\/wp\/v2\/pages\/55","targetHints":{"allow":["GET"]}}],"collection":[{"href":"https:\/\/wp.ufpel.edu.br\/sccl\/wp-json\/wp\/v2\/pages"}],"about":[{"href":"https:\/\/wp.ufpel.edu.br\/sccl\/wp-json\/wp\/v2\/types\/page"}],"author":[{"embeddable":true,"href":"https:\/\/wp.ufpel.edu.br\/sccl\/wp-json\/wp\/v2\/users\/1527"}],"replies":[{"embeddable":true,"href":"https:\/\/wp.ufpel.edu.br\/sccl\/wp-json\/wp\/v2\/comments?post=55"}],"version-history":[{"count":4,"href":"https:\/\/wp.ufpel.edu.br\/sccl\/wp-json\/wp\/v2\/pages\/55\/revisions"}],"predecessor-version":[{"id":438,"href":"https:\/\/wp.ufpel.edu.br\/sccl\/wp-json\/wp\/v2\/pages\/55\/revisions\/438"}],"wp:attachment":[{"href":"https:\/\/wp.ufpel.edu.br\/sccl\/wp-json\/wp\/v2\/media?parent=55"}],"curies":[{"name":"wp","href":"https:\/\/api.w.org\/{rel}","templated":true}]}}