{"id":362,"date":"2025-11-27T09:23:17","date_gmt":"2025-11-27T12:23:17","guid":{"rendered":"https:\/\/wp.ufpel.edu.br\/sccl\/?page_id=362"},"modified":"2026-02-11T09:13:44","modified_gmt":"2026-02-11T12:13:44","slug":"documentos-bioterio-central","status":"publish","type":"page","link":"https:\/\/wp.ufpel.edu.br\/sccl\/bioterio\/documentos-bioterio-central\/","title":{"rendered":"DOCUMENTOS BIOT\u00c9RIO CENTRAL"},"content":{"rendered":"<h2 style=\"text-align: center;\"><strong>DOCUMENTOS BIOT\u00c9RIO CENTRAL<\/strong><\/h2>\n<ul>\n<li style=\"text-align: left;\"><a href=\"https:\/\/wp.ufpel.edu.br\/sccl\/files\/2025\/11\/Res.-81.2022.pdf\">REGIMENTO INTERNO BIOT\u00c9RIO CENTRAL<\/a><\/li>\n<li><a href=\"https:\/\/docs.google.com\/document\/d\/1H35X7GATj2AgRV5uESplXjtObSAk7_4P2hFxVfWnuCQ\/edit?tab=t.0\">NORMATIVAS PARA UTILIZA\u00c7\u00c3O DO BIOT\u00c9RIO CENTRAL<\/a><\/li>\n<li><a href=\"https:\/\/wp.ufpel.edu.br\/sccl\/files\/2026\/02\/Portaria_2025_4769-1.pdf\">COMPOSI\u00c7\u00c3O DO COMIT\u00ca GESTOR DO BIOT\u00c9RIO CENTRAL<\/a><\/li>\n<\/ul>\n","protected":false},"excerpt":{"rendered":"<p>DOCUMENTOS BIOT\u00c9RIO CENTRAL REGIMENTO INTERNO BIOT\u00c9RIO CENTRAL NORMATIVAS PARA UTILIZA\u00c7\u00c3O DO BIOT\u00c9RIO CENTRAL COMPOSI\u00c7\u00c3O DO COMIT\u00ca GESTOR DO BIOT\u00c9RIO CENTRAL<\/p>\n","protected":false},"author":1527,"featured_media":0,"parent":58,"menu_order":4,"comment_status":"closed","ping_status":"closed","template":"","meta":{"footnotes":""},"class_list":["post-362","page","type-page","status-publish","hentry"],"yoast_head":"<!-- This site is optimized with the Yoast SEO plugin v26.7 - https:\/\/yoast.com\/wordpress\/plugins\/seo\/ -->\n<title>DOCUMENTOS BIOT\u00c9RIO CENTRAL - Superintend\u00eancia do Campus Cap\u00e3o do Le\u00e3o (SCCL)<\/title>\n<meta name=\"robots\" content=\"index, follow, max-snippet:-1, max-image-preview:large, max-video-preview:-1\" \/>\n<link rel=\"canonical\" href=\"https:\/\/wp.ufpel.edu.br\/sccl\/bioterio\/documentos-bioterio-central\/\" \/>\n<meta property=\"og:locale\" content=\"pt_BR\" \/>\n<meta property=\"og:type\" content=\"article\" \/>\n<meta property=\"og:title\" content=\"DOCUMENTOS BIOT\u00c9RIO CENTRAL - Superintend\u00eancia do Campus Cap\u00e3o do Le\u00e3o (SCCL)\" \/>\n<meta property=\"og:description\" content=\"DOCUMENTOS BIOT\u00c9RIO CENTRAL REGIMENTO INTERNO BIOT\u00c9RIO CENTRAL NORMATIVAS PARA UTILIZA\u00c7\u00c3O DO BIOT\u00c9RIO CENTRAL COMPOSI\u00c7\u00c3O DO COMIT\u00ca GESTOR DO BIOT\u00c9RIO CENTRAL\" \/>\n<meta property=\"og:url\" content=\"https:\/\/wp.ufpel.edu.br\/sccl\/bioterio\/documentos-bioterio-central\/\" \/>\n<meta property=\"og:site_name\" content=\"Superintend\u00eancia do Campus Cap\u00e3o do Le\u00e3o (SCCL)\" \/>\n<meta property=\"article:modified_time\" content=\"2026-02-11T12:13:44+00:00\" \/>\n<meta name=\"twitter:card\" content=\"summary_large_image\" \/>\n<meta name=\"twitter:label1\" content=\"Est. tempo de leitura\" \/>\n\t<meta name=\"twitter:data1\" content=\"1 minuto\" \/>\n<script type=\"application\/ld+json\" class=\"yoast-schema-graph\">{\"@context\":\"https:\/\/schema.org\",\"@graph\":[{\"@type\":\"WebPage\",\"@id\":\"https:\/\/wp.ufpel.edu.br\/sccl\/bioterio\/documentos-bioterio-central\/\",\"url\":\"https:\/\/wp.ufpel.edu.br\/sccl\/bioterio\/documentos-bioterio-central\/\",\"name\":\"DOCUMENTOS BIOT\u00c9RIO CENTRAL - Superintend\u00eancia do Campus Cap\u00e3o do Le\u00e3o (SCCL)\",\"isPartOf\":{\"@id\":\"https:\/\/wp.ufpel.edu.br\/sccl\/#website\"},\"datePublished\":\"2025-11-27T12:23:17+00:00\",\"dateModified\":\"2026-02-11T12:13:44+00:00\",\"breadcrumb\":{\"@id\":\"https:\/\/wp.ufpel.edu.br\/sccl\/bioterio\/documentos-bioterio-central\/#breadcrumb\"},\"inLanguage\":\"pt-BR\",\"potentialAction\":[{\"@type\":\"ReadAction\",\"target\":[\"https:\/\/wp.ufpel.edu.br\/sccl\/bioterio\/documentos-bioterio-central\/\"]}]},{\"@type\":\"BreadcrumbList\",\"@id\":\"https:\/\/wp.ufpel.edu.br\/sccl\/bioterio\/documentos-bioterio-central\/#breadcrumb\",\"itemListElement\":[{\"@type\":\"ListItem\",\"position\":1,\"name\":\"In\u00edcio\",\"item\":\"https:\/\/wp.ufpel.edu.br\/sccl\/\"},{\"@type\":\"ListItem\",\"position\":2,\"name\":\"Biot\u00e9rio Central\",\"item\":\"https:\/\/wp.ufpel.edu.br\/sccl\/bioterio\/\"},{\"@type\":\"ListItem\",\"position\":3,\"name\":\"DOCUMENTOS BIOT\u00c9RIO CENTRAL\"}]},{\"@type\":\"WebSite\",\"@id\":\"https:\/\/wp.ufpel.edu.br\/sccl\/#website\",\"url\":\"https:\/\/wp.ufpel.edu.br\/sccl\/\",\"name\":\"Superintend\u00eancia do Campus Cap\u00e3o do Le\u00e3o (SCCL)\",\"description\":\"Centro Agropecu\u00e1rio da Palma | Biot\u00e9rio Central\",\"potentialAction\":[{\"@type\":\"SearchAction\",\"target\":{\"@type\":\"EntryPoint\",\"urlTemplate\":\"https:\/\/wp.ufpel.edu.br\/sccl\/?s={search_term_string}\"},\"query-input\":{\"@type\":\"PropertyValueSpecification\",\"valueRequired\":true,\"valueName\":\"search_term_string\"}}],\"inLanguage\":\"pt-BR\"}]}<\/script>\n<!-- \/ Yoast SEO plugin. -->","yoast_head_json":{"title":"DOCUMENTOS BIOT\u00c9RIO CENTRAL - Superintend\u00eancia do Campus Cap\u00e3o do Le\u00e3o (SCCL)","robots":{"index":"index","follow":"follow","max-snippet":"max-snippet:-1","max-image-preview":"max-image-preview:large","max-video-preview":"max-video-preview:-1"},"canonical":"https:\/\/wp.ufpel.edu.br\/sccl\/bioterio\/documentos-bioterio-central\/","og_locale":"pt_BR","og_type":"article","og_title":"DOCUMENTOS BIOT\u00c9RIO CENTRAL - Superintend\u00eancia do Campus Cap\u00e3o do Le\u00e3o (SCCL)","og_description":"DOCUMENTOS BIOT\u00c9RIO CENTRAL REGIMENTO INTERNO BIOT\u00c9RIO CENTRAL NORMATIVAS PARA UTILIZA\u00c7\u00c3O DO BIOT\u00c9RIO CENTRAL COMPOSI\u00c7\u00c3O DO COMIT\u00ca GESTOR DO BIOT\u00c9RIO CENTRAL","og_url":"https:\/\/wp.ufpel.edu.br\/sccl\/bioterio\/documentos-bioterio-central\/","og_site_name":"Superintend\u00eancia do Campus Cap\u00e3o do Le\u00e3o (SCCL)","article_modified_time":"2026-02-11T12:13:44+00:00","twitter_card":"summary_large_image","twitter_misc":{"Est. tempo de leitura":"1 minuto"},"schema":{"@context":"https:\/\/schema.org","@graph":[{"@type":"WebPage","@id":"https:\/\/wp.ufpel.edu.br\/sccl\/bioterio\/documentos-bioterio-central\/","url":"https:\/\/wp.ufpel.edu.br\/sccl\/bioterio\/documentos-bioterio-central\/","name":"DOCUMENTOS BIOT\u00c9RIO CENTRAL - Superintend\u00eancia do Campus Cap\u00e3o do Le\u00e3o (SCCL)","isPartOf":{"@id":"https:\/\/wp.ufpel.edu.br\/sccl\/#website"},"datePublished":"2025-11-27T12:23:17+00:00","dateModified":"2026-02-11T12:13:44+00:00","breadcrumb":{"@id":"https:\/\/wp.ufpel.edu.br\/sccl\/bioterio\/documentos-bioterio-central\/#breadcrumb"},"inLanguage":"pt-BR","potentialAction":[{"@type":"ReadAction","target":["https:\/\/wp.ufpel.edu.br\/sccl\/bioterio\/documentos-bioterio-central\/"]}]},{"@type":"BreadcrumbList","@id":"https:\/\/wp.ufpel.edu.br\/sccl\/bioterio\/documentos-bioterio-central\/#breadcrumb","itemListElement":[{"@type":"ListItem","position":1,"name":"In\u00edcio","item":"https:\/\/wp.ufpel.edu.br\/sccl\/"},{"@type":"ListItem","position":2,"name":"Biot\u00e9rio Central","item":"https:\/\/wp.ufpel.edu.br\/sccl\/bioterio\/"},{"@type":"ListItem","position":3,"name":"DOCUMENTOS BIOT\u00c9RIO CENTRAL"}]},{"@type":"WebSite","@id":"https:\/\/wp.ufpel.edu.br\/sccl\/#website","url":"https:\/\/wp.ufpel.edu.br\/sccl\/","name":"Superintend\u00eancia do Campus Cap\u00e3o do Le\u00e3o (SCCL)","description":"Centro Agropecu\u00e1rio da Palma | Biot\u00e9rio Central","potentialAction":[{"@type":"SearchAction","target":{"@type":"EntryPoint","urlTemplate":"https:\/\/wp.ufpel.edu.br\/sccl\/?s={search_term_string}"},"query-input":{"@type":"PropertyValueSpecification","valueRequired":true,"valueName":"search_term_string"}}],"inLanguage":"pt-BR"}]}},"jetpack_sharing_enabled":true,"_links":{"self":[{"href":"https:\/\/wp.ufpel.edu.br\/sccl\/wp-json\/wp\/v2\/pages\/362","targetHints":{"allow":["GET"]}}],"collection":[{"href":"https:\/\/wp.ufpel.edu.br\/sccl\/wp-json\/wp\/v2\/pages"}],"about":[{"href":"https:\/\/wp.ufpel.edu.br\/sccl\/wp-json\/wp\/v2\/types\/page"}],"author":[{"embeddable":true,"href":"https:\/\/wp.ufpel.edu.br\/sccl\/wp-json\/wp\/v2\/users\/1527"}],"replies":[{"embeddable":true,"href":"https:\/\/wp.ufpel.edu.br\/sccl\/wp-json\/wp\/v2\/comments?post=362"}],"version-history":[{"count":3,"href":"https:\/\/wp.ufpel.edu.br\/sccl\/wp-json\/wp\/v2\/pages\/362\/revisions"}],"predecessor-version":[{"id":445,"href":"https:\/\/wp.ufpel.edu.br\/sccl\/wp-json\/wp\/v2\/pages\/362\/revisions\/445"}],"up":[{"embeddable":true,"href":"https:\/\/wp.ufpel.edu.br\/sccl\/wp-json\/wp\/v2\/pages\/58"}],"wp:attachment":[{"href":"https:\/\/wp.ufpel.edu.br\/sccl\/wp-json\/wp\/v2\/media?parent=362"}],"curies":[{"name":"wp","href":"https:\/\/api.w.org\/{rel}","templated":true}]}}