{"id":352,"date":"2025-11-27T09:13:43","date_gmt":"2025-11-27T12:13:43","guid":{"rendered":"https:\/\/wp.ufpel.edu.br\/sccl\/?page_id=352"},"modified":"2026-03-10T09:13:49","modified_gmt":"2026-03-10T12:13:49","slug":"regimento-palma","status":"publish","type":"page","link":"https:\/\/wp.ufpel.edu.br\/sccl\/palma\/regimento-palma\/","title":{"rendered":"DOCUMENTOS PALMA"},"content":{"rendered":"<h2 style=\"text-align: center;\"><strong>DOCUMENTOS PALMA<\/strong><\/h2>\n<ul>\n<li><a href=\"https:\/\/wp.ufpel.edu.br\/sccl\/files\/2026\/03\/Regimento-Atual.pdf\">REGIMENTO INTERNO PALMA<\/a><\/li>\n<li><a href=\"https:\/\/wp.ufpel.edu.br\/sccl\/files\/2025\/11\/Portaria_2025_4278-1.pdf\">COMPOSI\u00c7\u00c3O DO CONSELHO ACAD\u00caMICO DO CENTRO UNIVERSIT\u00c1RIO DA PALMA (CA-CAP)<\/a><\/li>\n<\/ul>\n","protected":false},"excerpt":{"rendered":"<p>DOCUMENTOS PALMA REGIMENTO INTERNO PALMA COMPOSI\u00c7\u00c3O DO CONSELHO ACAD\u00caMICO DO CENTRO UNIVERSIT\u00c1RIO DA PALMA (CA-CAP)<\/p>\n","protected":false},"author":1527,"featured_media":0,"parent":55,"menu_order":3,"comment_status":"closed","ping_status":"closed","template":"","meta":{"footnotes":""},"class_list":["post-352","page","type-page","status-publish","hentry"],"yoast_head":"<!-- This site is optimized with the Yoast SEO plugin v26.7 - https:\/\/yoast.com\/wordpress\/plugins\/seo\/ -->\n<title>DOCUMENTOS PALMA - Superintend\u00eancia do Campus Cap\u00e3o do Le\u00e3o (SCCL)<\/title>\n<meta name=\"robots\" content=\"index, follow, max-snippet:-1, max-image-preview:large, max-video-preview:-1\" \/>\n<link rel=\"canonical\" href=\"https:\/\/wp.ufpel.edu.br\/sccl\/palma\/regimento-palma\/\" \/>\n<meta property=\"og:locale\" content=\"pt_BR\" \/>\n<meta property=\"og:type\" content=\"article\" \/>\n<meta property=\"og:title\" content=\"DOCUMENTOS PALMA - Superintend\u00eancia do Campus Cap\u00e3o do Le\u00e3o (SCCL)\" \/>\n<meta property=\"og:description\" content=\"DOCUMENTOS PALMA REGIMENTO INTERNO PALMA COMPOSI\u00c7\u00c3O DO CONSELHO ACAD\u00caMICO DO CENTRO UNIVERSIT\u00c1RIO DA PALMA (CA-CAP)\" \/>\n<meta property=\"og:url\" content=\"https:\/\/wp.ufpel.edu.br\/sccl\/palma\/regimento-palma\/\" \/>\n<meta property=\"og:site_name\" content=\"Superintend\u00eancia do Campus Cap\u00e3o do Le\u00e3o (SCCL)\" \/>\n<meta property=\"article:modified_time\" content=\"2026-03-10T12:13:49+00:00\" \/>\n<meta name=\"twitter:card\" content=\"summary_large_image\" \/>\n<meta name=\"twitter:label1\" content=\"Est. tempo de leitura\" \/>\n\t<meta name=\"twitter:data1\" content=\"1 minuto\" \/>\n<script type=\"application\/ld+json\" class=\"yoast-schema-graph\">{\"@context\":\"https:\/\/schema.org\",\"@graph\":[{\"@type\":\"WebPage\",\"@id\":\"https:\/\/wp.ufpel.edu.br\/sccl\/palma\/regimento-palma\/\",\"url\":\"https:\/\/wp.ufpel.edu.br\/sccl\/palma\/regimento-palma\/\",\"name\":\"DOCUMENTOS PALMA - Superintend\u00eancia do Campus Cap\u00e3o do Le\u00e3o (SCCL)\",\"isPartOf\":{\"@id\":\"https:\/\/wp.ufpel.edu.br\/sccl\/#website\"},\"datePublished\":\"2025-11-27T12:13:43+00:00\",\"dateModified\":\"2026-03-10T12:13:49+00:00\",\"breadcrumb\":{\"@id\":\"https:\/\/wp.ufpel.edu.br\/sccl\/palma\/regimento-palma\/#breadcrumb\"},\"inLanguage\":\"pt-BR\",\"potentialAction\":[{\"@type\":\"ReadAction\",\"target\":[\"https:\/\/wp.ufpel.edu.br\/sccl\/palma\/regimento-palma\/\"]}]},{\"@type\":\"BreadcrumbList\",\"@id\":\"https:\/\/wp.ufpel.edu.br\/sccl\/palma\/regimento-palma\/#breadcrumb\",\"itemListElement\":[{\"@type\":\"ListItem\",\"position\":1,\"name\":\"In\u00edcio\",\"item\":\"https:\/\/wp.ufpel.edu.br\/sccl\/\"},{\"@type\":\"ListItem\",\"position\":2,\"name\":\"Palma\",\"item\":\"https:\/\/wp.ufpel.edu.br\/sccl\/palma\/\"},{\"@type\":\"ListItem\",\"position\":3,\"name\":\"DOCUMENTOS PALMA\"}]},{\"@type\":\"WebSite\",\"@id\":\"https:\/\/wp.ufpel.edu.br\/sccl\/#website\",\"url\":\"https:\/\/wp.ufpel.edu.br\/sccl\/\",\"name\":\"Superintend\u00eancia do Campus Cap\u00e3o do Le\u00e3o (SCCL)\",\"description\":\"Centro Agropecu\u00e1rio da Palma | Biot\u00e9rio Central\",\"potentialAction\":[{\"@type\":\"SearchAction\",\"target\":{\"@type\":\"EntryPoint\",\"urlTemplate\":\"https:\/\/wp.ufpel.edu.br\/sccl\/?s={search_term_string}\"},\"query-input\":{\"@type\":\"PropertyValueSpecification\",\"valueRequired\":true,\"valueName\":\"search_term_string\"}}],\"inLanguage\":\"pt-BR\"}]}<\/script>\n<!-- \/ Yoast SEO plugin. -->","yoast_head_json":{"title":"DOCUMENTOS PALMA - Superintend\u00eancia do Campus Cap\u00e3o do Le\u00e3o (SCCL)","robots":{"index":"index","follow":"follow","max-snippet":"max-snippet:-1","max-image-preview":"max-image-preview:large","max-video-preview":"max-video-preview:-1"},"canonical":"https:\/\/wp.ufpel.edu.br\/sccl\/palma\/regimento-palma\/","og_locale":"pt_BR","og_type":"article","og_title":"DOCUMENTOS PALMA - Superintend\u00eancia do Campus Cap\u00e3o do Le\u00e3o (SCCL)","og_description":"DOCUMENTOS PALMA REGIMENTO INTERNO PALMA COMPOSI\u00c7\u00c3O DO CONSELHO ACAD\u00caMICO DO CENTRO UNIVERSIT\u00c1RIO DA PALMA (CA-CAP)","og_url":"https:\/\/wp.ufpel.edu.br\/sccl\/palma\/regimento-palma\/","og_site_name":"Superintend\u00eancia do Campus Cap\u00e3o do Le\u00e3o (SCCL)","article_modified_time":"2026-03-10T12:13:49+00:00","twitter_card":"summary_large_image","twitter_misc":{"Est. tempo de leitura":"1 minuto"},"schema":{"@context":"https:\/\/schema.org","@graph":[{"@type":"WebPage","@id":"https:\/\/wp.ufpel.edu.br\/sccl\/palma\/regimento-palma\/","url":"https:\/\/wp.ufpel.edu.br\/sccl\/palma\/regimento-palma\/","name":"DOCUMENTOS PALMA - Superintend\u00eancia do Campus Cap\u00e3o do Le\u00e3o (SCCL)","isPartOf":{"@id":"https:\/\/wp.ufpel.edu.br\/sccl\/#website"},"datePublished":"2025-11-27T12:13:43+00:00","dateModified":"2026-03-10T12:13:49+00:00","breadcrumb":{"@id":"https:\/\/wp.ufpel.edu.br\/sccl\/palma\/regimento-palma\/#breadcrumb"},"inLanguage":"pt-BR","potentialAction":[{"@type":"ReadAction","target":["https:\/\/wp.ufpel.edu.br\/sccl\/palma\/regimento-palma\/"]}]},{"@type":"BreadcrumbList","@id":"https:\/\/wp.ufpel.edu.br\/sccl\/palma\/regimento-palma\/#breadcrumb","itemListElement":[{"@type":"ListItem","position":1,"name":"In\u00edcio","item":"https:\/\/wp.ufpel.edu.br\/sccl\/"},{"@type":"ListItem","position":2,"name":"Palma","item":"https:\/\/wp.ufpel.edu.br\/sccl\/palma\/"},{"@type":"ListItem","position":3,"name":"DOCUMENTOS PALMA"}]},{"@type":"WebSite","@id":"https:\/\/wp.ufpel.edu.br\/sccl\/#website","url":"https:\/\/wp.ufpel.edu.br\/sccl\/","name":"Superintend\u00eancia do Campus Cap\u00e3o do Le\u00e3o (SCCL)","description":"Centro Agropecu\u00e1rio da Palma | Biot\u00e9rio Central","potentialAction":[{"@type":"SearchAction","target":{"@type":"EntryPoint","urlTemplate":"https:\/\/wp.ufpel.edu.br\/sccl\/?s={search_term_string}"},"query-input":{"@type":"PropertyValueSpecification","valueRequired":true,"valueName":"search_term_string"}}],"inLanguage":"pt-BR"}]}},"jetpack_sharing_enabled":true,"_links":{"self":[{"href":"https:\/\/wp.ufpel.edu.br\/sccl\/wp-json\/wp\/v2\/pages\/352","targetHints":{"allow":["GET"]}}],"collection":[{"href":"https:\/\/wp.ufpel.edu.br\/sccl\/wp-json\/wp\/v2\/pages"}],"about":[{"href":"https:\/\/wp.ufpel.edu.br\/sccl\/wp-json\/wp\/v2\/types\/page"}],"author":[{"embeddable":true,"href":"https:\/\/wp.ufpel.edu.br\/sccl\/wp-json\/wp\/v2\/users\/1527"}],"replies":[{"embeddable":true,"href":"https:\/\/wp.ufpel.edu.br\/sccl\/wp-json\/wp\/v2\/comments?post=352"}],"version-history":[{"count":3,"href":"https:\/\/wp.ufpel.edu.br\/sccl\/wp-json\/wp\/v2\/pages\/352\/revisions"}],"predecessor-version":[{"id":447,"href":"https:\/\/wp.ufpel.edu.br\/sccl\/wp-json\/wp\/v2\/pages\/352\/revisions\/447"}],"up":[{"embeddable":true,"href":"https:\/\/wp.ufpel.edu.br\/sccl\/wp-json\/wp\/v2\/pages\/55"}],"wp:attachment":[{"href":"https:\/\/wp.ufpel.edu.br\/sccl\/wp-json\/wp\/v2\/media?parent=352"}],"curies":[{"name":"wp","href":"https:\/\/api.w.org\/{rel}","templated":true}]}}