{"id":319,"date":"2025-11-11T10:10:16","date_gmt":"2025-11-11T13:10:16","guid":{"rendered":"https:\/\/wp.ufpel.edu.br\/sccl\/?page_id=319"},"modified":"2025-11-27T14:03:34","modified_gmt":"2025-11-27T17:03:34","slug":"solicitacao-de-animais","status":"publish","type":"page","link":"https:\/\/wp.ufpel.edu.br\/sccl\/bioterio\/solicitacao-de-animais\/","title":{"rendered":"SOLICITA\u00c7\u00c3O DE ANIMAIS"},"content":{"rendered":"<p><strong>COMO PROCEDER:<\/strong><\/p>\n<p><strong>Pesquisadores da UFPEL<\/strong><\/p>\n<p>Para realizar a solicita\u00e7\u00e3o de modelos biol\u00f3gicos para o Biot\u00e9rio Central, \u00e9 necess\u00e1rio que o projeto seja previamente submetido \u00e0 aprecia\u00e7\u00e3o pela Comiss\u00e3o de \u00c9tica no Uso de Animais (CEUA) desta institui\u00e7\u00e3o. Ap\u00f3s o projeto aprovado e emitido o parecer favor\u00e1vel \u00e0 sua execu\u00e7\u00e3o, o pesquisador deve preencher o formul\u00e1rio de solicita\u00e7\u00e3o de animais do Biot\u00e9rio Central atrav\u00e9s do link:<\/p>\n<p><a href=\"https:\/\/docs.google.com\/forms\/d\/e\/1FAIpQLSeBWmAHubmvZJ8Ze91qTPgMVeyUBmk4B5ZLI3CrB0LxQrHqaA\/viewform?usp=dialog\">Solicita\u00e7\u00e3o de Animais<\/a><\/p>\n<p><strong>Prazo para entrega<\/strong><\/p>\n<p>Antes de realizar o pedido, deve-se considerar um prazo m\u00ednimo de anteced\u00eancia para a entrega dos animais. O c\u00e1lculo que deve ser feito \u00e9 o seguinte:\u00a0<strong>5 dias de acasalamento + 21 dias de gesta\u00e7\u00e3o + a idade para a retirada.<\/strong>\u00a0Por exemplo, se o pesquisador de deseja animais com\u00a0<strong>60<\/strong>\u00a0dias de idade:\u00a0<strong>5 + 21 + 60 = 86 dias<\/strong>. Lembrando que esse prazo pode ser reduzido\u00a0no caso de disponibilidade de animais ou ampliado no caso de haverem v\u00e1rios pedidos. O atendimento \u00e9 feito em lista de espera.<\/p>\n<p><strong>Modelos dispon\u00edveis:<\/strong><\/p>\n<ul>\n<li>Hamster<\/li>\n<li>Rato (Wistar)<\/li>\n<li>Camundongo (Swiss; C57BL6; Balb\/c)<\/li>\n<\/ul>\n","protected":false},"excerpt":{"rendered":"<p>COMO PROCEDER: Pesquisadores da UFPEL Para realizar a solicita\u00e7\u00e3o de modelos biol\u00f3gicos para o Biot\u00e9rio Central, \u00e9 necess\u00e1rio que o projeto seja previamente submetido \u00e0 aprecia\u00e7\u00e3o pela Comiss\u00e3o de \u00c9tica no Uso de Animais (CEUA) desta institui\u00e7\u00e3o. Ap\u00f3s o projeto aprovado e emitido o parecer favor\u00e1vel \u00e0 sua execu\u00e7\u00e3o, o pesquisador deve preencher o formul\u00e1rio [&hellip;]<\/p>\n","protected":false},"author":1527,"featured_media":0,"parent":58,"menu_order":3,"comment_status":"closed","ping_status":"closed","template":"","meta":{"footnotes":""},"class_list":["post-319","page","type-page","status-publish","hentry"],"yoast_head":"<!-- This site is optimized with the Yoast SEO plugin v26.7 - https:\/\/yoast.com\/wordpress\/plugins\/seo\/ -->\n<title>SOLICITA\u00c7\u00c3O DE ANIMAIS - Superintend\u00eancia do Campus Cap\u00e3o do Le\u00e3o (SCCL)<\/title>\n<meta name=\"robots\" content=\"index, follow, max-snippet:-1, max-image-preview:large, max-video-preview:-1\" \/>\n<link rel=\"canonical\" href=\"https:\/\/wp.ufpel.edu.br\/sccl\/bioterio\/solicitacao-de-animais\/\" \/>\n<meta property=\"og:locale\" content=\"pt_BR\" \/>\n<meta property=\"og:type\" content=\"article\" \/>\n<meta property=\"og:title\" content=\"SOLICITA\u00c7\u00c3O DE ANIMAIS - Superintend\u00eancia do Campus Cap\u00e3o do Le\u00e3o (SCCL)\" \/>\n<meta property=\"og:description\" content=\"COMO PROCEDER: Pesquisadores da UFPEL Para realizar a solicita\u00e7\u00e3o de modelos biol\u00f3gicos para o Biot\u00e9rio Central, \u00e9 necess\u00e1rio que o projeto seja previamente submetido \u00e0 aprecia\u00e7\u00e3o pela Comiss\u00e3o de \u00c9tica no Uso de Animais (CEUA) desta institui\u00e7\u00e3o. Ap\u00f3s o projeto aprovado e emitido o parecer favor\u00e1vel \u00e0 sua execu\u00e7\u00e3o, o pesquisador deve preencher o formul\u00e1rio [&hellip;]\" \/>\n<meta property=\"og:url\" content=\"https:\/\/wp.ufpel.edu.br\/sccl\/bioterio\/solicitacao-de-animais\/\" \/>\n<meta property=\"og:site_name\" content=\"Superintend\u00eancia do Campus Cap\u00e3o do Le\u00e3o (SCCL)\" \/>\n<meta property=\"article:modified_time\" content=\"2025-11-27T17:03:34+00:00\" \/>\n<meta name=\"twitter:card\" content=\"summary_large_image\" \/>\n<meta name=\"twitter:label1\" content=\"Est. tempo de leitura\" \/>\n\t<meta name=\"twitter:data1\" content=\"1 minuto\" \/>\n<script type=\"application\/ld+json\" class=\"yoast-schema-graph\">{\"@context\":\"https:\/\/schema.org\",\"@graph\":[{\"@type\":\"WebPage\",\"@id\":\"https:\/\/wp.ufpel.edu.br\/sccl\/bioterio\/solicitacao-de-animais\/\",\"url\":\"https:\/\/wp.ufpel.edu.br\/sccl\/bioterio\/solicitacao-de-animais\/\",\"name\":\"SOLICITA\u00c7\u00c3O DE ANIMAIS - Superintend\u00eancia do Campus Cap\u00e3o do Le\u00e3o (SCCL)\",\"isPartOf\":{\"@id\":\"https:\/\/wp.ufpel.edu.br\/sccl\/#website\"},\"datePublished\":\"2025-11-11T13:10:16+00:00\",\"dateModified\":\"2025-11-27T17:03:34+00:00\",\"breadcrumb\":{\"@id\":\"https:\/\/wp.ufpel.edu.br\/sccl\/bioterio\/solicitacao-de-animais\/#breadcrumb\"},\"inLanguage\":\"pt-BR\",\"potentialAction\":[{\"@type\":\"ReadAction\",\"target\":[\"https:\/\/wp.ufpel.edu.br\/sccl\/bioterio\/solicitacao-de-animais\/\"]}]},{\"@type\":\"BreadcrumbList\",\"@id\":\"https:\/\/wp.ufpel.edu.br\/sccl\/bioterio\/solicitacao-de-animais\/#breadcrumb\",\"itemListElement\":[{\"@type\":\"ListItem\",\"position\":1,\"name\":\"In\u00edcio\",\"item\":\"https:\/\/wp.ufpel.edu.br\/sccl\/\"},{\"@type\":\"ListItem\",\"position\":2,\"name\":\"Biot\u00e9rio Central\",\"item\":\"https:\/\/wp.ufpel.edu.br\/sccl\/bioterio\/\"},{\"@type\":\"ListItem\",\"position\":3,\"name\":\"SOLICITA\u00c7\u00c3O DE ANIMAIS\"}]},{\"@type\":\"WebSite\",\"@id\":\"https:\/\/wp.ufpel.edu.br\/sccl\/#website\",\"url\":\"https:\/\/wp.ufpel.edu.br\/sccl\/\",\"name\":\"Superintend\u00eancia do Campus Cap\u00e3o do Le\u00e3o (SCCL)\",\"description\":\"Centro Agropecu\u00e1rio da Palma | Biot\u00e9rio Central\",\"potentialAction\":[{\"@type\":\"SearchAction\",\"target\":{\"@type\":\"EntryPoint\",\"urlTemplate\":\"https:\/\/wp.ufpel.edu.br\/sccl\/?s={search_term_string}\"},\"query-input\":{\"@type\":\"PropertyValueSpecification\",\"valueRequired\":true,\"valueName\":\"search_term_string\"}}],\"inLanguage\":\"pt-BR\"}]}<\/script>\n<!-- \/ Yoast SEO plugin. -->","yoast_head_json":{"title":"SOLICITA\u00c7\u00c3O DE ANIMAIS - Superintend\u00eancia do Campus Cap\u00e3o do Le\u00e3o (SCCL)","robots":{"index":"index","follow":"follow","max-snippet":"max-snippet:-1","max-image-preview":"max-image-preview:large","max-video-preview":"max-video-preview:-1"},"canonical":"https:\/\/wp.ufpel.edu.br\/sccl\/bioterio\/solicitacao-de-animais\/","og_locale":"pt_BR","og_type":"article","og_title":"SOLICITA\u00c7\u00c3O DE ANIMAIS - Superintend\u00eancia do Campus Cap\u00e3o do Le\u00e3o (SCCL)","og_description":"COMO PROCEDER: Pesquisadores da UFPEL Para realizar a solicita\u00e7\u00e3o de modelos biol\u00f3gicos para o Biot\u00e9rio Central, \u00e9 necess\u00e1rio que o projeto seja previamente submetido \u00e0 aprecia\u00e7\u00e3o pela Comiss\u00e3o de \u00c9tica no Uso de Animais (CEUA) desta institui\u00e7\u00e3o. Ap\u00f3s o projeto aprovado e emitido o parecer favor\u00e1vel \u00e0 sua execu\u00e7\u00e3o, o pesquisador deve preencher o formul\u00e1rio [&hellip;]","og_url":"https:\/\/wp.ufpel.edu.br\/sccl\/bioterio\/solicitacao-de-animais\/","og_site_name":"Superintend\u00eancia do Campus Cap\u00e3o do Le\u00e3o (SCCL)","article_modified_time":"2025-11-27T17:03:34+00:00","twitter_card":"summary_large_image","twitter_misc":{"Est. tempo de leitura":"1 minuto"},"schema":{"@context":"https:\/\/schema.org","@graph":[{"@type":"WebPage","@id":"https:\/\/wp.ufpel.edu.br\/sccl\/bioterio\/solicitacao-de-animais\/","url":"https:\/\/wp.ufpel.edu.br\/sccl\/bioterio\/solicitacao-de-animais\/","name":"SOLICITA\u00c7\u00c3O DE ANIMAIS - Superintend\u00eancia do Campus Cap\u00e3o do Le\u00e3o (SCCL)","isPartOf":{"@id":"https:\/\/wp.ufpel.edu.br\/sccl\/#website"},"datePublished":"2025-11-11T13:10:16+00:00","dateModified":"2025-11-27T17:03:34+00:00","breadcrumb":{"@id":"https:\/\/wp.ufpel.edu.br\/sccl\/bioterio\/solicitacao-de-animais\/#breadcrumb"},"inLanguage":"pt-BR","potentialAction":[{"@type":"ReadAction","target":["https:\/\/wp.ufpel.edu.br\/sccl\/bioterio\/solicitacao-de-animais\/"]}]},{"@type":"BreadcrumbList","@id":"https:\/\/wp.ufpel.edu.br\/sccl\/bioterio\/solicitacao-de-animais\/#breadcrumb","itemListElement":[{"@type":"ListItem","position":1,"name":"In\u00edcio","item":"https:\/\/wp.ufpel.edu.br\/sccl\/"},{"@type":"ListItem","position":2,"name":"Biot\u00e9rio Central","item":"https:\/\/wp.ufpel.edu.br\/sccl\/bioterio\/"},{"@type":"ListItem","position":3,"name":"SOLICITA\u00c7\u00c3O DE ANIMAIS"}]},{"@type":"WebSite","@id":"https:\/\/wp.ufpel.edu.br\/sccl\/#website","url":"https:\/\/wp.ufpel.edu.br\/sccl\/","name":"Superintend\u00eancia do Campus Cap\u00e3o do Le\u00e3o (SCCL)","description":"Centro Agropecu\u00e1rio da Palma | Biot\u00e9rio Central","potentialAction":[{"@type":"SearchAction","target":{"@type":"EntryPoint","urlTemplate":"https:\/\/wp.ufpel.edu.br\/sccl\/?s={search_term_string}"},"query-input":{"@type":"PropertyValueSpecification","valueRequired":true,"valueName":"search_term_string"}}],"inLanguage":"pt-BR"}]}},"jetpack_sharing_enabled":true,"_links":{"self":[{"href":"https:\/\/wp.ufpel.edu.br\/sccl\/wp-json\/wp\/v2\/pages\/319","targetHints":{"allow":["GET"]}}],"collection":[{"href":"https:\/\/wp.ufpel.edu.br\/sccl\/wp-json\/wp\/v2\/pages"}],"about":[{"href":"https:\/\/wp.ufpel.edu.br\/sccl\/wp-json\/wp\/v2\/types\/page"}],"author":[{"embeddable":true,"href":"https:\/\/wp.ufpel.edu.br\/sccl\/wp-json\/wp\/v2\/users\/1527"}],"replies":[{"embeddable":true,"href":"https:\/\/wp.ufpel.edu.br\/sccl\/wp-json\/wp\/v2\/comments?post=319"}],"version-history":[{"count":3,"href":"https:\/\/wp.ufpel.edu.br\/sccl\/wp-json\/wp\/v2\/pages\/319\/revisions"}],"predecessor-version":[{"id":393,"href":"https:\/\/wp.ufpel.edu.br\/sccl\/wp-json\/wp\/v2\/pages\/319\/revisions\/393"}],"up":[{"embeddable":true,"href":"https:\/\/wp.ufpel.edu.br\/sccl\/wp-json\/wp\/v2\/pages\/58"}],"wp:attachment":[{"href":"https:\/\/wp.ufpel.edu.br\/sccl\/wp-json\/wp\/v2\/media?parent=319"}],"curies":[{"name":"wp","href":"https:\/\/api.w.org\/{rel}","templated":true}]}}