{"id":219,"date":"2025-11-04T09:17:57","date_gmt":"2025-11-04T12:17:57","guid":{"rendered":"https:\/\/wp.ufpel.edu.br\/sccl\/?page_id=219"},"modified":"2025-11-04T09:17:57","modified_gmt":"2025-11-04T12:17:57","slug":"famet","status":"publish","type":"page","link":"https:\/\/wp.ufpel.edu.br\/sccl\/unidades\/famet\/","title":{"rendered":"FAMET"},"content":{"rendered":"<p>P\u00e1gina em constru\u00e7\u00e3o&#8230;<\/p>\n<p><img class=\"alignnone size-medium wp-image-53\" src=\"https:\/\/wp.ufpel.edu.br\/sccl\/files\/2025\/10\/em_construao-400x210.png\" alt=\"\" width=\"400\" height=\"210\" srcset=\"https:\/\/wp.ufpel.edu.br\/sccl\/files\/2025\/10\/em_construao-400x210.png 400w, https:\/\/wp.ufpel.edu.br\/sccl\/files\/2025\/10\/em_construao-768x403.png 768w, https:\/\/wp.ufpel.edu.br\/sccl\/files\/2025\/10\/em_construao.png 800w\" sizes=\"(max-width: 400px) 100vw, 400px\" \/><\/p>\n","protected":false},"excerpt":{"rendered":"<p>P\u00e1gina em constru\u00e7\u00e3o&#8230;<\/p>\n","protected":false},"author":1527,"featured_media":0,"parent":49,"menu_order":4,"comment_status":"closed","ping_status":"closed","template":"","meta":{"footnotes":""},"class_list":["post-219","page","type-page","status-publish","hentry"],"yoast_head":"<!-- This site is optimized with the Yoast SEO plugin v26.7 - https:\/\/yoast.com\/wordpress\/plugins\/seo\/ -->\n<title>FAMET - Superintend\u00eancia do Campus Cap\u00e3o do Le\u00e3o (SCCL)<\/title>\n<meta name=\"robots\" content=\"index, follow, max-snippet:-1, max-image-preview:large, max-video-preview:-1\" \/>\n<link rel=\"canonical\" href=\"https:\/\/wp.ufpel.edu.br\/sccl\/unidades\/famet\/\" \/>\n<meta property=\"og:locale\" content=\"pt_BR\" \/>\n<meta property=\"og:type\" content=\"article\" \/>\n<meta property=\"og:title\" content=\"FAMET - Superintend\u00eancia do Campus Cap\u00e3o do Le\u00e3o (SCCL)\" \/>\n<meta property=\"og:description\" content=\"P\u00e1gina em constru\u00e7\u00e3o&#8230;\" \/>\n<meta property=\"og:url\" content=\"https:\/\/wp.ufpel.edu.br\/sccl\/unidades\/famet\/\" \/>\n<meta property=\"og:site_name\" content=\"Superintend\u00eancia do Campus Cap\u00e3o do Le\u00e3o (SCCL)\" \/>\n<meta property=\"og:image\" content=\"https:\/\/wp.ufpel.edu.br\/sccl\/files\/2025\/10\/em_construao.png\" \/>\n\t<meta property=\"og:image:width\" content=\"800\" \/>\n\t<meta property=\"og:image:height\" content=\"420\" \/>\n\t<meta property=\"og:image:type\" content=\"image\/png\" \/>\n<meta name=\"twitter:card\" content=\"summary_large_image\" \/>\n<meta name=\"twitter:label1\" content=\"Est. tempo de leitura\" \/>\n\t<meta name=\"twitter:data1\" content=\"1 minuto\" \/>\n<script type=\"application\/ld+json\" class=\"yoast-schema-graph\">{\"@context\":\"https:\/\/schema.org\",\"@graph\":[{\"@type\":\"WebPage\",\"@id\":\"https:\/\/wp.ufpel.edu.br\/sccl\/unidades\/famet\/\",\"url\":\"https:\/\/wp.ufpel.edu.br\/sccl\/unidades\/famet\/\",\"name\":\"FAMET - Superintend\u00eancia do Campus Cap\u00e3o do Le\u00e3o (SCCL)\",\"isPartOf\":{\"@id\":\"https:\/\/wp.ufpel.edu.br\/sccl\/#website\"},\"primaryImageOfPage\":{\"@id\":\"https:\/\/wp.ufpel.edu.br\/sccl\/unidades\/famet\/#primaryimage\"},\"image\":{\"@id\":\"https:\/\/wp.ufpel.edu.br\/sccl\/unidades\/famet\/#primaryimage\"},\"thumbnailUrl\":\"https:\/\/wp.ufpel.edu.br\/sccl\/files\/2025\/10\/em_construao-400x210.png\",\"datePublished\":\"2025-11-04T12:17:57+00:00\",\"breadcrumb\":{\"@id\":\"https:\/\/wp.ufpel.edu.br\/sccl\/unidades\/famet\/#breadcrumb\"},\"inLanguage\":\"pt-BR\",\"potentialAction\":[{\"@type\":\"ReadAction\",\"target\":[\"https:\/\/wp.ufpel.edu.br\/sccl\/unidades\/famet\/\"]}]},{\"@type\":\"ImageObject\",\"inLanguage\":\"pt-BR\",\"@id\":\"https:\/\/wp.ufpel.edu.br\/sccl\/unidades\/famet\/#primaryimage\",\"url\":\"https:\/\/wp.ufpel.edu.br\/sccl\/files\/2025\/10\/em_construao.png\",\"contentUrl\":\"https:\/\/wp.ufpel.edu.br\/sccl\/files\/2025\/10\/em_construao.png\",\"width\":800,\"height\":420},{\"@type\":\"BreadcrumbList\",\"@id\":\"https:\/\/wp.ufpel.edu.br\/sccl\/unidades\/famet\/#breadcrumb\",\"itemListElement\":[{\"@type\":\"ListItem\",\"position\":1,\"name\":\"In\u00edcio\",\"item\":\"https:\/\/wp.ufpel.edu.br\/sccl\/\"},{\"@type\":\"ListItem\",\"position\":2,\"name\":\"Unidades\",\"item\":\"https:\/\/wp.ufpel.edu.br\/sccl\/unidades\/\"},{\"@type\":\"ListItem\",\"position\":3,\"name\":\"FAMET\"}]},{\"@type\":\"WebSite\",\"@id\":\"https:\/\/wp.ufpel.edu.br\/sccl\/#website\",\"url\":\"https:\/\/wp.ufpel.edu.br\/sccl\/\",\"name\":\"Superintend\u00eancia do Campus Cap\u00e3o do Le\u00e3o (SCCL)\",\"description\":\"Centro Agropecu\u00e1rio da Palma | Biot\u00e9rio Central\",\"potentialAction\":[{\"@type\":\"SearchAction\",\"target\":{\"@type\":\"EntryPoint\",\"urlTemplate\":\"https:\/\/wp.ufpel.edu.br\/sccl\/?s={search_term_string}\"},\"query-input\":{\"@type\":\"PropertyValueSpecification\",\"valueRequired\":true,\"valueName\":\"search_term_string\"}}],\"inLanguage\":\"pt-BR\"}]}<\/script>\n<!-- \/ Yoast SEO plugin. -->","yoast_head_json":{"title":"FAMET - Superintend\u00eancia do Campus Cap\u00e3o do Le\u00e3o (SCCL)","robots":{"index":"index","follow":"follow","max-snippet":"max-snippet:-1","max-image-preview":"max-image-preview:large","max-video-preview":"max-video-preview:-1"},"canonical":"https:\/\/wp.ufpel.edu.br\/sccl\/unidades\/famet\/","og_locale":"pt_BR","og_type":"article","og_title":"FAMET - Superintend\u00eancia do Campus Cap\u00e3o do Le\u00e3o (SCCL)","og_description":"P\u00e1gina em constru\u00e7\u00e3o&#8230;","og_url":"https:\/\/wp.ufpel.edu.br\/sccl\/unidades\/famet\/","og_site_name":"Superintend\u00eancia do Campus Cap\u00e3o do Le\u00e3o (SCCL)","og_image":[{"width":800,"height":420,"url":"https:\/\/wp.ufpel.edu.br\/sccl\/files\/2025\/10\/em_construao.png","type":"image\/png"}],"twitter_card":"summary_large_image","twitter_misc":{"Est. tempo de leitura":"1 minuto"},"schema":{"@context":"https:\/\/schema.org","@graph":[{"@type":"WebPage","@id":"https:\/\/wp.ufpel.edu.br\/sccl\/unidades\/famet\/","url":"https:\/\/wp.ufpel.edu.br\/sccl\/unidades\/famet\/","name":"FAMET - Superintend\u00eancia do Campus Cap\u00e3o do Le\u00e3o (SCCL)","isPartOf":{"@id":"https:\/\/wp.ufpel.edu.br\/sccl\/#website"},"primaryImageOfPage":{"@id":"https:\/\/wp.ufpel.edu.br\/sccl\/unidades\/famet\/#primaryimage"},"image":{"@id":"https:\/\/wp.ufpel.edu.br\/sccl\/unidades\/famet\/#primaryimage"},"thumbnailUrl":"https:\/\/wp.ufpel.edu.br\/sccl\/files\/2025\/10\/em_construao-400x210.png","datePublished":"2025-11-04T12:17:57+00:00","breadcrumb":{"@id":"https:\/\/wp.ufpel.edu.br\/sccl\/unidades\/famet\/#breadcrumb"},"inLanguage":"pt-BR","potentialAction":[{"@type":"ReadAction","target":["https:\/\/wp.ufpel.edu.br\/sccl\/unidades\/famet\/"]}]},{"@type":"ImageObject","inLanguage":"pt-BR","@id":"https:\/\/wp.ufpel.edu.br\/sccl\/unidades\/famet\/#primaryimage","url":"https:\/\/wp.ufpel.edu.br\/sccl\/files\/2025\/10\/em_construao.png","contentUrl":"https:\/\/wp.ufpel.edu.br\/sccl\/files\/2025\/10\/em_construao.png","width":800,"height":420},{"@type":"BreadcrumbList","@id":"https:\/\/wp.ufpel.edu.br\/sccl\/unidades\/famet\/#breadcrumb","itemListElement":[{"@type":"ListItem","position":1,"name":"In\u00edcio","item":"https:\/\/wp.ufpel.edu.br\/sccl\/"},{"@type":"ListItem","position":2,"name":"Unidades","item":"https:\/\/wp.ufpel.edu.br\/sccl\/unidades\/"},{"@type":"ListItem","position":3,"name":"FAMET"}]},{"@type":"WebSite","@id":"https:\/\/wp.ufpel.edu.br\/sccl\/#website","url":"https:\/\/wp.ufpel.edu.br\/sccl\/","name":"Superintend\u00eancia do Campus Cap\u00e3o do Le\u00e3o (SCCL)","description":"Centro Agropecu\u00e1rio da Palma | Biot\u00e9rio Central","potentialAction":[{"@type":"SearchAction","target":{"@type":"EntryPoint","urlTemplate":"https:\/\/wp.ufpel.edu.br\/sccl\/?s={search_term_string}"},"query-input":{"@type":"PropertyValueSpecification","valueRequired":true,"valueName":"search_term_string"}}],"inLanguage":"pt-BR"}]}},"jetpack_sharing_enabled":true,"_links":{"self":[{"href":"https:\/\/wp.ufpel.edu.br\/sccl\/wp-json\/wp\/v2\/pages\/219","targetHints":{"allow":["GET"]}}],"collection":[{"href":"https:\/\/wp.ufpel.edu.br\/sccl\/wp-json\/wp\/v2\/pages"}],"about":[{"href":"https:\/\/wp.ufpel.edu.br\/sccl\/wp-json\/wp\/v2\/types\/page"}],"author":[{"embeddable":true,"href":"https:\/\/wp.ufpel.edu.br\/sccl\/wp-json\/wp\/v2\/users\/1527"}],"replies":[{"embeddable":true,"href":"https:\/\/wp.ufpel.edu.br\/sccl\/wp-json\/wp\/v2\/comments?post=219"}],"version-history":[{"count":1,"href":"https:\/\/wp.ufpel.edu.br\/sccl\/wp-json\/wp\/v2\/pages\/219\/revisions"}],"predecessor-version":[{"id":221,"href":"https:\/\/wp.ufpel.edu.br\/sccl\/wp-json\/wp\/v2\/pages\/219\/revisions\/221"}],"up":[{"embeddable":true,"href":"https:\/\/wp.ufpel.edu.br\/sccl\/wp-json\/wp\/v2\/pages\/49"}],"wp:attachment":[{"href":"https:\/\/wp.ufpel.edu.br\/sccl\/wp-json\/wp\/v2\/media?parent=219"}],"curies":[{"name":"wp","href":"https:\/\/api.w.org\/{rel}","templated":true}]}}