{"id":198,"date":"2025-11-03T11:45:01","date_gmt":"2025-11-03T14:45:01","guid":{"rendered":"https:\/\/wp.ufpel.edu.br\/sccl\/?page_id=198"},"modified":"2025-12-11T15:30:32","modified_gmt":"2025-12-11T18:30:32","slug":"agendamento-de-sala","status":"publish","type":"page","link":"https:\/\/wp.ufpel.edu.br\/sccl\/lig\/agendamento-de-sala\/","title":{"rendered":"AGENDAMENTO DE SALA"},"content":{"rendered":"<p style=\"text-align: center;\"><strong>AGENDAMENTO DO LIG \u2013 CCL<\/strong><\/p>\n<p><strong>PASSO A PASSO:<\/strong><\/p>\n<ul>\n<li><strong>Verifique a disponibilidade de hor\u00e1rios abaixo:<\/strong><\/li>\n<\/ul>\n\n<!-- iframe plugin v.6.0 wordpress.org\/plugins\/iframe\/ -->\n<iframe src=\"https:\/\/calendar.google.com\/calendar\/embed?src=724b908c850f2514fa9a8bb9446cab10a8cee80f2415471bdf2cc91798cab79d%40group.calendar.google.com&#038;ctz=America%2FSao_Paulo&#038;showPrint=0&#038;mode=WEEK\" style=\"border: 0\" width=\"100%\" height=\"600\" frameborder=\"0\" scrolling=\"no\" class=\"iframe-class\"><\/iframe>\n\n<ul>\n<li>Qualquer agendamento deve ser solicitado com, no m\u00ednimo, <strong>dois dias \u00fateis de anteced\u00eancia.<\/strong><\/li>\n<li>A homologa\u00e7\u00e3o do agendamento ocorre somente ap\u00f3s a <strong>confirma\u00e7\u00e3o enviada atrav\u00e9s do e-mail<\/strong> inserido.<\/li>\n<li><strong>Havendo hor\u00e1rio dispon\u00edvel, <\/strong>preencha o formul\u00e1rio abaixo:<\/li>\n<\/ul>\n\n<div class=\"wpcf7 no-js\" id=\"wpcf7-f197-o1\" lang=\"pt-BR\" dir=\"ltr\" data-wpcf7-id=\"197\">\n<div class=\"screen-reader-response\"><p role=\"status\" aria-live=\"polite\" aria-atomic=\"true\"><\/p> <ul><\/ul><\/div>\n<form action=\"\/sccl\/wp-json\/wp\/v2\/pages\/198#wpcf7-f197-o1\" method=\"post\" class=\"wpcf7-form init\" aria-label=\"Formul\u00e1rios de contato\" novalidate=\"novalidate\" data-status=\"init\">\n<fieldset class=\"hidden-fields-container\"><input type=\"hidden\" name=\"_wpcf7\" value=\"197\" \/><input type=\"hidden\" name=\"_wpcf7_version\" value=\"6.1.4\" \/><input type=\"hidden\" name=\"_wpcf7_locale\" value=\"pt_BR\" \/><input type=\"hidden\" name=\"_wpcf7_unit_tag\" value=\"wpcf7-f197-o1\" \/><input type=\"hidden\" name=\"_wpcf7_container_post\" value=\"0\" \/><input type=\"hidden\" name=\"_wpcf7_posted_data_hash\" value=\"\" \/><input type=\"hidden\" name=\"_wpcf7cf_hidden_group_fields\" value=\"[]\" \/><input type=\"hidden\" name=\"_wpcf7cf_hidden_groups\" value=\"[]\" \/><input type=\"hidden\" name=\"_wpcf7cf_visible_groups\" value=\"[]\" \/><input type=\"hidden\" name=\"_wpcf7cf_repeaters\" value=\"[]\" \/><input type=\"hidden\" name=\"_wpcf7cf_steps\" value=\"{}\" \/><input type=\"hidden\" name=\"_wpcf7cf_options\" value=\"{&quot;form_id&quot;:197,&quot;conditions&quot;:[],&quot;settings&quot;:{&quot;animation&quot;:&quot;yes&quot;,&quot;animation_intime&quot;:200,&quot;animation_outtime&quot;:200,&quot;conditions_ui&quot;:&quot;normal&quot;,&quot;notice_dismissed&quot;:false}}\" \/>\n<\/fieldset>\n<p><label> 1. Quem ser\u00e1 o(a) respons\u00e1vel pelo uso da sala?<br \/>\n<span class=\"wpcf7-form-control-wrap\" data-name=\"nome\"><input size=\"40\" maxlength=\"400\" class=\"wpcf7-form-control wpcf7-text wpcf7-validates-as-required\" aria-required=\"true\" aria-invalid=\"false\" placeholder=\"Nome completo\" value=\"\" type=\"text\" name=\"nome\" \/><\/span> <\/label>\n<\/p>\n<p><label> 2. Qual o v\u00ednculo do(a) respons\u00e1vel com a UFPel?<br \/>\n<span class=\"wpcf7-form-control-wrap\" data-name=\"vinculo\"><select class=\"wpcf7-form-control wpcf7-select wpcf7-validates-as-required\" aria-required=\"true\" aria-invalid=\"false\" name=\"vinculo\"><option value=\"\">&#8212;Escolha uma op\u00e7\u00e3o&#8212;<\/option><option value=\"Docente\">Docente<\/option><option value=\"T\u00e9cnico\">T\u00e9cnico<\/option><\/select><\/span> <\/label>\n<\/p>\n<p><label> 3. Qual a lota\u00e7\u00e3o do(a) respons\u00e1vel?<br \/>\n<span class=\"wpcf7-form-control-wrap\" data-name=\"lotacao\"><input size=\"40\" maxlength=\"400\" class=\"wpcf7-form-control wpcf7-text wpcf7-validates-as-required\" aria-required=\"true\" aria-invalid=\"false\" placeholder=\"Unidade Acad\u00eamica \/ Departamento\" value=\"\" type=\"text\" name=\"lotacao\" \/><\/span> <\/label>\n<\/p>\n<p><label> 4. Qual o n\u00famero SIAPE do(a) respons\u00e1vel?<br \/>\n<span class=\"wpcf7-form-control-wrap\" data-name=\"siape\"><input size=\"40\" maxlength=\"400\" class=\"wpcf7-form-control wpcf7-text wpcf7-validates-as-required\" aria-required=\"true\" aria-invalid=\"false\" value=\"\" type=\"text\" name=\"siape\" \/><\/span> <\/label>\n<\/p>\n<p><label> 5. Qual o e-mail de contato do(a) respons\u00e1vel?<br \/>\n<span class=\"wpcf7-form-control-wrap\" data-name=\"email\"><input size=\"40\" maxlength=\"400\" class=\"wpcf7-form-control wpcf7-email wpcf7-validates-as-required wpcf7-text wpcf7-validates-as-email\" aria-required=\"true\" aria-invalid=\"false\" value=\"\" type=\"email\" name=\"email\" \/><\/span> <\/label>\n<\/p>\n<p><label> 6. Qual o telefone de contato do(a) respons\u00e1vel?<br \/>\n<span class=\"wpcf7-form-control-wrap\" data-name=\"fone\"><input size=\"40\" maxlength=\"400\" class=\"wpcf7-form-control wpcf7-tel wpcf7-validates-as-required wpcf7-text wpcf7-validates-as-tel\" aria-required=\"true\" aria-invalid=\"false\" placeholder=\"Formato (XX) 9XXXX-XXXX\" value=\"\" type=\"tel\" name=\"fone\" \/><\/span> <\/label>\n<\/p>\n<p><label> 7. Para qual <strong> dia <\/strong> voc\u00ea gostaria de reservar esta sala?<br \/>\n<span class=\"wpcf7-form-control-wrap\" data-name=\"data\"><textarea cols=\"40\" rows=\"10\" maxlength=\"2000\" class=\"wpcf7-form-control wpcf7-textarea wpcf7-validates-as-required\" aria-required=\"true\" aria-invalid=\"false\" placeholder=\"Informe o dia desejado.\" name=\"data\"><\/textarea><\/span> <\/label>\n<\/p>\n<p><label> 8. Para qual <strong> hor\u00e1rio <\/strong> voc\u00ea gostaria de reservar esta sala?<br \/>\n<span class=\"wpcf7-form-control-wrap\" data-name=\"horario\"><textarea cols=\"40\" rows=\"10\" maxlength=\"2000\" class=\"wpcf7-form-control wpcf7-textarea wpcf7-validates-as-required\" aria-required=\"true\" aria-invalid=\"false\" placeholder=\"Informe o hor\u00e1rio desejado.\" name=\"horario\"><\/textarea><\/span> <\/label>\n<\/p>\n<p><label> 9. Qual atividade ser\u00e1 desenvolvida nesta sala?<br \/>\n<span class=\"wpcf7-form-control-wrap\" data-name=\"descricao\"><textarea cols=\"40\" rows=\"10\" maxlength=\"500\" class=\"wpcf7-form-control wpcf7-textarea wpcf7-validates-as-required\" aria-required=\"true\" aria-invalid=\"false\" placeholder=\"Limite: 500 caracteres.\" name=\"descricao\"><\/textarea><\/span> <\/label>\n<\/p>\n<p><label> 10. Quantas pessoas participar\u00e3o desta atividade?<br \/>\n<span class=\"wpcf7-form-control-wrap\" data-name=\"npessoas\"><input size=\"40\" maxlength=\"400\" class=\"wpcf7-form-control wpcf7-text wpcf7-validates-as-required\" aria-required=\"true\" aria-invalid=\"false\" value=\"\" type=\"text\" name=\"npessoas\" \/><\/span> <\/label>\n<\/p>\n<p><label> Termo de Reponsabilidade <\/label><br \/>\n<span class=\"wpcf7-form-control-wrap\" data-name=\"termo\"><span class=\"wpcf7-form-control wpcf7-checkbox wpcf7-validates-as-required\"><span class=\"wpcf7-list-item first last\"><label><input type=\"checkbox\" name=\"termo[]\" value=\"Responsabilizo-me por zelar pelo espa\u00e7o f\u00edsico e pelos bens a serem utilizados, assim como devolv\u00ea-los nas mesmas condi\u00e7\u00f5es que me foram entregues.\" \/><span class=\"wpcf7-list-item-label\">Responsabilizo-me por zelar pelo espa\u00e7o f\u00edsico e pelos bens a serem utilizados, assim como devolv\u00ea-los nas mesmas condi\u00e7\u00f5es que me foram entregues.<\/span><\/label><\/span><\/span><\/span>\n<\/p>\n<p><strong> Aten\u00e7\u00e3o! A retirada da chave \u00e9 realizada na dire\u00e7\u00e3o da unidade do solicitante. <\/strong>\n<\/p>\n<p>--------------------------------\n<\/p>\n<p>Ao \"Enviar\" este formul\u00e1rio (bot\u00e3o abaixo), o(a) respons\u00e1vel pelo uso da sala receber\u00e1 uma c\u00f3pia deste requerimento em seu e-mail de contato. Caso contr\u00e1rio, tente novamente ap\u00f3s 30 minutos!\n<\/p>\n<p><input class=\"wpcf7-form-control wpcf7-submit has-spinner\" type=\"submit\" value=\"Enviar\" \/>\n<\/p><p style=\"display: none !important;\" class=\"akismet-fields-container\" data-prefix=\"_wpcf7_ak_\"><label>&#916;<textarea name=\"_wpcf7_ak_hp_textarea\" cols=\"45\" rows=\"8\" maxlength=\"100\"><\/textarea><\/label><input type=\"hidden\" id=\"ak_js_1\" name=\"_wpcf7_ak_js\" value=\"47\"\/><script>document.getElementById( \"ak_js_1\" ).setAttribute( \"value\", ( new Date() ).getTime() );<\/script><\/p><div class=\"wpcf7-response-output\" aria-hidden=\"true\"><\/div>\n<\/form>\n<\/div>\n\n<p>&nbsp;<\/p>\n","protected":false},"excerpt":{"rendered":"<p>AGENDAMENTO DO LIG \u2013 CCL PASSO A PASSO: Verifique a disponibilidade de hor\u00e1rios abaixo: Qualquer agendamento deve ser solicitado com, no m\u00ednimo, dois dias \u00fateis de anteced\u00eancia. A homologa\u00e7\u00e3o do agendamento ocorre somente ap\u00f3s a confirma\u00e7\u00e3o enviada atrav\u00e9s do e-mail inserido. Havendo hor\u00e1rio dispon\u00edvel, preencha o formul\u00e1rio abaixo: &nbsp;<\/p>\n","protected":false},"author":1527,"featured_media":0,"parent":84,"menu_order":0,"comment_status":"closed","ping_status":"closed","template":"","meta":{"footnotes":""},"class_list":["post-198","page","type-page","status-publish","hentry"],"yoast_head":"<!-- This site is optimized with the Yoast SEO plugin v26.7 - https:\/\/yoast.com\/wordpress\/plugins\/seo\/ -->\n<title>AGENDAMENTO DE SALA - Superintend\u00eancia do Campus Cap\u00e3o do Le\u00e3o (SCCL)<\/title>\n<meta name=\"robots\" content=\"index, follow, max-snippet:-1, max-image-preview:large, max-video-preview:-1\" \/>\n<link rel=\"canonical\" href=\"https:\/\/wp.ufpel.edu.br\/sccl\/lig\/agendamento-de-sala\/\" \/>\n<meta property=\"og:locale\" content=\"pt_BR\" \/>\n<meta property=\"og:type\" content=\"article\" \/>\n<meta property=\"og:title\" content=\"AGENDAMENTO DE SALA - Superintend\u00eancia do Campus Cap\u00e3o do Le\u00e3o (SCCL)\" \/>\n<meta property=\"og:description\" content=\"AGENDAMENTO DO LIG \u2013 CCL PASSO A PASSO: Verifique a disponibilidade de hor\u00e1rios abaixo: Qualquer agendamento deve ser solicitado com, no m\u00ednimo, dois dias \u00fateis de anteced\u00eancia. A homologa\u00e7\u00e3o do agendamento ocorre somente ap\u00f3s a confirma\u00e7\u00e3o enviada atrav\u00e9s do e-mail inserido. Havendo hor\u00e1rio dispon\u00edvel, preencha o formul\u00e1rio abaixo: &nbsp;\" \/>\n<meta property=\"og:url\" content=\"https:\/\/wp.ufpel.edu.br\/sccl\/lig\/agendamento-de-sala\/\" \/>\n<meta property=\"og:site_name\" content=\"Superintend\u00eancia do Campus Cap\u00e3o do Le\u00e3o (SCCL)\" \/>\n<meta property=\"article:modified_time\" content=\"2025-12-11T18:30:32+00:00\" \/>\n<meta name=\"twitter:card\" content=\"summary_large_image\" \/>\n<meta name=\"twitter:label1\" content=\"Est. tempo de leitura\" \/>\n\t<meta name=\"twitter:data1\" content=\"1 minuto\" \/>\n<script type=\"application\/ld+json\" class=\"yoast-schema-graph\">{\"@context\":\"https:\/\/schema.org\",\"@graph\":[{\"@type\":\"WebPage\",\"@id\":\"https:\/\/wp.ufpel.edu.br\/sccl\/lig\/agendamento-de-sala\/\",\"url\":\"https:\/\/wp.ufpel.edu.br\/sccl\/lig\/agendamento-de-sala\/\",\"name\":\"AGENDAMENTO DE SALA - Superintend\u00eancia do Campus Cap\u00e3o do Le\u00e3o (SCCL)\",\"isPartOf\":{\"@id\":\"https:\/\/wp.ufpel.edu.br\/sccl\/#website\"},\"datePublished\":\"2025-11-03T14:45:01+00:00\",\"dateModified\":\"2025-12-11T18:30:32+00:00\",\"breadcrumb\":{\"@id\":\"https:\/\/wp.ufpel.edu.br\/sccl\/lig\/agendamento-de-sala\/#breadcrumb\"},\"inLanguage\":\"pt-BR\",\"potentialAction\":[{\"@type\":\"ReadAction\",\"target\":[\"https:\/\/wp.ufpel.edu.br\/sccl\/lig\/agendamento-de-sala\/\"]}]},{\"@type\":\"BreadcrumbList\",\"@id\":\"https:\/\/wp.ufpel.edu.br\/sccl\/lig\/agendamento-de-sala\/#breadcrumb\",\"itemListElement\":[{\"@type\":\"ListItem\",\"position\":1,\"name\":\"In\u00edcio\",\"item\":\"https:\/\/wp.ufpel.edu.br\/sccl\/\"},{\"@type\":\"ListItem\",\"position\":2,\"name\":\"LIG\",\"item\":\"https:\/\/wp.ufpel.edu.br\/sccl\/lig\/\"},{\"@type\":\"ListItem\",\"position\":3,\"name\":\"AGENDAMENTO DE SALA\"}]},{\"@type\":\"WebSite\",\"@id\":\"https:\/\/wp.ufpel.edu.br\/sccl\/#website\",\"url\":\"https:\/\/wp.ufpel.edu.br\/sccl\/\",\"name\":\"Superintend\u00eancia do Campus Cap\u00e3o do Le\u00e3o (SCCL)\",\"description\":\"Centro Agropecu\u00e1rio da Palma | Biot\u00e9rio Central\",\"potentialAction\":[{\"@type\":\"SearchAction\",\"target\":{\"@type\":\"EntryPoint\",\"urlTemplate\":\"https:\/\/wp.ufpel.edu.br\/sccl\/?s={search_term_string}\"},\"query-input\":{\"@type\":\"PropertyValueSpecification\",\"valueRequired\":true,\"valueName\":\"search_term_string\"}}],\"inLanguage\":\"pt-BR\"}]}<\/script>\n<!-- \/ Yoast SEO plugin. -->","yoast_head_json":{"title":"AGENDAMENTO DE SALA - Superintend\u00eancia do Campus Cap\u00e3o do Le\u00e3o (SCCL)","robots":{"index":"index","follow":"follow","max-snippet":"max-snippet:-1","max-image-preview":"max-image-preview:large","max-video-preview":"max-video-preview:-1"},"canonical":"https:\/\/wp.ufpel.edu.br\/sccl\/lig\/agendamento-de-sala\/","og_locale":"pt_BR","og_type":"article","og_title":"AGENDAMENTO DE SALA - Superintend\u00eancia do Campus Cap\u00e3o do Le\u00e3o (SCCL)","og_description":"AGENDAMENTO DO LIG \u2013 CCL PASSO A PASSO: Verifique a disponibilidade de hor\u00e1rios abaixo: Qualquer agendamento deve ser solicitado com, no m\u00ednimo, dois dias \u00fateis de anteced\u00eancia. A homologa\u00e7\u00e3o do agendamento ocorre somente ap\u00f3s a confirma\u00e7\u00e3o enviada atrav\u00e9s do e-mail inserido. Havendo hor\u00e1rio dispon\u00edvel, preencha o formul\u00e1rio abaixo: &nbsp;","og_url":"https:\/\/wp.ufpel.edu.br\/sccl\/lig\/agendamento-de-sala\/","og_site_name":"Superintend\u00eancia do Campus Cap\u00e3o do Le\u00e3o (SCCL)","article_modified_time":"2025-12-11T18:30:32+00:00","twitter_card":"summary_large_image","twitter_misc":{"Est. tempo de leitura":"1 minuto"},"schema":{"@context":"https:\/\/schema.org","@graph":[{"@type":"WebPage","@id":"https:\/\/wp.ufpel.edu.br\/sccl\/lig\/agendamento-de-sala\/","url":"https:\/\/wp.ufpel.edu.br\/sccl\/lig\/agendamento-de-sala\/","name":"AGENDAMENTO DE SALA - Superintend\u00eancia do Campus Cap\u00e3o do Le\u00e3o (SCCL)","isPartOf":{"@id":"https:\/\/wp.ufpel.edu.br\/sccl\/#website"},"datePublished":"2025-11-03T14:45:01+00:00","dateModified":"2025-12-11T18:30:32+00:00","breadcrumb":{"@id":"https:\/\/wp.ufpel.edu.br\/sccl\/lig\/agendamento-de-sala\/#breadcrumb"},"inLanguage":"pt-BR","potentialAction":[{"@type":"ReadAction","target":["https:\/\/wp.ufpel.edu.br\/sccl\/lig\/agendamento-de-sala\/"]}]},{"@type":"BreadcrumbList","@id":"https:\/\/wp.ufpel.edu.br\/sccl\/lig\/agendamento-de-sala\/#breadcrumb","itemListElement":[{"@type":"ListItem","position":1,"name":"In\u00edcio","item":"https:\/\/wp.ufpel.edu.br\/sccl\/"},{"@type":"ListItem","position":2,"name":"LIG","item":"https:\/\/wp.ufpel.edu.br\/sccl\/lig\/"},{"@type":"ListItem","position":3,"name":"AGENDAMENTO DE SALA"}]},{"@type":"WebSite","@id":"https:\/\/wp.ufpel.edu.br\/sccl\/#website","url":"https:\/\/wp.ufpel.edu.br\/sccl\/","name":"Superintend\u00eancia do Campus Cap\u00e3o do Le\u00e3o (SCCL)","description":"Centro Agropecu\u00e1rio da Palma | Biot\u00e9rio Central","potentialAction":[{"@type":"SearchAction","target":{"@type":"EntryPoint","urlTemplate":"https:\/\/wp.ufpel.edu.br\/sccl\/?s={search_term_string}"},"query-input":{"@type":"PropertyValueSpecification","valueRequired":true,"valueName":"search_term_string"}}],"inLanguage":"pt-BR"}]}},"jetpack_sharing_enabled":true,"_links":{"self":[{"href":"https:\/\/wp.ufpel.edu.br\/sccl\/wp-json\/wp\/v2\/pages\/198","targetHints":{"allow":["GET"]}}],"collection":[{"href":"https:\/\/wp.ufpel.edu.br\/sccl\/wp-json\/wp\/v2\/pages"}],"about":[{"href":"https:\/\/wp.ufpel.edu.br\/sccl\/wp-json\/wp\/v2\/types\/page"}],"author":[{"embeddable":true,"href":"https:\/\/wp.ufpel.edu.br\/sccl\/wp-json\/wp\/v2\/users\/1527"}],"replies":[{"embeddable":true,"href":"https:\/\/wp.ufpel.edu.br\/sccl\/wp-json\/wp\/v2\/comments?post=198"}],"version-history":[{"count":4,"href":"https:\/\/wp.ufpel.edu.br\/sccl\/wp-json\/wp\/v2\/pages\/198\/revisions"}],"predecessor-version":[{"id":424,"href":"https:\/\/wp.ufpel.edu.br\/sccl\/wp-json\/wp\/v2\/pages\/198\/revisions\/424"}],"up":[{"embeddable":true,"href":"https:\/\/wp.ufpel.edu.br\/sccl\/wp-json\/wp\/v2\/pages\/84"}],"wp:attachment":[{"href":"https:\/\/wp.ufpel.edu.br\/sccl\/wp-json\/wp\/v2\/media?parent=198"}],"curies":[{"name":"wp","href":"https:\/\/api.w.org\/{rel}","templated":true}]}}