{"id":180,"date":"2025-11-03T10:18:20","date_gmt":"2025-11-03T13:18:20","guid":{"rendered":"https:\/\/wp.ufpel.edu.br\/sccl\/?page_id=180"},"modified":"2025-11-06T13:37:56","modified_gmt":"2025-11-06T16:37:56","slug":"mapa-do-campus","status":"publish","type":"page","link":"https:\/\/wp.ufpel.edu.br\/sccl\/mapa-do-campus\/","title":{"rendered":"MAPA DO CAP\u00c3O"},"content":{"rendered":"<p><a href=\"https:\/\/wp.ufpel.edu.br\/sccl\/mapa-do-campus\/planta-capao-do-leao-pd-png-600dpi\/\"><img class=\"alignnone wp-image-182 size-full\" src=\"https:\/\/wp.ufpel.edu.br\/sccl\/files\/2025\/11\/Planta-Capao-do-Leao-PD-PNG-600dpi-scaled.png\" alt=\"\" width=\"2560\" height=\"1808\" srcset=\"https:\/\/wp.ufpel.edu.br\/sccl\/files\/2025\/11\/Planta-Capao-do-Leao-PD-PNG-600dpi-scaled.png 2560w, https:\/\/wp.ufpel.edu.br\/sccl\/files\/2025\/11\/Planta-Capao-do-Leao-PD-PNG-600dpi-400x283.png 400w, https:\/\/wp.ufpel.edu.br\/sccl\/files\/2025\/11\/Planta-Capao-do-Leao-PD-PNG-600dpi-1024x723.png 1024w, https:\/\/wp.ufpel.edu.br\/sccl\/files\/2025\/11\/Planta-Capao-do-Leao-PD-PNG-600dpi-768x542.png 768w, https:\/\/wp.ufpel.edu.br\/sccl\/files\/2025\/11\/Planta-Capao-do-Leao-PD-PNG-600dpi-1536x1085.png 1536w, https:\/\/wp.ufpel.edu.br\/sccl\/files\/2025\/11\/Planta-Capao-do-Leao-PD-PNG-600dpi-2048x1447.png 2048w\" sizes=\"(max-width: 2560px) 100vw, 2560px\" \/><\/a><\/p>\n","protected":false},"excerpt":{"rendered":"","protected":false},"author":1527,"featured_media":0,"parent":0,"menu_order":6,"comment_status":"closed","ping_status":"closed","template":"","meta":{"footnotes":""},"class_list":["post-180","page","type-page","status-publish","hentry"],"yoast_head":"<!-- This site is optimized with the Yoast SEO plugin v26.7 - https:\/\/yoast.com\/wordpress\/plugins\/seo\/ -->\n<title>MAPA DO CAP\u00c3O - Superintend\u00eancia do Campus Cap\u00e3o do Le\u00e3o (SCCL)<\/title>\n<meta name=\"robots\" content=\"index, follow, max-snippet:-1, max-image-preview:large, max-video-preview:-1\" \/>\n<link rel=\"canonical\" href=\"https:\/\/wp.ufpel.edu.br\/sccl\/mapa-do-campus\/\" \/>\n<meta property=\"og:locale\" content=\"pt_BR\" \/>\n<meta property=\"og:type\" content=\"article\" \/>\n<meta property=\"og:title\" content=\"MAPA DO CAP\u00c3O - Superintend\u00eancia do Campus Cap\u00e3o do Le\u00e3o (SCCL)\" \/>\n<meta property=\"og:url\" content=\"https:\/\/wp.ufpel.edu.br\/sccl\/mapa-do-campus\/\" \/>\n<meta property=\"og:site_name\" content=\"Superintend\u00eancia do Campus Cap\u00e3o do Le\u00e3o (SCCL)\" \/>\n<meta property=\"article:modified_time\" content=\"2025-11-06T16:37:56+00:00\" \/>\n<meta property=\"og:image\" content=\"https:\/\/wp.ufpel.edu.br\/sccl\/files\/2025\/11\/Planta-Capao-do-Leao-PD-PNG-600dpi-1024x723.png\" \/>\n\t<meta property=\"og:image:width\" content=\"1024\" \/>\n\t<meta property=\"og:image:height\" content=\"723\" \/>\n\t<meta property=\"og:image:type\" content=\"image\/png\" \/>\n<meta name=\"twitter:card\" content=\"summary_large_image\" \/>\n<meta name=\"twitter:label1\" content=\"Est. tempo de leitura\" \/>\n\t<meta name=\"twitter:data1\" content=\"1 minuto\" \/>\n<script type=\"application\/ld+json\" class=\"yoast-schema-graph\">{\"@context\":\"https:\/\/schema.org\",\"@graph\":[{\"@type\":\"WebPage\",\"@id\":\"https:\/\/wp.ufpel.edu.br\/sccl\/mapa-do-campus\/\",\"url\":\"https:\/\/wp.ufpel.edu.br\/sccl\/mapa-do-campus\/\",\"name\":\"MAPA DO CAP\u00c3O - Superintend\u00eancia do Campus Cap\u00e3o do Le\u00e3o (SCCL)\",\"isPartOf\":{\"@id\":\"https:\/\/wp.ufpel.edu.br\/sccl\/#website\"},\"primaryImageOfPage\":{\"@id\":\"https:\/\/wp.ufpel.edu.br\/sccl\/mapa-do-campus\/#primaryimage\"},\"image\":{\"@id\":\"https:\/\/wp.ufpel.edu.br\/sccl\/mapa-do-campus\/#primaryimage\"},\"thumbnailUrl\":\"https:\/\/wp.ufpel.edu.br\/sccl\/files\/2025\/11\/Planta-Capao-do-Leao-PD-PNG-600dpi-scaled.png\",\"datePublished\":\"2025-11-03T13:18:20+00:00\",\"dateModified\":\"2025-11-06T16:37:56+00:00\",\"breadcrumb\":{\"@id\":\"https:\/\/wp.ufpel.edu.br\/sccl\/mapa-do-campus\/#breadcrumb\"},\"inLanguage\":\"pt-BR\",\"potentialAction\":[{\"@type\":\"ReadAction\",\"target\":[\"https:\/\/wp.ufpel.edu.br\/sccl\/mapa-do-campus\/\"]}]},{\"@type\":\"ImageObject\",\"inLanguage\":\"pt-BR\",\"@id\":\"https:\/\/wp.ufpel.edu.br\/sccl\/mapa-do-campus\/#primaryimage\",\"url\":\"https:\/\/wp.ufpel.edu.br\/sccl\/files\/2025\/11\/Planta-Capao-do-Leao-PD-PNG-600dpi-scaled.png\",\"contentUrl\":\"https:\/\/wp.ufpel.edu.br\/sccl\/files\/2025\/11\/Planta-Capao-do-Leao-PD-PNG-600dpi-scaled.png\",\"width\":2560,\"height\":1808},{\"@type\":\"BreadcrumbList\",\"@id\":\"https:\/\/wp.ufpel.edu.br\/sccl\/mapa-do-campus\/#breadcrumb\",\"itemListElement\":[{\"@type\":\"ListItem\",\"position\":1,\"name\":\"In\u00edcio\",\"item\":\"https:\/\/wp.ufpel.edu.br\/sccl\/\"},{\"@type\":\"ListItem\",\"position\":2,\"name\":\"MAPA DO CAP\u00c3O\"}]},{\"@type\":\"WebSite\",\"@id\":\"https:\/\/wp.ufpel.edu.br\/sccl\/#website\",\"url\":\"https:\/\/wp.ufpel.edu.br\/sccl\/\",\"name\":\"Superintend\u00eancia do Campus Cap\u00e3o do Le\u00e3o (SCCL)\",\"description\":\"Centro Agropecu\u00e1rio da Palma | Biot\u00e9rio Central\",\"potentialAction\":[{\"@type\":\"SearchAction\",\"target\":{\"@type\":\"EntryPoint\",\"urlTemplate\":\"https:\/\/wp.ufpel.edu.br\/sccl\/?s={search_term_string}\"},\"query-input\":{\"@type\":\"PropertyValueSpecification\",\"valueRequired\":true,\"valueName\":\"search_term_string\"}}],\"inLanguage\":\"pt-BR\"}]}<\/script>\n<!-- \/ Yoast SEO plugin. -->","yoast_head_json":{"title":"MAPA DO CAP\u00c3O - Superintend\u00eancia do Campus Cap\u00e3o do Le\u00e3o (SCCL)","robots":{"index":"index","follow":"follow","max-snippet":"max-snippet:-1","max-image-preview":"max-image-preview:large","max-video-preview":"max-video-preview:-1"},"canonical":"https:\/\/wp.ufpel.edu.br\/sccl\/mapa-do-campus\/","og_locale":"pt_BR","og_type":"article","og_title":"MAPA DO CAP\u00c3O - Superintend\u00eancia do Campus Cap\u00e3o do Le\u00e3o (SCCL)","og_url":"https:\/\/wp.ufpel.edu.br\/sccl\/mapa-do-campus\/","og_site_name":"Superintend\u00eancia do Campus Cap\u00e3o do Le\u00e3o (SCCL)","article_modified_time":"2025-11-06T16:37:56+00:00","og_image":[{"width":1024,"height":723,"url":"https:\/\/wp.ufpel.edu.br\/sccl\/files\/2025\/11\/Planta-Capao-do-Leao-PD-PNG-600dpi-1024x723.png","type":"image\/png"}],"twitter_card":"summary_large_image","twitter_misc":{"Est. tempo de leitura":"1 minuto"},"schema":{"@context":"https:\/\/schema.org","@graph":[{"@type":"WebPage","@id":"https:\/\/wp.ufpel.edu.br\/sccl\/mapa-do-campus\/","url":"https:\/\/wp.ufpel.edu.br\/sccl\/mapa-do-campus\/","name":"MAPA DO CAP\u00c3O - Superintend\u00eancia do Campus Cap\u00e3o do Le\u00e3o (SCCL)","isPartOf":{"@id":"https:\/\/wp.ufpel.edu.br\/sccl\/#website"},"primaryImageOfPage":{"@id":"https:\/\/wp.ufpel.edu.br\/sccl\/mapa-do-campus\/#primaryimage"},"image":{"@id":"https:\/\/wp.ufpel.edu.br\/sccl\/mapa-do-campus\/#primaryimage"},"thumbnailUrl":"https:\/\/wp.ufpel.edu.br\/sccl\/files\/2025\/11\/Planta-Capao-do-Leao-PD-PNG-600dpi-scaled.png","datePublished":"2025-11-03T13:18:20+00:00","dateModified":"2025-11-06T16:37:56+00:00","breadcrumb":{"@id":"https:\/\/wp.ufpel.edu.br\/sccl\/mapa-do-campus\/#breadcrumb"},"inLanguage":"pt-BR","potentialAction":[{"@type":"ReadAction","target":["https:\/\/wp.ufpel.edu.br\/sccl\/mapa-do-campus\/"]}]},{"@type":"ImageObject","inLanguage":"pt-BR","@id":"https:\/\/wp.ufpel.edu.br\/sccl\/mapa-do-campus\/#primaryimage","url":"https:\/\/wp.ufpel.edu.br\/sccl\/files\/2025\/11\/Planta-Capao-do-Leao-PD-PNG-600dpi-scaled.png","contentUrl":"https:\/\/wp.ufpel.edu.br\/sccl\/files\/2025\/11\/Planta-Capao-do-Leao-PD-PNG-600dpi-scaled.png","width":2560,"height":1808},{"@type":"BreadcrumbList","@id":"https:\/\/wp.ufpel.edu.br\/sccl\/mapa-do-campus\/#breadcrumb","itemListElement":[{"@type":"ListItem","position":1,"name":"In\u00edcio","item":"https:\/\/wp.ufpel.edu.br\/sccl\/"},{"@type":"ListItem","position":2,"name":"MAPA DO CAP\u00c3O"}]},{"@type":"WebSite","@id":"https:\/\/wp.ufpel.edu.br\/sccl\/#website","url":"https:\/\/wp.ufpel.edu.br\/sccl\/","name":"Superintend\u00eancia do Campus Cap\u00e3o do Le\u00e3o (SCCL)","description":"Centro Agropecu\u00e1rio da Palma | Biot\u00e9rio Central","potentialAction":[{"@type":"SearchAction","target":{"@type":"EntryPoint","urlTemplate":"https:\/\/wp.ufpel.edu.br\/sccl\/?s={search_term_string}"},"query-input":{"@type":"PropertyValueSpecification","valueRequired":true,"valueName":"search_term_string"}}],"inLanguage":"pt-BR"}]}},"jetpack_sharing_enabled":true,"_links":{"self":[{"href":"https:\/\/wp.ufpel.edu.br\/sccl\/wp-json\/wp\/v2\/pages\/180","targetHints":{"allow":["GET"]}}],"collection":[{"href":"https:\/\/wp.ufpel.edu.br\/sccl\/wp-json\/wp\/v2\/pages"}],"about":[{"href":"https:\/\/wp.ufpel.edu.br\/sccl\/wp-json\/wp\/v2\/types\/page"}],"author":[{"embeddable":true,"href":"https:\/\/wp.ufpel.edu.br\/sccl\/wp-json\/wp\/v2\/users\/1527"}],"replies":[{"embeddable":true,"href":"https:\/\/wp.ufpel.edu.br\/sccl\/wp-json\/wp\/v2\/comments?post=180"}],"version-history":[{"count":3,"href":"https:\/\/wp.ufpel.edu.br\/sccl\/wp-json\/wp\/v2\/pages\/180\/revisions"}],"predecessor-version":[{"id":285,"href":"https:\/\/wp.ufpel.edu.br\/sccl\/wp-json\/wp\/v2\/pages\/180\/revisions\/285"}],"wp:attachment":[{"href":"https:\/\/wp.ufpel.edu.br\/sccl\/wp-json\/wp\/v2\/media?parent=180"}],"curies":[{"name":"wp","href":"https:\/\/api.w.org\/{rel}","templated":true}]}}