{"id":105,"date":"2025-10-30T13:30:00","date_gmt":"2025-10-30T16:30:00","guid":{"rendered":"https:\/\/wp.ufpel.edu.br\/sccl\/?page_id=105"},"modified":"2025-11-04T15:11:16","modified_gmt":"2025-11-04T18:11:16","slug":"contato","status":"publish","type":"page","link":"https:\/\/wp.ufpel.edu.br\/sccl\/palma\/contato\/","title":{"rendered":"CONTATO"},"content":{"rendered":"<h3 style=\"text-align: center;\"><strong>CONTATOS<\/strong><\/h3>\n<p><strong>Telefones:<\/strong><br \/>\n<strong>Palma <\/strong>(53) 3274-4000<br \/>\n<strong>Horto <\/strong>(53) 3274-4002<br \/>\n<strong>Pomar <\/strong>(53) 3274-4003<\/p>\n<p><strong>Email:<\/strong><br \/>\ncap.ufpel@gmail.com<\/p>\n<p><strong>Localiza\u00e7\u00e3o:<\/strong><br \/>\nCentro Agropecu\u00e1rio da Palma<br \/>\nBR 116 &#8211; Km 537<br \/>\nCap\u00e3o do Le\u00e3o &#8211; RS, Brasil &#8211; 96160-000<\/p>\n<p>&nbsp;<\/p>\n","protected":false},"excerpt":{"rendered":"<p>CONTATOS Telefones: Palma (53) 3274-4000 Horto (53) 3274-4002 Pomar (53) 3274-4003 Email: cap.ufpel@gmail.com Localiza\u00e7\u00e3o: Centro Agropecu\u00e1rio da Palma BR 116 &#8211; Km 537 Cap\u00e3o do Le\u00e3o &#8211; RS, Brasil &#8211; 96160-000 &nbsp;<\/p>\n","protected":false},"author":1527,"featured_media":0,"parent":55,"menu_order":2,"comment_status":"closed","ping_status":"closed","template":"","meta":{"footnotes":""},"class_list":["post-105","page","type-page","status-publish","hentry"],"yoast_head":"<!-- This site is optimized with the Yoast SEO plugin v26.7 - https:\/\/yoast.com\/wordpress\/plugins\/seo\/ -->\n<title>CONTATO - Superintend\u00eancia do Campus Cap\u00e3o do Le\u00e3o (SCCL)<\/title>\n<meta name=\"robots\" content=\"index, follow, max-snippet:-1, max-image-preview:large, max-video-preview:-1\" \/>\n<link rel=\"canonical\" href=\"https:\/\/wp.ufpel.edu.br\/sccl\/palma\/contato\/\" \/>\n<meta property=\"og:locale\" content=\"pt_BR\" \/>\n<meta property=\"og:type\" content=\"article\" \/>\n<meta property=\"og:title\" content=\"CONTATO - Superintend\u00eancia do Campus Cap\u00e3o do Le\u00e3o (SCCL)\" \/>\n<meta property=\"og:description\" content=\"CONTATOS Telefones: Palma (53) 3274-4000 Horto (53) 3274-4002 Pomar (53) 3274-4003 Email: cap.ufpel@gmail.com Localiza\u00e7\u00e3o: Centro Agropecu\u00e1rio da Palma BR 116 &#8211; Km 537 Cap\u00e3o do Le\u00e3o &#8211; RS, Brasil &#8211; 96160-000 &nbsp;\" \/>\n<meta property=\"og:url\" content=\"https:\/\/wp.ufpel.edu.br\/sccl\/palma\/contato\/\" \/>\n<meta property=\"og:site_name\" content=\"Superintend\u00eancia do Campus Cap\u00e3o do Le\u00e3o (SCCL)\" \/>\n<meta property=\"article:modified_time\" content=\"2025-11-04T18:11:16+00:00\" \/>\n<meta name=\"twitter:card\" content=\"summary_large_image\" \/>\n<meta name=\"twitter:label1\" content=\"Est. tempo de leitura\" \/>\n\t<meta name=\"twitter:data1\" content=\"1 minuto\" \/>\n<script type=\"application\/ld+json\" class=\"yoast-schema-graph\">{\"@context\":\"https:\/\/schema.org\",\"@graph\":[{\"@type\":\"WebPage\",\"@id\":\"https:\/\/wp.ufpel.edu.br\/sccl\/palma\/contato\/\",\"url\":\"https:\/\/wp.ufpel.edu.br\/sccl\/palma\/contato\/\",\"name\":\"CONTATO - Superintend\u00eancia do Campus Cap\u00e3o do Le\u00e3o (SCCL)\",\"isPartOf\":{\"@id\":\"https:\/\/wp.ufpel.edu.br\/sccl\/#website\"},\"datePublished\":\"2025-10-30T16:30:00+00:00\",\"dateModified\":\"2025-11-04T18:11:16+00:00\",\"breadcrumb\":{\"@id\":\"https:\/\/wp.ufpel.edu.br\/sccl\/palma\/contato\/#breadcrumb\"},\"inLanguage\":\"pt-BR\",\"potentialAction\":[{\"@type\":\"ReadAction\",\"target\":[\"https:\/\/wp.ufpel.edu.br\/sccl\/palma\/contato\/\"]}]},{\"@type\":\"BreadcrumbList\",\"@id\":\"https:\/\/wp.ufpel.edu.br\/sccl\/palma\/contato\/#breadcrumb\",\"itemListElement\":[{\"@type\":\"ListItem\",\"position\":1,\"name\":\"In\u00edcio\",\"item\":\"https:\/\/wp.ufpel.edu.br\/sccl\/\"},{\"@type\":\"ListItem\",\"position\":2,\"name\":\"Palma\",\"item\":\"https:\/\/wp.ufpel.edu.br\/sccl\/palma\/\"},{\"@type\":\"ListItem\",\"position\":3,\"name\":\"CONTATO\"}]},{\"@type\":\"WebSite\",\"@id\":\"https:\/\/wp.ufpel.edu.br\/sccl\/#website\",\"url\":\"https:\/\/wp.ufpel.edu.br\/sccl\/\",\"name\":\"Superintend\u00eancia do Campus Cap\u00e3o do Le\u00e3o (SCCL)\",\"description\":\"Centro Agropecu\u00e1rio da Palma | Biot\u00e9rio Central\",\"potentialAction\":[{\"@type\":\"SearchAction\",\"target\":{\"@type\":\"EntryPoint\",\"urlTemplate\":\"https:\/\/wp.ufpel.edu.br\/sccl\/?s={search_term_string}\"},\"query-input\":{\"@type\":\"PropertyValueSpecification\",\"valueRequired\":true,\"valueName\":\"search_term_string\"}}],\"inLanguage\":\"pt-BR\"}]}<\/script>\n<!-- \/ Yoast SEO plugin. -->","yoast_head_json":{"title":"CONTATO - Superintend\u00eancia do Campus Cap\u00e3o do Le\u00e3o (SCCL)","robots":{"index":"index","follow":"follow","max-snippet":"max-snippet:-1","max-image-preview":"max-image-preview:large","max-video-preview":"max-video-preview:-1"},"canonical":"https:\/\/wp.ufpel.edu.br\/sccl\/palma\/contato\/","og_locale":"pt_BR","og_type":"article","og_title":"CONTATO - Superintend\u00eancia do Campus Cap\u00e3o do Le\u00e3o (SCCL)","og_description":"CONTATOS Telefones: Palma (53) 3274-4000 Horto (53) 3274-4002 Pomar (53) 3274-4003 Email: cap.ufpel@gmail.com Localiza\u00e7\u00e3o: Centro Agropecu\u00e1rio da Palma BR 116 &#8211; Km 537 Cap\u00e3o do Le\u00e3o &#8211; RS, Brasil &#8211; 96160-000 &nbsp;","og_url":"https:\/\/wp.ufpel.edu.br\/sccl\/palma\/contato\/","og_site_name":"Superintend\u00eancia do Campus Cap\u00e3o do Le\u00e3o (SCCL)","article_modified_time":"2025-11-04T18:11:16+00:00","twitter_card":"summary_large_image","twitter_misc":{"Est. tempo de leitura":"1 minuto"},"schema":{"@context":"https:\/\/schema.org","@graph":[{"@type":"WebPage","@id":"https:\/\/wp.ufpel.edu.br\/sccl\/palma\/contato\/","url":"https:\/\/wp.ufpel.edu.br\/sccl\/palma\/contato\/","name":"CONTATO - Superintend\u00eancia do Campus Cap\u00e3o do Le\u00e3o (SCCL)","isPartOf":{"@id":"https:\/\/wp.ufpel.edu.br\/sccl\/#website"},"datePublished":"2025-10-30T16:30:00+00:00","dateModified":"2025-11-04T18:11:16+00:00","breadcrumb":{"@id":"https:\/\/wp.ufpel.edu.br\/sccl\/palma\/contato\/#breadcrumb"},"inLanguage":"pt-BR","potentialAction":[{"@type":"ReadAction","target":["https:\/\/wp.ufpel.edu.br\/sccl\/palma\/contato\/"]}]},{"@type":"BreadcrumbList","@id":"https:\/\/wp.ufpel.edu.br\/sccl\/palma\/contato\/#breadcrumb","itemListElement":[{"@type":"ListItem","position":1,"name":"In\u00edcio","item":"https:\/\/wp.ufpel.edu.br\/sccl\/"},{"@type":"ListItem","position":2,"name":"Palma","item":"https:\/\/wp.ufpel.edu.br\/sccl\/palma\/"},{"@type":"ListItem","position":3,"name":"CONTATO"}]},{"@type":"WebSite","@id":"https:\/\/wp.ufpel.edu.br\/sccl\/#website","url":"https:\/\/wp.ufpel.edu.br\/sccl\/","name":"Superintend\u00eancia do Campus Cap\u00e3o do Le\u00e3o (SCCL)","description":"Centro Agropecu\u00e1rio da Palma | Biot\u00e9rio Central","potentialAction":[{"@type":"SearchAction","target":{"@type":"EntryPoint","urlTemplate":"https:\/\/wp.ufpel.edu.br\/sccl\/?s={search_term_string}"},"query-input":{"@type":"PropertyValueSpecification","valueRequired":true,"valueName":"search_term_string"}}],"inLanguage":"pt-BR"}]}},"jetpack_sharing_enabled":true,"_links":{"self":[{"href":"https:\/\/wp.ufpel.edu.br\/sccl\/wp-json\/wp\/v2\/pages\/105","targetHints":{"allow":["GET"]}}],"collection":[{"href":"https:\/\/wp.ufpel.edu.br\/sccl\/wp-json\/wp\/v2\/pages"}],"about":[{"href":"https:\/\/wp.ufpel.edu.br\/sccl\/wp-json\/wp\/v2\/types\/page"}],"author":[{"embeddable":true,"href":"https:\/\/wp.ufpel.edu.br\/sccl\/wp-json\/wp\/v2\/users\/1527"}],"replies":[{"embeddable":true,"href":"https:\/\/wp.ufpel.edu.br\/sccl\/wp-json\/wp\/v2\/comments?post=105"}],"version-history":[{"count":3,"href":"https:\/\/wp.ufpel.edu.br\/sccl\/wp-json\/wp\/v2\/pages\/105\/revisions"}],"predecessor-version":[{"id":273,"href":"https:\/\/wp.ufpel.edu.br\/sccl\/wp-json\/wp\/v2\/pages\/105\/revisions\/273"}],"up":[{"embeddable":true,"href":"https:\/\/wp.ufpel.edu.br\/sccl\/wp-json\/wp\/v2\/pages\/55"}],"wp:attachment":[{"href":"https:\/\/wp.ufpel.edu.br\/sccl\/wp-json\/wp\/v2\/media?parent=105"}],"curies":[{"name":"wp","href":"https:\/\/api.w.org\/{rel}","templated":true}]}}