{"id":34,"date":"2023-04-21T19:35:44","date_gmt":"2023-04-21T22:35:44","guid":{"rendered":"https:\/\/wp.ufpel.edu.br\/sbqsul2023\/?page_id=34"},"modified":"2023-10-15T21:27:13","modified_gmt":"2023-10-16T00:27:13","slug":"minicursos","status":"publish","type":"page","link":"https:\/\/wp.ufpel.edu.br\/sbqsul2023\/minicursos\/","title":{"rendered":"Minicursos"},"content":{"rendered":"<p style=\"text-align: justify;\">\u00a0 \u00a0 No SBQ Sul 2023, ser\u00e3o ofertados Minicursos nas diferentes \u00e1reas da Qu\u00edmica e cada participante poder\u00e1 escolher e se inscrever em apenas um. Lembrando que as vagas s\u00e3o limitadas!<\/p>\n<p>Valor da inscri\u00e7\u00e3o: <span style=\"color: #333399;\"><strong>R$ 25,00 cada.<\/strong><\/span><\/p>\n<p><strong>Dados para pagamento:<\/strong><br \/>\nChave PIX:\u00a0 \u00a0<strong>sbqsuladicionais@gmail.com<\/strong><\/p>\n<p>Em nome da:<br \/>\nMariana Antunes Vieira<br \/>\nBanco do Brasil<br \/>\nAg\u00eancia: 4468-7<br \/>\nConta Corrente: 10978-9<\/p>\n<p><a href=\"https:\/\/forms.gle\/5NMakVted4nCFdbZ8\" target=\"_blank\" rel=\"noopener\"><span style=\"background-color: #ffff00;\">Formul\u00e1rio de inscri\u00e7\u00e3o!<\/span><\/a><\/p>\n<p>Se liga na programa\u00e7\u00e3o:<\/p>\n<table style=\"width: 619px;\">\n<tbody>\n<tr style=\"height: 112px;\">\n<td style=\"width: 196px; height: 112px;\" width=\"151\"><strong>18\/10\/2023<\/strong><\/td>\n<td style=\"text-align: center; width: 467px; height: 112px;\" width=\"415\"><span style=\"color: #185ca4;\"><strong>Minicursos (13h \u2013 17:30h)<\/strong><\/span><\/td>\n<\/tr>\n<tr style=\"height: 136px;\">\n<td style=\"width: 196px; height: 136px;\" width=\"151\">Sala 310<\/td>\n<td style=\"width: 467px; height: 136px;\" width=\"415\">Ensino de Qu\u00edmica<br \/>\n<span style=\"color: #185ca4;\"><strong>Processos da Ci\u00eancia: entendimentos poss\u00edveis por meio da Arte<\/strong><\/span><br \/>\n<em>Profa. Dra. Leila In\u00eas Follmann Freire (UEPG)<\/em><\/td>\n<\/tr>\n<tr style=\"height: 96px;\">\n<td style=\"width: 196px; height: 96px;\" width=\"151\">Sala 300<\/td>\n<td style=\"text-align: justify; width: 467px; height: 96px;\" width=\"415\">F\u00edsico-Qu\u00edmica e Qu\u00edmica de Materiais<br \/>\n<span style=\"color: #185ca4;\"><strong>Introdu\u00e7\u00e3o \u00e0s redes neurais com Python e Keras<\/strong><\/span><br \/>\n<em> Prof. Dr. Robson da Silva Oliboni (UFPEL)<\/em><\/td>\n<\/tr>\n<tr style=\"height: 160px;\">\n<td style=\"width: 196px; height: 160px;\" width=\"151\">Anfiteatro (Sala A)<\/td>\n<td style=\"text-align: justify; width: 467px; height: 160px;\" width=\"415\">Qu\u00edmica Anal\u00edtica e Ambiental<br \/>\n<span style=\"color: #185ca4;\"><strong>Espectrometria de absor\u00e7\u00e3o at\u00f4mica: fundamentos e aplica\u00e7\u00f5es inovadoras<\/strong><\/span><br \/>\n<em>Profa. Dra. M\u00e1rcia Messias da Silva (UFRGS)<br \/>\nProfa. Dra. Morgana Bazzan Dessuy (UFRGS)<\/em><\/td>\n<\/tr>\n<tr style=\"height: 96px;\">\n<td style=\"width: 196px; height: 96px;\" width=\"151\">Sala 308<\/td>\n<td style=\"text-align: justify; width: 467px; height: 96px;\" width=\"415\">Qu\u00edmica Inorg\u00e2nica<br \/>\n<span style=\"color: #185ca4;\"><strong>Introdu\u00e7\u00e3o aos Metais de Transi\u00e7\u00e3o em Biologia Humana e Medicina<\/strong><\/span><br \/>\n<em>Profa. Dra. Adriana Castro Pinheiro (UFPEL)<\/em><\/td>\n<\/tr>\n<tr style=\"height: 144px;\">\n<td style=\"width: 196px; height: 144px;\" width=\"151\">Sala 602<\/td>\n<td style=\"text-align: justify; width: 467px; height: 144px;\" width=\"415\">Qu\u00edmica Org\u00e2nica<br \/>\n<span style=\"color: #185ca4;\"><strong>Explorando a espectrometria de massas: Identificando intermedi\u00e1rios reativos e decifrando rea\u00e7\u00f5es qu\u00edmicas <\/strong><\/span><br \/>\n<em>Prof. Dr. Thiago Barcellos da Silva (UCS)<\/em>Ensino de Qu\u00edmica<\/td>\n<\/tr>\n<\/tbody>\n<\/table>\n<p>&nbsp;<\/p>\n","protected":false},"excerpt":{"rendered":"<p>\u00a0 \u00a0 No SBQ Sul 2023, ser\u00e3o ofertados Minicursos nas diferentes \u00e1reas da Qu\u00edmica e cada participante poder\u00e1 escolher e se inscrever em apenas um. Lembrando que as vagas s\u00e3o limitadas! Valor da inscri\u00e7\u00e3o: R$ 25,00 cada. Dados para pagamento: &hellip; <a href=\"https:\/\/wp.ufpel.edu.br\/sbqsul2023\/minicursos\/\">Continue lendo <span class=\"meta-nav\">&rarr;<\/span><\/a><\/p>\n","protected":false},"author":1291,"featured_media":0,"parent":0,"menu_order":2,"comment_status":"closed","ping_status":"closed","template":"","meta":{"footnotes":""},"class_list":["post-34","page","type-page","status-publish","hentry"],"_links":{"self":[{"href":"https:\/\/wp.ufpel.edu.br\/sbqsul2023\/wp-json\/wp\/v2\/pages\/34","targetHints":{"allow":["GET"]}}],"collection":[{"href":"https:\/\/wp.ufpel.edu.br\/sbqsul2023\/wp-json\/wp\/v2\/pages"}],"about":[{"href":"https:\/\/wp.ufpel.edu.br\/sbqsul2023\/wp-json\/wp\/v2\/types\/page"}],"author":[{"embeddable":true,"href":"https:\/\/wp.ufpel.edu.br\/sbqsul2023\/wp-json\/wp\/v2\/users\/1291"}],"replies":[{"embeddable":true,"href":"https:\/\/wp.ufpel.edu.br\/sbqsul2023\/wp-json\/wp\/v2\/comments?post=34"}],"version-history":[{"count":29,"href":"https:\/\/wp.ufpel.edu.br\/sbqsul2023\/wp-json\/wp\/v2\/pages\/34\/revisions"}],"predecessor-version":[{"id":654,"href":"https:\/\/wp.ufpel.edu.br\/sbqsul2023\/wp-json\/wp\/v2\/pages\/34\/revisions\/654"}],"wp:attachment":[{"href":"https:\/\/wp.ufpel.edu.br\/sbqsul2023\/wp-json\/wp\/v2\/media?parent=34"}],"curies":[{"name":"wp","href":"https:\/\/api.w.org\/{rel}","templated":true}]}}