{"id":32,"date":"2023-04-21T19:33:26","date_gmt":"2023-04-21T22:33:26","guid":{"rendered":"https:\/\/wp.ufpel.edu.br\/sbqsul2023\/?page_id=32"},"modified":"2023-09-21T15:41:39","modified_gmt":"2023-09-21T18:41:39","slug":"inscricoes","status":"publish","type":"page","link":"https:\/\/wp.ufpel.edu.br\/sbqsul2023\/inscricoes\/","title":{"rendered":"Inscri\u00e7\u00f5es"},"content":{"rendered":"<ol>\n<li>Antes de preencher o formul\u00e1rio de inscri\u00e7\u00e3o, realize o pagamento de acordo com a sua Categoria (S\u00f3cio ou n\u00e3o S\u00f3cio da SBQ).<\/li>\n<\/ol>\n<p><span style=\"color: #185ca4;\"><strong>Dados para pagamento:<\/strong><\/span><br \/>\nChave PIX:\u00a0 \u00a0<strong>sbqsul2023@gmail.com<\/strong><\/p>\n<p>Em nome da:<br \/>\nFunda\u00e7\u00e3o Delfim Mendes Silveira<br \/>\nBanco do Brasil<br \/>\nAg\u00eancia: 3798-2<br \/>\nConta Corrente: 6.979-5<\/p>\n<p><span style=\"background-color: #ff9900;\">*Caso precise de recibo de pagamento da inscri\u00e7\u00e3o, solicite pelo e-mail <strong>sbqsul2023@gmail.com<\/strong><\/span><\/p>\n<p>2. Depois, preencha o formul\u00e1rio no link abaixo e anexe o comprovante de pagamento (em formato pdf)!<\/p>\n<p style=\"text-align: center;\"><a href=\"https:\/\/forms.gle\/2jCGVX8aFXdFzbSE7\" target=\"_blank\" rel=\"noopener\"><span style=\"color: #000000; background-color: #99cc00;\">Formul\u00e1rio de inscri\u00e7\u00e3o!<\/span><\/a><\/p>\n<table style=\"height: 360px; border-color: #185ca4; width: 100%; border-style: solid;\" width=\"100%\">\n<tbody>\n<tr style=\"height: 48px;\">\n<td style=\"height: 48px; width: 52.3438%;\"><span style=\"color: #185ca4;\"><strong>Categoria<\/strong><\/span><\/td>\n<td style=\"height: 48px; width: 22.0312%;\"><del><span style=\"color: #185ca4;\"><strong>At\u00e9 <span style=\"background-color: #00ff00;\">20<\/span> de setembro<\/strong><\/span><\/del><\/td>\n<td style=\"height: 48px; width: 25.4688%;\"><span style=\"color: #185ca4;\"><strong>Ap\u00f3s <span style=\"background-color: #00ff00;\">21<\/span> de setembro<\/strong><\/span><\/td>\n<\/tr>\n<tr style=\"height: 24px;\">\n<td style=\"height: 24px; width: 52.3438%;\"><span style=\"color: #185ca4;\"><strong>S\u00f3cios da SBQ<\/strong><\/span><\/td>\n<td style=\"height: 24px; width: 22.0312%;\"><\/td>\n<td style=\"height: 24px; width: 25.4688%;\"><\/td>\n<\/tr>\n<tr style=\"height: 24px;\">\n<td style=\"height: 24px; width: 52.3438%;\">Prof. Universit\u00e1rios e Pesquisadores<\/td>\n<td style=\"height: 24px; width: 22.0312%;\"><del>250,00<\/del><\/td>\n<td style=\"height: 24px; width: 25.4688%;\"><strong>450,00<\/strong><\/td>\n<\/tr>\n<tr style=\"height: 48px;\">\n<td style=\"height: 48px; width: 52.3438%;\">P\u00f3s-graduando e Prof. do Ensino M\u00e9dio e T\u00e9cnico<\/td>\n<td style=\"height: 48px; width: 22.0312%;\"><del>150,00<\/del><\/td>\n<td style=\"height: 48px; width: 25.4688%;\"><strong>270,00<\/strong><\/td>\n<\/tr>\n<tr style=\"height: 24px;\">\n<td style=\"height: 24px; width: 52.3438%;\">Graduandos<\/td>\n<td style=\"height: 24px; width: 22.0312%;\">100,00<\/td>\n<td style=\"height: 24px; width: 25.4688%;\"><strong>180,00<\/strong><\/td>\n<\/tr>\n<tr style=\"height: 24px;\">\n<td style=\"height: 24px; width: 52.3438%;\">Estudantes de Curso T\u00e9cnico, Ensino Fundamental e\/ou<span class=\"OYPEnA text-decoration-none text-strikethrough-none\">\u00a0Inicia\u00e7\u00e3o Cient\u00edfica J\u00fanior (ICJ)<\/span><\/td>\n<td style=\"height: 24px; width: 22.0312%;\">\n<hr \/>\n<p>80,00<\/td>\n<td style=\"height: 24px; width: 25.4688%;\"><strong>150,00<\/strong><\/td>\n<\/tr>\n<tr style=\"height: 24px;\">\n<td style=\"height: 24px; width: 52.3438%;\"><\/td>\n<td style=\"height: 24px; width: 22.0312%;\"><\/td>\n<td style=\"height: 24px; width: 25.4688%;\"><\/td>\n<\/tr>\n<tr style=\"height: 24px;\">\n<td style=\"height: 24px; width: 52.3438%;\"><span style=\"color: #185ca4;\"><strong>N\u00e3o S\u00f3cios da SBQ<\/strong><\/span><\/td>\n<td style=\"height: 24px; width: 22.0312%;\"><\/td>\n<td style=\"height: 24px; width: 25.4688%;\"><\/td>\n<\/tr>\n<tr style=\"height: 24px;\">\n<td style=\"height: 24px; width: 52.3438%;\">Prof. Universit\u00e1rios e Pesquisadores<\/td>\n<td style=\"height: 24px; width: 22.0312%;\"><del>350,00<\/del><\/td>\n<td style=\"height: 24px; width: 25.4688%;\"><strong>630,00<\/strong><\/td>\n<\/tr>\n<tr style=\"height: 48px;\">\n<td style=\"height: 48px; width: 52.3438%;\">P\u00f3s-graduando e Prof. do Ensino M\u00e9dio e T\u00e9cnico<\/td>\n<td style=\"height: 48px; width: 22.0312%;\"><del>210,00<\/del><\/td>\n<td style=\"height: 48px; width: 25.4688%;\"><strong>380,00<\/strong><\/td>\n<\/tr>\n<tr style=\"height: 24px;\">\n<td style=\"height: 24px; width: 52.3438%;\">Graduandos<strong>**<\/strong><\/td>\n<td style=\"height: 24px; width: 22.0312%;\"><del>140,00<\/del><\/td>\n<td style=\"height: 24px; width: 25.4688%;\"><strong>250,00<\/strong><\/td>\n<\/tr>\n<tr style=\"height: 24px;\">\n<td style=\"height: 24px; width: 52.3438%;\">Estudantes de Curso T\u00e9cnico, Ensino Fundamental e\/ou<span class=\"OYPEnA text-decoration-none text-strikethrough-none\">\u00a0Inicia\u00e7\u00e3o Cient\u00edfica J\u00fanior (ICJ)<\/span><strong>**<\/strong><\/td>\n<td style=\"height: 24px; width: 22.0312%;\"><del>110,00<\/del><\/td>\n<td style=\"height: 24px; width: 25.4688%;\"><strong>200,00<\/strong><\/td>\n<\/tr>\n<\/tbody>\n<\/table>\n<p style=\"text-align: center;\"><span style=\"background-color: #ffff00;\"><strong>**Estudantes de Gradua\u00e7\u00e3o e de Cursos T\u00e9cnicos poder\u00e3o solicitar o desconto de s\u00f3cio, desde que o seu orientador seja S\u00f3cio da SBQ.\u00a0<\/strong><\/span><\/p>\n<p>Obs. As inscri\u00e7\u00f5es nos minicursos devem ser realizadas na aba <a href=\"https:\/\/wp.ufpel.edu.br\/sbqsul2023\/minicursos\/\">Minicursos | (ufpel.edu.br)<\/a><\/p>\n<p>*Caso tenha alguma restri\u00e7\u00e3o alimentar ou alguma necessidade especial, entre em contato pelo e-mail sbqsul2023@gmail.com<\/p>\n<p>&nbsp;<\/p>\n<p>&nbsp;<\/p>\n","protected":false},"excerpt":{"rendered":"<p>Antes de preencher o formul\u00e1rio de inscri\u00e7\u00e3o, realize o pagamento de acordo com a sua Categoria (S\u00f3cio ou n\u00e3o S\u00f3cio da SBQ). Dados para pagamento: Chave PIX:\u00a0 \u00a0sbqsul2023@gmail.com Em nome da: Funda\u00e7\u00e3o Delfim Mendes Silveira Banco do Brasil Ag\u00eancia: 3798-2 &hellip; <a href=\"https:\/\/wp.ufpel.edu.br\/sbqsul2023\/inscricoes\/\">Continue lendo <span class=\"meta-nav\">&rarr;<\/span><\/a><\/p>\n","protected":false},"author":1291,"featured_media":0,"parent":0,"menu_order":3,"comment_status":"closed","ping_status":"closed","template":"","meta":{"footnotes":""},"class_list":["post-32","page","type-page","status-publish","hentry"],"_links":{"self":[{"href":"https:\/\/wp.ufpel.edu.br\/sbqsul2023\/wp-json\/wp\/v2\/pages\/32","targetHints":{"allow":["GET"]}}],"collection":[{"href":"https:\/\/wp.ufpel.edu.br\/sbqsul2023\/wp-json\/wp\/v2\/pages"}],"about":[{"href":"https:\/\/wp.ufpel.edu.br\/sbqsul2023\/wp-json\/wp\/v2\/types\/page"}],"author":[{"embeddable":true,"href":"https:\/\/wp.ufpel.edu.br\/sbqsul2023\/wp-json\/wp\/v2\/users\/1291"}],"replies":[{"embeddable":true,"href":"https:\/\/wp.ufpel.edu.br\/sbqsul2023\/wp-json\/wp\/v2\/comments?post=32"}],"version-history":[{"count":44,"href":"https:\/\/wp.ufpel.edu.br\/sbqsul2023\/wp-json\/wp\/v2\/pages\/32\/revisions"}],"predecessor-version":[{"id":524,"href":"https:\/\/wp.ufpel.edu.br\/sbqsul2023\/wp-json\/wp\/v2\/pages\/32\/revisions\/524"}],"wp:attachment":[{"href":"https:\/\/wp.ufpel.edu.br\/sbqsul2023\/wp-json\/wp\/v2\/media?parent=32"}],"curies":[{"name":"wp","href":"https:\/\/api.w.org\/{rel}","templated":true}]}}