{"id":254,"date":"2023-05-06T20:59:54","date_gmt":"2023-05-06T23:59:54","guid":{"rendered":"https:\/\/wp.ufpel.edu.br\/sbqsul2023\/?page_id=254"},"modified":"2023-10-05T20:54:53","modified_gmt":"2023-10-05T23:54:53","slug":"paineis","status":"publish","type":"page","link":"https:\/\/wp.ufpel.edu.br\/sbqsul2023\/paineis\/","title":{"rendered":"Pain\u00e9is"},"content":{"rendered":"<p style=\"text-align: justify;\">&#8211; Os p\u00f4steres devem ser elaborados no tamanho de<strong>\u00a0100<\/strong>\u00a0<strong>cm de altura x 90 cm de largura<\/strong>, devendo conter, obrigatoriamente: o logotipo do evento, o t\u00edtulo do trabalho e o nome dos autores seguidos de identifica\u00e7\u00e3o.<\/p>\n<p>* Para serem fixados nos &#8220;porta-banners&#8221;, os p\u00f4steres devem ter cordinha<\/p>\n<p><strong><span style=\"color: #185ca4;\">Logotipo do evento:<\/span><\/strong><\/p>\n<p><img loading=\"lazy\" decoding=\"async\" class=\"alignnone wp-image-51\" src=\"https:\/\/wp.ufpel.edu.br\/sbqsul2023\/files\/2023\/04\/IDENTIDADE-VISUAL-SBQ-SULPrancheta-1-1-400x400.png\" alt=\"\" width=\"318\" height=\"318\" srcset=\"https:\/\/wp.ufpel.edu.br\/sbqsul2023\/files\/2023\/04\/IDENTIDADE-VISUAL-SBQ-SULPrancheta-1-1-400x400.png 400w, https:\/\/wp.ufpel.edu.br\/sbqsul2023\/files\/2023\/04\/IDENTIDADE-VISUAL-SBQ-SULPrancheta-1-1-1024x1024.png 1024w, https:\/\/wp.ufpel.edu.br\/sbqsul2023\/files\/2023\/04\/IDENTIDADE-VISUAL-SBQ-SULPrancheta-1-1-200x200.png 200w, https:\/\/wp.ufpel.edu.br\/sbqsul2023\/files\/2023\/04\/IDENTIDADE-VISUAL-SBQ-SULPrancheta-1-1-768x768.png 768w, https:\/\/wp.ufpel.edu.br\/sbqsul2023\/files\/2023\/04\/IDENTIDADE-VISUAL-SBQ-SULPrancheta-1-1-1536x1536.png 1536w, https:\/\/wp.ufpel.edu.br\/sbqsul2023\/files\/2023\/04\/IDENTIDADE-VISUAL-SBQ-SULPrancheta-1-1-2048x2048.png 2048w\" sizes=\"auto, (max-width: 318px) 100vw, 318px\" \/><\/p>\n<p><img loading=\"lazy\" decoding=\"async\" class=\"alignnone size-medium wp-image-13\" src=\"https:\/\/wp.ufpel.edu.br\/sbqsul2023\/files\/2023\/04\/IDENTIDADE-VISUAL-SBQ-SULPrancheta-4-1-400x96.png\" alt=\"\" width=\"400\" height=\"96\" srcset=\"https:\/\/wp.ufpel.edu.br\/sbqsul2023\/files\/2023\/04\/IDENTIDADE-VISUAL-SBQ-SULPrancheta-4-1-400x96.png 400w, https:\/\/wp.ufpel.edu.br\/sbqsul2023\/files\/2023\/04\/IDENTIDADE-VISUAL-SBQ-SULPrancheta-4-1-1024x245.png 1024w, https:\/\/wp.ufpel.edu.br\/sbqsul2023\/files\/2023\/04\/IDENTIDADE-VISUAL-SBQ-SULPrancheta-4-1-768x183.png 768w, https:\/\/wp.ufpel.edu.br\/sbqsul2023\/files\/2023\/04\/IDENTIDADE-VISUAL-SBQ-SULPrancheta-4-1-1536x367.png 1536w, https:\/\/wp.ufpel.edu.br\/sbqsul2023\/files\/2023\/04\/IDENTIDADE-VISUAL-SBQ-SULPrancheta-4-1-2048x489.png 2048w\" sizes=\"auto, (max-width: 400px) 100vw, 400px\" \/><\/p>\n<p>&nbsp;<\/p>\n","protected":false},"excerpt":{"rendered":"<p>&#8211; Os p\u00f4steres devem ser elaborados no tamanho de\u00a0100\u00a0cm de altura x 90 cm de largura, devendo conter, obrigatoriamente: o logotipo do evento, o t\u00edtulo do trabalho e o nome dos autores seguidos de identifica\u00e7\u00e3o. * Para serem fixados nos &hellip; <a href=\"https:\/\/wp.ufpel.edu.br\/sbqsul2023\/paineis\/\">Continue lendo <span class=\"meta-nav\">&rarr;<\/span><\/a><\/p>\n","protected":false},"author":1291,"featured_media":0,"parent":0,"menu_order":0,"comment_status":"closed","ping_status":"closed","template":"","meta":{"footnotes":""},"class_list":["post-254","page","type-page","status-publish","hentry"],"_links":{"self":[{"href":"https:\/\/wp.ufpel.edu.br\/sbqsul2023\/wp-json\/wp\/v2\/pages\/254","targetHints":{"allow":["GET"]}}],"collection":[{"href":"https:\/\/wp.ufpel.edu.br\/sbqsul2023\/wp-json\/wp\/v2\/pages"}],"about":[{"href":"https:\/\/wp.ufpel.edu.br\/sbqsul2023\/wp-json\/wp\/v2\/types\/page"}],"author":[{"embeddable":true,"href":"https:\/\/wp.ufpel.edu.br\/sbqsul2023\/wp-json\/wp\/v2\/users\/1291"}],"replies":[{"embeddable":true,"href":"https:\/\/wp.ufpel.edu.br\/sbqsul2023\/wp-json\/wp\/v2\/comments?post=254"}],"version-history":[{"count":6,"href":"https:\/\/wp.ufpel.edu.br\/sbqsul2023\/wp-json\/wp\/v2\/pages\/254\/revisions"}],"predecessor-version":[{"id":619,"href":"https:\/\/wp.ufpel.edu.br\/sbqsul2023\/wp-json\/wp\/v2\/pages\/254\/revisions\/619"}],"wp:attachment":[{"href":"https:\/\/wp.ufpel.edu.br\/sbqsul2023\/wp-json\/wp\/v2\/media?parent=254"}],"curies":[{"name":"wp","href":"https:\/\/api.w.org\/{rel}","templated":true}]}}