{"id":129,"date":"2023-04-24T16:02:53","date_gmt":"2023-04-24T19:02:53","guid":{"rendered":"https:\/\/wp.ufpel.edu.br\/sbqsul2023\/?page_id=129"},"modified":"2023-09-21T15:39:23","modified_gmt":"2023-09-21T18:39:23","slug":"submissao-de-resumos-2","status":"publish","type":"page","link":"https:\/\/wp.ufpel.edu.br\/sbqsul2023\/submissao-de-resumos-2\/","title":{"rendered":"Submiss\u00e3o de Resumos"},"content":{"rendered":"<p><span style=\"background-color: #ff0000;\">AS SUBMISS\u00d5ES DE RESUMOS EST\u00c3O ENCERRADAS!<\/span><\/p>\n<p>&#8211; Cada inscri\u00e7\u00e3o d\u00e1 direito \u00e0 submiss\u00e3o de um (01) resumo.<\/p>\n<p><strong>&#8211; Data limite para a submiss\u00e3o de resumos: <span style=\"color: #185ca4; background-color: #ffff00;\"><del>15\/09\/2023<\/del>\u00a0 <del><span style=\"background-color: #00ffff;\">20\/09\/2023<\/span><\/del><\/span><\/strong><\/p>\n<p><strong>\u21d2<\/strong>Modelo para submiss\u00e3o do resumo<strong>:<\/strong>\u00a0<a href=\"https:\/\/wp.ufpel.edu.br\/sbqsul2023\/template-do-resumo\/\">Clique aqui<\/a><\/p>\n<p><strong>*n\u00e3o \u00e9 necess\u00e1rio preencher o n\u00famero da inscri\u00e7\u00e3o no arquivo &#8220;modelo do resumo&#8221;<\/strong><\/p>\n<p style=\"text-align: left;\"><strong>\u21d2 <\/strong>Os resumos dever\u00e3o ser enviados atrav\u00e9s do formul\u00e1rio no link abaixo:<br \/>\n<span style=\"background-color: #00ff00;\"><a style=\"background-color: #00ff00;\" href=\"https:\/\/forms.gle\/JwxpNV2v8ZzKRDaj9\" target=\"_blank\" rel=\"noopener\">\u00a0 \u00a0Submiss\u00e3o de resumo<\/a><\/span><\/p>\n<p>&#8211; Os eixos tem\u00e1ticos s\u00e3o:<br \/>\n<em><strong>Qu\u00edmica Anal\u00edtica e Ambiental <span style=\"color: #185ca4;\">(ANA)<\/span><\/strong><\/em><br \/>\n<em><strong>Qu\u00edmica Inorg\u00e2nica <span style=\"color: #185ca4;\">(INO)<\/span><\/strong><\/em><br \/>\n<em><strong>Qu\u00edmica Org\u00e2nica e Produtos Naturais <span style=\"color: #185ca4;\">(ORG)<br \/>\n<\/span><\/strong><\/em><em><strong>F\u00edsico-Qu\u00edmica e Qu\u00edmica de Materiais <span style=\"color: #185ca4;\">(FIS)<br \/>\n<\/span><\/strong><\/em><em><strong>Ensino de Qu\u00edmica <span style=\"color: #185ca4;\">(EDU)<\/span><\/strong><\/em><\/p>\n<p style=\"text-align: justify;\">&#8211; Todos os trabalhos aceitos dever\u00e3o ser apresentados na forma de pain\u00e9is no dia e hor\u00e1rio estabelecido pela Comiss\u00e3o Organizadora, exceto aqueles trabalhos que forem selecionados para apresenta\u00e7\u00e3o oral nas Sess\u00f5es Coordenadas.<\/p>\n<p style=\"text-align: justify;\">&#8211; O autor que far\u00e1 a apresenta\u00e7\u00e3o do trabalho dever\u00e1 estar <strong>obrigatoriamente<\/strong> inscrito no evento.<\/p>\n<p>&nbsp;<\/p>\n","protected":false},"excerpt":{"rendered":"<p>AS SUBMISS\u00d5ES DE RESUMOS EST\u00c3O ENCERRADAS! &#8211; Cada inscri\u00e7\u00e3o d\u00e1 direito \u00e0 submiss\u00e3o de um (01) resumo. &#8211; Data limite para a submiss\u00e3o de resumos: 15\/09\/2023\u00a0 20\/09\/2023 \u21d2Modelo para submiss\u00e3o do resumo:\u00a0Clique aqui *n\u00e3o \u00e9 necess\u00e1rio preencher o n\u00famero da &hellip; <a href=\"https:\/\/wp.ufpel.edu.br\/sbqsul2023\/submissao-de-resumos-2\/\">Continue lendo <span class=\"meta-nav\">&rarr;<\/span><\/a><\/p>\n","protected":false},"author":1291,"featured_media":0,"parent":0,"menu_order":0,"comment_status":"closed","ping_status":"closed","template":"","meta":{"footnotes":""},"class_list":["post-129","page","type-page","status-publish","hentry"],"_links":{"self":[{"href":"https:\/\/wp.ufpel.edu.br\/sbqsul2023\/wp-json\/wp\/v2\/pages\/129","targetHints":{"allow":["GET"]}}],"collection":[{"href":"https:\/\/wp.ufpel.edu.br\/sbqsul2023\/wp-json\/wp\/v2\/pages"}],"about":[{"href":"https:\/\/wp.ufpel.edu.br\/sbqsul2023\/wp-json\/wp\/v2\/types\/page"}],"author":[{"embeddable":true,"href":"https:\/\/wp.ufpel.edu.br\/sbqsul2023\/wp-json\/wp\/v2\/users\/1291"}],"replies":[{"embeddable":true,"href":"https:\/\/wp.ufpel.edu.br\/sbqsul2023\/wp-json\/wp\/v2\/comments?post=129"}],"version-history":[{"count":17,"href":"https:\/\/wp.ufpel.edu.br\/sbqsul2023\/wp-json\/wp\/v2\/pages\/129\/revisions"}],"predecessor-version":[{"id":523,"href":"https:\/\/wp.ufpel.edu.br\/sbqsul2023\/wp-json\/wp\/v2\/pages\/129\/revisions\/523"}],"wp:attachment":[{"href":"https:\/\/wp.ufpel.edu.br\/sbqsul2023\/wp-json\/wp\/v2\/media?parent=129"}],"curies":[{"name":"wp","href":"https:\/\/api.w.org\/{rel}","templated":true}]}}