{"id":406,"date":"2023-01-21T10:25:44","date_gmt":"2023-01-21T13:25:44","guid":{"rendered":"https:\/\/wp.ufpel.edu.br\/sbqp2023\/?page_id=406"},"modified":"2023-02-11T09:39:50","modified_gmt":"2023-02-11T12:39:50","slug":"temas","status":"publish","type":"page","link":"https:\/\/wp.ufpel.edu.br\/sbqp2023\/temas\/","title":{"rendered":"Temas"},"content":{"rendered":"<div id=\"pl-406\"  class=\"panel-layout\" ><div id=\"pg-406-0\"  class=\"panel-grid panel-no-style\" ><div id=\"pgc-406-0-0\"  class=\"panel-grid-cell\" ><div id=\"panel-406-0-0-0\" class=\"so-panel widget widget_sow-headline panel-first-child\" data-index=\"0\" ><div\n\t\t\t\n\t\t\tclass=\"so-widget-sow-headline so-widget-sow-headline-default-04695f9615e7-406\"\n\t\t\t\n\t\t><div class=\"sow-headline-container \">\n\t\t\t\t\t\t\t<h2 class=\"sow-headline\">\n\t\t\t\t\t\tTEMAS EMERGENTES: SUSTENTABILIDADE E RESPONSABILIDADE SOCIAL NO PROJETO\t\t\t\t\t\t<\/h2>\n\t\t\t\t\t\t\t\t\t\t\t<div class=\"decoration\">\n\t\t\t\t\t\t<div class=\"decoration-inside\"><\/div>\n\t\t\t\t\t<\/div>\n\t\t\t\t\t<\/div>\n<\/div><\/div><div id=\"panel-406-0-0-1\" class=\"so-panel widget widget_sow-editor panel-last-child\" data-index=\"1\" ><div\n\t\t\t\n\t\t\tclass=\"so-widget-sow-editor so-widget-sow-editor-base\"\n\t\t\t\n\t\t>\n<div class=\"siteorigin-widget-tinymce textwidget\">\n\t<p style=\"text-align: justify;\"><span style=\"color: #333333;\">O VIII Simp\u00f3sio de Qualidade de Projeto no Ambiente Constru\u00eddo aborda a Sustentabilidade em seu tema de 2023. A Sustentabilidade apresenta diferentes dimens\u00f5es no \u00e2mbito conceitual. \u00c9 uma abordagem sist\u00eamica de ver e pensar o mundo, interconectando todos os atores presentes nesse contexto geral. Esta rela\u00e7\u00e3o sist\u00eamica entre sujeito e objeto tem como pressuposto b\u00e1sico o uso e manuten\u00e7\u00e3o dos recursos naturais presentes no planeta terra de forma sustent\u00e1vel de modo a n\u00e3o comprometer o desenvolvimento das futuras gera\u00e7\u00f5es.<\/span><\/p>\n<p style=\"text-align: justify;\"><span style=\"color: #333333;\">No \u00e2mbito da dimens\u00e3o social, a sustentabilidade preconiza a valoriza\u00e7\u00e3o e considera\u00e7\u00e3o do ser humano de forma igualit\u00e1ria e justa, e nesse sentido, surge a discuss\u00e3o da responsabilidade social no projeto e todas as interfaces e conex\u00f5es do tema com a sustentabilidade do ambiente constru\u00eddo. H\u00e1 uma d\u00edvida de nossa sociedade com a qualidade da vida cotidiana nas cidades, com a equidade de acesso a seus bens e servi\u00e7os. Ao longo da realiza\u00e7\u00e3o do VIII Simp\u00f3sio Brasileiro de Qualidade do Projeto no Ambiente Constru\u00eddo, buscamos a reflex\u00e3o sobre a responsabilidade do projeto em tornar as cidades e os assentamentos humanos inclusivos, seguros, resilientes e sustent\u00e1veis.<\/span><\/p>\n<p>&nbsp;<\/p>\n<p><span style=\"color: #333333;\">De 16 a 18 de Novembro de 2023. Programa de P\u00f3s-Gradua\u00e7\u00e3o em Arquitetura e Urbanismo (PROGRAU) da Universidade Federal de Pelotas (UFPel). Pelotas, Rio Grande do Sul, Brasil.<\/span><\/p>\n<\/div>\n<\/div><\/div><\/div><\/div><div id=\"pg-406-1\"  class=\"panel-grid panel-no-style\" ><div id=\"pgc-406-1-0\"  class=\"panel-grid-cell panel-grid-cell-empty\" ><\/div><\/div><div id=\"pg-406-2\"  class=\"panel-grid panel-no-style\" ><div id=\"pgc-406-2-0\"  class=\"panel-grid-cell panel-grid-cell-empty\" ><\/div><\/div><div id=\"pg-406-3\"  class=\"panel-grid panel-has-style\" ><div class=\"siteorigin-panels-stretch panel-row-style panel-row-style-for-406-3\" data-stretch-type=\"full\" ><div id=\"pgc-406-3-0\"  class=\"panel-grid-cell\" ><div id=\"panel-406-3-0-0\" class=\"so-panel widget widget_sow-headline panel-first-child\" data-index=\"2\" ><div\n\t\t\t\n\t\t\tclass=\"so-widget-sow-headline so-widget-sow-headline-default-4b3bf6f5f2b8-406\"\n\t\t\t\n\t\t><div class=\"sow-headline-container \">\n\t\t\t\t\t\t\t<h2 class=\"sow-headline\">\n\t\t\t\t\t\tTEMAS EMERGENTES\t\t\t\t\t\t<\/h2>\n\t\t\t\t\t\t\t\t\t\t\t<div class=\"decoration\">\n\t\t\t\t\t\t<div class=\"decoration-inside\"><\/div>\n\t\t\t\t\t<\/div>\n\t\t\t\t\t<\/div>\n<\/div><\/div><div id=\"panel-406-3-0-1\" class=\"so-panel widget widget_sow-editor\" data-index=\"3\" ><div\n\t\t\t\n\t\t\tclass=\"so-widget-sow-editor so-widget-sow-editor-base\"\n\t\t\t\n\t\t>\n<div class=\"siteorigin-widget-tinymce textwidget\">\n\t<p><span style=\"color: #333333;\">Confira os sete Temas Emergentes do VIII SBQP 2023:<\/span><\/p>\n<\/div>\n<\/div><\/div><div id=\"panel-406-3-0-2\" class=\"so-panel widget widget_sow-editor\" data-index=\"4\" ><div class=\"panel-widget-style panel-widget-style-for-406-3-0-2\" ><div\n\t\t\t\n\t\t\tclass=\"so-widget-sow-editor so-widget-sow-editor-base\"\n\t\t\t\n\t\t><h3 class=\"widget-title\">AGENTES | GEST\u00c3O E PROCESSO DE PROJETO<\/h3>\n<div class=\"siteorigin-widget-tinymce textwidget\">\n\t<p><span style=\"color: #333333;\">Abrange os diferentes agentes envolvidos na gest\u00e3o e processo de projeto; programa\u00e7\u00e3o e coordena\u00e7\u00e3o de projetos; gest\u00e3o de empresas de projeto (privadas e p\u00fablicas) e gest\u00e3o integrada dos sistemas (qualidade, meio ambiente e seguran\u00e7a). Percep\u00e7\u00e3o ambiental e protocolos do processo de projeto.<\/span><\/p>\n<\/div>\n<\/div><\/div><\/div><div id=\"panel-406-3-0-3\" class=\"so-panel widget widget_sow-editor\" data-index=\"5\" ><div class=\"panel-widget-style panel-widget-style-for-406-3-0-3\" ><div\n\t\t\t\n\t\t\tclass=\"so-widget-sow-editor so-widget-sow-editor-base\"\n\t\t\t\n\t\t><h3 class=\"widget-title\">PR\u00c1TICA | ATUA\u00c7\u00c3O PROFISSIONAL E VALORIZA\u00c7\u00c3O DO PROJETO<\/h3>\n<div class=\"siteorigin-widget-tinymce textwidget\">\n\t<p><span style=\"color: #333333;\">Abrange a pr\u00e1tica profissional de projetos (contrata\u00e7\u00e3o, escopo e valoriza\u00e7\u00e3o); est\u00edmulo \u00e0 criatividade (inova\u00e7\u00e3o, m\u00e9todos e ferramentas); mercado imobili\u00e1rio e novas tend\u00eancias. Novos modos de habitar e de interagir espacialmente nos edif\u00edcios e espa\u00e7os coletivos p\u00f3s pandemia.<\/span><\/p>\n<\/div>\n<\/div><\/div><\/div><div id=\"panel-406-3-0-4\" class=\"so-panel widget widget_sow-editor\" data-index=\"6\" ><div class=\"panel-widget-style panel-widget-style-for-406-3-0-4\" ><div\n\t\t\t\n\t\t\tclass=\"so-widget-sow-editor so-widget-sow-editor-base\"\n\t\t\t\n\t\t><h3 class=\"widget-title\"><span style=\"color: #dedede\">TECNOLOGIA | INTEGRA\u00c7\u00c3O DA INFORMA\u00c7\u00c3O NO PROJETO<\/span><\/h3>\n<div class=\"siteorigin-widget-tinymce textwidget\">\n\t<p><span style=\"color: #dedede;\">Abrange o processo de projeto integrado e colaborativo; gest\u00e3o do conhecimento\u00a0empregado nos projetos; aplicativos e ferramentas de apoio ao projeto\u00a0(CAD, BIM); ambientes colaborativos; prototipagem r\u00e1pida; simula\u00e7\u00e3o computacional\u00a0e projetos; sistemas informatizados de avalia\u00e7\u00e3o de projetos; impacto das novas tecnologias na produ\u00e7\u00e3o, uso e manuten\u00e7\u00e3o do ambiente constru\u00eddo.<\/span><\/p>\n<\/div>\n<\/div><\/div><\/div><div id=\"panel-406-3-0-5\" class=\"so-panel widget widget_sow-editor\" data-index=\"7\" ><div class=\"panel-widget-style panel-widget-style-for-406-3-0-5\" ><div\n\t\t\t\n\t\t\tclass=\"so-widget-sow-editor so-widget-sow-editor-base\"\n\t\t\t\n\t\t><h3 class=\"widget-title\"><span style=\"color: #dedede\">DESEMPENHO | PROCESSOS AVALIATIVOS: DO PROJETO \u00c0 P\u00d3S-OCUPA\u00c7\u00c3O<\/span><\/h3>\n<div class=\"siteorigin-widget-tinymce textwidget\">\n\t<p><span style=\"color: #dedede;\">Abrange o atendimento \u00e0s demandas dos usu\u00e1rios e desempenho do ambiente constru\u00eddo; os m\u00e9todos e pr\u00e1ticas de avalia\u00e7\u00e3o de desempenho (APP e APO) e retroalimenta\u00e7\u00e3o do processo de projeto.<\/span><\/p>\n<\/div>\n<\/div><\/div><\/div><div id=\"panel-406-3-0-6\" class=\"so-panel widget widget_sow-editor\" data-index=\"8\" ><div class=\"panel-widget-style panel-widget-style-for-406-3-0-6\" ><div\n\t\t\t\n\t\t\tclass=\"so-widget-sow-editor so-widget-sow-editor-base\"\n\t\t\t\n\t\t><h3 class=\"widget-title\"><span style=\"color: #dedede\">ACADEMIA | ENSINO E CR\u00cdTICA DO PROJETO<\/span><\/h3>\n<div class=\"siteorigin-widget-tinymce textwidget\">\n\t<p><span style=\"color: #dedede;\">Abrange os conte\u00fados discutidos e praticados no \u00e2mbito da academia; ensino e cr\u00edtica do projeto na gradua\u00e7\u00e3o e p\u00f3s-gradua\u00e7\u00e3o; gest\u00e3o do conhecimento empregado nos projetos e das ferramentas computacionais de apoio ao projeto; novas compet\u00eancias necess\u00e1rias no atendimento \u00e0s demandas locais e nacionais.<\/span><\/p>\n<\/div>\n<\/div><\/div><\/div><div id=\"panel-406-3-0-7\" class=\"so-panel widget widget_sow-editor\" data-index=\"9\" ><div class=\"panel-widget-style panel-widget-style-for-406-3-0-7\" ><div\n\t\t\t\n\t\t\tclass=\"so-widget-sow-editor so-widget-sow-editor-base\"\n\t\t\t\n\t\t><h3 class=\"widget-title\"><span style=\"color: #dedede\">AGENDA | SUSTENTABILIDADE, EFICI\u00caNCIA E QUALIDADE NO PROJETO<\/span><\/h3>\n<div class=\"siteorigin-widget-tinymce textwidget\">\n\t<p><span style=\"color: #dedede;\">Compreende o projeto e a qualidade ambiental; par\u00e2metros e indicadores de qualidade; efici\u00eancia no uso de recursos e certifica\u00e7\u00e3o ambiental; recomenda\u00e7\u00f5es de agendas e acordos locais e globais. Urg\u00eancia clim\u00e1tica e a responsabilidade social no projeto.<\/span><\/p>\n<\/div>\n<\/div><\/div><\/div><div id=\"panel-406-3-0-8\" class=\"so-panel widget widget_sow-editor\" data-index=\"10\" ><div class=\"panel-widget-style panel-widget-style-for-406-3-0-8\" ><div\n\t\t\t\n\t\t\tclass=\"so-widget-sow-editor so-widget-sow-editor-base\"\n\t\t\t\n\t\t><h3 class=\"widget-title\">SOCIEDADE | ASSESSORIA E ASSIST\u00caNCIA T\u00c9CNICA E QUALIDADE NO PROJETO<\/h3>\n<div class=\"siteorigin-widget-tinymce textwidget\">\n\t<p>Compreende os processos de implementa\u00e7\u00e3o da assessoria e assist\u00eancia t\u00e9cnica para as popula\u00e7\u00f5es em vulnerabilidade social. Resid\u00eancia em HIS e processos de capacita\u00e7\u00e3o para o exerc\u00edcio da assessoria e assist\u00eancia t\u00e9cnica. Lei de Assist\u00eancia T\u00e9cnica 10.888\/08 e novos enfoques no processo de projeto. Processos participativos e responsabilidade social no projeto.<\/p>\n<\/div>\n<\/div><\/div><\/div><div id=\"panel-406-3-0-9\" class=\"so-panel widget widget_sow-editor panel-last-child\" data-index=\"11\" ><div\n\t\t\t\n\t\t\tclass=\"so-widget-sow-editor so-widget-sow-editor-base\"\n\t\t\t\n\t\t>\n<div class=\"siteorigin-widget-tinymce textwidget\">\n\t<p><span style=\"color: #999999; font-size: 11pt;\">D\u00favidas podem ser enviadas na p\u00e1gina <span style=\"color: #808080;\"><strong><a style=\"color: #808080;\" href=\"https:\/\/wp.ufpel.edu.br\/sbqp2023\/262-2\/\">contato<\/a><\/strong> <\/span>ou podem ser encaminhadas para o e-mail sbqp2023@gmail.com. Nos vemos no evento!\u00a0<\/span><\/p>\n<\/div>\n<\/div><\/div><\/div><\/div><\/div><\/div>","protected":false},"excerpt":{"rendered":"<p>O VIII Simp\u00f3sio de Qualidade de Projeto no Ambiente Constru\u00eddo aborda a Sustentabilidade em seu tema de 2023. A Sustentabilidade apresenta diferentes dimens\u00f5es no \u00e2mbito conceitual. \u00c9 uma abordagem sist\u00eamica de ver e pensar o mundo, interconectando todos os atores presentes nesse contexto geral. Esta rela\u00e7\u00e3o sist\u00eamica entre sujeito e objeto tem como pressuposto b\u00e1sico [&hellip;]<\/p>\n","protected":false},"author":625,"featured_media":0,"parent":0,"menu_order":0,"comment_status":"closed","ping_status":"closed","template":"","meta":{"footnotes":""},"class_list":["post-406","page","type-page","status-publish","hentry","post"],"yoast_head":"<!-- This site is optimized with the Yoast SEO plugin v26.7 - https:\/\/yoast.com\/wordpress\/plugins\/seo\/ -->\n<title>Temas - SBQP | 2023\u3164\u3164\u3164\u3164\u3164\u3164\u3164\u3164\u3164\u3164\u3164\u3164\u3164\u3164\u3164\u3164\u3164\u3164\u3164\u3164\u3164<\/title>\n<meta name=\"robots\" content=\"index, follow, max-snippet:-1, max-image-preview:large, max-video-preview:-1\" \/>\n<link rel=\"canonical\" href=\"https:\/\/wp.ufpel.edu.br\/sbqp2023\/temas\/\" \/>\n<meta property=\"og:locale\" content=\"pt_BR\" \/>\n<meta property=\"og:type\" content=\"article\" \/>\n<meta property=\"og:title\" content=\"Temas - SBQP | 2023\u3164\u3164\u3164\u3164\u3164\u3164\u3164\u3164\u3164\u3164\u3164\u3164\u3164\u3164\u3164\u3164\u3164\u3164\u3164\u3164\u3164\" \/>\n<meta property=\"og:description\" content=\"O VIII Simp\u00f3sio de Qualidade de Projeto no Ambiente Constru\u00eddo aborda a Sustentabilidade em seu tema de 2023. A Sustentabilidade apresenta diferentes dimens\u00f5es no \u00e2mbito conceitual. \u00c9 uma abordagem sist\u00eamica de ver e pensar o mundo, interconectando todos os atores presentes nesse contexto geral. Esta rela\u00e7\u00e3o sist\u00eamica entre sujeito e objeto tem como pressuposto b\u00e1sico [&hellip;]\" \/>\n<meta property=\"og:url\" content=\"https:\/\/wp.ufpel.edu.br\/sbqp2023\/temas\/\" \/>\n<meta property=\"og:site_name\" content=\"SBQP | 2023\u3164\u3164\u3164\u3164\u3164\u3164\u3164\u3164\u3164\u3164\u3164\u3164\u3164\u3164\u3164\u3164\u3164\u3164\u3164\u3164\u3164\" \/>\n<meta property=\"article:modified_time\" content=\"2023-02-11T12:39:50+00:00\" \/>\n<meta name=\"twitter:card\" content=\"summary_large_image\" \/>\n<meta name=\"twitter:label1\" content=\"Est. tempo de leitura\" \/>\n\t<meta name=\"twitter:data1\" content=\"4 minutos\" \/>\n<script type=\"application\/ld+json\" class=\"yoast-schema-graph\">{\"@context\":\"https:\/\/schema.org\",\"@graph\":[{\"@type\":\"WebPage\",\"@id\":\"https:\/\/wp.ufpel.edu.br\/sbqp2023\/temas\/\",\"url\":\"https:\/\/wp.ufpel.edu.br\/sbqp2023\/temas\/\",\"name\":\"Temas - SBQP | 2023\u3164\u3164\u3164\u3164\u3164\u3164\u3164\u3164\u3164\u3164\u3164\u3164\u3164\u3164\u3164\u3164\u3164\u3164\u3164\u3164\u3164\",\"isPartOf\":{\"@id\":\"https:\/\/wp.ufpel.edu.br\/sbqp2023\/#website\"},\"datePublished\":\"2023-01-21T13:25:44+00:00\",\"dateModified\":\"2023-02-11T12:39:50+00:00\",\"breadcrumb\":{\"@id\":\"https:\/\/wp.ufpel.edu.br\/sbqp2023\/temas\/#breadcrumb\"},\"inLanguage\":\"pt-BR\",\"potentialAction\":[{\"@type\":\"ReadAction\",\"target\":[\"https:\/\/wp.ufpel.edu.br\/sbqp2023\/temas\/\"]}]},{\"@type\":\"BreadcrumbList\",\"@id\":\"https:\/\/wp.ufpel.edu.br\/sbqp2023\/temas\/#breadcrumb\",\"itemListElement\":[{\"@type\":\"ListItem\",\"position\":1,\"name\":\"In\u00edcio\",\"item\":\"https:\/\/wp.ufpel.edu.br\/sbqp2023\/\"},{\"@type\":\"ListItem\",\"position\":2,\"name\":\"Temas\"}]},{\"@type\":\"WebSite\",\"@id\":\"https:\/\/wp.ufpel.edu.br\/sbqp2023\/#website\",\"url\":\"https:\/\/wp.ufpel.edu.br\/sbqp2023\/\",\"name\":\"SBQP | 2023\u3164\u3164\u3164\u3164\u3164\u3164\u3164\u3164\u3164\u3164\u3164\u3164\u3164\u3164\u3164\u3164\u3164\u3164\u3164\u3164\u3164\",\"description\":\"\",\"publisher\":{\"@id\":\"https:\/\/wp.ufpel.edu.br\/sbqp2023\/#organization\"},\"potentialAction\":[{\"@type\":\"SearchAction\",\"target\":{\"@type\":\"EntryPoint\",\"urlTemplate\":\"https:\/\/wp.ufpel.edu.br\/sbqp2023\/?s={search_term_string}\"},\"query-input\":{\"@type\":\"PropertyValueSpecification\",\"valueRequired\":true,\"valueName\":\"search_term_string\"}}],\"inLanguage\":\"pt-BR\"},{\"@type\":\"Organization\",\"@id\":\"https:\/\/wp.ufpel.edu.br\/sbqp2023\/#organization\",\"name\":\"SBQP | 2023\u3164\u3164\u3164\u3164\u3164\u3164\u3164\u3164\u3164\u3164\u3164\u3164\u3164\u3164\u3164\u3164\u3164\u3164\u3164\u3164\u3164\",\"url\":\"https:\/\/wp.ufpel.edu.br\/sbqp2023\/\",\"logo\":{\"@type\":\"ImageObject\",\"inLanguage\":\"pt-BR\",\"@id\":\"https:\/\/wp.ufpel.edu.br\/sbqp2023\/#\/schema\/logo\/image\/\",\"url\":\"https:\/\/wp.ufpel.edu.br\/sbqp2023\/files\/2023\/01\/cropped-cropped-sitelogo_assinatura_horizontal_branco-1.png\",\"contentUrl\":\"https:\/\/wp.ufpel.edu.br\/sbqp2023\/files\/2023\/01\/cropped-cropped-sitelogo_assinatura_horizontal_branco-1.png\",\"width\":390,\"height\":140,\"caption\":\"SBQP | 2023\u3164\u3164\u3164\u3164\u3164\u3164\u3164\u3164\u3164\u3164\u3164\u3164\u3164\u3164\u3164\u3164\u3164\u3164\u3164\u3164\u3164\"},\"image\":{\"@id\":\"https:\/\/wp.ufpel.edu.br\/sbqp2023\/#\/schema\/logo\/image\/\"}}]}<\/script>\n<!-- \/ Yoast SEO plugin. -->","yoast_head_json":{"title":"Temas - SBQP | 2023\u3164\u3164\u3164\u3164\u3164\u3164\u3164\u3164\u3164\u3164\u3164\u3164\u3164\u3164\u3164\u3164\u3164\u3164\u3164\u3164\u3164","robots":{"index":"index","follow":"follow","max-snippet":"max-snippet:-1","max-image-preview":"max-image-preview:large","max-video-preview":"max-video-preview:-1"},"canonical":"https:\/\/wp.ufpel.edu.br\/sbqp2023\/temas\/","og_locale":"pt_BR","og_type":"article","og_title":"Temas - SBQP | 2023\u3164\u3164\u3164\u3164\u3164\u3164\u3164\u3164\u3164\u3164\u3164\u3164\u3164\u3164\u3164\u3164\u3164\u3164\u3164\u3164\u3164","og_description":"O VIII Simp\u00f3sio de Qualidade de Projeto no Ambiente Constru\u00eddo aborda a Sustentabilidade em seu tema de 2023. A Sustentabilidade apresenta diferentes dimens\u00f5es no \u00e2mbito conceitual. \u00c9 uma abordagem sist\u00eamica de ver e pensar o mundo, interconectando todos os atores presentes nesse contexto geral. Esta rela\u00e7\u00e3o sist\u00eamica entre sujeito e objeto tem como pressuposto b\u00e1sico [&hellip;]","og_url":"https:\/\/wp.ufpel.edu.br\/sbqp2023\/temas\/","og_site_name":"SBQP | 2023\u3164\u3164\u3164\u3164\u3164\u3164\u3164\u3164\u3164\u3164\u3164\u3164\u3164\u3164\u3164\u3164\u3164\u3164\u3164\u3164\u3164","article_modified_time":"2023-02-11T12:39:50+00:00","twitter_card":"summary_large_image","twitter_misc":{"Est. tempo de leitura":"4 minutos"},"schema":{"@context":"https:\/\/schema.org","@graph":[{"@type":"WebPage","@id":"https:\/\/wp.ufpel.edu.br\/sbqp2023\/temas\/","url":"https:\/\/wp.ufpel.edu.br\/sbqp2023\/temas\/","name":"Temas - SBQP | 2023\u3164\u3164\u3164\u3164\u3164\u3164\u3164\u3164\u3164\u3164\u3164\u3164\u3164\u3164\u3164\u3164\u3164\u3164\u3164\u3164\u3164","isPartOf":{"@id":"https:\/\/wp.ufpel.edu.br\/sbqp2023\/#website"},"datePublished":"2023-01-21T13:25:44+00:00","dateModified":"2023-02-11T12:39:50+00:00","breadcrumb":{"@id":"https:\/\/wp.ufpel.edu.br\/sbqp2023\/temas\/#breadcrumb"},"inLanguage":"pt-BR","potentialAction":[{"@type":"ReadAction","target":["https:\/\/wp.ufpel.edu.br\/sbqp2023\/temas\/"]}]},{"@type":"BreadcrumbList","@id":"https:\/\/wp.ufpel.edu.br\/sbqp2023\/temas\/#breadcrumb","itemListElement":[{"@type":"ListItem","position":1,"name":"In\u00edcio","item":"https:\/\/wp.ufpel.edu.br\/sbqp2023\/"},{"@type":"ListItem","position":2,"name":"Temas"}]},{"@type":"WebSite","@id":"https:\/\/wp.ufpel.edu.br\/sbqp2023\/#website","url":"https:\/\/wp.ufpel.edu.br\/sbqp2023\/","name":"SBQP | 2023\u3164\u3164\u3164\u3164\u3164\u3164\u3164\u3164\u3164\u3164\u3164\u3164\u3164\u3164\u3164\u3164\u3164\u3164\u3164\u3164\u3164","description":"","publisher":{"@id":"https:\/\/wp.ufpel.edu.br\/sbqp2023\/#organization"},"potentialAction":[{"@type":"SearchAction","target":{"@type":"EntryPoint","urlTemplate":"https:\/\/wp.ufpel.edu.br\/sbqp2023\/?s={search_term_string}"},"query-input":{"@type":"PropertyValueSpecification","valueRequired":true,"valueName":"search_term_string"}}],"inLanguage":"pt-BR"},{"@type":"Organization","@id":"https:\/\/wp.ufpel.edu.br\/sbqp2023\/#organization","name":"SBQP | 2023\u3164\u3164\u3164\u3164\u3164\u3164\u3164\u3164\u3164\u3164\u3164\u3164\u3164\u3164\u3164\u3164\u3164\u3164\u3164\u3164\u3164","url":"https:\/\/wp.ufpel.edu.br\/sbqp2023\/","logo":{"@type":"ImageObject","inLanguage":"pt-BR","@id":"https:\/\/wp.ufpel.edu.br\/sbqp2023\/#\/schema\/logo\/image\/","url":"https:\/\/wp.ufpel.edu.br\/sbqp2023\/files\/2023\/01\/cropped-cropped-sitelogo_assinatura_horizontal_branco-1.png","contentUrl":"https:\/\/wp.ufpel.edu.br\/sbqp2023\/files\/2023\/01\/cropped-cropped-sitelogo_assinatura_horizontal_branco-1.png","width":390,"height":140,"caption":"SBQP | 2023\u3164\u3164\u3164\u3164\u3164\u3164\u3164\u3164\u3164\u3164\u3164\u3164\u3164\u3164\u3164\u3164\u3164\u3164\u3164\u3164\u3164"},"image":{"@id":"https:\/\/wp.ufpel.edu.br\/sbqp2023\/#\/schema\/logo\/image\/"}}]}},"_links":{"self":[{"href":"https:\/\/wp.ufpel.edu.br\/sbqp2023\/wp-json\/wp\/v2\/pages\/406","targetHints":{"allow":["GET"]}}],"collection":[{"href":"https:\/\/wp.ufpel.edu.br\/sbqp2023\/wp-json\/wp\/v2\/pages"}],"about":[{"href":"https:\/\/wp.ufpel.edu.br\/sbqp2023\/wp-json\/wp\/v2\/types\/page"}],"author":[{"embeddable":true,"href":"https:\/\/wp.ufpel.edu.br\/sbqp2023\/wp-json\/wp\/v2\/users\/625"}],"replies":[{"embeddable":true,"href":"https:\/\/wp.ufpel.edu.br\/sbqp2023\/wp-json\/wp\/v2\/comments?post=406"}],"version-history":[{"count":161,"href":"https:\/\/wp.ufpel.edu.br\/sbqp2023\/wp-json\/wp\/v2\/pages\/406\/revisions"}],"predecessor-version":[{"id":410,"href":"https:\/\/wp.ufpel.edu.br\/sbqp2023\/wp-json\/wp\/v2\/pages\/406\/revisions\/410"}],"wp:attachment":[{"href":"https:\/\/wp.ufpel.edu.br\/sbqp2023\/wp-json\/wp\/v2\/media?parent=406"}],"curies":[{"name":"wp","href":"https:\/\/api.w.org\/{rel}","templated":true}]}}