{"id":940,"date":"2022-04-07T18:07:58","date_gmt":"2022-04-07T21:07:58","guid":{"rendered":"https:\/\/wp.ufpel.edu.br\/sauer\/?page_id=940"},"modified":"2022-04-07T18:07:58","modified_gmt":"2022-04-07T21:07:58","slug":"mateando","status":"publish","type":"page","link":"https:\/\/wp.ufpel.edu.br\/sauer\/mateando\/","title":{"rendered":"Mateando"},"content":{"rendered":"<div class=\"oKdM2c Kzv0Me\">\n<div id=\"h.3362346e3d12c940_16\" class=\"hJDwNd-AhqUyc-uQSCkd jXK9ad D2fZ2 OjCsFc GNzUNc\">\n<div class=\"jXK9ad-SmKAyb\">\n<div class=\"tyJCtd mGzaTb baZpAe\">\n<div class=\"CjVfdc\"><\/div>\n<\/div>\n<\/div>\n<\/div>\n<\/div>\n<div class=\"oKdM2c\">\n<div id=\"h.3362346e3d12c940_24\" class=\"hJDwNd-AhqUyc-uQSCkd jXK9ad D2fZ2 wHaque GNzUNc\">\n<div class=\"jXK9ad-SmKAyb\">\n<div class=\"tyJCtd mGzaTb baZpAe\">\n<p class=\"CDt4Ke zfr3Q\" dir=\"ltr\"><em>O projeto MateANDO nasceu da vontade de contribuir com a populariza\u00e7\u00e3o da Matem\u00e1tica em ambientes virtuais.<\/em><\/p>\n<p class=\"CDt4Ke zfr3Q\" dir=\"ltr\"><em>Organizado pelas Universidades do Rio Grande do Sul: FURG, UFPEL, UFRGS, UFSM e UNIPAMPA.<\/em><\/p>\n<p dir=\"ltr\">Tu podes encontrar a programa\u00e7\u00e3o deste ano e o que foi realizado na edi\u00e7\u00e3o anterior <a href=\"https:\/\/sites.google.com\/view\/mateando\">clicando aqui.<\/a><\/p>\n<\/div>\n<\/div>\n<\/div>\n<\/div>\n","protected":false},"excerpt":{"rendered":"<p>O projeto MateANDO nasceu da vontade de contribuir com a populariza\u00e7\u00e3o da Matem\u00e1tica em ambientes virtuais. Organizado pelas Universidades do Rio Grande do Sul: FURG, UFPEL, UFRGS, UFSM e UNIPAMPA. Tu podes encontrar a programa\u00e7\u00e3o deste ano e o que &hellip; <a href=\"https:\/\/wp.ufpel.edu.br\/sauer\/mateando\/\">Continue lendo <span class=\"meta-nav\">&rarr;<\/span><\/a><\/p>\n","protected":false},"author":795,"featured_media":0,"parent":0,"menu_order":0,"comment_status":"closed","ping_status":"closed","template":"","meta":{"footnotes":""},"class_list":["post-940","page","type-page","status-publish","hentry"],"_links":{"self":[{"href":"https:\/\/wp.ufpel.edu.br\/sauer\/wp-json\/wp\/v2\/pages\/940","targetHints":{"allow":["GET"]}}],"collection":[{"href":"https:\/\/wp.ufpel.edu.br\/sauer\/wp-json\/wp\/v2\/pages"}],"about":[{"href":"https:\/\/wp.ufpel.edu.br\/sauer\/wp-json\/wp\/v2\/types\/page"}],"author":[{"embeddable":true,"href":"https:\/\/wp.ufpel.edu.br\/sauer\/wp-json\/wp\/v2\/users\/795"}],"replies":[{"embeddable":true,"href":"https:\/\/wp.ufpel.edu.br\/sauer\/wp-json\/wp\/v2\/comments?post=940"}],"version-history":[{"count":2,"href":"https:\/\/wp.ufpel.edu.br\/sauer\/wp-json\/wp\/v2\/pages\/940\/revisions"}],"predecessor-version":[{"id":942,"href":"https:\/\/wp.ufpel.edu.br\/sauer\/wp-json\/wp\/v2\/pages\/940\/revisions\/942"}],"wp:attachment":[{"href":"https:\/\/wp.ufpel.edu.br\/sauer\/wp-json\/wp\/v2\/media?parent=940"}],"curies":[{"name":"wp","href":"https:\/\/api.w.org\/{rel}","templated":true}]}}