{"id":923,"date":"2022-04-01T20:08:40","date_gmt":"2022-04-01T23:08:40","guid":{"rendered":"https:\/\/wp.ufpel.edu.br\/sauer\/?page_id=923"},"modified":"2022-07-04T09:50:01","modified_gmt":"2022-07-04T12:50:01","slug":"matematica-interdisciplinar","status":"publish","type":"page","link":"https:\/\/wp.ufpel.edu.br\/sauer\/matematica-interdisciplinar\/","title":{"rendered":"Matem\u00e1tica Interdisciplinar"},"content":{"rendered":"<p>Procurei palavras pr\u00f3prias para definir o que \u00e9 matem\u00e1tica interdisciplinar, mas quando me deparei com este <a href=\"https:\/\/wisaarkhu.co.za\/article\/finding-and-sharing-mathematical-beauty-in-the-world\/\">artigo<\/a> de <em>Noah Giansiracusa t<\/em>ive certeza que n\u00e3o poderia fazer melhor do que ele. Segue ent\u00e3o uma tradu\u00e7\u00e3o livre sobre o que \u00e9 matem\u00e1tica interdisciplinar :<\/p>\n<p>&#8220;a matem\u00e1tica interdisciplinar \u00e9 menos sobre o uso da matem\u00e1tica para influenciar o mundo e mais sobre o uso do mundo para influenciar a matem\u00e1tica em si. O que quero dizer \u00e9 que a matem\u00e1tica interdisciplinar muitas vezes acontece quando encontramos fen\u00f4menos curiosos ocorrendo em outras disciplinas ostensivamente n\u00e3o matem\u00e1ticas que reconhecemos como capazes de interpreta\u00e7\u00e3o e express\u00e3o na linguagem matem\u00e1tica, especialmente quando esta \u00faltima manifesta\u00e7\u00e3o tem uma certa profundidade matem\u00e1tica e intriga. Reconhecer que a marginaliza\u00e7\u00e3o na economia \u00e9 essencialmente diferencia\u00e7\u00e3o no c\u00e1lculo \u00e9 talvez uma observa\u00e7\u00e3o divertida (ou bem-humorada) para um matem\u00e1tico, mas a maioria dos matem\u00e1ticos profissionais n\u00e3o gastam seu tempo lendo artigos de pesquisa sobre c\u00e1lculo elementar. Por outro lado, descobrir que simetrias em certas artes culturais antigas refletem a teoria da representa\u00e7\u00e3o de grupos infinitos, por exemplo, \u00e9 potencialmente muito excitante para um matem\u00e1tico. \u00c9 extremamente improv\u00e1vel que se descubra ou prove um novo teorema encontrando matem\u00e1tica na arte, mas ser capaz de entender certos aspectos de determinada arte usando linguagem matem\u00e1tica sofisticada e ideias pode se sentir extremamente gratificante.&#8221;<\/p>\n","protected":false},"excerpt":{"rendered":"<p>Procurei palavras pr\u00f3prias para definir o que \u00e9 matem\u00e1tica interdisciplinar, mas quando me deparei com este artigo de Noah Giansiracusa tive certeza que n\u00e3o poderia fazer melhor do que ele. Segue ent\u00e3o uma tradu\u00e7\u00e3o livre sobre o que \u00e9 matem\u00e1tica &hellip; <a href=\"https:\/\/wp.ufpel.edu.br\/sauer\/matematica-interdisciplinar\/\">Continue lendo <span class=\"meta-nav\">&rarr;<\/span><\/a><\/p>\n","protected":false},"author":795,"featured_media":0,"parent":0,"menu_order":0,"comment_status":"closed","ping_status":"closed","template":"","meta":{"footnotes":""},"class_list":["post-923","page","type-page","status-publish","hentry"],"_links":{"self":[{"href":"https:\/\/wp.ufpel.edu.br\/sauer\/wp-json\/wp\/v2\/pages\/923","targetHints":{"allow":["GET"]}}],"collection":[{"href":"https:\/\/wp.ufpel.edu.br\/sauer\/wp-json\/wp\/v2\/pages"}],"about":[{"href":"https:\/\/wp.ufpel.edu.br\/sauer\/wp-json\/wp\/v2\/types\/page"}],"author":[{"embeddable":true,"href":"https:\/\/wp.ufpel.edu.br\/sauer\/wp-json\/wp\/v2\/users\/795"}],"replies":[{"embeddable":true,"href":"https:\/\/wp.ufpel.edu.br\/sauer\/wp-json\/wp\/v2\/comments?post=923"}],"version-history":[{"count":2,"href":"https:\/\/wp.ufpel.edu.br\/sauer\/wp-json\/wp\/v2\/pages\/923\/revisions"}],"predecessor-version":[{"id":963,"href":"https:\/\/wp.ufpel.edu.br\/sauer\/wp-json\/wp\/v2\/pages\/923\/revisions\/963"}],"wp:attachment":[{"href":"https:\/\/wp.ufpel.edu.br\/sauer\/wp-json\/wp\/v2\/media?parent=923"}],"curies":[{"name":"wp","href":"https:\/\/api.w.org\/{rel}","templated":true}]}}