{"id":901,"date":"2022-03-21T09:45:46","date_gmt":"2022-03-21T12:45:46","guid":{"rendered":"https:\/\/wp.ufpel.edu.br\/sauer\/?page_id=901"},"modified":"2024-09-03T10:11:19","modified_gmt":"2024-09-03T13:11:19","slug":"estudantes","status":"publish","type":"page","link":"https:\/\/wp.ufpel.edu.br\/sauer\/estudantes\/","title":{"rendered":"Estudantes"},"content":{"rendered":"<header class=\"post-header\">\n<h1 class=\"post-title\"><\/h1>\n<p class=\"post-description\"><span style=\"font-size: 12px;\">Na \u00faltima d\u00e9cada, fui mentora de v\u00e1rios alunos e alunas.\u00a0 Abaixo est\u00e1 uma lista dos meus alunos antigos e atuais. Para encontrar mais informa\u00e7\u00f5es sobre minha &#8220;fam\u00edlia acad\u00eamica&#8221; mais ampla visite minha entrada <\/span><a href=\"https:\/\/www.mathgenealogy.org\/id.php?id=169415\">em genealogia<span style=\"font-size: 12px;\">.<\/span><\/a><\/p>\n<\/header>\n<h1>Atual<\/h1>\n<p>&nbsp;<\/p>\n<p><img loading=\"lazy\" decoding=\"async\" class=\"size-medium wp-image-1129 alignleft\" src=\"https:\/\/wp.ufpel.edu.br\/sauer\/files\/2024\/09\/Jose-Fernando-179x400.jpeg\" alt=\"\" width=\"179\" height=\"400\" srcset=\"https:\/\/wp.ufpel.edu.br\/sauer\/files\/2024\/09\/Jose-Fernando-179x400.jpeg 179w, https:\/\/wp.ufpel.edu.br\/sauer\/files\/2024\/09\/Jose-Fernando-459x1024.jpeg 459w, https:\/\/wp.ufpel.edu.br\/sauer\/files\/2024\/09\/Jose-Fernando-688x1536.jpeg 688w, https:\/\/wp.ufpel.edu.br\/sauer\/files\/2024\/09\/Jose-Fernando.jpeg 717w\" sizes=\"auto, (max-width: 179px) 100vw, 179px\" \/><\/p>\n<p>&nbsp;<\/p>\n<p>Jos\u00e9 Fernado Ugoski Silveira<\/p>\n<p>Pesquisa de Inicia\u00e7\u00e3o Cient\u00edfica em Geometria: <strong>Superf\u00edcies Regradas<\/strong><\/p>\n<p>Bolsista FAPERGS ano 2023\/2024<\/p>\n<p>Resultados alcan\u00e7ados:<\/p>\n<ol>\n<li>\u00a0Helicoides e Retas Reversas: Uma An\u00e1lise <a href=\"https:\/\/cti.ufpel.edu.br\/siepe\/arquivos\/2023\/CE_02094.pdf\">(aqui)<\/a><\/li>\n<li>Demonstra\u00e7\u00f5es das proposi\u00e7\u00f5es\u00a0 no cap\u00edtulo de revis\u00e3o do livro de Introdu\u00e7\u00e3o \u00e0 Geometria Diferencial de Keti Tenenblat. <a href=\"https:\/\/wp.ufpel.edu.br\/sauer\/files\/2024\/09\/Demonstracoes_das_proposicoes__Livro__Introducao_a_Geo_Dif__Katia_Tenenblat__Copy_-24.pdf\">(aqui)<\/a><\/li>\n<\/ol>\n<p>&nbsp;<\/p>\n<p>&nbsp;<\/p>\n<p><img loading=\"lazy\" decoding=\"async\" class=\"wp-image-1137 alignleft\" src=\"https:\/\/wp.ufpel.edu.br\/sauer\/files\/2024\/09\/Carolina-Esteves-254x400.jpeg\" alt=\"\" width=\"187\" height=\"294\" srcset=\"https:\/\/wp.ufpel.edu.br\/sauer\/files\/2024\/09\/Carolina-Esteves-254x400.jpeg 254w, https:\/\/wp.ufpel.edu.br\/sauer\/files\/2024\/09\/Carolina-Esteves-649x1024.jpeg 649w, https:\/\/wp.ufpel.edu.br\/sauer\/files\/2024\/09\/Carolina-Esteves-768x1212.jpeg 768w, https:\/\/wp.ufpel.edu.br\/sauer\/files\/2024\/09\/Carolina-Esteves-973x1536.jpeg 973w, https:\/\/wp.ufpel.edu.br\/sauer\/files\/2024\/09\/Carolina-Esteves.jpeg 1014w\" sizes=\"auto, (max-width: 187px) 100vw, 187px\" \/><\/p>\n<p>&nbsp;<\/p>\n<p>Carolina Esteves dos Santos.<\/p>\n<p>Pesquisa de Inicia\u00e7\u00e3o Cient\u00edfica em Geometria: <strong>Estudo de transforma\u00e7\u00f5es no espa\u00e7o euclidiano.<\/strong><\/p>\n<p>Volunt\u00e1ria ano 2024<\/p>\n<h1><\/h1>\n<h1><\/h1>\n<p><img loading=\"lazy\" decoding=\"async\" class=\"size-medium wp-image-1139 alignleft\" src=\"https:\/\/wp.ufpel.edu.br\/sauer\/files\/2024\/09\/TiagoCorrea-180x400.jpeg\" alt=\"\" width=\"180\" height=\"400\" srcset=\"https:\/\/wp.ufpel.edu.br\/sauer\/files\/2024\/09\/TiagoCorrea-180x400.jpeg 180w, https:\/\/wp.ufpel.edu.br\/sauer\/files\/2024\/09\/TiagoCorrea-461x1024.jpeg 461w, https:\/\/wp.ufpel.edu.br\/sauer\/files\/2024\/09\/TiagoCorrea-692x1536.jpeg 692w, https:\/\/wp.ufpel.edu.br\/sauer\/files\/2024\/09\/TiagoCorrea.jpeg 721w\" sizes=\"auto, (max-width: 180px) 100vw, 180px\" \/><\/p>\n<h1><\/h1>\n<p>Tiago Soares Correa<\/p>\n<p>Pesquisa de Inicia\u00e7\u00e3o Cient\u00edfica em Geometria: <strong>Divulga\u00e7\u00e3o Matem\u00e1tica.<\/strong><\/p>\n<p>Monitor da disciplina de Matem\u00e1tica Elementar: medida e forma em geometria, nos meses de agosto e setembro de 2024.<\/p>\n<p>Volunt\u00e1rio ano 2024<\/p>\n<h1><\/h1>\n<h1><\/h1>\n<h1>Passados<\/h1>\n<p>&nbsp;<\/p>\n<p><span style=\"font-weight: 400;\"><img loading=\"lazy\" decoding=\"async\" class=\"wp-image-1006 alignleft\" src=\"https:\/\/wp.ufpel.edu.br\/sauer\/files\/2022\/08\/IMG_1089-400x267.jpg\" alt=\"\" width=\"313\" height=\"209\" srcset=\"https:\/\/wp.ufpel.edu.br\/sauer\/files\/2022\/08\/IMG_1089-400x267.jpg 400w, https:\/\/wp.ufpel.edu.br\/sauer\/files\/2022\/08\/IMG_1089-1024x683.jpg 1024w, https:\/\/wp.ufpel.edu.br\/sauer\/files\/2022\/08\/IMG_1089-768x512.jpg 768w, https:\/\/wp.ufpel.edu.br\/sauer\/files\/2022\/08\/IMG_1089-1536x1024.jpg 1536w, https:\/\/wp.ufpel.edu.br\/sauer\/files\/2022\/08\/IMG_1089-2048x1365.jpg 2048w\" sizes=\"auto, (max-width: 313px) 100vw, 313px\" \/><\/span><\/p>\n<p>&nbsp;<\/p>\n<p><span style=\"font-weight: 400;\">Caio Leandro\u00a0<\/span><span style=\"font-weight: 400;\">Costa da Silva<\/span><\/p>\n<p>Acad\u00eamico do curso de Matem\u00e1tica Licenciatura da UFPEL<\/p>\n<p>Monitor da disciplina de Matem\u00e1tica Elementar medida e forma em geometria.<\/p>\n<p>&nbsp;<\/p>\n<p>&nbsp;<\/p>\n<p>&nbsp;<\/p>\n<p>Josiane<\/p>\n","protected":false},"excerpt":{"rendered":"<p>Na \u00faltima d\u00e9cada, fui mentora de v\u00e1rios alunos e alunas.\u00a0 Abaixo est\u00e1 uma lista dos meus alunos antigos e atuais. Para encontrar mais informa\u00e7\u00f5es sobre minha &#8220;fam\u00edlia acad\u00eamica&#8221; mais ampla visite minha entrada em genealogia. Atual &nbsp; &nbsp; Jos\u00e9 Fernado &hellip; <a href=\"https:\/\/wp.ufpel.edu.br\/sauer\/estudantes\/\">Continue lendo <span class=\"meta-nav\">&rarr;<\/span><\/a><\/p>\n","protected":false},"author":795,"featured_media":0,"parent":0,"menu_order":0,"comment_status":"closed","ping_status":"closed","template":"","meta":{"footnotes":""},"class_list":["post-901","page","type-page","status-publish","hentry"],"_links":{"self":[{"href":"https:\/\/wp.ufpel.edu.br\/sauer\/wp-json\/wp\/v2\/pages\/901","targetHints":{"allow":["GET"]}}],"collection":[{"href":"https:\/\/wp.ufpel.edu.br\/sauer\/wp-json\/wp\/v2\/pages"}],"about":[{"href":"https:\/\/wp.ufpel.edu.br\/sauer\/wp-json\/wp\/v2\/types\/page"}],"author":[{"embeddable":true,"href":"https:\/\/wp.ufpel.edu.br\/sauer\/wp-json\/wp\/v2\/users\/795"}],"replies":[{"embeddable":true,"href":"https:\/\/wp.ufpel.edu.br\/sauer\/wp-json\/wp\/v2\/comments?post=901"}],"version-history":[{"count":21,"href":"https:\/\/wp.ufpel.edu.br\/sauer\/wp-json\/wp\/v2\/pages\/901\/revisions"}],"predecessor-version":[{"id":1143,"href":"https:\/\/wp.ufpel.edu.br\/sauer\/wp-json\/wp\/v2\/pages\/901\/revisions\/1143"}],"wp:attachment":[{"href":"https:\/\/wp.ufpel.edu.br\/sauer\/wp-json\/wp\/v2\/media?parent=901"}],"curies":[{"name":"wp","href":"https:\/\/api.w.org\/{rel}","templated":true}]}}