{"id":667,"date":"2021-02-03T20:25:24","date_gmt":"2021-02-03T23:25:24","guid":{"rendered":"https:\/\/wp.ufpel.edu.br\/sauer\/?page_id=667"},"modified":"2021-02-12T19:13:02","modified_gmt":"2021-02-12T22:13:02","slug":"aquarela","status":"publish","type":"page","link":"https:\/\/wp.ufpel.edu.br\/sauer\/aquarela\/","title":{"rendered":"Aquarelas"},"content":{"rendered":"<p>Um dos meus passatempos favoritos \u00e9 pintar aquarelas. Aqui est\u00e3o algumas\u00a0 pintadas por mim.<\/p>\n<p><img loading=\"lazy\" decoding=\"async\" class=\"alignnone size-medium wp-image-668\" src=\"https:\/\/wp.ufpel.edu.br\/sauer\/files\/2021\/02\/WhatsApp-Image-2021-02-03-at-19.51.33-300x400.jpeg\" alt=\"\" width=\"300\" height=\"400\" srcset=\"https:\/\/wp.ufpel.edu.br\/sauer\/files\/2021\/02\/WhatsApp-Image-2021-02-03-at-19.51.33-300x400.jpeg 300w, https:\/\/wp.ufpel.edu.br\/sauer\/files\/2021\/02\/WhatsApp-Image-2021-02-03-at-19.51.33-768x1024.jpeg 768w, https:\/\/wp.ufpel.edu.br\/sauer\/files\/2021\/02\/WhatsApp-Image-2021-02-03-at-19.51.33.jpeg 774w\" sizes=\"auto, (max-width: 300px) 100vw, 300px\" \/><strong>M\u00e3es da \u00e1gua<\/strong><\/p>\n<p><img loading=\"lazy\" decoding=\"async\" class=\"alignnone wp-image-670 size-medium\" src=\"https:\/\/wp.ufpel.edu.br\/sauer\/files\/2021\/02\/WhatsApp-Image-2021-02-03-at-19.51.32-2-e1612394545574-400x300.jpeg\" alt=\"\" width=\"400\" height=\"300\" srcset=\"https:\/\/wp.ufpel.edu.br\/sauer\/files\/2021\/02\/WhatsApp-Image-2021-02-03-at-19.51.32-2-e1612394545574-400x300.jpeg 400w, https:\/\/wp.ufpel.edu.br\/sauer\/files\/2021\/02\/WhatsApp-Image-2021-02-03-at-19.51.32-2-e1612394545574-1024x768.jpeg 1024w, https:\/\/wp.ufpel.edu.br\/sauer\/files\/2021\/02\/WhatsApp-Image-2021-02-03-at-19.51.32-2-e1612394545574-768x576.jpeg 768w, https:\/\/wp.ufpel.edu.br\/sauer\/files\/2021\/02\/WhatsApp-Image-2021-02-03-at-19.51.32-2-e1612394545574.jpeg 1032w\" sizes=\"auto, (max-width: 400px) 100vw, 400px\" \/> <strong>Composi\u00e7\u00e3o: dan\u00e7a das flores.<\/strong><\/p>\n<p><img loading=\"lazy\" decoding=\"async\" class=\"alignnone size-medium wp-image-669\" src=\"https:\/\/wp.ufpel.edu.br\/sauer\/files\/2021\/02\/WhatsApp-Image-2021-02-03-at-19.51.32-3-300x400.jpeg\" alt=\"\" width=\"300\" height=\"400\" srcset=\"https:\/\/wp.ufpel.edu.br\/sauer\/files\/2021\/02\/WhatsApp-Image-2021-02-03-at-19.51.32-3-300x400.jpeg 300w, https:\/\/wp.ufpel.edu.br\/sauer\/files\/2021\/02\/WhatsApp-Image-2021-02-03-at-19.51.32-3-768x1024.jpeg 768w, https:\/\/wp.ufpel.edu.br\/sauer\/files\/2021\/02\/WhatsApp-Image-2021-02-03-at-19.51.32-3.jpeg 774w\" sizes=\"auto, (max-width: 300px) 100vw, 300px\" \/><strong>Dan\u00e7a das cores.<\/strong><\/p>\n<p><img loading=\"lazy\" decoding=\"async\" class=\"alignnone wp-image-671 size-medium\" src=\"https:\/\/wp.ufpel.edu.br\/sauer\/files\/2021\/02\/WhatsApp-Image-2021-02-03-at-19.51.32-1-e1612394582570-300x400.jpeg\" alt=\"\" width=\"300\" height=\"400\" srcset=\"https:\/\/wp.ufpel.edu.br\/sauer\/files\/2021\/02\/WhatsApp-Image-2021-02-03-at-19.51.32-1-e1612394582570-300x400.jpeg 300w, https:\/\/wp.ufpel.edu.br\/sauer\/files\/2021\/02\/WhatsApp-Image-2021-02-03-at-19.51.32-1-e1612394582570-768x1024.jpeg 768w, https:\/\/wp.ufpel.edu.br\/sauer\/files\/2021\/02\/WhatsApp-Image-2021-02-03-at-19.51.32-1-e1612394582570.jpeg 774w\" sizes=\"auto, (max-width: 300px) 100vw, 300px\" \/> <strong>Coelhinho charmoso<\/strong><\/p>\n<p><img loading=\"lazy\" decoding=\"async\" class=\"alignnone size-medium wp-image-672\" src=\"https:\/\/wp.ufpel.edu.br\/sauer\/files\/2021\/02\/WhatsApp-Image-2021-02-03-at-19.51.32-400x300.jpeg\" alt=\"\" width=\"400\" height=\"300\" srcset=\"https:\/\/wp.ufpel.edu.br\/sauer\/files\/2021\/02\/WhatsApp-Image-2021-02-03-at-19.51.32-400x300.jpeg 400w, https:\/\/wp.ufpel.edu.br\/sauer\/files\/2021\/02\/WhatsApp-Image-2021-02-03-at-19.51.32-1024x768.jpeg 1024w, https:\/\/wp.ufpel.edu.br\/sauer\/files\/2021\/02\/WhatsApp-Image-2021-02-03-at-19.51.32-768x576.jpeg 768w, https:\/\/wp.ufpel.edu.br\/sauer\/files\/2021\/02\/WhatsApp-Image-2021-02-03-at-19.51.32.jpeg 1032w\" sizes=\"auto, (max-width: 400px) 100vw, 400px\" \/> <strong>Tapera ao amanhecer<\/strong><\/p>\n<p><img loading=\"lazy\" decoding=\"async\" class=\"alignnone wp-image-673 size-medium\" src=\"https:\/\/wp.ufpel.edu.br\/sauer\/files\/2021\/02\/WhatsApp-Image-2021-02-03-at-19.51.31-2-e1612394683618-300x400.jpeg\" alt=\"\" width=\"300\" height=\"400\" srcset=\"https:\/\/wp.ufpel.edu.br\/sauer\/files\/2021\/02\/WhatsApp-Image-2021-02-03-at-19.51.31-2-e1612394683618-300x400.jpeg 300w, https:\/\/wp.ufpel.edu.br\/sauer\/files\/2021\/02\/WhatsApp-Image-2021-02-03-at-19.51.31-2-e1612394683618-768x1024.jpeg 768w, https:\/\/wp.ufpel.edu.br\/sauer\/files\/2021\/02\/WhatsApp-Image-2021-02-03-at-19.51.31-2-e1612394683618.jpeg 774w\" sizes=\"auto, (max-width: 300px) 100vw, 300px\" \/> <strong>Besouro<\/strong><\/p>\n<p>&nbsp;<\/p>\n<p><img loading=\"lazy\" decoding=\"async\" class=\"alignnone wp-image-675 size-medium\" src=\"https:\/\/wp.ufpel.edu.br\/sauer\/files\/2021\/02\/WhatsApp-Image-2021-02-03-at-19.51.31-e1612394287736-300x400.jpeg\" alt=\"\" width=\"300\" height=\"400\" srcset=\"https:\/\/wp.ufpel.edu.br\/sauer\/files\/2021\/02\/WhatsApp-Image-2021-02-03-at-19.51.31-e1612394287736-300x400.jpeg 300w, https:\/\/wp.ufpel.edu.br\/sauer\/files\/2021\/02\/WhatsApp-Image-2021-02-03-at-19.51.31-e1612394287736-768x1024.jpeg 768w, https:\/\/wp.ufpel.edu.br\/sauer\/files\/2021\/02\/WhatsApp-Image-2021-02-03-at-19.51.31-e1612394287736.jpeg 774w\" sizes=\"auto, (max-width: 300px) 100vw, 300px\" \/> <strong>Ilus\u00e3o: <a href=\"https:\/\/pt.wikipedia.org\/wiki\/Tri%C3%A2ngulo_de_Penrose\">Tri\u00e2ngulo de Penrose<\/a><\/strong><\/p>\n<p>&nbsp;<\/p>\n","protected":false},"excerpt":{"rendered":"<p>Um dos meus passatempos favoritos \u00e9 pintar aquarelas. Aqui est\u00e3o algumas\u00a0 pintadas por mim. M\u00e3es da \u00e1gua Composi\u00e7\u00e3o: dan\u00e7a das flores. Dan\u00e7a das cores. Coelhinho charmoso Tapera ao amanhecer Besouro &nbsp; Ilus\u00e3o: Tri\u00e2ngulo de Penrose &nbsp;<\/p>\n","protected":false},"author":795,"featured_media":0,"parent":0,"menu_order":0,"comment_status":"closed","ping_status":"closed","template":"","meta":{"footnotes":""},"class_list":["post-667","page","type-page","status-publish","hentry"],"_links":{"self":[{"href":"https:\/\/wp.ufpel.edu.br\/sauer\/wp-json\/wp\/v2\/pages\/667","targetHints":{"allow":["GET"]}}],"collection":[{"href":"https:\/\/wp.ufpel.edu.br\/sauer\/wp-json\/wp\/v2\/pages"}],"about":[{"href":"https:\/\/wp.ufpel.edu.br\/sauer\/wp-json\/wp\/v2\/types\/page"}],"author":[{"embeddable":true,"href":"https:\/\/wp.ufpel.edu.br\/sauer\/wp-json\/wp\/v2\/users\/795"}],"replies":[{"embeddable":true,"href":"https:\/\/wp.ufpel.edu.br\/sauer\/wp-json\/wp\/v2\/comments?post=667"}],"version-history":[{"count":7,"href":"https:\/\/wp.ufpel.edu.br\/sauer\/wp-json\/wp\/v2\/pages\/667\/revisions"}],"predecessor-version":[{"id":687,"href":"https:\/\/wp.ufpel.edu.br\/sauer\/wp-json\/wp\/v2\/pages\/667\/revisions\/687"}],"wp:attachment":[{"href":"https:\/\/wp.ufpel.edu.br\/sauer\/wp-json\/wp\/v2\/media?parent=667"}],"curies":[{"name":"wp","href":"https:\/\/api.w.org\/{rel}","templated":true}]}}