{"id":663,"date":"2021-01-30T23:51:22","date_gmt":"2021-01-31T02:51:22","guid":{"rendered":"https:\/\/wp.ufpel.edu.br\/sauer\/?page_id=663"},"modified":"2021-01-30T23:51:22","modified_gmt":"2021-01-31T02:51:22","slug":"matematicas","status":"publish","type":"page","link":"https:\/\/wp.ufpel.edu.br\/sauer\/matematicas\/","title":{"rendered":"Matem\u00e1ticas"},"content":{"rendered":"<p>Neste espa\u00e7o vou apresentar as diferentes formas como fa\u00e7o Matem\u00e1tica.<\/p>\n","protected":false},"excerpt":{"rendered":"<p>Neste espa\u00e7o vou apresentar as diferentes formas como fa\u00e7o Matem\u00e1tica.<\/p>\n","protected":false},"author":795,"featured_media":0,"parent":0,"menu_order":0,"comment_status":"closed","ping_status":"closed","template":"","meta":{"footnotes":""},"class_list":["post-663","page","type-page","status-publish","hentry"],"_links":{"self":[{"href":"https:\/\/wp.ufpel.edu.br\/sauer\/wp-json\/wp\/v2\/pages\/663","targetHints":{"allow":["GET"]}}],"collection":[{"href":"https:\/\/wp.ufpel.edu.br\/sauer\/wp-json\/wp\/v2\/pages"}],"about":[{"href":"https:\/\/wp.ufpel.edu.br\/sauer\/wp-json\/wp\/v2\/types\/page"}],"author":[{"embeddable":true,"href":"https:\/\/wp.ufpel.edu.br\/sauer\/wp-json\/wp\/v2\/users\/795"}],"replies":[{"embeddable":true,"href":"https:\/\/wp.ufpel.edu.br\/sauer\/wp-json\/wp\/v2\/comments?post=663"}],"version-history":[{"count":1,"href":"https:\/\/wp.ufpel.edu.br\/sauer\/wp-json\/wp\/v2\/pages\/663\/revisions"}],"predecessor-version":[{"id":664,"href":"https:\/\/wp.ufpel.edu.br\/sauer\/wp-json\/wp\/v2\/pages\/663\/revisions\/664"}],"wp:attachment":[{"href":"https:\/\/wp.ufpel.edu.br\/sauer\/wp-json\/wp\/v2\/media?parent=663"}],"curies":[{"name":"wp","href":"https:\/\/api.w.org\/{rel}","templated":true}]}}